{"id":105631,"date":"2023-07-14T12:22:54","date_gmt":"2023-07-14T11:22:54","guid":{"rendered":"https:\/\/greenblue.com\/plantacion-de-arboles-urbanos-en-madrid\/"},"modified":"2023-07-14T12:22:15","modified_gmt":"2023-07-14T11:22:15","slug":"plantacion-de-arboles-urbanos-en-madrid","status":"publish","type":"page","link":"https:\/\/greenblue.com\/es\/plantacion-de-arboles-urbanos-en-madrid\/","title":{"rendered":"plantaci\u00f3n de \u00e1rboles  urbanos en madrid"},"content":{"rendered":"<p>[eac_elementor_tmpl id=&#8221;105551&#8243;]<\/p>\n","protected":false},"excerpt":{"rendered":"<p>[eac_elementor_tmpl id=&#8221;105551&#8243;]<\/p>\n","protected":false},"author":0,"featured_media":0,"parent":0,"menu_order":0,"comment_status":"closed","ping_status":"open","template":"elementor_header_footer","meta":{"content-type":"","footnotes":""},"class_list":["post-105631","page","type-page","status-publish","hentry"],"acf":[],"yoast_head":"<!-- This site is optimized with the Yoast SEO plugin v27.3 - https:\/\/yoast.com\/product\/yoast-seo-wordpress\/ -->\n<title>plantaci\u00f3n de \u00e1rboles urbanos en madrid, proyectos de plantaci\u00f3n de \u00e1rboles urbanos en madrid, sistemas de instalaci\u00f3n de \u00e1rboles en madrid, \u00e1rbol urbano en madrid, c\u00f3mo plantar \u00e1rboles en las ciudades en madrid,<\/title>\n<meta name=\"description\" content=\"en green blue somos especialistas espacios urbanos saludables, realizando plantaci\u00f3n de \u00e1rboles urbanos en madrid, proyectos de plantaci\u00f3n de \u00e1rboles urbanos en madrid, sistemas de instalaci\u00f3n de \u00e1rboles en madrid, \u00e1rbol urbano en madrid, c\u00f3mo plantar \u00e1rboles en las ciudades en madrid,\" \/>\n<meta name=\"robots\" content=\"index, follow, max-snippet:-1, max-image-preview:large, max-video-preview:-1\" \/>\n<link rel=\"canonical\" href=\"https:\/\/greenblue.com\/es\/plantacion-de-arboles-urbanos-en-madrid\/\" \/>\n<meta property=\"og:locale\" content=\"es_ES\" \/>\n<meta property=\"og:type\" content=\"article\" \/>\n<meta property=\"og:title\" content=\"plantaci\u00f3n de \u00e1rboles urbanos en madrid, proyectos de plantaci\u00f3n de \u00e1rboles urbanos en madrid, sistemas de instalaci\u00f3n de \u00e1rboles en madrid, \u00e1rbol urbano en madrid, c\u00f3mo plantar \u00e1rboles en las ciudades en madrid,\" \/>\n<meta property=\"og:description\" content=\"en green blue somos especialistas espacios urbanos saludables, realizando plantaci\u00f3n de \u00e1rboles urbanos en madrid, proyectos de plantaci\u00f3n de \u00e1rboles urbanos en madrid, sistemas de instalaci\u00f3n de \u00e1rboles en madrid, \u00e1rbol urbano en madrid, c\u00f3mo plantar \u00e1rboles en las ciudades en madrid,\" \/>\n<meta property=\"og:url\" content=\"https:\/\/greenblue.com\/es\/plantacion-de-arboles-urbanos-en-madrid\/\" \/>\n<meta property=\"og:site_name\" content=\"GreenBlue Urban\" \/>\n<meta name=\"twitter:card\" content=\"summary_large_image\" \/>\n<script type=\"application\/ld+json\" class=\"yoast-schema-graph\">{\"@context\":\"https:\\\/\\\/schema.org\",\"@graph\":[{\"@type\":\"WebPage\",\"@id\":\"https:\\\/\\\/greenblue.com\\\/es\\\/plantacion-de-arboles-urbanos-en-madrid\\\/\",\"url\":\"https:\\\/\\\/greenblue.com\\\/es\\\/plantacion-de-arboles-urbanos-en-madrid\\\/\",\"name\":\"plantaci\u00f3n de \u00e1rboles urbanos en madrid, proyectos de plantaci\u00f3n de \u00e1rboles urbanos en madrid, sistemas de instalaci\u00f3n de \u00e1rboles en madrid, \u00e1rbol urbano en madrid, c\u00f3mo plantar \u00e1rboles en las ciudades en madrid,\",\"isPartOf\":{\"@id\":\"https:\\\/\\\/greenblue.com\\\/gb\\\/#website\"},\"datePublished\":\"2023-07-14T11:22:54+00:00\",\"description\":\"en green blue somos especialistas espacios urbanos saludables, realizando plantaci\u00f3n de \u00e1rboles urbanos en madrid, proyectos de plantaci\u00f3n de \u00e1rboles urbanos en madrid, sistemas de instalaci\u00f3n de \u00e1rboles en madrid, \u00e1rbol urbano en madrid, c\u00f3mo plantar \u00e1rboles en las ciudades en madrid,\",\"breadcrumb\":{\"@id\":\"https:\\\/\\\/greenblue.com\\\/es\\\/plantacion-de-arboles-urbanos-en-madrid\\\/#breadcrumb\"},\"inLanguage\":\"es-ES\",\"potentialAction\":[{\"@type\":\"ReadAction\",\"target\":[\"https:\\\/\\\/greenblue.com\\\/es\\\/plantacion-de-arboles-urbanos-en-madrid\\\/\"]}]},{\"@type\":\"BreadcrumbList\",\"@id\":\"https:\\\/\\\/greenblue.com\\\/es\\\/plantacion-de-arboles-urbanos-en-madrid\\\/#breadcrumb\",\"itemListElement\":[{\"@type\":\"ListItem\",\"position\":1,\"name\":\"Home\",\"item\":\"https:\\\/\\\/greenblue.com\\\/es\\\/\"},{\"@type\":\"ListItem\",\"position\":2,\"name\":\"plantaci\u00f3n de \u00e1rboles urbanos en madrid\"}]},{\"@type\":\"WebSite\",\"@id\":\"https:\\\/\\\/greenblue.com\\\/gb\\\/#website\",\"url\":\"https:\\\/\\\/greenblue.com\\\/gb\\\/\",\"name\":\"GreenBlue Urban\",\"description\":\"Creating Healthier Urban Spaces In Harmony With Nature\",\"publisher\":{\"@id\":\"https:\\\/\\\/greenblue.com\\\/gb\\\/#organization\"},\"potentialAction\":[{\"@type\":\"SearchAction\",\"target\":{\"@type\":\"EntryPoint\",\"urlTemplate\":\"https:\\\/\\\/greenblue.com\\\/gb\\\/?s={search_term_string}\"},\"query-input\":{\"@type\":\"PropertyValueSpecification\",\"valueRequired\":true,\"valueName\":\"search_term_string\"}}],\"inLanguage\":\"es-ES\"},{\"@type\":\"Organization\",\"@id\":\"https:\\\/\\\/greenblue.com\\\/gb\\\/#organization\",\"name\":\"GreenBlue Urban\",\"url\":\"https:\\\/\\\/greenblue.com\\\/gb\\\/\",\"logo\":{\"@type\":\"ImageObject\",\"inLanguage\":\"es-ES\",\"@id\":\"https:\\\/\\\/greenblue.com\\\/gb\\\/#\\\/schema\\\/logo\\\/image\\\/\",\"url\":\"https:\\\/\\\/greenblue.com\\\/wp-content\\\/uploads\\\/2019\\\/10\\\/logo-dark-gb.png\",\"contentUrl\":\"https:\\\/\\\/greenblue.com\\\/wp-content\\\/uploads\\\/2019\\\/10\\\/logo-dark-gb.png\",\"width\":120,\"height\":35,\"caption\":\"GreenBlue Urban\"},\"image\":{\"@id\":\"https:\\\/\\\/greenblue.com\\\/gb\\\/#\\\/schema\\\/logo\\\/image\\\/\"}}]}<\/script>\n<!-- \/ Yoast SEO plugin. -->","yoast_head_json":{"title":"plantaci\u00f3n de \u00e1rboles urbanos en madrid, proyectos de plantaci\u00f3n de \u00e1rboles urbanos en madrid, sistemas de instalaci\u00f3n de \u00e1rboles en madrid, \u00e1rbol urbano en madrid, c\u00f3mo plantar \u00e1rboles en las ciudades en madrid,","description":"en green blue somos especialistas espacios urbanos saludables, realizando plantaci\u00f3n de \u00e1rboles urbanos en madrid, proyectos de plantaci\u00f3n de \u00e1rboles urbanos en madrid, sistemas de instalaci\u00f3n de \u00e1rboles en madrid, \u00e1rbol urbano en madrid, c\u00f3mo plantar \u00e1rboles en las ciudades en madrid,","robots":{"index":"index","follow":"follow","max-snippet":"max-snippet:-1","max-image-preview":"max-image-preview:large","max-video-preview":"max-video-preview:-1"},"canonical":"https:\/\/greenblue.com\/es\/plantacion-de-arboles-urbanos-en-madrid\/","og_locale":"es_ES","og_type":"article","og_title":"plantaci\u00f3n de \u00e1rboles urbanos en madrid, proyectos de plantaci\u00f3n de \u00e1rboles urbanos en madrid, sistemas de instalaci\u00f3n de \u00e1rboles en madrid, \u00e1rbol urbano en madrid, c\u00f3mo plantar \u00e1rboles en las ciudades en madrid,","og_description":"en green blue somos especialistas espacios urbanos saludables, realizando plantaci\u00f3n de \u00e1rboles urbanos en madrid, proyectos de plantaci\u00f3n de \u00e1rboles urbanos en madrid, sistemas de instalaci\u00f3n de \u00e1rboles en madrid, \u00e1rbol urbano en madrid, c\u00f3mo plantar \u00e1rboles en las ciudades en madrid,","og_url":"https:\/\/greenblue.com\/es\/plantacion-de-arboles-urbanos-en-madrid\/","og_site_name":"GreenBlue Urban","twitter_card":"summary_large_image","schema":{"@context":"https:\/\/schema.org","@graph":[{"@type":"WebPage","@id":"https:\/\/greenblue.com\/es\/plantacion-de-arboles-urbanos-en-madrid\/","url":"https:\/\/greenblue.com\/es\/plantacion-de-arboles-urbanos-en-madrid\/","name":"plantaci\u00f3n de \u00e1rboles urbanos en madrid, proyectos de plantaci\u00f3n de \u00e1rboles urbanos en madrid, sistemas de instalaci\u00f3n de \u00e1rboles en madrid, \u00e1rbol urbano en madrid, c\u00f3mo plantar \u00e1rboles en las ciudades en madrid,","isPartOf":{"@id":"https:\/\/greenblue.com\/gb\/#website"},"datePublished":"2023-07-14T11:22:54+00:00","description":"en green blue somos especialistas espacios urbanos saludables, realizando plantaci\u00f3n de \u00e1rboles urbanos en madrid, proyectos de plantaci\u00f3n de \u00e1rboles urbanos en madrid, sistemas de instalaci\u00f3n de \u00e1rboles en madrid, \u00e1rbol urbano en madrid, c\u00f3mo plantar \u00e1rboles en las ciudades en madrid,","breadcrumb":{"@id":"https:\/\/greenblue.com\/es\/plantacion-de-arboles-urbanos-en-madrid\/#breadcrumb"},"inLanguage":"es-ES","potentialAction":[{"@type":"ReadAction","target":["https:\/\/greenblue.com\/es\/plantacion-de-arboles-urbanos-en-madrid\/"]}]},{"@type":"BreadcrumbList","@id":"https:\/\/greenblue.com\/es\/plantacion-de-arboles-urbanos-en-madrid\/#breadcrumb","itemListElement":[{"@type":"ListItem","position":1,"name":"Home","item":"https:\/\/greenblue.com\/es\/"},{"@type":"ListItem","position":2,"name":"plantaci\u00f3n de \u00e1rboles urbanos en madrid"}]},{"@type":"WebSite","@id":"https:\/\/greenblue.com\/gb\/#website","url":"https:\/\/greenblue.com\/gb\/","name":"GreenBlue Urban","description":"Creating Healthier Urban Spaces In Harmony With Nature","publisher":{"@id":"https:\/\/greenblue.com\/gb\/#organization"},"potentialAction":[{"@type":"SearchAction","target":{"@type":"EntryPoint","urlTemplate":"https:\/\/greenblue.com\/gb\/?s={search_term_string}"},"query-input":{"@type":"PropertyValueSpecification","valueRequired":true,"valueName":"search_term_string"}}],"inLanguage":"es-ES"},{"@type":"Organization","@id":"https:\/\/greenblue.com\/gb\/#organization","name":"GreenBlue Urban","url":"https:\/\/greenblue.com\/gb\/","logo":{"@type":"ImageObject","inLanguage":"es-ES","@id":"https:\/\/greenblue.com\/gb\/#\/schema\/logo\/image\/","url":"https:\/\/greenblue.com\/wp-content\/uploads\/2019\/10\/logo-dark-gb.png","contentUrl":"https:\/\/greenblue.com\/wp-content\/uploads\/2019\/10\/logo-dark-gb.png","width":120,"height":35,"caption":"GreenBlue Urban"},"image":{"@id":"https:\/\/greenblue.com\/gb\/#\/schema\/logo\/image\/"}}]}},"_links":{"self":[{"href":"https:\/\/greenblue.com\/es\/wp-json\/wp\/v2\/pages\/105631","targetHints":{"allow":["GET"]}}],"collection":[{"href":"https:\/\/greenblue.com\/es\/wp-json\/wp\/v2\/pages"}],"about":[{"href":"https:\/\/greenblue.com\/es\/wp-json\/wp\/v2\/types\/page"}],"replies":[{"embeddable":true,"href":"https:\/\/greenblue.com\/es\/wp-json\/wp\/v2\/comments?post=105631"}],"version-history":[{"count":0,"href":"https:\/\/greenblue.com\/es\/wp-json\/wp\/v2\/pages\/105631\/revisions"}],"wp:attachment":[{"href":"https:\/\/greenblue.com\/es\/wp-json\/wp\/v2\/media?parent=105631"}],"curies":[{"name":"wp","href":"https:\/\/api.w.org\/{rel}","templated":true}]}}