{"id":106505,"date":"2023-07-17T08:14:16","date_gmt":"2023-07-17T07:14:16","guid":{"rendered":"https:\/\/greenblue.com\/barreras-antirraices-en-almeria\/"},"modified":"2023-07-17T08:13:41","modified_gmt":"2023-07-17T07:13:41","slug":"barreras-antirraices-en-almeria","status":"publish","type":"page","link":"https:\/\/greenblue.com\/es\/barreras-antirraices-en-almeria\/","title":{"rendered":"barreras antirra\u00edces en almeria"},"content":{"rendered":"<p>[eac_elementor_tmpl id=&#8221;105551&#8243;]<\/p>\n","protected":false},"excerpt":{"rendered":"<p>[eac_elementor_tmpl id=&#8221;105551&#8243;]<\/p>\n","protected":false},"author":0,"featured_media":0,"parent":0,"menu_order":0,"comment_status":"closed","ping_status":"open","template":"elementor_header_footer","meta":{"content-type":"","footnotes":""},"class_list":["post-106505","page","type-page","status-publish","hentry"],"acf":[],"yoast_head":"<!-- This site is optimized with the Yoast SEO plugin v27.3 - https:\/\/yoast.com\/product\/yoast-seo-wordpress\/ -->\n<title>barreras antirra\u00edces en almeria, barreras de ra\u00edces en almeria, l\u00e1mina antirra\u00edces en almeria, venta de barrera antirra\u00edces en almeria, productos para las r\u00e1ices de los \u00e1rboles en almeria<\/title>\n<meta name=\"description\" content=\"en green blue somos especialistas espacios urbanos saludables y barreras antirra\u00edces en almeria, barreras de ra\u00edces en almeria, l\u00e1mina antirra\u00edces en almeria, venta de barrera antirra\u00edces en almeria, productos para las r\u00e1ices de los \u00e1rboles en almeria\" \/>\n<meta name=\"robots\" content=\"index, follow, max-snippet:-1, max-image-preview:large, max-video-preview:-1\" \/>\n<link rel=\"canonical\" href=\"https:\/\/greenblue.com\/es\/barreras-antirraices-en-almeria\/\" \/>\n<meta property=\"og:locale\" content=\"es_ES\" \/>\n<meta property=\"og:type\" content=\"article\" \/>\n<meta property=\"og:title\" content=\"barreras antirra\u00edces en almeria, barreras de ra\u00edces en almeria, l\u00e1mina antirra\u00edces en almeria, venta de barrera antirra\u00edces en almeria, productos para las r\u00e1ices de los \u00e1rboles en almeria\" \/>\n<meta property=\"og:description\" content=\"en green blue somos especialistas espacios urbanos saludables y barreras antirra\u00edces en almeria, barreras de ra\u00edces en almeria, l\u00e1mina antirra\u00edces en almeria, venta de barrera antirra\u00edces en almeria, productos para las r\u00e1ices de los \u00e1rboles en almeria\" \/>\n<meta property=\"og:url\" content=\"https:\/\/greenblue.com\/es\/barreras-antirraices-en-almeria\/\" \/>\n<meta property=\"og:site_name\" content=\"GreenBlue Urban\" \/>\n<meta name=\"twitter:card\" content=\"summary_large_image\" \/>\n<script type=\"application\/ld+json\" class=\"yoast-schema-graph\">{\"@context\":\"https:\\\/\\\/schema.org\",\"@graph\":[{\"@type\":\"WebPage\",\"@id\":\"https:\\\/\\\/greenblue.com\\\/es\\\/barreras-antirraices-en-almeria\\\/\",\"url\":\"https:\\\/\\\/greenblue.com\\\/es\\\/barreras-antirraices-en-almeria\\\/\",\"name\":\"barreras antirra\u00edces en almeria, barreras de ra\u00edces en almeria, l\u00e1mina antirra\u00edces en almeria, venta de barrera antirra\u00edces en almeria, productos para las r\u00e1ices de los \u00e1rboles en almeria\",\"isPartOf\":{\"@id\":\"https:\\\/\\\/greenblue.com\\\/gb\\\/#website\"},\"datePublished\":\"2023-07-17T07:14:16+00:00\",\"description\":\"en green blue somos especialistas espacios urbanos saludables y barreras antirra\u00edces en almeria, barreras de ra\u00edces en almeria, l\u00e1mina antirra\u00edces en almeria, venta de barrera antirra\u00edces en almeria, productos para las r\u00e1ices de los \u00e1rboles en almeria\",\"breadcrumb\":{\"@id\":\"https:\\\/\\\/greenblue.com\\\/es\\\/barreras-antirraices-en-almeria\\\/#breadcrumb\"},\"inLanguage\":\"es-ES\",\"potentialAction\":[{\"@type\":\"ReadAction\",\"target\":[\"https:\\\/\\\/greenblue.com\\\/es\\\/barreras-antirraices-en-almeria\\\/\"]}]},{\"@type\":\"BreadcrumbList\",\"@id\":\"https:\\\/\\\/greenblue.com\\\/es\\\/barreras-antirraices-en-almeria\\\/#breadcrumb\",\"itemListElement\":[{\"@type\":\"ListItem\",\"position\":1,\"name\":\"Home\",\"item\":\"https:\\\/\\\/greenblue.com\\\/es\\\/\"},{\"@type\":\"ListItem\",\"position\":2,\"name\":\"barreras antirra\u00edces en almeria\"}]},{\"@type\":\"WebSite\",\"@id\":\"https:\\\/\\\/greenblue.com\\\/gb\\\/#website\",\"url\":\"https:\\\/\\\/greenblue.com\\\/gb\\\/\",\"name\":\"GreenBlue Urban\",\"description\":\"Creating Healthier Urban Spaces In Harmony With Nature\",\"publisher\":{\"@id\":\"https:\\\/\\\/greenblue.com\\\/gb\\\/#organization\"},\"potentialAction\":[{\"@type\":\"SearchAction\",\"target\":{\"@type\":\"EntryPoint\",\"urlTemplate\":\"https:\\\/\\\/greenblue.com\\\/gb\\\/?s={search_term_string}\"},\"query-input\":{\"@type\":\"PropertyValueSpecification\",\"valueRequired\":true,\"valueName\":\"search_term_string\"}}],\"inLanguage\":\"es-ES\"},{\"@type\":\"Organization\",\"@id\":\"https:\\\/\\\/greenblue.com\\\/gb\\\/#organization\",\"name\":\"GreenBlue Urban\",\"url\":\"https:\\\/\\\/greenblue.com\\\/gb\\\/\",\"logo\":{\"@type\":\"ImageObject\",\"inLanguage\":\"es-ES\",\"@id\":\"https:\\\/\\\/greenblue.com\\\/gb\\\/#\\\/schema\\\/logo\\\/image\\\/\",\"url\":\"https:\\\/\\\/greenblue.com\\\/wp-content\\\/uploads\\\/2019\\\/10\\\/logo-dark-gb.png\",\"contentUrl\":\"https:\\\/\\\/greenblue.com\\\/wp-content\\\/uploads\\\/2019\\\/10\\\/logo-dark-gb.png\",\"width\":120,\"height\":35,\"caption\":\"GreenBlue Urban\"},\"image\":{\"@id\":\"https:\\\/\\\/greenblue.com\\\/gb\\\/#\\\/schema\\\/logo\\\/image\\\/\"}}]}<\/script>\n<!-- \/ Yoast SEO plugin. -->","yoast_head_json":{"title":"barreras antirra\u00edces en almeria, barreras de ra\u00edces en almeria, l\u00e1mina antirra\u00edces en almeria, venta de barrera antirra\u00edces en almeria, productos para las r\u00e1ices de los \u00e1rboles en almeria","description":"en green blue somos especialistas espacios urbanos saludables y barreras antirra\u00edces en almeria, barreras de ra\u00edces en almeria, l\u00e1mina antirra\u00edces en almeria, venta de barrera antirra\u00edces en almeria, productos para las r\u00e1ices de los \u00e1rboles en almeria","robots":{"index":"index","follow":"follow","max-snippet":"max-snippet:-1","max-image-preview":"max-image-preview:large","max-video-preview":"max-video-preview:-1"},"canonical":"https:\/\/greenblue.com\/es\/barreras-antirraices-en-almeria\/","og_locale":"es_ES","og_type":"article","og_title":"barreras antirra\u00edces en almeria, barreras de ra\u00edces en almeria, l\u00e1mina antirra\u00edces en almeria, venta de barrera antirra\u00edces en almeria, productos para las r\u00e1ices de los \u00e1rboles en almeria","og_description":"en green blue somos especialistas espacios urbanos saludables y barreras antirra\u00edces en almeria, barreras de ra\u00edces en almeria, l\u00e1mina antirra\u00edces en almeria, venta de barrera antirra\u00edces en almeria, productos para las r\u00e1ices de los \u00e1rboles en almeria","og_url":"https:\/\/greenblue.com\/es\/barreras-antirraices-en-almeria\/","og_site_name":"GreenBlue Urban","twitter_card":"summary_large_image","schema":{"@context":"https:\/\/schema.org","@graph":[{"@type":"WebPage","@id":"https:\/\/greenblue.com\/es\/barreras-antirraices-en-almeria\/","url":"https:\/\/greenblue.com\/es\/barreras-antirraices-en-almeria\/","name":"barreras antirra\u00edces en almeria, barreras de ra\u00edces en almeria, l\u00e1mina antirra\u00edces en almeria, venta de barrera antirra\u00edces en almeria, productos para las r\u00e1ices de los \u00e1rboles en almeria","isPartOf":{"@id":"https:\/\/greenblue.com\/gb\/#website"},"datePublished":"2023-07-17T07:14:16+00:00","description":"en green blue somos especialistas espacios urbanos saludables y barreras antirra\u00edces en almeria, barreras de ra\u00edces en almeria, l\u00e1mina antirra\u00edces en almeria, venta de barrera antirra\u00edces en almeria, productos para las r\u00e1ices de los \u00e1rboles en almeria","breadcrumb":{"@id":"https:\/\/greenblue.com\/es\/barreras-antirraices-en-almeria\/#breadcrumb"},"inLanguage":"es-ES","potentialAction":[{"@type":"ReadAction","target":["https:\/\/greenblue.com\/es\/barreras-antirraices-en-almeria\/"]}]},{"@type":"BreadcrumbList","@id":"https:\/\/greenblue.com\/es\/barreras-antirraices-en-almeria\/#breadcrumb","itemListElement":[{"@type":"ListItem","position":1,"name":"Home","item":"https:\/\/greenblue.com\/es\/"},{"@type":"ListItem","position":2,"name":"barreras antirra\u00edces en almeria"}]},{"@type":"WebSite","@id":"https:\/\/greenblue.com\/gb\/#website","url":"https:\/\/greenblue.com\/gb\/","name":"GreenBlue Urban","description":"Creating Healthier Urban Spaces In Harmony With Nature","publisher":{"@id":"https:\/\/greenblue.com\/gb\/#organization"},"potentialAction":[{"@type":"SearchAction","target":{"@type":"EntryPoint","urlTemplate":"https:\/\/greenblue.com\/gb\/?s={search_term_string}"},"query-input":{"@type":"PropertyValueSpecification","valueRequired":true,"valueName":"search_term_string"}}],"inLanguage":"es-ES"},{"@type":"Organization","@id":"https:\/\/greenblue.com\/gb\/#organization","name":"GreenBlue Urban","url":"https:\/\/greenblue.com\/gb\/","logo":{"@type":"ImageObject","inLanguage":"es-ES","@id":"https:\/\/greenblue.com\/gb\/#\/schema\/logo\/image\/","url":"https:\/\/greenblue.com\/wp-content\/uploads\/2019\/10\/logo-dark-gb.png","contentUrl":"https:\/\/greenblue.com\/wp-content\/uploads\/2019\/10\/logo-dark-gb.png","width":120,"height":35,"caption":"GreenBlue Urban"},"image":{"@id":"https:\/\/greenblue.com\/gb\/#\/schema\/logo\/image\/"}}]}},"_links":{"self":[{"href":"https:\/\/greenblue.com\/es\/wp-json\/wp\/v2\/pages\/106505","targetHints":{"allow":["GET"]}}],"collection":[{"href":"https:\/\/greenblue.com\/es\/wp-json\/wp\/v2\/pages"}],"about":[{"href":"https:\/\/greenblue.com\/es\/wp-json\/wp\/v2\/types\/page"}],"replies":[{"embeddable":true,"href":"https:\/\/greenblue.com\/es\/wp-json\/wp\/v2\/comments?post=106505"}],"version-history":[{"count":0,"href":"https:\/\/greenblue.com\/es\/wp-json\/wp\/v2\/pages\/106505\/revisions"}],"wp:attachment":[{"href":"https:\/\/greenblue.com\/es\/wp-json\/wp\/v2\/media?parent=106505"}],"curies":[{"name":"wp","href":"https:\/\/api.w.org\/{rel}","templated":true}]}}