{"id":107204,"date":"2023-07-21T11:53:26","date_gmt":"2023-07-21T10:53:26","guid":{"rendered":"https:\/\/greenblue.com\/sistemas-de-alcorques-en-cordoba\/"},"modified":"2023-07-21T11:53:24","modified_gmt":"2023-07-21T10:53:24","slug":"sistemas-de-alcorques-en-cordoba","status":"publish","type":"page","link":"https:\/\/greenblue.com\/es\/sistemas-de-alcorques-en-cordoba\/","title":{"rendered":"Sistemas de alcorques en C\u00f3rdoba"},"content":{"rendered":"\t\t<div data-elementor-type=\"page\" data-elementor-id=\"105000\" class=\"elementor elementor-105000\" data-elementor-post-type=\"elementor_library\">\n\t\t\t\t\t\t<section class=\"elementor-section elementor-top-section elementor-element elementor-element-8aee97b elementor-section-full_width elementor-section-height-default elementor-section-height-default\" data-id=\"8aee97b\" data-element_type=\"section\" data-e-type=\"section\" data-settings=\"{&quot;background_background&quot;:&quot;gradient&quot;}\">\n\t\t\t\t\t\t<div class=\"elementor-container elementor-column-gap-default\">\n\t\t\t\t\t<div class=\"elementor-column elementor-col-50 elementor-top-column elementor-element elementor-element-2e190776\" data-id=\"2e190776\" data-element_type=\"column\" data-e-type=\"column\">\n\t\t\t<div class=\"elementor-widget-wrap elementor-element-populated\">\n\t\t\t\t\t\t<div class=\"elementor-element elementor-element-419ada51 elementor-widget elementor-widget-spacer\" data-id=\"419ada51\" data-element_type=\"widget\" data-e-type=\"widget\" data-widget_type=\"spacer.default\">\n\t\t\t\t<div class=\"elementor-widget-container\">\n\t\t\t\t\t\t\t<div class=\"elementor-spacer\">\n\t\t\t<div class=\"elementor-spacer-inner\"><\/div>\n\t\t<\/div>\n\t\t\t\t\t\t<\/div>\n\t\t\t\t<\/div>\n\t\t\t\t<div class=\"elementor-element elementor-element-738621e3 elementor-widget elementor-widget-heading\" data-id=\"738621e3\" data-element_type=\"widget\" data-e-type=\"widget\" data-widget_type=\"heading.default\">\n\t\t\t\t<div class=\"elementor-widget-container\">\n\t\t\t\t\t<h1 class=\"elementor-heading-title elementor-size-default\">Arbor System<\/h1>\t\t\t\t<\/div>\n\t\t\t\t<\/div>\n\t\t\t\t<div class=\"elementor-element elementor-element-24c071fd elementor-list-item-link-full_width elementor-widget elementor-widget-icon-list\" data-id=\"24c071fd\" data-element_type=\"widget\" data-e-type=\"widget\" data-widget_type=\"icon-list.default\">\n\t\t\t\t<div class=\"elementor-widget-container\">\n\t\t\t\t\t\t\t<ul class=\"elementor-icon-list-items\">\n\t\t\t\t\t\t\t<li class=\"elementor-icon-list-item\">\n\t\t\t\t\t\t\t\t\t\t\t<a href=\"https:\/\/greenblue.com\/es\/guias-de-instalacion\/manual-instalacion-arborsystem\/\" target=\"_blank\">\n\n\t\t\t\t\t\t\t\t\t\t\t\t<span class=\"elementor-icon-list-icon\">\n\t\t\t\t\t\t\t<i aria-hidden=\"true\" class=\"fas fa-chevron-right\"><\/i>\t\t\t\t\t\t<\/span>\n\t\t\t\t\t\t\t\t\t\t<span class=\"elementor-icon-list-text\">Ficha t\u00e9cnica<\/span>\n\t\t\t\t\t\t\t\t\t\t\t<\/a>\n\t\t\t\t\t\t\t\t\t<\/li>\n\t\t\t\t\t\t\t\t<li class=\"elementor-icon-list-item\">\n\t\t\t\t\t\t\t\t\t\t\t<a href=\"https:\/\/greenblue.com\/es\/videos\/arborsystem-overview\/\">\n\n\t\t\t\t\t\t\t\t\t\t\t\t<span class=\"elementor-icon-list-icon\">\n\t\t\t\t\t\t\t<i aria-hidden=\"true\" class=\"fas fa-chevron-right\"><\/i>\t\t\t\t\t\t<\/span>\n\t\t\t\t\t\t\t\t\t\t<span class=\"elementor-icon-list-text\">V\u00eddeo<\/span>\n\t\t\t\t\t\t\t\t\t\t\t<\/a>\n\t\t\t\t\t\t\t\t\t<\/li>\n\t\t\t\t\t\t\t\t<li class=\"elementor-icon-list-item\">\n\t\t\t\t\t\t\t\t\t\t\t<a href=\"https:\/\/greenblue.com\/es\/recursos\/detalles-cad\">\n\n\t\t\t\t\t\t\t\t\t\t\t\t<span class=\"elementor-icon-list-icon\">\n\t\t\t\t\t\t\t<i aria-hidden=\"true\" class=\"fas fa-chevron-right\"><\/i>\t\t\t\t\t\t<\/span>\n\t\t\t\t\t\t\t\t\t\t<span class=\"elementor-icon-list-text\">Planos CAD<\/span>\n\t\t\t\t\t\t\t\t\t\t\t<\/a>\n\t\t\t\t\t\t\t\t\t<\/li>\n\t\t\t\t\t\t<\/ul>\n\t\t\t\t\t\t<\/div>\n\t\t\t\t<\/div>\n\t\t\t\t<div class=\"elementor-element elementor-element-3a1ac38a elementor-align-left elementor-widget__width-auto elementor-widget elementor-widget-button\" data-id=\"3a1ac38a\" data-element_type=\"widget\" data-e-type=\"widget\" data-widget_type=\"button.default\">\n\t\t\t\t<div class=\"elementor-widget-container\">\n\t\t\t\t\t\t\t\t\t<div class=\"elementor-button-wrapper\">\n\t\t\t\t\t<a class=\"elementor-button elementor-button-link elementor-size-lg\" href=\"mailto:Jorge.silbermann@greenblue.com;\">\n\t\t\t\t\t\t<span class=\"elementor-button-content-wrapper\">\n\t\t\t\t\t\t<span class=\"elementor-button-icon\">\n\t\t\t\t<i aria-hidden=\"true\" class=\"fas fa-angle-right\"><\/i>\t\t\t<\/span>\n\t\t\t\t\t\t\t\t\t<span class=\"elementor-button-text\">ESCR\u00cdBENOS<\/span>\n\t\t\t\t\t<\/span>\n\t\t\t\t\t<\/a>\n\t\t\t\t<\/div>\n\t\t\t\t\t\t\t\t<\/div>\n\t\t\t\t<\/div>\n\t\t\t\t<div class=\"elementor-element elementor-element-17fe2b97 elementor-align-left elementor-widget__width-auto elementor-widget elementor-widget-button\" data-id=\"17fe2b97\" data-element_type=\"widget\" data-e-type=\"widget\" data-widget_type=\"button.default\">\n\t\t\t\t<div class=\"elementor-widget-container\">\n\t\t\t\t\t\t\t\t\t<div class=\"elementor-button-wrapper\">\n\t\t\t\t\t<a class=\"elementor-button elementor-button-link elementor-size-lg\" href=\"https:\/\/greenblue.com\/es\/proyectos\/\">\n\t\t\t\t\t\t<span class=\"elementor-button-content-wrapper\">\n\t\t\t\t\t\t<span class=\"elementor-button-icon\">\n\t\t\t\t<i aria-hidden=\"true\" class=\"fas fa-angle-right\"><\/i>\t\t\t<\/span>\n\t\t\t\t\t\t\t\t\t<span class=\"elementor-button-text\">PROYECTOS<\/span>\n\t\t\t\t\t<\/span>\n\t\t\t\t\t<\/a>\n\t\t\t\t<\/div>\n\t\t\t\t\t\t\t\t<\/div>\n\t\t\t\t<\/div>\n\t\t\t\t\t<\/div>\n\t\t<\/div>\n\t\t\t\t<div class=\"elementor-column elementor-col-50 elementor-top-column elementor-element elementor-element-19b86187 elementor-hidden-mobile elementor-hidden-mobile_extra\" data-id=\"19b86187\" data-element_type=\"column\" data-e-type=\"column\">\n\t\t\t<div class=\"elementor-widget-wrap elementor-element-populated\">\n\t\t\t\t\t\t<div class=\"elementor-element elementor-element-7c319c39 elementor-hidden-mobile_extra elementor-hidden-mobile elementor-widget elementor-widget-image\" data-id=\"7c319c39\" data-element_type=\"widget\" data-e-type=\"widget\" data-widget_type=\"image.default\">\n\t\t\t\t<div class=\"elementor-widget-container\">\n\t\t\t\t\t\t\t\t\t\t\t\t\t\t\t<img fetchpriority=\"high\" decoding=\"async\" width=\"800\" height=\"574\" src=\"https:\/\/greenblue.com\/wp-content\/uploads\/2023\/07\/arborsystem.jpg?wsr\" class=\"attachment-large size-large wp-image-107152\" alt=\"\" srcset=\"https:\/\/greenblue.com\/wp-content\/uploads\/2023\/07\/arborsystem.jpg 1024w, https:\/\/greenblue.com\/wp-content\/uploads\/2023\/07\/arborsystem-600x431.jpg 600w, https:\/\/greenblue.com\/wp-content\/uploads\/2023\/07\/arborsystem-300x215.jpg 300w, https:\/\/greenblue.com\/wp-content\/uploads\/2023\/07\/arborsystem-768x551.jpg 768w\" sizes=\"(max-width: 800px) 100vw, 800px\" \/>\t\t\t\t\t\t\t\t\t\t\t\t\t\t\t<\/div>\n\t\t\t\t<\/div>\n\t\t\t\t\t<\/div>\n\t\t<\/div>\n\t\t\t\t\t<\/div>\n\t\t<\/section>\n\t\t\t\t<section class=\"elementor-section elementor-top-section elementor-element elementor-element-4b7e8c0a elementor-section-boxed elementor-section-height-default elementor-section-height-default\" data-id=\"4b7e8c0a\" data-element_type=\"section\" data-e-type=\"section\">\n\t\t\t\t\t\t<div class=\"elementor-container elementor-column-gap-default\">\n\t\t\t\t\t<div class=\"elementor-column elementor-col-100 elementor-top-column elementor-element elementor-element-3059c391\" data-id=\"3059c391\" data-element_type=\"column\" data-e-type=\"column\">\n\t\t\t<div class=\"elementor-widget-wrap elementor-element-populated\">\n\t\t\t\t\t\t<div class=\"elementor-element elementor-element-2f6a5956 elementor-widget elementor-widget-text-editor\" data-id=\"2f6a5956\" data-element_type=\"widget\" data-e-type=\"widget\" data-widget_type=\"text-editor.default\">\n\t\t\t\t<div class=\"elementor-widget-container\">\n\t\t\t\t\t\t\t\t\t<p><strong>Arborsystem\u00ae<\/strong>\u00a0de <strong>GreenBlue Urban<\/strong> combina los elementos esenciales para el \u00e9xito del \u00e1rbol urbano, simplificando los procesos de dise\u00f1o e instalaci\u00f3n para dise\u00f1adores y contratistas.<\/p><p>Al utilizar nuestros detalles de alcorques est\u00e1ndar en formato CAD, dise\u00f1adores y profesionales del paisajismo pueden integrar ArborSystem en sus proyectos con garant\u00eda de \u00e9xito.\u00a0<\/p><p>Desde su origen y desarrollo, el paquete integral ArborSystem ha demostrado su eficacia en los entornos m\u00e1s exigentes. Para muchos especificadores en el dise\u00f1o del paisaje, ArborSystem se ha convertido en la soluci\u00f3n elegida para integrar \u00e1rboles en entornos urbanos.<\/p><p>Con ArborSystem, podr\u00e1s:<\/p><ul><li>Asegurar la compatibilidad de productos entre los diferentes componentes.<\/li><li>Reducir dr\u00e1sticamente los tiempos de dise\u00f1o, medici\u00f3n y pedidos.<\/li><li>Adaptar un solo sistema para diferentes ubicaciones y limitaciones.<\/li><li>Demostrar a tus clientes un enfoque profesional en la plantaci\u00f3n de arbolado urbano y su gesti\u00f3n a largo plazo.<\/li><li>Beneficiarte de nuestro apoyo en obra para asegurar una correcta instalaci\u00f3n.<\/li><\/ul><p><script src=\"https:\/\/fast.wistia.com\/embed\/medias\/d8rdgzlvgq.jsonp\" async><\/script><script src=\"https:\/\/fast.wistia.com\/assets\/external\/E-v1.js\" async><\/script><\/p><div class=\"wistia_responsive_padding\" style=\"padding: 56.25% 0 0 0; position: relative;\"><div class=\"wistia_responsive_wrapper\" style=\"height: 100%; left: 0; position: absolute; top: 0; width: 100%;\"><span class=\"wistia_embed wistia_async_d8rdgzlvgq popover=true popoverAnimateThumbnail=true videoFoam=true\" style=\"display: inline-block; height: 100%; position: relative; width: 100%;\">\u00a0<\/span><\/div><\/div><p style=\"text-align: center;\">Desc\u00e1rgate nuestro Manual de Instalaci\u00f3n y Mantenimiento de ArborSystem aqu\u00ed:<\/p><p style=\"text-align: center;\"><a href=\"https:\/\/greenblue.com\/wp-content\/uploads\/2023\/06\/Manual-Instalacion-ArborSystem-ES_baja.pdf\"><button class=\"productbutton\">DESCARGA<\/button><\/a><\/p>\t\t\t\t\t\t\t\t<\/div>\n\t\t\t\t<\/div>\n\t\t\t\t\t<\/div>\n\t\t<\/div>\n\t\t\t\t\t<\/div>\n\t\t<\/section>\n\t\t\t\t<\/div>\n\t\t\n","protected":false},"excerpt":{"rendered":"","protected":false},"author":0,"featured_media":0,"parent":0,"menu_order":0,"comment_status":"closed","ping_status":"open","template":"elementor_header_footer","meta":{"content-type":"","footnotes":""},"class_list":["post-107204","page","type-page","status-publish","hentry"],"acf":[],"yoast_head":"<!-- This site is optimized with the Yoast SEO plugin v27.3 - https:\/\/yoast.com\/product\/yoast-seo-wordpress\/ -->\n<title>Sistemas de alcorques en C\u00f3rdoba, Alcorques para \u00e1rboles en C\u00f3rdoba, fabricantes de alcorques para \u00e1rboles en C\u00f3rdoba, sistema de alcorques para \u00e1rboles en C\u00f3rdoba,<\/title>\n<meta name=\"description\" content=\"En Green Blue somos especialistas espacios urbanos saludables y Sistemas de alcorques en C\u00f3rdoba, Alcorques para \u00e1rboles en C\u00f3rdoba, fabricantes de alcorques para \u00e1rboles en C\u00f3rdoba, sistema de alcorques para \u00e1rboles en C\u00f3rdoba,\" \/>\n<meta name=\"robots\" content=\"index, follow, max-snippet:-1, max-image-preview:large, max-video-preview:-1\" \/>\n<link rel=\"canonical\" href=\"https:\/\/greenblue.com\/es\/sistemas-de-alcorques-en-cordoba\/\" \/>\n<meta property=\"og:locale\" content=\"es_ES\" \/>\n<meta property=\"og:type\" content=\"article\" \/>\n<meta property=\"og:title\" content=\"Sistemas de alcorques en C\u00f3rdoba, Alcorques para \u00e1rboles en C\u00f3rdoba, fabricantes de alcorques para \u00e1rboles en C\u00f3rdoba, sistema de alcorques para \u00e1rboles en C\u00f3rdoba,\" \/>\n<meta property=\"og:description\" content=\"En Green Blue somos especialistas espacios urbanos saludables y Sistemas de alcorques en C\u00f3rdoba, Alcorques para \u00e1rboles en C\u00f3rdoba, fabricantes de alcorques para \u00e1rboles en C\u00f3rdoba, sistema de alcorques para \u00e1rboles en C\u00f3rdoba,\" \/>\n<meta property=\"og:url\" content=\"https:\/\/greenblue.com\/es\/sistemas-de-alcorques-en-cordoba\/\" \/>\n<meta property=\"og:site_name\" content=\"GreenBlue Urban\" \/>\n<meta name=\"twitter:card\" content=\"summary_large_image\" \/>\n<script type=\"application\/ld+json\" class=\"yoast-schema-graph\">{\"@context\":\"https:\\\/\\\/schema.org\",\"@graph\":[{\"@type\":\"WebPage\",\"@id\":\"https:\\\/\\\/greenblue.com\\\/es\\\/sistemas-de-alcorques-en-cordoba\\\/\",\"url\":\"https:\\\/\\\/greenblue.com\\\/es\\\/sistemas-de-alcorques-en-cordoba\\\/\",\"name\":\"Sistemas de alcorques en C\u00f3rdoba, Alcorques para \u00e1rboles en C\u00f3rdoba, fabricantes de alcorques para \u00e1rboles en C\u00f3rdoba, sistema de alcorques para \u00e1rboles en C\u00f3rdoba,\",\"isPartOf\":{\"@id\":\"https:\\\/\\\/greenblue.com\\\/gb\\\/#website\"},\"datePublished\":\"2023-07-21T10:53:26+00:00\",\"description\":\"En Green Blue somos especialistas espacios urbanos saludables y Sistemas de alcorques en C\u00f3rdoba, Alcorques para \u00e1rboles en C\u00f3rdoba, fabricantes de alcorques para \u00e1rboles en C\u00f3rdoba, sistema de alcorques para \u00e1rboles en C\u00f3rdoba,\",\"breadcrumb\":{\"@id\":\"https:\\\/\\\/greenblue.com\\\/es\\\/sistemas-de-alcorques-en-cordoba\\\/#breadcrumb\"},\"inLanguage\":\"es-ES\",\"potentialAction\":[{\"@type\":\"ReadAction\",\"target\":[\"https:\\\/\\\/greenblue.com\\\/es\\\/sistemas-de-alcorques-en-cordoba\\\/\"]}]},{\"@type\":\"BreadcrumbList\",\"@id\":\"https:\\\/\\\/greenblue.com\\\/es\\\/sistemas-de-alcorques-en-cordoba\\\/#breadcrumb\",\"itemListElement\":[{\"@type\":\"ListItem\",\"position\":1,\"name\":\"Home\",\"item\":\"https:\\\/\\\/greenblue.com\\\/es\\\/\"},{\"@type\":\"ListItem\",\"position\":2,\"name\":\"Sistemas de alcorques en C\u00f3rdoba\"}]},{\"@type\":\"WebSite\",\"@id\":\"https:\\\/\\\/greenblue.com\\\/gb\\\/#website\",\"url\":\"https:\\\/\\\/greenblue.com\\\/gb\\\/\",\"name\":\"GreenBlue Urban\",\"description\":\"Creating Healthier Urban Spaces In Harmony With Nature\",\"publisher\":{\"@id\":\"https:\\\/\\\/greenblue.com\\\/gb\\\/#organization\"},\"potentialAction\":[{\"@type\":\"SearchAction\",\"target\":{\"@type\":\"EntryPoint\",\"urlTemplate\":\"https:\\\/\\\/greenblue.com\\\/gb\\\/?s={search_term_string}\"},\"query-input\":{\"@type\":\"PropertyValueSpecification\",\"valueRequired\":true,\"valueName\":\"search_term_string\"}}],\"inLanguage\":\"es-ES\"},{\"@type\":\"Organization\",\"@id\":\"https:\\\/\\\/greenblue.com\\\/gb\\\/#organization\",\"name\":\"GreenBlue Urban\",\"url\":\"https:\\\/\\\/greenblue.com\\\/gb\\\/\",\"logo\":{\"@type\":\"ImageObject\",\"inLanguage\":\"es-ES\",\"@id\":\"https:\\\/\\\/greenblue.com\\\/gb\\\/#\\\/schema\\\/logo\\\/image\\\/\",\"url\":\"https:\\\/\\\/greenblue.com\\\/wp-content\\\/uploads\\\/2019\\\/10\\\/logo-dark-gb.png\",\"contentUrl\":\"https:\\\/\\\/greenblue.com\\\/wp-content\\\/uploads\\\/2019\\\/10\\\/logo-dark-gb.png\",\"width\":120,\"height\":35,\"caption\":\"GreenBlue Urban\"},\"image\":{\"@id\":\"https:\\\/\\\/greenblue.com\\\/gb\\\/#\\\/schema\\\/logo\\\/image\\\/\"}}]}<\/script>\n<!-- \/ Yoast SEO plugin. -->","yoast_head_json":{"title":"Sistemas de alcorques en C\u00f3rdoba, Alcorques para \u00e1rboles en C\u00f3rdoba, fabricantes de alcorques para \u00e1rboles en C\u00f3rdoba, sistema de alcorques para \u00e1rboles en C\u00f3rdoba,","description":"En Green Blue somos especialistas espacios urbanos saludables y Sistemas de alcorques en C\u00f3rdoba, Alcorques para \u00e1rboles en C\u00f3rdoba, fabricantes de alcorques para \u00e1rboles en C\u00f3rdoba, sistema de alcorques para \u00e1rboles en C\u00f3rdoba,","robots":{"index":"index","follow":"follow","max-snippet":"max-snippet:-1","max-image-preview":"max-image-preview:large","max-video-preview":"max-video-preview:-1"},"canonical":"https:\/\/greenblue.com\/es\/sistemas-de-alcorques-en-cordoba\/","og_locale":"es_ES","og_type":"article","og_title":"Sistemas de alcorques en C\u00f3rdoba, Alcorques para \u00e1rboles en C\u00f3rdoba, fabricantes de alcorques para \u00e1rboles en C\u00f3rdoba, sistema de alcorques para \u00e1rboles en C\u00f3rdoba,","og_description":"En Green Blue somos especialistas espacios urbanos saludables y Sistemas de alcorques en C\u00f3rdoba, Alcorques para \u00e1rboles en C\u00f3rdoba, fabricantes de alcorques para \u00e1rboles en C\u00f3rdoba, sistema de alcorques para \u00e1rboles en C\u00f3rdoba,","og_url":"https:\/\/greenblue.com\/es\/sistemas-de-alcorques-en-cordoba\/","og_site_name":"GreenBlue Urban","twitter_card":"summary_large_image","schema":{"@context":"https:\/\/schema.org","@graph":[{"@type":"WebPage","@id":"https:\/\/greenblue.com\/es\/sistemas-de-alcorques-en-cordoba\/","url":"https:\/\/greenblue.com\/es\/sistemas-de-alcorques-en-cordoba\/","name":"Sistemas de alcorques en C\u00f3rdoba, Alcorques para \u00e1rboles en C\u00f3rdoba, fabricantes de alcorques para \u00e1rboles en C\u00f3rdoba, sistema de alcorques para \u00e1rboles en C\u00f3rdoba,","isPartOf":{"@id":"https:\/\/greenblue.com\/gb\/#website"},"datePublished":"2023-07-21T10:53:26+00:00","description":"En Green Blue somos especialistas espacios urbanos saludables y Sistemas de alcorques en C\u00f3rdoba, Alcorques para \u00e1rboles en C\u00f3rdoba, fabricantes de alcorques para \u00e1rboles en C\u00f3rdoba, sistema de alcorques para \u00e1rboles en C\u00f3rdoba,","breadcrumb":{"@id":"https:\/\/greenblue.com\/es\/sistemas-de-alcorques-en-cordoba\/#breadcrumb"},"inLanguage":"es-ES","potentialAction":[{"@type":"ReadAction","target":["https:\/\/greenblue.com\/es\/sistemas-de-alcorques-en-cordoba\/"]}]},{"@type":"BreadcrumbList","@id":"https:\/\/greenblue.com\/es\/sistemas-de-alcorques-en-cordoba\/#breadcrumb","itemListElement":[{"@type":"ListItem","position":1,"name":"Home","item":"https:\/\/greenblue.com\/es\/"},{"@type":"ListItem","position":2,"name":"Sistemas de alcorques en C\u00f3rdoba"}]},{"@type":"WebSite","@id":"https:\/\/greenblue.com\/gb\/#website","url":"https:\/\/greenblue.com\/gb\/","name":"GreenBlue Urban","description":"Creating Healthier Urban Spaces In Harmony With Nature","publisher":{"@id":"https:\/\/greenblue.com\/gb\/#organization"},"potentialAction":[{"@type":"SearchAction","target":{"@type":"EntryPoint","urlTemplate":"https:\/\/greenblue.com\/gb\/?s={search_term_string}"},"query-input":{"@type":"PropertyValueSpecification","valueRequired":true,"valueName":"search_term_string"}}],"inLanguage":"es-ES"},{"@type":"Organization","@id":"https:\/\/greenblue.com\/gb\/#organization","name":"GreenBlue Urban","url":"https:\/\/greenblue.com\/gb\/","logo":{"@type":"ImageObject","inLanguage":"es-ES","@id":"https:\/\/greenblue.com\/gb\/#\/schema\/logo\/image\/","url":"https:\/\/greenblue.com\/wp-content\/uploads\/2019\/10\/logo-dark-gb.png","contentUrl":"https:\/\/greenblue.com\/wp-content\/uploads\/2019\/10\/logo-dark-gb.png","width":120,"height":35,"caption":"GreenBlue Urban"},"image":{"@id":"https:\/\/greenblue.com\/gb\/#\/schema\/logo\/image\/"}}]}},"_links":{"self":[{"href":"https:\/\/greenblue.com\/es\/wp-json\/wp\/v2\/pages\/107204","targetHints":{"allow":["GET"]}}],"collection":[{"href":"https:\/\/greenblue.com\/es\/wp-json\/wp\/v2\/pages"}],"about":[{"href":"https:\/\/greenblue.com\/es\/wp-json\/wp\/v2\/types\/page"}],"replies":[{"embeddable":true,"href":"https:\/\/greenblue.com\/es\/wp-json\/wp\/v2\/comments?post=107204"}],"version-history":[{"count":0,"href":"https:\/\/greenblue.com\/es\/wp-json\/wp\/v2\/pages\/107204\/revisions"}],"wp:attachment":[{"href":"https:\/\/greenblue.com\/es\/wp-json\/wp\/v2\/media?parent=107204"}],"curies":[{"name":"wp","href":"https:\/\/api.w.org\/{rel}","templated":true}]}}