{"id":51413,"date":"2021-01-09T12:40:27","date_gmt":"2021-01-09T12:40:27","guid":{"rendered":"https:\/\/greenblue.com\/ue-interreg\/"},"modified":"2024-03-25T14:42:23","modified_gmt":"2024-03-25T14:42:23","slug":"ue-interreg","status":"publish","type":"page","link":"https:\/\/greenblue.com\/es\/ue-interreg\/","title":{"rendered":"UE Interreg"},"content":{"rendered":"<p><img fetchpriority=\"high\" decoding=\"async\" class=\"alignnone size-full wp-image-29671\" src=\"https:\/\/greenblue.com\/wp-content\/uploads\/2018\/04\/Water-Resilient-Cities-Logo.png\" alt=\"\" width=\"838\" height=\"473\" srcset=\"https:\/\/greenblue.com\/wp-content\/uploads\/2018\/04\/Water-Resilient-Cities-Logo.png 838w, https:\/\/greenblue.com\/wp-content\/uploads\/2018\/04\/Water-Resilient-Cities-Logo-600x339.png 600w, https:\/\/greenblue.com\/wp-content\/uploads\/2018\/04\/Water-Resilient-Cities-Logo-300x169.png 300w, https:\/\/greenblue.com\/wp-content\/uploads\/2018\/04\/Water-Resilient-Cities-Logo-768x433.png 768w\" sizes=\"(max-width: 838px) 100vw, 838px\" \/><\/p>\n<p>El \u00abInterreg 2 Seas 2014-2020\u00bb es un Programa de Cooperaci\u00f3n Territorial Europea fundado por el Fondo Europeo de Desarrollo Regional. El programa ayudar\u00e1 a los gobiernos locales y nacionales a llevar a cabo investigaciones para desarrollar y ofrecer mejores pol\u00edticas relacionadas con la eficiencia ambiental.<\/p>\n<p>El proyecto promueve la cooperaci\u00f3n internacional entre regiones costeras de cuatro estados miembro en lo que la UE define como el \u00e1rea de <strong>\u201c2 mares\u201d <\/strong>:<\/p>\n<p>Las regiones incluidas son:<\/p>\n<ul>\n<li>Inglaterra: regiones sudoeste, sudeste y este.<\/li>\n<li>France: Nord, Pas de Calais, Somme y Aisne<\/li>\n<li>B\u00e9lgica (Flandes): Provincias de West-Flanders, East-Flanders y Antwerp<\/li>\n<li>Pa\u00edses Bajos: provincia de Zeeland y las \u00e1reas costeras de la provincia de Zuid-Holland, Noord-Holland y Noord-Brabant<\/li>\n<\/ul>\n<p>Estas regiones, con densidades altas de poblaci\u00f3n y crecientes episodios de lluvia debido al cambio clim\u00e1tico, est\u00e1n sufriendo para enfrentarse a las altas escorrent\u00edas, y estudiando la forma de incorporar sistemas de drenaje urbano sostenible (SuDS) a la infraestructura existente.<\/p>\n<p>En GreenBlue Urban, en colaboraci\u00f3n con Natural Infrastructure Team and Plymouth City Council, nos sentimos muy orgullosos de ser un socio importante en este proyecto. Tras visitar a los equipos municipales, detallando los beneficios de SUDS Tree Pit Design continuaremos creando soluciones innovadoras para estos escenarios, especialmente en los c\u00e1scos hist\u00f3ricos y centros urbanos, generalmente complejos, con infraestructura exigente, que permitir\u00e1 alcanzar grandes beneficios a la sociedad adem\u00e1s de ahorrar dinero p\u00fablico a trav\u00e9s del\u00a0<strong>dise\u00f1o efectivo y su implementaci\u00f3n<\/strong>.<\/p>\n<p>Para conocer m\u00e1s sobre el programa haz click <a href=\"https:\/\/www.interreg2seas.eu\/en\/content\/about-programme\">aqu\u00ed<\/a> y para acceder al manual <a href=\"https:\/\/www.interreg2seas.eu\/en\/cooltowns\">aqu\u00ed<\/a>.<\/p>\n<p>&nbsp;<\/p>\n<h3>Cool Towns<\/h3>\n<p>El programa de cooperaci\u00f3n <a href=\"https:\/\/www.cooltowns.eu\/\">Cool Towns<\/a> lo forman 13 socios europeos con el objetivo de combatir los efectos negativos causados por el cambio clim\u00e1tico en nuestros pueblos y ciudades, mediante el uso innovador de la infraestructura verde y azul.<\/p>\n<p>Con el conocimiento y la experiencia de GreenBlue Urban en la integraci\u00f3n del arbolado urbano en entornos pavimentados y los m\u00faltiples beneficios que los \u00e1rboles nos traen, estamos muy orgullosos de participar en esta iniciativa.<\/p>\n<p>El programa Cool Towns es un programa financiado por \u00a0<a href=\"https:\/\/www.greenblue.com\/es\/eu-interreg\/\">Interreg 2 Seas Programme 2014 \u2013 2020<\/a>, en colaboraci\u00f3n con instituciones acad\u00e9micas y organizaciones gubernamentales.<\/p>\n<p><a href=\"https:\/\/www.cooltowns.eu\/\">cooltowns.eu<\/a><\/p>\n<p><img decoding=\"async\" class=\"aligncenter size-full wp-image-32213\" src=\"https:\/\/greenblue.com\/wp-content\/uploads\/2019\/09\/cool-towns.png\" alt=\"\" width=\"484\" height=\"238\" srcset=\"https:\/\/greenblue.com\/wp-content\/uploads\/2019\/09\/cool-towns.png 484w, https:\/\/greenblue.com\/wp-content\/uploads\/2019\/09\/cool-towns-300x148.png 300w\" sizes=\"(max-width: 484px) 100vw, 484px\" \/><\/p>\n<p><script src=\"https:\/\/fast.wistia.com\/embed\/medias\/0xdcs3n8b9.jsonp\" async><\/script><script src=\"https:\/\/fast.wistia.com\/assets\/external\/E-v1.js\" async><\/script><\/p>\n<div class=\"wistia_responsive_padding\" style=\"padding: 56.25% 0 0 0; position: relative;\">\n<div class=\"wistia_responsive_wrapper\" style=\"height: 100%; left: 0; position: absolute; top: 0; width: 100%;\"><span class=\"wistia_embed wistia_async_0xdcs3n8b9 popover=true popoverAnimateThumbnail=true videoFoam=true\" style=\"display: inline-block; height: 100%; position: relative; width: 100%;\">\u00a0<\/span><\/div>\n<\/div>\n","protected":false},"excerpt":{"rendered":"<p>El \u00abInterreg 2 Seas 2014-2020\u00bb es un Programa de Cooperaci\u00f3n Territorial Europea fundado por el Fondo Europeo de Desarrollo Regional. El programa ayudar\u00e1 a los gobiernos locales y nacionales a llevar a cabo investigaciones para desarrollar y ofrecer mejores pol\u00edticas relacionadas con la eficiencia ambiental. El proyecto promueve la cooperaci\u00f3n internacional entre regiones costeras de [&hellip;]<\/p>\n","protected":false},"author":3409,"featured_media":0,"parent":0,"menu_order":0,"comment_status":"closed","ping_status":"closed","template":"","meta":{"content-type":"","footnotes":""},"class_list":["post-51413","page","type-page","status-publish","hentry"],"acf":[],"yoast_head":"<!-- This site is optimized with the Yoast SEO plugin v27.4 - https:\/\/yoast.com\/product\/yoast-seo-wordpress\/ -->\n<title>UE Interreg - GreenBlue Urban<\/title>\n<meta name=\"robots\" content=\"index, follow, max-snippet:-1, max-image-preview:large, max-video-preview:-1\" \/>\n<link rel=\"canonical\" href=\"https:\/\/greenblue.com\/es\/ue-interreg\/\" \/>\n<meta property=\"og:locale\" content=\"es_ES\" \/>\n<meta property=\"og:type\" content=\"article\" \/>\n<meta property=\"og:title\" content=\"UE Interreg - GreenBlue Urban\" \/>\n<meta property=\"og:description\" content=\"El \u00abInterreg 2 Seas 2014-2020\u00bb es un Programa de Cooperaci\u00f3n Territorial Europea fundado por el Fondo Europeo de Desarrollo Regional. El programa ayudar\u00e1 a los gobiernos locales y nacionales a llevar a cabo investigaciones para desarrollar y ofrecer mejores pol\u00edticas relacionadas con la eficiencia ambiental. El proyecto promueve la cooperaci\u00f3n internacional entre regiones costeras de [&hellip;]\" \/>\n<meta property=\"og:url\" content=\"https:\/\/greenblue.com\/es\/ue-interreg\/\" \/>\n<meta property=\"og:site_name\" content=\"GreenBlue Urban\" \/>\n<meta property=\"article:modified_time\" content=\"2024-03-25T14:42:23+00:00\" \/>\n<meta property=\"og:image\" content=\"https:\/\/greenblue.com\/wp-content\/uploads\/2018\/04\/Water-Resilient-Cities-Logo.png\" \/>\n<meta name=\"twitter:card\" content=\"summary_large_image\" \/>\n<meta name=\"twitter:label1\" content=\"Est. reading time\" \/>\n\t<meta name=\"twitter:data1\" content=\"3 minutes\" \/>\n<script type=\"application\/ld+json\" class=\"yoast-schema-graph\">{\"@context\":\"https:\\\/\\\/schema.org\",\"@graph\":[{\"@type\":\"WebPage\",\"@id\":\"https:\\\/\\\/greenblue.com\\\/es\\\/ue-interreg\\\/\",\"url\":\"https:\\\/\\\/greenblue.com\\\/es\\\/ue-interreg\\\/\",\"name\":\"UE Interreg - GreenBlue Urban\",\"isPartOf\":{\"@id\":\"https:\\\/\\\/greenblue.com\\\/gb\\\/#website\"},\"primaryImageOfPage\":{\"@id\":\"https:\\\/\\\/greenblue.com\\\/es\\\/ue-interreg\\\/#primaryimage\"},\"image\":{\"@id\":\"https:\\\/\\\/greenblue.com\\\/es\\\/ue-interreg\\\/#primaryimage\"},\"thumbnailUrl\":\"https:\\\/\\\/greenblue.com\\\/wp-content\\\/uploads\\\/2018\\\/04\\\/Water-Resilient-Cities-Logo.png\",\"datePublished\":\"2021-01-09T12:40:27+00:00\",\"dateModified\":\"2024-03-25T14:42:23+00:00\",\"breadcrumb\":{\"@id\":\"https:\\\/\\\/greenblue.com\\\/es\\\/ue-interreg\\\/#breadcrumb\"},\"inLanguage\":\"es-ES\",\"potentialAction\":[{\"@type\":\"ReadAction\",\"target\":[\"https:\\\/\\\/greenblue.com\\\/es\\\/ue-interreg\\\/\"]}]},{\"@type\":\"ImageObject\",\"inLanguage\":\"es-ES\",\"@id\":\"https:\\\/\\\/greenblue.com\\\/es\\\/ue-interreg\\\/#primaryimage\",\"url\":\"https:\\\/\\\/greenblue.com\\\/wp-content\\\/uploads\\\/2018\\\/04\\\/Water-Resilient-Cities-Logo.png\",\"contentUrl\":\"https:\\\/\\\/greenblue.com\\\/wp-content\\\/uploads\\\/2018\\\/04\\\/Water-Resilient-Cities-Logo.png\"},{\"@type\":\"BreadcrumbList\",\"@id\":\"https:\\\/\\\/greenblue.com\\\/es\\\/ue-interreg\\\/#breadcrumb\",\"itemListElement\":[{\"@type\":\"ListItem\",\"position\":1,\"name\":\"Home\",\"item\":\"https:\\\/\\\/greenblue.com\\\/es\\\/\"},{\"@type\":\"ListItem\",\"position\":2,\"name\":\"UE Interreg\"}]},{\"@type\":\"WebSite\",\"@id\":\"https:\\\/\\\/greenblue.com\\\/gb\\\/#website\",\"url\":\"https:\\\/\\\/greenblue.com\\\/gb\\\/\",\"name\":\"GreenBlue Urban\",\"description\":\"Creating Healthier Urban Spaces In Harmony With Nature\",\"publisher\":{\"@id\":\"https:\\\/\\\/greenblue.com\\\/gb\\\/#organization\"},\"potentialAction\":[{\"@type\":\"SearchAction\",\"target\":{\"@type\":\"EntryPoint\",\"urlTemplate\":\"https:\\\/\\\/greenblue.com\\\/gb\\\/?s={search_term_string}\"},\"query-input\":{\"@type\":\"PropertyValueSpecification\",\"valueRequired\":true,\"valueName\":\"search_term_string\"}}],\"inLanguage\":\"es-ES\"},{\"@type\":\"Organization\",\"@id\":\"https:\\\/\\\/greenblue.com\\\/gb\\\/#organization\",\"name\":\"GreenBlue Urban\",\"url\":\"https:\\\/\\\/greenblue.com\\\/gb\\\/\",\"logo\":{\"@type\":\"ImageObject\",\"inLanguage\":\"es-ES\",\"@id\":\"https:\\\/\\\/greenblue.com\\\/gb\\\/#\\\/schema\\\/logo\\\/image\\\/\",\"url\":\"https:\\\/\\\/greenblue.com\\\/wp-content\\\/uploads\\\/2019\\\/10\\\/logo-dark-gb.png\",\"contentUrl\":\"https:\\\/\\\/greenblue.com\\\/wp-content\\\/uploads\\\/2019\\\/10\\\/logo-dark-gb.png\",\"width\":120,\"height\":35,\"caption\":\"GreenBlue Urban\"},\"image\":{\"@id\":\"https:\\\/\\\/greenblue.com\\\/gb\\\/#\\\/schema\\\/logo\\\/image\\\/\"}}]}<\/script>\n<!-- \/ Yoast SEO plugin. -->","yoast_head_json":{"title":"UE Interreg - GreenBlue Urban","robots":{"index":"index","follow":"follow","max-snippet":"max-snippet:-1","max-image-preview":"max-image-preview:large","max-video-preview":"max-video-preview:-1"},"canonical":"https:\/\/greenblue.com\/es\/ue-interreg\/","og_locale":"es_ES","og_type":"article","og_title":"UE Interreg - GreenBlue Urban","og_description":"El \u00abInterreg 2 Seas 2014-2020\u00bb es un Programa de Cooperaci\u00f3n Territorial Europea fundado por el Fondo Europeo de Desarrollo Regional. El programa ayudar\u00e1 a los gobiernos locales y nacionales a llevar a cabo investigaciones para desarrollar y ofrecer mejores pol\u00edticas relacionadas con la eficiencia ambiental. El proyecto promueve la cooperaci\u00f3n internacional entre regiones costeras de [&hellip;]","og_url":"https:\/\/greenblue.com\/es\/ue-interreg\/","og_site_name":"GreenBlue Urban","article_modified_time":"2024-03-25T14:42:23+00:00","og_image":[{"url":"https:\/\/greenblue.com\/wp-content\/uploads\/2018\/04\/Water-Resilient-Cities-Logo.png","type":"","width":"","height":""}],"twitter_card":"summary_large_image","twitter_misc":{"Est. reading time":"3 minutes"},"schema":{"@context":"https:\/\/schema.org","@graph":[{"@type":"WebPage","@id":"https:\/\/greenblue.com\/es\/ue-interreg\/","url":"https:\/\/greenblue.com\/es\/ue-interreg\/","name":"UE Interreg - GreenBlue Urban","isPartOf":{"@id":"https:\/\/greenblue.com\/gb\/#website"},"primaryImageOfPage":{"@id":"https:\/\/greenblue.com\/es\/ue-interreg\/#primaryimage"},"image":{"@id":"https:\/\/greenblue.com\/es\/ue-interreg\/#primaryimage"},"thumbnailUrl":"https:\/\/greenblue.com\/wp-content\/uploads\/2018\/04\/Water-Resilient-Cities-Logo.png","datePublished":"2021-01-09T12:40:27+00:00","dateModified":"2024-03-25T14:42:23+00:00","breadcrumb":{"@id":"https:\/\/greenblue.com\/es\/ue-interreg\/#breadcrumb"},"inLanguage":"es-ES","potentialAction":[{"@type":"ReadAction","target":["https:\/\/greenblue.com\/es\/ue-interreg\/"]}]},{"@type":"ImageObject","inLanguage":"es-ES","@id":"https:\/\/greenblue.com\/es\/ue-interreg\/#primaryimage","url":"https:\/\/greenblue.com\/wp-content\/uploads\/2018\/04\/Water-Resilient-Cities-Logo.png","contentUrl":"https:\/\/greenblue.com\/wp-content\/uploads\/2018\/04\/Water-Resilient-Cities-Logo.png"},{"@type":"BreadcrumbList","@id":"https:\/\/greenblue.com\/es\/ue-interreg\/#breadcrumb","itemListElement":[{"@type":"ListItem","position":1,"name":"Home","item":"https:\/\/greenblue.com\/es\/"},{"@type":"ListItem","position":2,"name":"UE Interreg"}]},{"@type":"WebSite","@id":"https:\/\/greenblue.com\/gb\/#website","url":"https:\/\/greenblue.com\/gb\/","name":"GreenBlue Urban","description":"Creating Healthier Urban Spaces In Harmony With Nature","publisher":{"@id":"https:\/\/greenblue.com\/gb\/#organization"},"potentialAction":[{"@type":"SearchAction","target":{"@type":"EntryPoint","urlTemplate":"https:\/\/greenblue.com\/gb\/?s={search_term_string}"},"query-input":{"@type":"PropertyValueSpecification","valueRequired":true,"valueName":"search_term_string"}}],"inLanguage":"es-ES"},{"@type":"Organization","@id":"https:\/\/greenblue.com\/gb\/#organization","name":"GreenBlue Urban","url":"https:\/\/greenblue.com\/gb\/","logo":{"@type":"ImageObject","inLanguage":"es-ES","@id":"https:\/\/greenblue.com\/gb\/#\/schema\/logo\/image\/","url":"https:\/\/greenblue.com\/wp-content\/uploads\/2019\/10\/logo-dark-gb.png","contentUrl":"https:\/\/greenblue.com\/wp-content\/uploads\/2019\/10\/logo-dark-gb.png","width":120,"height":35,"caption":"GreenBlue Urban"},"image":{"@id":"https:\/\/greenblue.com\/gb\/#\/schema\/logo\/image\/"}}]}},"_links":{"self":[{"href":"https:\/\/greenblue.com\/es\/wp-json\/wp\/v2\/pages\/51413","targetHints":{"allow":["GET"]}}],"collection":[{"href":"https:\/\/greenblue.com\/es\/wp-json\/wp\/v2\/pages"}],"about":[{"href":"https:\/\/greenblue.com\/es\/wp-json\/wp\/v2\/types\/page"}],"author":[{"embeddable":true,"href":"https:\/\/greenblue.com\/es\/wp-json\/wp\/v2\/users\/3409"}],"replies":[{"embeddable":true,"href":"https:\/\/greenblue.com\/es\/wp-json\/wp\/v2\/comments?post=51413"}],"version-history":[{"count":0,"href":"https:\/\/greenblue.com\/es\/wp-json\/wp\/v2\/pages\/51413\/revisions"}],"wp:attachment":[{"href":"https:\/\/greenblue.com\/es\/wp-json\/wp\/v2\/media?parent=51413"}],"curies":[{"name":"wp","href":"https:\/\/api.w.org\/{rel}","templated":true}]}}