{"id":51853,"date":"2021-01-12T23:14:09","date_gmt":"2021-01-12T23:14:09","guid":{"rendered":"https:\/\/greenblue.com\/sobre-nosotros\/expertos-en-arbolado-urbano\/"},"modified":"2025-04-22T11:57:51","modified_gmt":"2025-04-22T10:57:51","slug":"expertos-en-arbolado-urbano","status":"publish","type":"page","link":"https:\/\/greenblue.com\/es\/expertos-en-arbolado-urbano\/","title":{"rendered":"Expertos en el \u00e1rbol urbano"},"content":{"rendered":"<p>Como l\u00edderes en desarrollo urbano sostenible, nuestra meta como consultores en arbolado urbano es ayudar a crear y mejorar el paisaje urbano a trav\u00e9s de nuestro conocimiento en soluciones de plantaci\u00f3n de arbolado y nuestra cont\u00ednua labor investigadora.<\/p>\n<p>GreenBlue ha mejorado dr\u00e1sticamente el \u00e9xito de la plantaci\u00f3n urbana e incrementado la cobertura arb\u00f3rea de ciudades en toda Europa y a nivel global. Nuestro programas de investigaci\u00f3n, casos de estudio, y desarrollo de producto continuo (en conjunto con nuestros colaboradores internacionales) asegura que tanto especificadores como clientes pueden estar tranquilos, pues nuestras soluciones aportan un valor incomparable en el sector.<\/p>\n<p><strong>\u00c1reas de Conocimiento<\/strong><\/p>\n<ul>\n<li>Paisajismo &amp;amp; Dise\u00f1oAsistencia completa en el dise\u00f1o del paisaje<\/li>\n<li>Detalles personalizados de suelos con celdas estructurales<\/li>\n<li>An\u00e1lisis, recomendaciones y detalles para especificadores<\/li>\n<li>An\u00e1lisis de vol\u00famenes de suelo<\/li>\n<li>Dise\u00f1o de plantaciones y selecci\u00f3n de especies<\/li>\n<li>Gesti\u00f3n &amp;amp; Almacenaje de Agua de LluviaDise\u00f1o para la asistencia en la gesti\u00f3n de agua<\/li>\n<li>Consultor\u00eda y dise\u00f1o de detalles para el uso de nuestros productos en proyectos SuDS, incluyendo modelado y c\u00e1lculos.<\/li>\n<li>Apoyo &amp;amp; asistencia<\/li>\n<\/ul>\n<p><strong>Apoyo &amp;amp; Formaci\u00f3n<\/strong><\/p>\n<ul>\n<li>Detalles y detalles para la especificaci\u00f3n<\/li>\n<li>Revisi\u00f3n de la documentaci\u00f3n a incluir en proyecto<\/li>\n<li>Apoyo en proyecto y visitas a terreno<\/li>\n<li>Asesoramiento en el montaje<\/li>\n<\/ul>\n","protected":false},"excerpt":{"rendered":"<p>Como l\u00edderes en desarrollo urbano sostenible, nuestra meta como consultores en arbolado urbano es ayudar a crear y mejorar el paisaje urbano a trav\u00e9s de nuestro conocimiento en soluciones de plantaci\u00f3n de arbolado y nuestra cont\u00ednua labor investigadora. GreenBlue ha mejorado dr\u00e1sticamente el \u00e9xito de la plantaci\u00f3n urbana e incrementado la cobertura arb\u00f3rea de ciudades [&hellip;]<\/p>\n","protected":false},"author":3409,"featured_media":0,"parent":0,"menu_order":0,"comment_status":"closed","ping_status":"closed","template":"","meta":{"content-type":"","footnotes":""},"class_list":["post-51853","page","type-page","status-publish","hentry"],"acf":[],"yoast_head":"<!-- This site is optimized with the Yoast SEO plugin v27.5 - https:\/\/yoast.com\/product\/yoast-seo-wordpress\/ -->\n<title>Urban Tree Consultants | Sustainable Planning In Cities<\/title>\n<meta name=\"description\" content=\"Our team works with you to design and implement an urban landscape design that fits your needs, using only the best products in the sector.\" \/>\n<meta name=\"robots\" content=\"index, follow, max-snippet:-1, max-image-preview:large, max-video-preview:-1\" \/>\n<link rel=\"canonical\" href=\"https:\/\/greenblue.com\/es\/expertos-en-arbolado-urbano\/\" \/>\n<meta property=\"og:locale\" content=\"es_ES\" \/>\n<meta property=\"og:type\" content=\"article\" \/>\n<meta property=\"og:title\" content=\"Urban Tree Consultants | Sustainable Planning In Cities\" \/>\n<meta property=\"og:description\" content=\"Our team works with you to design and implement an urban landscape design that fits your needs, using only the best products in the sector.\" \/>\n<meta property=\"og:url\" content=\"https:\/\/greenblue.com\/es\/expertos-en-arbolado-urbano\/\" \/>\n<meta property=\"og:site_name\" content=\"GreenBlue Urban\" \/>\n<meta property=\"article:modified_time\" content=\"2025-04-22T10:57:51+00:00\" \/>\n<meta name=\"twitter:card\" content=\"summary_large_image\" \/>\n<meta name=\"twitter:label1\" content=\"Est. reading time\" \/>\n\t<meta name=\"twitter:data1\" content=\"2 minutes\" \/>\n<script type=\"application\/ld+json\" class=\"yoast-schema-graph\">{\"@context\":\"https:\\\/\\\/schema.org\",\"@graph\":[{\"@type\":\"WebPage\",\"@id\":\"https:\\\/\\\/greenblue.com\\\/es\\\/expertos-en-arbolado-urbano\\\/\",\"url\":\"https:\\\/\\\/greenblue.com\\\/es\\\/expertos-en-arbolado-urbano\\\/\",\"name\":\"Urban Tree Consultants | Sustainable Planning In Cities\",\"isPartOf\":{\"@id\":\"https:\\\/\\\/greenblue.com\\\/gb\\\/#website\"},\"datePublished\":\"2021-01-12T23:14:09+00:00\",\"dateModified\":\"2025-04-22T10:57:51+00:00\",\"description\":\"Our team works with you to design and implement an urban landscape design that fits your needs, using only the best products in the sector.\",\"breadcrumb\":{\"@id\":\"https:\\\/\\\/greenblue.com\\\/es\\\/expertos-en-arbolado-urbano\\\/#breadcrumb\"},\"inLanguage\":\"es-ES\",\"potentialAction\":[{\"@type\":\"ReadAction\",\"target\":[\"https:\\\/\\\/greenblue.com\\\/es\\\/expertos-en-arbolado-urbano\\\/\"]}]},{\"@type\":\"BreadcrumbList\",\"@id\":\"https:\\\/\\\/greenblue.com\\\/es\\\/expertos-en-arbolado-urbano\\\/#breadcrumb\",\"itemListElement\":[{\"@type\":\"ListItem\",\"position\":1,\"name\":\"Home\",\"item\":\"https:\\\/\\\/greenblue.com\\\/es\\\/\"},{\"@type\":\"ListItem\",\"position\":2,\"name\":\"Expertos en el \u00e1rbol urbano\"}]},{\"@type\":\"WebSite\",\"@id\":\"https:\\\/\\\/greenblue.com\\\/gb\\\/#website\",\"url\":\"https:\\\/\\\/greenblue.com\\\/gb\\\/\",\"name\":\"GreenBlue Urban\",\"description\":\"Creating Healthier Urban Spaces In Harmony With Nature\",\"publisher\":{\"@id\":\"https:\\\/\\\/greenblue.com\\\/gb\\\/#organization\"},\"potentialAction\":[{\"@type\":\"SearchAction\",\"target\":{\"@type\":\"EntryPoint\",\"urlTemplate\":\"https:\\\/\\\/greenblue.com\\\/gb\\\/?s={search_term_string}\"},\"query-input\":{\"@type\":\"PropertyValueSpecification\",\"valueRequired\":true,\"valueName\":\"search_term_string\"}}],\"inLanguage\":\"es-ES\"},{\"@type\":\"Organization\",\"@id\":\"https:\\\/\\\/greenblue.com\\\/gb\\\/#organization\",\"name\":\"GreenBlue Urban\",\"url\":\"https:\\\/\\\/greenblue.com\\\/gb\\\/\",\"logo\":{\"@type\":\"ImageObject\",\"inLanguage\":\"es-ES\",\"@id\":\"https:\\\/\\\/greenblue.com\\\/gb\\\/#\\\/schema\\\/logo\\\/image\\\/\",\"url\":\"https:\\\/\\\/greenblue.com\\\/wp-content\\\/uploads\\\/2019\\\/10\\\/logo-dark-gb.png\",\"contentUrl\":\"https:\\\/\\\/greenblue.com\\\/wp-content\\\/uploads\\\/2019\\\/10\\\/logo-dark-gb.png\",\"width\":120,\"height\":35,\"caption\":\"GreenBlue Urban\"},\"image\":{\"@id\":\"https:\\\/\\\/greenblue.com\\\/gb\\\/#\\\/schema\\\/logo\\\/image\\\/\"}}]}<\/script>\n<!-- \/ Yoast SEO plugin. -->","yoast_head_json":{"title":"Urban Tree Consultants | Sustainable Planning In Cities","description":"Our team works with you to design and implement an urban landscape design that fits your needs, using only the best products in the sector.","robots":{"index":"index","follow":"follow","max-snippet":"max-snippet:-1","max-image-preview":"max-image-preview:large","max-video-preview":"max-video-preview:-1"},"canonical":"https:\/\/greenblue.com\/es\/expertos-en-arbolado-urbano\/","og_locale":"es_ES","og_type":"article","og_title":"Urban Tree Consultants | Sustainable Planning In Cities","og_description":"Our team works with you to design and implement an urban landscape design that fits your needs, using only the best products in the sector.","og_url":"https:\/\/greenblue.com\/es\/expertos-en-arbolado-urbano\/","og_site_name":"GreenBlue Urban","article_modified_time":"2025-04-22T10:57:51+00:00","twitter_card":"summary_large_image","twitter_misc":{"Est. reading time":"2 minutes"},"schema":{"@context":"https:\/\/schema.org","@graph":[{"@type":"WebPage","@id":"https:\/\/greenblue.com\/es\/expertos-en-arbolado-urbano\/","url":"https:\/\/greenblue.com\/es\/expertos-en-arbolado-urbano\/","name":"Urban Tree Consultants | Sustainable Planning In Cities","isPartOf":{"@id":"https:\/\/greenblue.com\/gb\/#website"},"datePublished":"2021-01-12T23:14:09+00:00","dateModified":"2025-04-22T10:57:51+00:00","description":"Our team works with you to design and implement an urban landscape design that fits your needs, using only the best products in the sector.","breadcrumb":{"@id":"https:\/\/greenblue.com\/es\/expertos-en-arbolado-urbano\/#breadcrumb"},"inLanguage":"es-ES","potentialAction":[{"@type":"ReadAction","target":["https:\/\/greenblue.com\/es\/expertos-en-arbolado-urbano\/"]}]},{"@type":"BreadcrumbList","@id":"https:\/\/greenblue.com\/es\/expertos-en-arbolado-urbano\/#breadcrumb","itemListElement":[{"@type":"ListItem","position":1,"name":"Home","item":"https:\/\/greenblue.com\/es\/"},{"@type":"ListItem","position":2,"name":"Expertos en el \u00e1rbol urbano"}]},{"@type":"WebSite","@id":"https:\/\/greenblue.com\/gb\/#website","url":"https:\/\/greenblue.com\/gb\/","name":"GreenBlue Urban","description":"Creating Healthier Urban Spaces In Harmony With Nature","publisher":{"@id":"https:\/\/greenblue.com\/gb\/#organization"},"potentialAction":[{"@type":"SearchAction","target":{"@type":"EntryPoint","urlTemplate":"https:\/\/greenblue.com\/gb\/?s={search_term_string}"},"query-input":{"@type":"PropertyValueSpecification","valueRequired":true,"valueName":"search_term_string"}}],"inLanguage":"es-ES"},{"@type":"Organization","@id":"https:\/\/greenblue.com\/gb\/#organization","name":"GreenBlue Urban","url":"https:\/\/greenblue.com\/gb\/","logo":{"@type":"ImageObject","inLanguage":"es-ES","@id":"https:\/\/greenblue.com\/gb\/#\/schema\/logo\/image\/","url":"https:\/\/greenblue.com\/wp-content\/uploads\/2019\/10\/logo-dark-gb.png","contentUrl":"https:\/\/greenblue.com\/wp-content\/uploads\/2019\/10\/logo-dark-gb.png","width":120,"height":35,"caption":"GreenBlue Urban"},"image":{"@id":"https:\/\/greenblue.com\/gb\/#\/schema\/logo\/image\/"}}]}},"_links":{"self":[{"href":"https:\/\/greenblue.com\/es\/wp-json\/wp\/v2\/pages\/51853","targetHints":{"allow":["GET"]}}],"collection":[{"href":"https:\/\/greenblue.com\/es\/wp-json\/wp\/v2\/pages"}],"about":[{"href":"https:\/\/greenblue.com\/es\/wp-json\/wp\/v2\/types\/page"}],"author":[{"embeddable":true,"href":"https:\/\/greenblue.com\/es\/wp-json\/wp\/v2\/users\/3409"}],"replies":[{"embeddable":true,"href":"https:\/\/greenblue.com\/es\/wp-json\/wp\/v2\/comments?post=51853"}],"version-history":[{"count":0,"href":"https:\/\/greenblue.com\/es\/wp-json\/wp\/v2\/pages\/51853\/revisions"}],"wp:attachment":[{"href":"https:\/\/greenblue.com\/es\/wp-json\/wp\/v2\/media?parent=51853"}],"curies":[{"name":"wp","href":"https:\/\/api.w.org\/{rel}","templated":true}]}}