{"id":51884,"date":"2021-01-12T23:33:23","date_gmt":"2021-01-12T23:33:23","guid":{"rendered":"https:\/\/greenblue.com\/politica-de-cookies\/"},"modified":"2021-01-12T23:33:23","modified_gmt":"2021-01-12T23:33:23","slug":"politica-de-cookies","status":"publish","type":"page","link":"https:\/\/greenblue.com\/es\/politica-de-cookies\/","title":{"rendered":"Pol\u00edtica de Cookies"},"content":{"rendered":"<p>Este sitio web utiliza Google Analytics para ayudar en el an\u00e1lisis sobre el uso de los visitantes del sitio. La herramiento utiliza &#8220;cookies&#8221;, las cuales son documentos de texto aplicadas en tu ordenador con el fin de recolectar informaci\u00f3n est\u00e1ndar sobre el comportamiento del visitante de forma an\u00f3nima. La informaci\u00f3n generada por la cookie sobre tu uso del sitio (incluyendo direcci\u00f3n IP) es facilitado a Google. Esta informaci\u00f3n es posteriormente utilizada para evaluar el comportamiento del sitio por parte del usuario para recopilar informes estad\u00edsticos sobre la actividad en la web para GreenBlue Urban Ltd.<\/p>\n<p>Nosotros nunca usaremos (y no permitiremos a ning\u00fan tercero) herramientas de an\u00e1lisis estad\u00edstico para seguir o recopilar ning\u00fan tipo de informaci\u00f3n personal identificable (PII) de visitantes de nuestra web. Google no asociar\u00e1 tu direcci\u00f3n IP con ning\u00fan otro tipo de datos obtenidos de Google. Ni nosotros ni Google asociar\u00e1 ni buscar\u00e1 asociar, una direcci\u00f3n IP con la identidad del propietario del ordenador. Nosotros no asociaremos ning\u00fan dato recopilado en este sitio con ning\u00fan PII de ninguna fuente, a menos que expl\u00edcitamente facilites esa informaci\u00f3n a trav\u00e9s de la cumplimentaci\u00f3n  de formularios en este sitio.<\/p>\n<p>Puedes aceptar o declinar las cookies. La mayor\u00eda de los navegadores aceptan las cookies por defecto, pero normalmente pueden ser modificadas en tu navegador y declinarlas. En el caso de declinar las cookies, por favor considera que esto puede deshabilitar algunas de las aplicaciones y funciones de esta web. <\/p>\n","protected":false},"excerpt":{"rendered":"<p>Este sitio web utiliza Google Analytics para ayudar en el an\u00e1lisis sobre el uso de los visitantes del sitio. La herramiento utiliza &#8220;cookies&#8221;, las cuales son documentos de texto aplicadas en tu ordenador con el fin de recolectar informaci\u00f3n est\u00e1ndar sobre el comportamiento del visitante de forma an\u00f3nima. La informaci\u00f3n generada por la cookie sobre [&hellip;]<\/p>\n","protected":false},"author":3409,"featured_media":0,"parent":0,"menu_order":0,"comment_status":"closed","ping_status":"closed","template":"","meta":{"content-type":"","footnotes":""},"class_list":["post-51884","page","type-page","status-publish","hentry"],"acf":[],"yoast_head":"<!-- This site is optimized with the Yoast SEO plugin v27.3 - https:\/\/yoast.com\/product\/yoast-seo-wordpress\/ -->\n<title>Pol\u00edtica de Cookies - GreenBlue Urban<\/title>\n<meta name=\"robots\" content=\"index, follow, max-snippet:-1, max-image-preview:large, max-video-preview:-1\" \/>\n<link rel=\"canonical\" href=\"https:\/\/greenblue.com\/es\/politica-de-cookies\/\" \/>\n<meta property=\"og:locale\" content=\"es_ES\" \/>\n<meta property=\"og:type\" content=\"article\" \/>\n<meta property=\"og:title\" content=\"Pol\u00edtica de Cookies - GreenBlue Urban\" \/>\n<meta property=\"og:description\" content=\"Este sitio web utiliza Google Analytics para ayudar en el an\u00e1lisis sobre el uso de los visitantes del sitio. La herramiento utiliza &#8220;cookies&#8221;, las cuales son documentos de texto aplicadas en tu ordenador con el fin de recolectar informaci\u00f3n est\u00e1ndar sobre el comportamiento del visitante de forma an\u00f3nima. La informaci\u00f3n generada por la cookie sobre [&hellip;]\" \/>\n<meta property=\"og:url\" content=\"https:\/\/greenblue.com\/es\/politica-de-cookies\/\" \/>\n<meta property=\"og:site_name\" content=\"GreenBlue Urban\" \/>\n<meta name=\"twitter:card\" content=\"summary_large_image\" \/>\n<meta name=\"twitter:label1\" content=\"Est. reading time\" \/>\n\t<meta name=\"twitter:data1\" content=\"1 minute\" \/>\n<script type=\"application\/ld+json\" class=\"yoast-schema-graph\">{\"@context\":\"https:\\\/\\\/schema.org\",\"@graph\":[{\"@type\":\"WebPage\",\"@id\":\"https:\\\/\\\/greenblue.com\\\/es\\\/politica-de-cookies\\\/\",\"url\":\"https:\\\/\\\/greenblue.com\\\/es\\\/politica-de-cookies\\\/\",\"name\":\"Pol\u00edtica de Cookies - GreenBlue Urban\",\"isPartOf\":{\"@id\":\"https:\\\/\\\/greenblue.com\\\/gb\\\/#website\"},\"datePublished\":\"2021-01-12T23:33:23+00:00\",\"breadcrumb\":{\"@id\":\"https:\\\/\\\/greenblue.com\\\/es\\\/politica-de-cookies\\\/#breadcrumb\"},\"inLanguage\":\"es-ES\",\"potentialAction\":[{\"@type\":\"ReadAction\",\"target\":[\"https:\\\/\\\/greenblue.com\\\/es\\\/politica-de-cookies\\\/\"]}]},{\"@type\":\"BreadcrumbList\",\"@id\":\"https:\\\/\\\/greenblue.com\\\/es\\\/politica-de-cookies\\\/#breadcrumb\",\"itemListElement\":[{\"@type\":\"ListItem\",\"position\":1,\"name\":\"Home\",\"item\":\"https:\\\/\\\/greenblue.com\\\/es\\\/\"},{\"@type\":\"ListItem\",\"position\":2,\"name\":\"Pol\u00edtica de Cookies\"}]},{\"@type\":\"WebSite\",\"@id\":\"https:\\\/\\\/greenblue.com\\\/gb\\\/#website\",\"url\":\"https:\\\/\\\/greenblue.com\\\/gb\\\/\",\"name\":\"GreenBlue Urban\",\"description\":\"Creating Healthier Urban Spaces In Harmony With Nature\",\"publisher\":{\"@id\":\"https:\\\/\\\/greenblue.com\\\/gb\\\/#organization\"},\"potentialAction\":[{\"@type\":\"SearchAction\",\"target\":{\"@type\":\"EntryPoint\",\"urlTemplate\":\"https:\\\/\\\/greenblue.com\\\/gb\\\/?s={search_term_string}\"},\"query-input\":{\"@type\":\"PropertyValueSpecification\",\"valueRequired\":true,\"valueName\":\"search_term_string\"}}],\"inLanguage\":\"es-ES\"},{\"@type\":\"Organization\",\"@id\":\"https:\\\/\\\/greenblue.com\\\/gb\\\/#organization\",\"name\":\"GreenBlue Urban\",\"url\":\"https:\\\/\\\/greenblue.com\\\/gb\\\/\",\"logo\":{\"@type\":\"ImageObject\",\"inLanguage\":\"es-ES\",\"@id\":\"https:\\\/\\\/greenblue.com\\\/gb\\\/#\\\/schema\\\/logo\\\/image\\\/\",\"url\":\"https:\\\/\\\/greenblue.com\\\/wp-content\\\/uploads\\\/2019\\\/10\\\/logo-dark-gb.png\",\"contentUrl\":\"https:\\\/\\\/greenblue.com\\\/wp-content\\\/uploads\\\/2019\\\/10\\\/logo-dark-gb.png\",\"width\":120,\"height\":35,\"caption\":\"GreenBlue Urban\"},\"image\":{\"@id\":\"https:\\\/\\\/greenblue.com\\\/gb\\\/#\\\/schema\\\/logo\\\/image\\\/\"}}]}<\/script>\n<!-- \/ Yoast SEO plugin. -->","yoast_head_json":{"title":"Pol\u00edtica de Cookies - GreenBlue Urban","robots":{"index":"index","follow":"follow","max-snippet":"max-snippet:-1","max-image-preview":"max-image-preview:large","max-video-preview":"max-video-preview:-1"},"canonical":"https:\/\/greenblue.com\/es\/politica-de-cookies\/","og_locale":"es_ES","og_type":"article","og_title":"Pol\u00edtica de Cookies - GreenBlue Urban","og_description":"Este sitio web utiliza Google Analytics para ayudar en el an\u00e1lisis sobre el uso de los visitantes del sitio. La herramiento utiliza &#8220;cookies&#8221;, las cuales son documentos de texto aplicadas en tu ordenador con el fin de recolectar informaci\u00f3n est\u00e1ndar sobre el comportamiento del visitante de forma an\u00f3nima. La informaci\u00f3n generada por la cookie sobre [&hellip;]","og_url":"https:\/\/greenblue.com\/es\/politica-de-cookies\/","og_site_name":"GreenBlue Urban","twitter_card":"summary_large_image","twitter_misc":{"Est. reading time":"1 minute"},"schema":{"@context":"https:\/\/schema.org","@graph":[{"@type":"WebPage","@id":"https:\/\/greenblue.com\/es\/politica-de-cookies\/","url":"https:\/\/greenblue.com\/es\/politica-de-cookies\/","name":"Pol\u00edtica de Cookies - GreenBlue Urban","isPartOf":{"@id":"https:\/\/greenblue.com\/gb\/#website"},"datePublished":"2021-01-12T23:33:23+00:00","breadcrumb":{"@id":"https:\/\/greenblue.com\/es\/politica-de-cookies\/#breadcrumb"},"inLanguage":"es-ES","potentialAction":[{"@type":"ReadAction","target":["https:\/\/greenblue.com\/es\/politica-de-cookies\/"]}]},{"@type":"BreadcrumbList","@id":"https:\/\/greenblue.com\/es\/politica-de-cookies\/#breadcrumb","itemListElement":[{"@type":"ListItem","position":1,"name":"Home","item":"https:\/\/greenblue.com\/es\/"},{"@type":"ListItem","position":2,"name":"Pol\u00edtica de Cookies"}]},{"@type":"WebSite","@id":"https:\/\/greenblue.com\/gb\/#website","url":"https:\/\/greenblue.com\/gb\/","name":"GreenBlue Urban","description":"Creating Healthier Urban Spaces In Harmony With Nature","publisher":{"@id":"https:\/\/greenblue.com\/gb\/#organization"},"potentialAction":[{"@type":"SearchAction","target":{"@type":"EntryPoint","urlTemplate":"https:\/\/greenblue.com\/gb\/?s={search_term_string}"},"query-input":{"@type":"PropertyValueSpecification","valueRequired":true,"valueName":"search_term_string"}}],"inLanguage":"es-ES"},{"@type":"Organization","@id":"https:\/\/greenblue.com\/gb\/#organization","name":"GreenBlue Urban","url":"https:\/\/greenblue.com\/gb\/","logo":{"@type":"ImageObject","inLanguage":"es-ES","@id":"https:\/\/greenblue.com\/gb\/#\/schema\/logo\/image\/","url":"https:\/\/greenblue.com\/wp-content\/uploads\/2019\/10\/logo-dark-gb.png","contentUrl":"https:\/\/greenblue.com\/wp-content\/uploads\/2019\/10\/logo-dark-gb.png","width":120,"height":35,"caption":"GreenBlue Urban"},"image":{"@id":"https:\/\/greenblue.com\/gb\/#\/schema\/logo\/image\/"}}]}},"_links":{"self":[{"href":"https:\/\/greenblue.com\/es\/wp-json\/wp\/v2\/pages\/51884","targetHints":{"allow":["GET"]}}],"collection":[{"href":"https:\/\/greenblue.com\/es\/wp-json\/wp\/v2\/pages"}],"about":[{"href":"https:\/\/greenblue.com\/es\/wp-json\/wp\/v2\/types\/page"}],"author":[{"embeddable":true,"href":"https:\/\/greenblue.com\/es\/wp-json\/wp\/v2\/users\/3409"}],"replies":[{"embeddable":true,"href":"https:\/\/greenblue.com\/es\/wp-json\/wp\/v2\/comments?post=51884"}],"version-history":[{"count":0,"href":"https:\/\/greenblue.com\/es\/wp-json\/wp\/v2\/pages\/51884\/revisions"}],"wp:attachment":[{"href":"https:\/\/greenblue.com\/es\/wp-json\/wp\/v2\/media?parent=51884"}],"curies":[{"name":"wp","href":"https:\/\/api.w.org\/{rel}","templated":true}]}}