{"id":52241,"date":"2021-01-16T20:27:04","date_gmt":"2021-01-16T20:27:04","guid":{"rendered":"https:\/\/greenblue.com\/soluciones\/gestion-de-agua-de-lluvias\/"},"modified":"2021-07-26T11:40:51","modified_gmt":"2021-07-26T10:40:51","slug":"gestion-de-agua-de-lluvias","status":"publish","type":"page","link":"https:\/\/greenblue.com\/es\/gestion-de-agua-de-lluvias\/","title":{"rendered":"Gesti\u00f3n de Agua de Lluvias"},"content":{"rendered":"<p>[vc_row][vc_column][\/vc_column][\/vc_row][vc_row][vc_column width=&#8221;1\/2&#8243;][et_highlight_title type=&#8221;h5&#8243; title=&#8221;GreenBlue Urban&#8221; line_color=&#8221;#077d32&#8243;][vc_column_text]<\/p>\n<h1>Sistemas de Gesti\u00f3n de Agua de Lluvia<\/h1>\n<p>[\/vc_column_text][\/vc_column][vc_column width=&#8221;1\/2&#8243;][\/vc_column][\/vc_row][vc_row][vc_column width=&#8221;1\/2&#8243;][vc_single_image image=&#8221;34301&#8243; img_size=&#8221;large&#8221; add_caption=&#8221;yes&#8221;][\/vc_column][vc_column width=&#8221;1\/2&#8243;][vc_column_text]Entendemos por gesti\u00f3n de agua de lluvia al proceso de reducci\u00f3n de las escorrent\u00edas superficiales derivadas de episodios de lluvia, abordando problemas de inundaciones, erosi\u00f3n y da\u00f1o a las infraestructuras.<\/p>\n<p>Una de las soluciones en este \u00e1mbito pasa por el aumento de permeabilidad en las \u00e1reas urbanas.<\/p>\n<p>La implementaci\u00f3n de sistemas de drenaje sostenible es cada vez m\u00e1s demandada por las autoridades municipales como un pre-requisito para sus planes urban\u00edsticos. Estas medidas deben ser especificadas desde fases iniciales del proceso, considerando el an\u00e1lisis del sitio, el dise\u00f1o de masterplan y las evaluaciones de impacto ambiental.<\/p>\n<p>Las soluciones para la gesti\u00f3n de agua de lluvia de GreenBlue Urban est\u00e1n dise\u00f1adas para reemplazar dise\u00f1os convencionales de drenaje mediante la infraestructura verde, jardines de lluvia, alcorques, y similares.[\/vc_column_text][\/vc_column][\/vc_row][vc_section][vc_row gap=&#8221;0&#8243; css=&#8221;.vc_custom_1531843586639{padding-top: 96px !important;}&#8221;][vc_column animation_delay=&#8221;0&#8243; offset=&#8221;vc_col-lg-6 vc_col-md-8 vc_col-xs-12&#8243;][et_highlight_title type=&#8221;h6&#8243; font_size=&#8221;12&#8243; line_height=&#8221;24&#8243; letter_spacing=&#8221;0.5&#8243; title=&#8221;GreenBlue Urban&#8221; line_color=&#8221;#007d32&#8243;][et_animated_title type=&#8221;h3&#8243; font_size=&#8221;48&#8243; mobile_font_size=&#8221;32px&#8221; line_height=&#8221;56&#8243; animation_type=&#8221;words-direct&#8221; start_delay=&#8221;100&#8243;]\u00bfPor qu\u00e9 aplicar las soluciones para aguas pluviales de GreenBlue Urban?[\/et_animated_title][\/vc_column][vc_column animation_delay=&#8221;0&#8243; width=&#8221;1\/2&#8243; offset=&#8221;vc_hidden-lg vc_hidden-md vc_hidden-sm vc_hidden-xs&#8221;][\/vc_column][\/vc_row][vc_row gap=&#8221;0&#8243; css=&#8221;.vc_custom_1531831408148{padding-bottom: 64px !important;}&#8221;][vc_column animation_delay=&#8221;0&#8243; css=&#8221;.vc_custom_1530713434392{background-image: url(https:\/\/enovathemes.com\/globax\/wp-content\/uploads\/world.jpg?id=11623) !important;background-position: center !important;background-repeat: no-repeat !important;background-size: contain !important;}&#8221;][et_content_box column=&#8221;3&#8243; gap=&#8221;80&#8243; animation_type=&#8221;random&#8221; animation_effect=&#8221;moveUp&#8221; icon_size=&#8221;large&#8221; animate_hover=&#8221;icon-move&#8221;][et_box_item icon_prefix=&#8221;fas&#8221; icon_name=&#8221;fa-water&#8221; icon_color=&#8221;#007d32&#8243;][vc_custom_heading text=&#8221;Cumpliendo los Requisitos SuDS&#8221; font_container=&#8221;tag:h5|font_size:18px|text_align:left|line_height:32px&#8221; use_theme_fonts=&#8221;yes&#8221; el_class=&#8221;letter-spacing-50&#8243; css=&#8221;.vc_custom_1610523903309{margin-bottom: 16px !important;}&#8221;][vc_column_text css=&#8221;.vc_custom_1610624241960{margin-bottom: 16px !important;}&#8221;]Nuestras soluciones de gesti\u00f3n de pluviales han sido dise\u00f1adas de acuerdo con las \u00faltimas recomendaciones en el sector.[\/vc_column_text][\/et_box_item][et_box_item icon_prefix=&#8221;fas&#8221; icon_name=&#8221;fa-users&#8221; icon_color=&#8221;#007d32&#8243;][vc_custom_heading text=&#8221;Colaboraci\u00f3n Multidisciplinar&#8221; font_container=&#8221;tag:h5|font_size:18px|text_align:left|line_height:32px&#8221; use_theme_fonts=&#8221;yes&#8221; el_class=&#8221;letter-spacing-50&#8243; css=&#8221;.vc_custom_1610524231890{margin-bottom: 16px !important;}&#8221;][vc_column_text css=&#8221;.vc_custom_1610606830404{margin-bottom: 16px !important;}&#8221;]Colaboramos con expertos en la industria que nos acompa\u00f1an en la integraci\u00f3n de nuestros sistemas dentro de la gesti\u00f3n de pluviales.[\/vc_column_text][\/et_box_item][et_box_item icon_prefix=&#8221;fas&#8221; icon_name=&#8221;fa-calculator&#8221; icon_color=&#8221;#007d32&#8243;][vc_custom_heading text=&#8221;C\u00e1lculos Hidr\u00e1ulicos&#8221; font_container=&#8221;tag:h5|font_size:18px|text_align:left|line_height:32px&#8221; use_theme_fonts=&#8221;yes&#8221; el_class=&#8221;letter-spacing-50&#8243; css=&#8221;.vc_custom_1610524301816{margin-bottom: 16px !important;}&#8221;][vc_column_text css=&#8221;.vc_custom_1610524360155{margin-bottom: 16px !important;}&#8221;]Nuestro equipo t\u00e9cnico estar\u00e1 siempre cerca para apoyar en tus proyectos y asistirte con tus c\u00e1lculos hidr\u00e1ulicos.[\/vc_column_text][\/et_box_item][\/et_content_box][\/vc_column][\/vc_row][\/vc_section][vc_row][vc_column width=&#8221;1\/2&#8243;][et_braket title_type=&#8221;h3&#8243; braket_color=&#8221;#077d32&#8243; sub_title=&#8221;HydroPlanter&#8221; title=&#8221;Conoce como funciona HydroPlanter, nuestro jard\u00edn de lluvia modular. &#8220;][\/et_braket][\/vc_column][vc_column width=&#8221;1\/2&#8221;][vc_column_text]<script src=\"https:\/\/fast.wistia.com\/embed\/medias\/33alb50nq6.jsonp\" async><\/script><script src=\"https:\/\/fast.wistia.com\/assets\/external\/E-v1.js\" async><\/script><\/p>\n<div class=\"wistia_responsive_padding\" style=\"padding: 56.25% 0 0 0; position: relative;\">\n<div class=\"wistia_responsive_wrapper\" style=\"height: 100%; left: 0; position: absolute; top: 0; width: 100%;\"><span class=\"wistia_embed wistia_async_33alb50nq6 popover=true popoverAnimateThumbnail=true videoFoam=true\" style=\"display: inline-block; height: 100%; position: relative; width: 100%;\">\u00a0<\/span><\/div>\n<\/div>\n<p>[\/vc_column_text][\/vc_column][\/vc_row][vc_row gap=&#8221;0&#8243; css=&#8221;.vc_custom_1531843586639{padding-top: 96px !important;}&#8221;][vc_column animation_delay=&#8221;0&#8243; offset=&#8221;vc_col-lg-6 vc_col-md-8 vc_col-xs-12&#8243;][et_animated_title type=&#8221;h3&#8243; font_size=&#8221;48&#8243; mobile_font_size=&#8221;32px&#8221; line_height=&#8221;56&#8243; animation_type=&#8221;words-direct&#8221; start_delay=&#8221;100&#8243;]Nuestros productos de gestion de aguas pluviales[\/et_animated_title][vc_empty_space][\/vc_column][vc_column animation_delay=&#8221;0&#8243; width=&#8221;1\/2&#8243; offset=&#8221;vc_hidden-lg vc_hidden-md vc_hidden-sm vc_hidden-xs&#8221;][\/vc_column][\/vc_row][vc_row equal_height=&#8221;yes&#8221;][vc_column width=&#8221;1\/2&#8243;][vc_separator el_width=&#8221;90&#8243;][vc_single_image image=&#8221;34295&#8243; img_size=&#8221;medium&#8221; alignment=&#8221;center&#8221; onclick=&#8221;custom_link&#8221; link=&#8221;https:\/\/greenblue.com\/es\/products\/arborflow\/&#8221;][vc_custom_heading text=&#8221;ArborFlow&#8221; font_container=&#8221;tag:h4|text_align:left|color:%23077d32|line_height:32px&#8221; use_theme_fonts=&#8221;yes&#8221; link=&#8221;url:https%3A%2F%2Fgreenblue.com%2Fes%2Fproducts%2Farborflow%2F|&#8221;][vc_column_text]Un sistema de plantaci\u00f3n de \u00e1rboles espec\u00edficamente dise\u00f1ado para aportar lo que el \u00e1rbol necesita y contribuir con los cuatro pilares SuDS.[\/vc_column_text][vc_column_text]<strong>Caracter\u00edsticas<\/strong><\/p>\n<ul>\n<li>Ideal para usar en entornos urbanos donde la falta de espacio supone una limitaci\u00f3n<\/li>\n<li>Ralentiza el caudal mediante la atenuaci\u00f3n del agua de lluvia<\/li>\n<li>Filtra y retiene contaminantes<\/li>\n<li>Materiales 100% reciclados con un impacto m\u00ednimo en el medioambiente<\/li>\n<\/ul>\n<p>[\/vc_column_text][et_button button_text=&#8221;FICHA T\u00c9CNICA&#8221; button_link=&#8221;https:\/\/greenblue.com\/es\/datasheets\/arborflow-datasheet\/&#8221; button_color=&#8221;#ffffff&#8221; button_back_color=&#8221;#006699&#8243; button_color_hover=&#8221;#ffffff&#8221; button_back_color_hover=&#8221;#000000&#8243;][et_button button_text=&#8221;SOLICITA TU PRESUPUESTO&#8221; button_link=&#8221;https:\/\/greenblue.com\/es\/contactanos\/&#8221; button_color=&#8221;#ffffff&#8221; button_back_color=&#8221;#ff893a&#8221; button_color_hover=&#8221;#ffffff&#8221; button_back_color_hover=&#8221;#000000&#8243;][et_button button_text=&#8221;EXPLORA EN LA WEB&#8221; button_link=&#8221;https:\/\/greenblue.com\/products\/arborflow\/&#8221; button_color=&#8221;#ffffff&#8221; button_back_color=&#8221;#077d32&#8243; button_color_hover=&#8221;#ffffff&#8221; button_back_color_hover=&#8221;#000000&#8243;][vc_separator el_width=&#8221;90&#8243;][\/vc_column][vc_column width=&#8221;1\/2&#8243;][vc_separator el_width=&#8221;90&#8243;][vc_single_image image=&#8221;35179&#8243; img_size=&#8221;medium&#8221; alignment=&#8221;center&#8221; onclick=&#8221;custom_link&#8221; link=&#8221;https:\/\/greenblue.com\/es\/products\/hydroplanter\/&#8221;][vc_custom_heading text=&#8221;HydroPlanter&#8221; font_container=&#8221;tag:h4|text_align:left|color:%23077d32|line_height:32px&#8221; use_theme_fonts=&#8221;yes&#8221; link=&#8221;url:https%3A%2F%2Fgreenblue.com%2Fes%2Fproducts%2Fhydroplanter%2F|&#8221;][vc_column_text]HydroPlanter es una a<b>\u00a0soluci\u00f3n de aguas pluviales<\/b> que puede ser incorporada a proyectos de carreteras y nuevos desarrollos de todas las escalas.[\/vc_column_text][vc_column_text]<strong>Caracter\u00edsticas<\/strong><\/p>\n<ul>\n<li>Materiales 100% reciclados<\/li>\n<li>M\u00f3dulos encajables<\/li>\n<li>Punto de drenaje de excedente opcional<\/li>\n<li>Dise\u00f1o apilable para un transporte eficiente<\/li>\n<\/ul>\n<p>[\/vc_column_text][et_button button_text=&#8221;FICHA T\u00c9CNICA&#8221; button_link=&#8221;https:\/\/greenblue.com\/es\/datasheets\/hydroplanter-product-overview\/&#8221; button_color=&#8221;#ffffff&#8221; button_back_color=&#8221;#006699&#8243; button_color_hover=&#8221;#ffffff&#8221; button_back_color_hover=&#8221;#000000&#8243;][et_button button_text=&#8221;SOLICITA TU PRESUPUESTO&#8221; button_link=&#8221;https:\/\/greenblue.com\/es\/contactanos\/&#8221; button_color=&#8221;#ffffff&#8221; button_back_color=&#8221;#ff893a&#8221; button_color_hover=&#8221;#ffffff&#8221; button_back_color_hover=&#8221;#000000&#8243;][et_button button_text=&#8221;EXPLORA EN LA WEB&#8221; button_link=&#8221;https:\/\/greenblue.com\/es\/products\/hydroplanter\/&#8221; button_color=&#8221;#ffffff&#8221; button_back_color=&#8221;#077d32&#8243; button_color_hover=&#8221;#ffffff&#8221; button_back_color_hover=&#8221;#000000&#8243;][vc_separator el_width=&#8221;90&#8243;][\/vc_column][\/vc_row][vc_row equal_height=&#8221;yes&#8221;][vc_column width=&#8221;1\/2&#8243;][vc_single_image image=&#8221;33756&#8243; img_size=&#8221;medium&#8221; alignment=&#8221;center&#8221; onclick=&#8221;custom_link&#8221; link=&#8221;https:\/\/greenblue.com\/products\/kerbflow-inlets\/&#8221;][vc_custom_heading text=&#8221;Entradas KerbFlow&#8221; font_container=&#8221;tag:h4|text_align:left|color:%23077d32|line_height:32px&#8221; use_theme_fonts=&#8221;yes&#8221; link=&#8221;url:https%3A%2F%2Fgreenblue.com%2Fproducts%2Fkerbflow-inlets%2F|&#8221;][vc_column_text]Estas entradas ofrecen un medio durable y sencillo para gestionar la escorrent\u00eda desde la zona de recogida.[\/vc_column_text][vc_column_text]<strong>Caracter\u00edsticas<\/strong><\/p>\n<ul>\n<li>Posibilidad de cierre, para prevenir heladas en invierno<\/li>\n<li>Acabado durable y resistente<\/li>\n<li>Disponible en acero corten y galvanizado<\/li>\n<\/ul>\n<p>[\/vc_column_text][et_button button_text=&#8221;SOLICITA TU PRESUPUESTO&#8221; button_link=&#8221;https:\/\/greenblue.com\/es\/contactanos\/&#8221; button_color=&#8221;#ffffff&#8221; button_back_color=&#8221;#ff893a&#8221; button_color_hover=&#8221;#ffffff&#8221; button_back_color_hover=&#8221;#000000&#8243;][et_button button_text=&#8221;EXPLORA EN LA WEB&#8221; button_link=&#8221;https:\/\/greenblue.com\/products\/kerbflow-inlets\/&#8221; button_color=&#8221;#ffffff&#8221; button_back_color=&#8221;#077d32&#8243; button_color_hover=&#8221;#ffffff&#8221; button_back_color_hover=&#8221;#000000&#8243;][vc_separator el_width=&#8221;90&#8243;][\/vc_column][vc_column width=&#8221;1\/2&#8243;][vc_single_image image=&#8221;34274&#8243; img_size=&#8221;medium&#8221; alignment=&#8221;center&#8221; onclick=&#8221;custom_link&#8221; link=&#8221;https:\/\/greenblue.com\/products\/rootrain-linear-drain\/&#8221;][vc_custom_heading text=&#8221;Drenaje RootRain Linear&#8221; font_container=&#8221;tag:h4|text_align:left|color:%23077d32|line_height:32px&#8221; use_theme_fonts=&#8221;yes&#8221; link=&#8221;url:https%3A%2F%2Fgreenblue.com%2Fproducts%2Frootrain-linear-drain%2F|&#8221;][vc_column_text]RootRain Linear es un sistema vers\u00e1til dise\u00f1ado como un sistema permanente para superficies duras.[\/vc_column_text][vc_column_text]<strong>Caracter\u00edsticas<\/strong><\/p>\n<ul>\n<li>Construcci\u00f3n a medida<\/li>\n<li>Rejilla superior disponible en diversos acabados<\/li>\n<li>Compatible con cualquier superficie dura<\/li>\n<\/ul>\n<p>[\/vc_column_text][et_button button_text=&#8221;SOLICITA TU PRESUPUESTO&#8221; button_link=&#8221;https:\/\/greenblue.com\/es\/contactanos\/&#8221; button_color=&#8221;#ffffff&#8221; button_back_color=&#8221;#ff893a&#8221; button_color_hover=&#8221;#ffffff&#8221; button_back_color_hover=&#8221;#000000&#8243;][et_button button_text=&#8221;EXPLORA EN LA WEB&#8221; button_link=&#8221;https:\/\/greenblue.com\/products\/rootrain-linear-drain\/&#8221; button_color=&#8221;#ffffff&#8221; button_back_color=&#8221;#077d32&#8243; button_color_hover=&#8221;#ffffff&#8221; button_back_color_hover=&#8221;#000000&#8243;][vc_separator el_width=&#8221;90&#8243;][\/vc_column][\/vc_row][vc_row equal_height=&#8221;yes&#8221;][vc_column width=&#8221;1\/2&#8243;][vc_single_image image=&#8221;33759&#8243; img_size=&#8221;medium&#8221; alignment=&#8221;center&#8221; onclick=&#8221;custom_link&#8221; link=&#8221;https:\/\/greenblue.com\/es\/products\/arborcell\/&#8221;][vc_custom_heading text=&#8221;ArborCell&#8221; font_container=&#8221;tag:h4|text_align:left|color:%23077d32|line_height:32px&#8221; use_theme_fonts=&#8221;yes&#8221; link=&#8221;url:https%3A%2F%2Fgreenblue.com%2Fes%2Fproducts%2Farborcell%2F|&#8221;][vc_column_text]ArborCell de GreenBlue Urban es un m\u00f3dulo autoportante dise\u00f1ado para atenuaci\u00f3n y distribuci\u00f3n del agua dentro del sistema <strong>SuDS<\/strong> para alcorques ArborFlow.[\/vc_column_text][vc_column_text]<strong>Caracter\u00edsticas<\/strong><\/p>\n<ul>\n<li>Pl\u00e1stico reciclado<\/li>\n<li>92% de volumen disponible<\/li>\n<li>Alta capacidad de soporte de cargas<\/li>\n<\/ul>\n<p>[\/vc_column_text][et_button button_text=&#8221;SOLICITA TU PRESUPUESTO&#8221; button_link=&#8221;https:\/\/greenblue.com\/es\/contactanos\/&#8221; button_color=&#8221;#ffffff&#8221; button_back_color=&#8221;#ff893a&#8221; button_color_hover=&#8221;#ffffff&#8221; button_back_color_hover=&#8221;#000000&#8243;][et_button button_text=&#8221;EXPLORA EN LA WEB&#8221; button_link=&#8221;https:\/\/greenblue.com\/es\/products\/arborcell\/&#8221; button_color=&#8221;#ffffff&#8221; button_back_color=&#8221;#077d32&#8243; button_color_hover=&#8221;#ffffff&#8221; button_back_color_hover=&#8221;#000000&#8243;][vc_separator el_width=&#8221;90&#8243;][\/vc_column][vc_column width=&#8221;1\/2&#8243;][\/vc_column][\/vc_row][vc_row full_width=&#8221;stretch_row_content&#8221; gap=&#8221;0&#8243; css=&#8221;.vc_custom_1530608429182{background: #f5f5f5 url(https:\/\/enovathemes.com\/globax\/wp-content\/uploads\/globus_image_extra_smal.jpg?id=11490) !important;background-position: center !important;background-repeat: no-repeat !important;background-size: cover !important;}&#8221;][vc_column animation_delay=&#8221;0&#8243; css=&#8221;.vc_custom_1530608688047{padding-top: 0px !important;}&#8221;][et_tagline title=&#8221;\u00bfNo encuentras lo que estabas buscando? Ponte en contacto!&#8221; title_color=&#8221;#000000&#8243; back_color=&#8221;rgba(255,255,255,0.01)&#8221; button_text=&#8221;Cont\u00e1ctanos&#8221; button_link=&#8221;https:\/\/greenblue.com\/es\/contactanos\/&#8221; button_color=&#8221;#ffffff&#8221; button_back_color=&#8221;#077d32&#8243; button_color_hover=&#8221;#ffffff&#8221; button_back_color_hover=&#8221;#212121&#8243; icon_color=&#8221;rgba(170,170,170,0.52)&#8221; icon_size=&#8221;large&#8221;][\/vc_column][\/vc_row]<\/p>\n","protected":false},"excerpt":{"rendered":"<p>[vc_row][vc_column][\/vc_column][\/vc_row][vc_row][vc_column width=&#8221;1\/2&#8243;][et_highlight_title type=&#8221;h5&#8243; title=&#8221;GreenBlue Urban&#8221; line_color=&#8221;#077d32&#8243;][vc_column_text] Sistemas de Gesti\u00f3n de Agua de Lluvia [\/vc_column_text][\/vc_column][vc_column width=&#8221;1\/2&#8243;][\/vc_column][\/vc_row][vc_row][vc_column width=&#8221;1\/2&#8243;][vc_single_image image=&#8221;34301&#8243; img_size=&#8221;large&#8221; add_caption=&#8221;yes&#8221;][\/vc_column][vc_column width=&#8221;1\/2&#8243;][vc_column_text]Entendemos por gesti\u00f3n de agua de lluvia al proceso de reducci\u00f3n de las escorrent\u00edas superficiales derivadas de episodios de lluvia, abordando problemas de inundaciones, erosi\u00f3n y da\u00f1o a las infraestructuras. Una de las soluciones en este [&hellip;]<\/p>\n","protected":false},"author":3409,"featured_media":0,"parent":0,"menu_order":0,"comment_status":"closed","ping_status":"closed","template":"page-vc.php","meta":{"content-type":"","footnotes":""},"class_list":["post-52241","page","type-page","status-publish","hentry"],"acf":[],"yoast_head":"<!-- This site is optimized with the Yoast SEO plugin v27.5 - https:\/\/yoast.com\/product\/yoast-seo-wordpress\/ -->\n<title>Soluciones SuDS para una mejor Infraestructura Verde - GreenBlue Urban<\/title>\n<meta name=\"description\" content=\"GreenBlue ofrece soluciones de especialista para la gesti\u00f3n de agua de lluvia, que combinan la integraci\u00f3n de infraestructura verde y azul.\" \/>\n<meta name=\"robots\" content=\"index, follow, max-snippet:-1, max-image-preview:large, max-video-preview:-1\" \/>\n<link rel=\"canonical\" href=\"https:\/\/greenblue.com\/es\/productos__trashed\/gestion-de-agua-de-lluvias\/\" \/>\n<meta property=\"og:locale\" content=\"es_ES\" \/>\n<meta property=\"og:type\" content=\"article\" \/>\n<meta property=\"og:title\" content=\"Soluciones SuDS para una mejor Infraestructura Verde - GreenBlue Urban\" \/>\n<meta property=\"og:description\" content=\"GreenBlue ofrece soluciones de especialista para la gesti\u00f3n de agua de lluvia, que combinan la integraci\u00f3n de infraestructura verde y azul.\" \/>\n<meta property=\"og:url\" content=\"https:\/\/greenblue.com\/es\/productos__trashed\/gestion-de-agua-de-lluvias\/\" \/>\n<meta property=\"og:site_name\" content=\"GreenBlue Urban\" \/>\n<meta property=\"article:modified_time\" content=\"2021-07-26T10:40:51+00:00\" \/>\n<meta name=\"twitter:card\" content=\"summary_large_image\" \/>\n<meta name=\"twitter:label1\" content=\"Est. reading time\" \/>\n\t<meta name=\"twitter:data1\" content=\"9 minutes\" \/>\n<script type=\"application\/ld+json\" class=\"yoast-schema-graph\">{\"@context\":\"https:\\\/\\\/schema.org\",\"@graph\":[{\"@type\":\"WebPage\",\"@id\":\"https:\\\/\\\/greenblue.com\\\/es\\\/productos__trashed\\\/gestion-de-agua-de-lluvias\\\/\",\"url\":\"https:\\\/\\\/greenblue.com\\\/es\\\/productos__trashed\\\/gestion-de-agua-de-lluvias\\\/\",\"name\":\"Soluciones SuDS para una mejor Infraestructura Verde - GreenBlue Urban\",\"isPartOf\":{\"@id\":\"https:\\\/\\\/greenblue.com\\\/gb\\\/#website\"},\"datePublished\":\"2021-01-16T20:27:04+00:00\",\"dateModified\":\"2021-07-26T10:40:51+00:00\",\"description\":\"GreenBlue ofrece soluciones de especialista para la gesti\u00f3n de agua de lluvia, que combinan la integraci\u00f3n de infraestructura verde y azul.\",\"breadcrumb\":{\"@id\":\"https:\\\/\\\/greenblue.com\\\/es\\\/productos__trashed\\\/gestion-de-agua-de-lluvias\\\/#breadcrumb\"},\"inLanguage\":\"es-ES\",\"potentialAction\":[{\"@type\":\"ReadAction\",\"target\":[\"https:\\\/\\\/greenblue.com\\\/es\\\/productos__trashed\\\/gestion-de-agua-de-lluvias\\\/\"]}]},{\"@type\":\"BreadcrumbList\",\"@id\":\"https:\\\/\\\/greenblue.com\\\/es\\\/productos__trashed\\\/gestion-de-agua-de-lluvias\\\/#breadcrumb\",\"itemListElement\":[{\"@type\":\"ListItem\",\"position\":1,\"name\":\"Home\",\"item\":\"https:\\\/\\\/greenblue.com\\\/es\\\/\"},{\"@type\":\"ListItem\",\"position\":2,\"name\":\"Gesti\u00f3n de Agua de Lluvias\"}]},{\"@type\":\"WebSite\",\"@id\":\"https:\\\/\\\/greenblue.com\\\/gb\\\/#website\",\"url\":\"https:\\\/\\\/greenblue.com\\\/gb\\\/\",\"name\":\"GreenBlue Urban\",\"description\":\"Creating Healthier Urban Spaces In Harmony With Nature\",\"publisher\":{\"@id\":\"https:\\\/\\\/greenblue.com\\\/gb\\\/#organization\"},\"potentialAction\":[{\"@type\":\"SearchAction\",\"target\":{\"@type\":\"EntryPoint\",\"urlTemplate\":\"https:\\\/\\\/greenblue.com\\\/gb\\\/?s={search_term_string}\"},\"query-input\":{\"@type\":\"PropertyValueSpecification\",\"valueRequired\":true,\"valueName\":\"search_term_string\"}}],\"inLanguage\":\"es-ES\"},{\"@type\":\"Organization\",\"@id\":\"https:\\\/\\\/greenblue.com\\\/gb\\\/#organization\",\"name\":\"GreenBlue Urban\",\"url\":\"https:\\\/\\\/greenblue.com\\\/gb\\\/\",\"logo\":{\"@type\":\"ImageObject\",\"inLanguage\":\"es-ES\",\"@id\":\"https:\\\/\\\/greenblue.com\\\/gb\\\/#\\\/schema\\\/logo\\\/image\\\/\",\"url\":\"https:\\\/\\\/greenblue.com\\\/wp-content\\\/uploads\\\/2019\\\/10\\\/logo-dark-gb.png\",\"contentUrl\":\"https:\\\/\\\/greenblue.com\\\/wp-content\\\/uploads\\\/2019\\\/10\\\/logo-dark-gb.png\",\"width\":120,\"height\":35,\"caption\":\"GreenBlue Urban\"},\"image\":{\"@id\":\"https:\\\/\\\/greenblue.com\\\/gb\\\/#\\\/schema\\\/logo\\\/image\\\/\"}}]}<\/script>\n<!-- \/ Yoast SEO plugin. -->","yoast_head_json":{"title":"Soluciones SuDS para una mejor Infraestructura Verde - GreenBlue Urban","description":"GreenBlue ofrece soluciones de especialista para la gesti\u00f3n de agua de lluvia, que combinan la integraci\u00f3n de infraestructura verde y azul.","robots":{"index":"index","follow":"follow","max-snippet":"max-snippet:-1","max-image-preview":"max-image-preview:large","max-video-preview":"max-video-preview:-1"},"canonical":"https:\/\/greenblue.com\/es\/productos__trashed\/gestion-de-agua-de-lluvias\/","og_locale":"es_ES","og_type":"article","og_title":"Soluciones SuDS para una mejor Infraestructura Verde - GreenBlue Urban","og_description":"GreenBlue ofrece soluciones de especialista para la gesti\u00f3n de agua de lluvia, que combinan la integraci\u00f3n de infraestructura verde y azul.","og_url":"https:\/\/greenblue.com\/es\/productos__trashed\/gestion-de-agua-de-lluvias\/","og_site_name":"GreenBlue Urban","article_modified_time":"2021-07-26T10:40:51+00:00","twitter_card":"summary_large_image","twitter_misc":{"Est. reading time":"9 minutes"},"schema":{"@context":"https:\/\/schema.org","@graph":[{"@type":"WebPage","@id":"https:\/\/greenblue.com\/es\/productos__trashed\/gestion-de-agua-de-lluvias\/","url":"https:\/\/greenblue.com\/es\/productos__trashed\/gestion-de-agua-de-lluvias\/","name":"Soluciones SuDS para una mejor Infraestructura Verde - GreenBlue Urban","isPartOf":{"@id":"https:\/\/greenblue.com\/gb\/#website"},"datePublished":"2021-01-16T20:27:04+00:00","dateModified":"2021-07-26T10:40:51+00:00","description":"GreenBlue ofrece soluciones de especialista para la gesti\u00f3n de agua de lluvia, que combinan la integraci\u00f3n de infraestructura verde y azul.","breadcrumb":{"@id":"https:\/\/greenblue.com\/es\/productos__trashed\/gestion-de-agua-de-lluvias\/#breadcrumb"},"inLanguage":"es-ES","potentialAction":[{"@type":"ReadAction","target":["https:\/\/greenblue.com\/es\/productos__trashed\/gestion-de-agua-de-lluvias\/"]}]},{"@type":"BreadcrumbList","@id":"https:\/\/greenblue.com\/es\/productos__trashed\/gestion-de-agua-de-lluvias\/#breadcrumb","itemListElement":[{"@type":"ListItem","position":1,"name":"Home","item":"https:\/\/greenblue.com\/es\/"},{"@type":"ListItem","position":2,"name":"Gesti\u00f3n de Agua de Lluvias"}]},{"@type":"WebSite","@id":"https:\/\/greenblue.com\/gb\/#website","url":"https:\/\/greenblue.com\/gb\/","name":"GreenBlue Urban","description":"Creating Healthier Urban Spaces In Harmony With Nature","publisher":{"@id":"https:\/\/greenblue.com\/gb\/#organization"},"potentialAction":[{"@type":"SearchAction","target":{"@type":"EntryPoint","urlTemplate":"https:\/\/greenblue.com\/gb\/?s={search_term_string}"},"query-input":{"@type":"PropertyValueSpecification","valueRequired":true,"valueName":"search_term_string"}}],"inLanguage":"es-ES"},{"@type":"Organization","@id":"https:\/\/greenblue.com\/gb\/#organization","name":"GreenBlue Urban","url":"https:\/\/greenblue.com\/gb\/","logo":{"@type":"ImageObject","inLanguage":"es-ES","@id":"https:\/\/greenblue.com\/gb\/#\/schema\/logo\/image\/","url":"https:\/\/greenblue.com\/wp-content\/uploads\/2019\/10\/logo-dark-gb.png","contentUrl":"https:\/\/greenblue.com\/wp-content\/uploads\/2019\/10\/logo-dark-gb.png","width":120,"height":35,"caption":"GreenBlue Urban"},"image":{"@id":"https:\/\/greenblue.com\/gb\/#\/schema\/logo\/image\/"}}]}},"_links":{"self":[{"href":"https:\/\/greenblue.com\/es\/wp-json\/wp\/v2\/pages\/52241","targetHints":{"allow":["GET"]}}],"collection":[{"href":"https:\/\/greenblue.com\/es\/wp-json\/wp\/v2\/pages"}],"about":[{"href":"https:\/\/greenblue.com\/es\/wp-json\/wp\/v2\/types\/page"}],"author":[{"embeddable":true,"href":"https:\/\/greenblue.com\/es\/wp-json\/wp\/v2\/users\/3409"}],"replies":[{"embeddable":true,"href":"https:\/\/greenblue.com\/es\/wp-json\/wp\/v2\/comments?post=52241"}],"version-history":[{"count":0,"href":"https:\/\/greenblue.com\/es\/wp-json\/wp\/v2\/pages\/52241\/revisions"}],"wp:attachment":[{"href":"https:\/\/greenblue.com\/es\/wp-json\/wp\/v2\/media?parent=52241"}],"curies":[{"name":"wp","href":"https:\/\/api.w.org\/{rel}","templated":true}]}}