{"id":52262,"date":"2021-01-17T15:09:46","date_gmt":"2021-01-17T15:09:46","guid":{"rendered":"https:\/\/greenblue.com\/soluciones\/gestion-de-raices\/"},"modified":"2023-06-13T16:51:45","modified_gmt":"2023-06-13T15:51:45","slug":"gestion-de-raices","status":"publish","type":"page","link":"https:\/\/greenblue.com\/es\/gestion-de-raices\/","title":{"rendered":"Gesti\u00f3n de ra\u00edces"},"content":{"rendered":"<p>[vc_row][vc_column][\/vc_column][\/vc_row][vc_row][vc_column width=&#8221;1\/2&#8243;][et_highlight_title type=&#8221;h5&#8243; title=&#8221;GreenBlue Urban&#8221; line_color=&#8221;#077d32&#8243;][vc_column_text]<\/p>\n<h1>Soluciones para la Gesti\u00f3n de Ra\u00edces<\/h1>\n<p>[\/vc_column_text][\/vc_column][vc_column width=&#8221;1\/2&#8243;][\/vc_column][\/vc_row][vc_row][vc_column width=&#8221;1\/2&#8243;][vc_single_image image=&#8221;52150&#8243; img_size=&#8221;full&#8221; add_caption=&#8221;yes&#8221;][\/vc_column][vc_column width=&#8221;1\/2&#8243;][vc_column_text]La incorporaci\u00f3n de barreras antirra\u00edces resulta un aspecto fundamental en las mejores pr\u00e1cticas de plantaci\u00f3n de arbolado urbano. Ya no es suficiente con plantar un \u00e1rbol en un \u00e1rea urbana y esperar que las ra\u00edces no generar\u00e1n problemas.<\/p>\n<p>Frecuentemente, cada ubicaci\u00f3n requiere diferentes enfoques en la gesti\u00f3n radicular, ante lo que GreenBlue Urban ha desarrollado una gama de soluciones especializadas para crear las mejores condiciones posibles para el arbolado.<\/p>\n<p>Los productos de las series ReRoot y RootDirector dirigen las ra\u00edces hacia cotas m\u00e1s profundas, donde podr\u00e1n establecerse de forma segura, sin da\u00f1ar la superficie. As\u00ed, ya sea para crear un corredor de servicios urbanos, proteger de las cimentaciones de un edificio y incorporar \u00e1rboles en zonas peatonales, GreenBlue cuenta con soluciones efectivas y econ\u00f3micas.[\/vc_column_text][\/vc_column][\/vc_row][vc_section][vc_row gap=&#8221;0&#8243; css=&#8221;.vc_custom_1531843586639{padding-top: 96px !important;}&#8221;][vc_column animation_delay=&#8221;0&#8243; offset=&#8221;vc_col-lg-6 vc_col-md-8 vc_col-xs-12&#8243;][et_highlight_title type=&#8221;h6&#8243; font_size=&#8221;12&#8243; line_height=&#8221;24&#8243; letter_spacing=&#8221;0.5&#8243; title=&#8221;GreenBlue Urban&#8221; line_color=&#8221;#007d32&#8243;][et_animated_title type=&#8221;h3&#8243; font_size=&#8221;48&#8243; mobile_font_size=&#8221;32px&#8221; line_height=&#8221;56&#8243; animation_type=&#8221;words-direct&#8221; start_delay=&#8221;100&#8243;]\u00bfPor qu\u00e9 aplicar soluciones de gesti\u00f3n de ra\u00edces de GreenBlue Urban?[\/et_animated_title][\/vc_column][vc_column animation_delay=&#8221;0&#8243; width=&#8221;1\/2&#8243; offset=&#8221;vc_hidden-lg vc_hidden-md vc_hidden-sm vc_hidden-xs&#8221;][\/vc_column][\/vc_row][vc_row gap=&#8221;0&#8243; css=&#8221;.vc_custom_1531831408148{padding-bottom: 64px !important;}&#8221;][vc_column animation_delay=&#8221;0&#8243; css=&#8221;.vc_custom_1530713434392{background-image: url(https:\/\/enovathemes.com\/globax\/wp-content\/uploads\/world.jpg?id=11623) !important;background-position: center !important;background-repeat: no-repeat !important;background-size: contain !important;}&#8221;][et_content_box column=&#8221;3&#8243; gap=&#8221;80&#8243; animation_type=&#8221;random&#8221; animation_effect=&#8221;moveUp&#8221; icon_size=&#8221;large&#8221; animate_hover=&#8221;icon-move&#8221;][et_box_item icon_prefix=&#8221;fas&#8221; icon_name=&#8221;fa-recycle&#8221; icon_color=&#8221;#007d32&#8243;][vc_custom_heading text=&#8221;Material 100% reciclado&#8221; font_container=&#8221;tag:h5|font_size:18px|text_align:left|line_height:32px&#8221; use_theme_fonts=&#8221;yes&#8221; el_class=&#8221;letter-spacing-50&#8243; css=&#8221;.vc_custom_1601385368034{margin-bottom: 16px !important;}&#8221;][vc_column_text css=&#8221;.vc_custom_1609997786270{margin-bottom: 16px !important;}&#8221;]Nuestros productos RootDirector y ReRoot son manufacturados en Reino Unido y en pl\u00e1stico 100% reciclado.[\/vc_column_text][\/et_box_item][et_box_item icon_prefix=&#8221;fas&#8221; icon_name=&#8221;fa-shield-alt&#8221; icon_color=&#8221;#007d32&#8243;][vc_custom_heading text=&#8221;Protecci\u00f3n de Servicios&#8221; font_container=&#8221;tag:h5|font_size:18px|text_align:left|line_height:32px&#8221; use_theme_fonts=&#8221;yes&#8221; el_class=&#8221;letter-spacing-50&#8243; css=&#8221;.vc_custom_1609997806351{margin-bottom: 16px !important;}&#8221;][vc_column_text css=&#8221;.vc_custom_1610707713487{margin-bottom: 16px !important;}&#8221;]GreenBlue Urban cuenta con una vasta experiencia trabajando con constructores y subcontratistas, as\u00ed como empresas de servicios municipales que desean mantener las ra\u00edces de los \u00e1rboles fuera del alcance de sus infraestructuras.[\/vc_column_text][\/et_box_item][et_box_item icon_prefix=&#8221;fas&#8221; icon_name=&#8221;fa-ban&#8221; icon_color=&#8221;#007d32&#8243;][vc_custom_heading text=&#8221;Prevenci\u00f3n de Levantamiento de Pavimentos&#8221; font_container=&#8221;tag:h5|font_size:18px|text_align:left|line_height:32px&#8221; use_theme_fonts=&#8221;yes&#8221; el_class=&#8221;letter-spacing-50&#8243; css=&#8221;.vc_custom_1609997904453{margin-bottom: 16px !important;}&#8221;][vc_column_text css=&#8221;.vc_custom_1609997966226{margin-bottom: 16px !important;}&#8221;]Nuestra gama de directores de ra\u00edces premoldeados est\u00e1n especialmente dise\u00f1ados para guiar las ra\u00edces hacia abajo, previniendo levantamientos y da\u00f1os costosos.[\/vc_column_text][\/et_box_item][\/et_content_box][\/vc_column][\/vc_row][\/vc_section][vc_row][vc_column width=&#8221;1\/2&#8243;][et_braket title_type=&#8221;h3&#8243; braket_color=&#8221;#077d32&#8243; sub_title=&#8221;How to videos&#8221; title=&#8221;Conoce como funcionan nuestras soluciones para la gesti\u00f3n de ra\u00edces.&#8221;][\/et_braket][\/vc_column][vc_column width=&#8221;1\/2&#8243;][vc_column_text]<script src=\"https:\/\/fast.wistia.com\/embed\/medias\/oz2awxgfy0.jsonp\" async><\/script><script src=\"https:\/\/fast.wistia.com\/assets\/external\/E-v1.js\" async><\/script><\/p>\n<div class=\"wistia_responsive_padding\" style=\"padding: 56.25% 0 0 0; position: relative;\">\n<div class=\"wistia_responsive_wrapper\" style=\"height: 100%; left: 0; position: absolute; top: 0; width: 100%;\"><span class=\"wistia_embed wistia_async_oz2awxgfy0 popover=true popoverAnimateThumbnail=true videoFoam=true\" style=\"display: inline-block; height: 100%; position: relative; width: 100%;\">\u00a0<\/span><\/div>\n<\/div>\n<p>[\/vc_column_text][\/vc_column][\/vc_row][vc_row gap=&#8221;0&#8243; css=&#8221;.vc_custom_1531843586639{padding-top: 96px !important;}&#8221;][vc_column animation_delay=&#8221;0&#8243; offset=&#8221;vc_col-lg-6 vc_col-md-8 vc_col-xs-12&#8243;][et_animated_title type=&#8221;h3&#8243; font_size=&#8221;48&#8243; mobile_font_size=&#8221;32px&#8221; line_height=&#8221;56&#8243; animation_type=&#8221;words-direct&#8221; start_delay=&#8221;100&#8243;]Nuestra gama de productos de gesti\u00f3n de ra\u00edces[\/et_animated_title][vc_empty_space][\/vc_column][vc_column animation_delay=&#8221;0&#8243; width=&#8221;1\/2&#8243; offset=&#8221;vc_hidden-lg vc_hidden-md vc_hidden-sm vc_hidden-xs&#8221;][\/vc_column][\/vc_row][vc_row equal_height=&#8221;yes&#8221;][vc_column width=&#8221;1\/2&#8243;][vc_separator el_width=&#8221;90&#8243;][vc_single_image image=&#8221;79327&#8243; img_size=&#8221;medium&#8221; alignment=&#8221;center&#8221; onclick=&#8221;custom_link&#8221; link=&#8221;https:\/\/greenblue.com\/es\/products\/reroot-2000\/&#8221;][vc_custom_heading text=&#8221;Barrera Lisa ReRoot 2000&#8243; font_container=&#8221;tag:h4|text_align:left|color:%23077d32|line_height:32px&#8221; use_theme_fonts=&#8221;yes&#8221; link=&#8221;url:https%3A%2F%2Fgreenblue.com%2Fes%2Fproducts%2Freroot-2000%2F|&#8221;][vc_column_text]ReRoot 2000 es una barrera lisa de alta resistencia dise\u00f1ada para la protecci\u00f3n y separaci\u00f3n de zonas verdes y su infraestructura adyacente, ya sean servicios, \u00e1reas pavimentadas, edificaciones, etc. Su flexibilidad y resistencia hacen de este producto una soluci\u00f3n vers\u00e1til con una instalaci\u00f3n r\u00e1pida y un transporte a obra eficiente.<\/p>\n<ul>\n<li>Disponible en espesores de 1 y 2 mm y anchos est\u00e1ndar de 600, 1000, 1500 y 2000mm. Otros anchos bajo pedido.<\/li>\n<li>Suministro en rollos de 100 ml.<\/li>\n<li>Fabricada en PEAD reciclado, resistente a punzonamiento, biodegradaci\u00f3n y fotodegradaci\u00f3n.<\/li>\n<li>Para solapes de la barrera, solicita la cinta adhesiva ReRoot.<\/li>\n<\/ul>\n<p>[\/vc_column_text][et_button button_text=&#8221;SOLICITA TU PRESUPUESTO&#8221; button_link=&#8221;https:\/\/greenblue.com\/es\/contactanos\/&#8221; button_color=&#8221;#ffffff&#8221; button_back_color=&#8221;#ff893a&#8221; button_color_hover=&#8221;#ffffff&#8221; button_back_color_hover=&#8221;#000000&#8243;][et_button button_text=&#8221;EXPLORA EN LA WEB&#8221; button_link=&#8221;https:\/\/greenblue.com\/es\/producto\/reroot-2000\/&#8221; button_color=&#8221;#ffffff&#8221; button_back_color=&#8221;#077d32&#8243; button_color_hover=&#8221;#ffffff&#8221; button_back_color_hover=&#8221;#000000&#8243;][vc_separator el_width=&#8221;90&#8243;][\/vc_column][vc_column width=&#8221;1\/2&#8243;][vc_separator el_width=&#8221;90&#8243;][vc_single_image image=&#8221;34307&#8243; img_size=&#8221;medium&#8221; alignment=&#8221;center&#8221; onclick=&#8221;custom_link&#8221; link=&#8221;https:\/\/greenblue.com\/es\/producto\/reroot\/&#8221;][vc_custom_heading text=&#8221;Barrera Acostillada ReRoot&#8221; font_container=&#8221;tag:h4|text_align:left|color:%23077d32|line_height:32px&#8221; use_theme_fonts=&#8221;yes&#8221; link=&#8221;url:https%3A%2F%2Fgreenblue.com%2Fes%2Fproducto%2Freroot%2F|||&#8221;][vc_column_text]ReRoot es una barrera con costillas, dise\u00f1ados para dirigir las ra\u00edces hacia cotas m\u00e1s profundas y permitir un correcto crecimiento futuro. De muy f\u00e1cil instalaci\u00f3n y manejo, ReRoot ayuda a prevenir problemas como levantamientos de pavimento o espiralizaci\u00f3n de ra\u00edces.<\/p>\n<ul>\n<li>Disponible en anchos de 300, 600 and 1000mm.<\/li>\n<li>Suministro en rollos de 30ml.<\/li>\n<li>Fabricada en HDPE reciclado, resistente a punzonamiento, biodegradaci\u00f3n y fotodegradaci\u00f3n.<\/li>\n<li>Para solape de la barrera, solicita la cinta adhesiva ReRoot.<\/li>\n<\/ul>\n<p>[\/vc_column_text][et_button button_text=&#8221;SOLICITA TU PRESUPUESTO&#8221; button_link=&#8221;https:\/\/greenblue.com\/es\/contactanos\/&#8221; button_color=&#8221;#ffffff&#8221; button_back_color=&#8221;#ff893a&#8221; button_color_hover=&#8221;#ffffff&#8221; button_back_color_hover=&#8221;#000000&#8243;][et_button button_text=&#8221;EXPLORA EN LA WEB&#8221; button_link=&#8221;https:\/\/greenblue.com\/es\/producto\/reroot\/&#8221; button_color=&#8221;#ffffff&#8221; button_back_color=&#8221;#077d32&#8243; button_color_hover=&#8221;#ffffff&#8221; button_back_color_hover=&#8221;#000000&#8243;][vc_separator el_width=&#8221;90&#8243;][\/vc_column][\/vc_row][vc_row equal_height=&#8221;yes&#8221;][vc_column width=&#8221;1\/2&#8243;][vc_single_image image=&#8221;33684&#8243; img_size=&#8221;medium&#8221; alignment=&#8221;center&#8221; onclick=&#8221;custom_link&#8221; link=&#8221;https:\/\/greenblue.com\/es\/producto\/rootdirector\/&#8221;][vc_custom_heading text=&#8221;RootDirector&#8221; font_container=&#8221;tag:h4|text_align:left|color:%23077d32|line_height:32px&#8221; use_theme_fonts=&#8221;yes&#8221; link=&#8221;url:https%3A%2F%2Fgreenblue.com%2Fes%2Fproducto%2Frootdirector%2F|||&#8221;][vc_column_text]Dise\u00f1ado para la protecci\u00f3n de pavimentos y zonas duras, las costillas de RootDirector previenen la espiralizaci\u00f3n y gu\u00edan las ra\u00edces hacia abajo, evitando el da\u00f1o provocado por el crecimiento radicular.<\/p>\n<ul>\n<li>Fabricaci\u00f3n premoldeada y modular<\/li>\n<li>Costillas integradas para evitar la espiralizaci\u00f3n<\/li>\n<li>La gama RS es compatible con las celdas RootSpace<\/li>\n<li>Apilable para un transporte eficiente<\/li>\n<\/ul>\n<p>[\/vc_column_text][et_button button_text=&#8221;FICHA T\u00c9CNICA&#8221; button_link=&#8221;https:\/\/greenblue.com\/datasheets\/rootdirector\/&#8221; button_color=&#8221;#ffffff&#8221; button_back_color=&#8221;#006699&#8243; button_color_hover=&#8221;#ffffff&#8221; button_back_color_hover=&#8221;#000000&#8243;][et_button button_text=&#8221;SOLICITA TU PRESUPUESTO&#8221; button_link=&#8221;https:\/\/greenblue.com\/es\/contactanos\/&#8221; button_color=&#8221;#ffffff&#8221; button_back_color=&#8221;#ff893a&#8221; button_color_hover=&#8221;#ffffff&#8221; button_back_color_hover=&#8221;#000000&#8243;][et_button button_text=&#8221;EXPLORA EN LA WEB&#8221; button_link=&#8221;https:\/\/greenblue.com\/es\/producto\/rootdirector\/&#8221; button_color=&#8221;#ffffff&#8221; button_back_color=&#8221;#077d32&#8243; button_color_hover=&#8221;#ffffff&#8221; button_back_color_hover=&#8221;#000000&#8243;][vc_separator el_width=&#8221;90&#8243;][\/vc_column][vc_column width=&#8221;1\/2&#8243;][vc_single_image image=&#8221;33681&#8243; img_size=&#8221;medium&#8221; alignment=&#8221;center&#8221; onclick=&#8221;custom_link&#8221; link=&#8221;https:\/\/greenblue.com\/es\/products\/rootform\/&#8221;][vc_custom_heading text=&#8221;RootForm&#8221; font_container=&#8221;tag:h4|text_align:left|color:%23077d32|line_height:32px&#8221; use_theme_fonts=&#8221;yes&#8221; link=&#8221;url:https%3A%2F%2Fgreenblue.com%2Fes%2Fproducts%2Frootform%2F|&#8221;][vc_column_text]RootForm de GreenBlue Urban est\u00e1 dise\u00f1ado para ser rellenado con hormig\u00f3n y formar un marco de alta resistencia alrededor del \u00e1rbol.<\/p>\n<ul>\n<li>Construcci\u00f3n modular para cualquier tama\u00f1o<\/li>\n<li>Fabricada en HDPE reciclado, resistente a punzonamiento, biodegradaci\u00f3n y fotodegradaci\u00f3n<\/li>\n<li>Profundidad est\u00e1ndar de 400mm<\/li>\n<li>Disponible para incluir refuerzo de acero si se requiere<\/li>\n<\/ul>\n<p>[\/vc_column_text][et_button button_text=&#8221;FICHA T\u00c9CNICA&#8221; button_link=&#8221;https:\/\/greenblue.com\/datasheets\/rootform\/&#8221; button_color=&#8221;#ffffff&#8221; button_back_color=&#8221;#006699&#8243; button_color_hover=&#8221;#ffffff&#8221; button_back_color_hover=&#8221;#000000&#8243;][et_button button_text=&#8221;SOLICITA TU PRESUPUESTO&#8221; button_link=&#8221;https:\/\/greenblue.com\/es\/contactanos\/&#8221; button_color=&#8221;#ffffff&#8221; button_back_color=&#8221;#ff893a&#8221; button_color_hover=&#8221;#ffffff&#8221; button_back_color_hover=&#8221;#000000&#8243;][et_button button_text=&#8221;EXPLORA EN LA WEB&#8221; button_link=&#8221;https:\/\/greenblue.com\/products\/rootform\/&#8221; button_color=&#8221;#ffffff&#8221; button_back_color=&#8221;#077d32&#8243; button_color_hover=&#8221;#ffffff&#8221; button_back_color_hover=&#8221;#000000&#8243;][vc_separator el_width=&#8221;90&#8243;][\/vc_column][\/vc_row][vc_row][vc_column][et_gap][\/vc_column][\/vc_row][vc_row full_width=&#8221;stretch_row_content&#8221; gap=&#8221;0&#8243; css=&#8221;.vc_custom_1530608429182{background: #f5f5f5 url(https:\/\/enovathemes.com\/globax\/wp-content\/uploads\/globus_image_extra_smal.jpg?id=11490) !important;background-position: center !important;background-repeat: no-repeat !important;background-size: cover !important;}&#8221;][vc_column animation_delay=&#8221;0&#8243; css=&#8221;.vc_custom_1530608688047{padding-top: 0px !important;}&#8221;][et_tagline title=&#8221;\u00bfNo encuentras lo que estabas buscando? Ponte en contacto!&#8221; title_color=&#8221;#000000&#8243; back_color=&#8221;rgba(255,255,255,0.01)&#8221; button_text=&#8221;Cont\u00e1ctanos&#8221; button_link=&#8221;https:\/\/greenblue.com\/contact&#8221; button_color=&#8221;#ffffff&#8221; button_back_color=&#8221;#077d32&#8243; button_color_hover=&#8221;#ffffff&#8221; button_back_color_hover=&#8221;#212121&#8243; icon_color=&#8221;rgba(170,170,170,0.52)&#8221; icon_size=&#8221;large&#8221;][\/vc_column][\/vc_row]<\/p>\n","protected":false},"excerpt":{"rendered":"<p>[vc_row][vc_column][\/vc_column][\/vc_row][vc_row][vc_column width=&#8221;1\/2&#8243;][et_highlight_title type=&#8221;h5&#8243; title=&#8221;GreenBlue Urban&#8221; line_color=&#8221;#077d32&#8243;][vc_column_text] Soluciones para la Gesti\u00f3n de Ra\u00edces [\/vc_column_text][\/vc_column][vc_column width=&#8221;1\/2&#8243;][\/vc_column][\/vc_row][vc_row][vc_column width=&#8221;1\/2&#8243;][vc_single_image image=&#8221;52150&#8243; img_size=&#8221;full&#8221; add_caption=&#8221;yes&#8221;][\/vc_column][vc_column width=&#8221;1\/2&#8243;][vc_column_text]La incorporaci\u00f3n de barreras antirra\u00edces resulta un aspecto fundamental en las mejores pr\u00e1cticas de plantaci\u00f3n de arbolado urbano. Ya no es suficiente con plantar un \u00e1rbol en un \u00e1rea urbana y esperar que las ra\u00edces no generar\u00e1n [&hellip;]<\/p>\n","protected":false},"author":3409,"featured_media":0,"parent":0,"menu_order":0,"comment_status":"closed","ping_status":"closed","template":"","meta":{"content-type":"","footnotes":""},"class_list":["post-52262","page","type-page","status-publish","hentry"],"acf":[],"yoast_head":"<!-- This site is optimized with the Yoast SEO plugin v27.5 - https:\/\/yoast.com\/product\/yoast-seo-wordpress\/ -->\n<title>Gesti\u00f3n de ra\u00edces - GreenBlue Urban<\/title>\n<meta name=\"description\" content=\"Protege servicios urbanos bajo tierra, y evita el levantamiento del pavimento causado por las ra\u00edces con nuestras barreras y directores.\" \/>\n<meta name=\"robots\" content=\"index, follow, max-snippet:-1, max-image-preview:large, max-video-preview:-1\" \/>\n<link rel=\"canonical\" href=\"https:\/\/greenblue.com\/es\/gestion-de-raices\/\" \/>\n<meta property=\"og:locale\" content=\"es_ES\" \/>\n<meta property=\"og:type\" content=\"article\" \/>\n<meta property=\"og:title\" content=\"Gesti\u00f3n de ra\u00edces - GreenBlue Urban\" \/>\n<meta property=\"og:description\" content=\"Protege servicios urbanos bajo tierra, y evita el levantamiento del pavimento causado por las ra\u00edces con nuestras barreras y directores.\" \/>\n<meta property=\"og:url\" content=\"https:\/\/greenblue.com\/es\/gestion-de-raices\/\" \/>\n<meta property=\"og:site_name\" content=\"GreenBlue Urban\" \/>\n<meta property=\"article:modified_time\" content=\"2023-06-13T15:51:45+00:00\" \/>\n<meta name=\"twitter:card\" content=\"summary_large_image\" \/>\n<meta name=\"twitter:label1\" content=\"Est. reading time\" \/>\n\t<meta name=\"twitter:data1\" content=\"5 minutes\" \/>\n<script type=\"application\/ld+json\" class=\"yoast-schema-graph\">{\"@context\":\"https:\\\/\\\/schema.org\",\"@graph\":[{\"@type\":\"WebPage\",\"@id\":\"https:\\\/\\\/greenblue.com\\\/es\\\/gestion-de-raices\\\/\",\"url\":\"https:\\\/\\\/greenblue.com\\\/es\\\/gestion-de-raices\\\/\",\"name\":\"Gesti\u00f3n de ra\u00edces - GreenBlue Urban\",\"isPartOf\":{\"@id\":\"https:\\\/\\\/greenblue.com\\\/gb\\\/#website\"},\"datePublished\":\"2021-01-17T15:09:46+00:00\",\"dateModified\":\"2023-06-13T15:51:45+00:00\",\"description\":\"Protege servicios urbanos bajo tierra, y evita el levantamiento del pavimento causado por las ra\u00edces con nuestras barreras y directores.\",\"breadcrumb\":{\"@id\":\"https:\\\/\\\/greenblue.com\\\/es\\\/gestion-de-raices\\\/#breadcrumb\"},\"inLanguage\":\"es-ES\",\"potentialAction\":[{\"@type\":\"ReadAction\",\"target\":[\"https:\\\/\\\/greenblue.com\\\/es\\\/gestion-de-raices\\\/\"]}]},{\"@type\":\"BreadcrumbList\",\"@id\":\"https:\\\/\\\/greenblue.com\\\/es\\\/gestion-de-raices\\\/#breadcrumb\",\"itemListElement\":[{\"@type\":\"ListItem\",\"position\":1,\"name\":\"Home\",\"item\":\"https:\\\/\\\/greenblue.com\\\/es\\\/\"},{\"@type\":\"ListItem\",\"position\":2,\"name\":\"Gesti\u00f3n de ra\u00edces\"}]},{\"@type\":\"WebSite\",\"@id\":\"https:\\\/\\\/greenblue.com\\\/gb\\\/#website\",\"url\":\"https:\\\/\\\/greenblue.com\\\/gb\\\/\",\"name\":\"GreenBlue Urban\",\"description\":\"Creating Healthier Urban Spaces In Harmony With Nature\",\"publisher\":{\"@id\":\"https:\\\/\\\/greenblue.com\\\/gb\\\/#organization\"},\"potentialAction\":[{\"@type\":\"SearchAction\",\"target\":{\"@type\":\"EntryPoint\",\"urlTemplate\":\"https:\\\/\\\/greenblue.com\\\/gb\\\/?s={search_term_string}\"},\"query-input\":{\"@type\":\"PropertyValueSpecification\",\"valueRequired\":true,\"valueName\":\"search_term_string\"}}],\"inLanguage\":\"es-ES\"},{\"@type\":\"Organization\",\"@id\":\"https:\\\/\\\/greenblue.com\\\/gb\\\/#organization\",\"name\":\"GreenBlue Urban\",\"url\":\"https:\\\/\\\/greenblue.com\\\/gb\\\/\",\"logo\":{\"@type\":\"ImageObject\",\"inLanguage\":\"es-ES\",\"@id\":\"https:\\\/\\\/greenblue.com\\\/gb\\\/#\\\/schema\\\/logo\\\/image\\\/\",\"url\":\"https:\\\/\\\/greenblue.com\\\/wp-content\\\/uploads\\\/2019\\\/10\\\/logo-dark-gb.png\",\"contentUrl\":\"https:\\\/\\\/greenblue.com\\\/wp-content\\\/uploads\\\/2019\\\/10\\\/logo-dark-gb.png\",\"width\":120,\"height\":35,\"caption\":\"GreenBlue Urban\"},\"image\":{\"@id\":\"https:\\\/\\\/greenblue.com\\\/gb\\\/#\\\/schema\\\/logo\\\/image\\\/\"}}]}<\/script>\n<!-- \/ Yoast SEO plugin. -->","yoast_head_json":{"title":"Gesti\u00f3n de ra\u00edces - GreenBlue Urban","description":"Protege servicios urbanos bajo tierra, y evita el levantamiento del pavimento causado por las ra\u00edces con nuestras barreras y directores.","robots":{"index":"index","follow":"follow","max-snippet":"max-snippet:-1","max-image-preview":"max-image-preview:large","max-video-preview":"max-video-preview:-1"},"canonical":"https:\/\/greenblue.com\/es\/gestion-de-raices\/","og_locale":"es_ES","og_type":"article","og_title":"Gesti\u00f3n de ra\u00edces - GreenBlue Urban","og_description":"Protege servicios urbanos bajo tierra, y evita el levantamiento del pavimento causado por las ra\u00edces con nuestras barreras y directores.","og_url":"https:\/\/greenblue.com\/es\/gestion-de-raices\/","og_site_name":"GreenBlue Urban","article_modified_time":"2023-06-13T15:51:45+00:00","twitter_card":"summary_large_image","twitter_misc":{"Est. reading time":"5 minutes"},"schema":{"@context":"https:\/\/schema.org","@graph":[{"@type":"WebPage","@id":"https:\/\/greenblue.com\/es\/gestion-de-raices\/","url":"https:\/\/greenblue.com\/es\/gestion-de-raices\/","name":"Gesti\u00f3n de ra\u00edces - GreenBlue Urban","isPartOf":{"@id":"https:\/\/greenblue.com\/gb\/#website"},"datePublished":"2021-01-17T15:09:46+00:00","dateModified":"2023-06-13T15:51:45+00:00","description":"Protege servicios urbanos bajo tierra, y evita el levantamiento del pavimento causado por las ra\u00edces con nuestras barreras y directores.","breadcrumb":{"@id":"https:\/\/greenblue.com\/es\/gestion-de-raices\/#breadcrumb"},"inLanguage":"es-ES","potentialAction":[{"@type":"ReadAction","target":["https:\/\/greenblue.com\/es\/gestion-de-raices\/"]}]},{"@type":"BreadcrumbList","@id":"https:\/\/greenblue.com\/es\/gestion-de-raices\/#breadcrumb","itemListElement":[{"@type":"ListItem","position":1,"name":"Home","item":"https:\/\/greenblue.com\/es\/"},{"@type":"ListItem","position":2,"name":"Gesti\u00f3n de ra\u00edces"}]},{"@type":"WebSite","@id":"https:\/\/greenblue.com\/gb\/#website","url":"https:\/\/greenblue.com\/gb\/","name":"GreenBlue Urban","description":"Creating Healthier Urban Spaces In Harmony With Nature","publisher":{"@id":"https:\/\/greenblue.com\/gb\/#organization"},"potentialAction":[{"@type":"SearchAction","target":{"@type":"EntryPoint","urlTemplate":"https:\/\/greenblue.com\/gb\/?s={search_term_string}"},"query-input":{"@type":"PropertyValueSpecification","valueRequired":true,"valueName":"search_term_string"}}],"inLanguage":"es-ES"},{"@type":"Organization","@id":"https:\/\/greenblue.com\/gb\/#organization","name":"GreenBlue Urban","url":"https:\/\/greenblue.com\/gb\/","logo":{"@type":"ImageObject","inLanguage":"es-ES","@id":"https:\/\/greenblue.com\/gb\/#\/schema\/logo\/image\/","url":"https:\/\/greenblue.com\/wp-content\/uploads\/2019\/10\/logo-dark-gb.png","contentUrl":"https:\/\/greenblue.com\/wp-content\/uploads\/2019\/10\/logo-dark-gb.png","width":120,"height":35,"caption":"GreenBlue Urban"},"image":{"@id":"https:\/\/greenblue.com\/gb\/#\/schema\/logo\/image\/"}}]}},"_links":{"self":[{"href":"https:\/\/greenblue.com\/es\/wp-json\/wp\/v2\/pages\/52262","targetHints":{"allow":["GET"]}}],"collection":[{"href":"https:\/\/greenblue.com\/es\/wp-json\/wp\/v2\/pages"}],"about":[{"href":"https:\/\/greenblue.com\/es\/wp-json\/wp\/v2\/types\/page"}],"author":[{"embeddable":true,"href":"https:\/\/greenblue.com\/es\/wp-json\/wp\/v2\/users\/3409"}],"replies":[{"embeddable":true,"href":"https:\/\/greenblue.com\/es\/wp-json\/wp\/v2\/comments?post=52262"}],"version-history":[{"count":0,"href":"https:\/\/greenblue.com\/es\/wp-json\/wp\/v2\/pages\/52262\/revisions"}],"wp:attachment":[{"href":"https:\/\/greenblue.com\/es\/wp-json\/wp\/v2\/media?parent=52262"}],"curies":[{"name":"wp","href":"https:\/\/api.w.org\/{rel}","templated":true}]}}