{"id":52294,"date":"2021-01-18T20:28:19","date_gmt":"2021-01-18T20:28:19","guid":{"rendered":"https:\/\/greenblue.com\/soluciones\/alrededores-del-arbol\/"},"modified":"2023-06-13T16:43:11","modified_gmt":"2023-06-13T15:43:11","slug":"alrededores-del-arbol","status":"publish","type":"page","link":"https:\/\/greenblue.com\/es\/alrededores-del-arbol\/","title":{"rendered":"Alrededores del \u00e1rbol"},"content":{"rendered":"<p>[vc_row][vc_column][\/vc_column][\/vc_row][vc_row][vc_column width=&#8221;1\/2&#8243;][et_highlight_title type=&#8221;h5&#8243; title=&#8221;GreenBlue Urban&#8221; line_color=&#8221;#077d32&#8243;][vc_column_text]<\/p>\n<h1 class=\"h-landmark\">Protecci\u00f3n &amp; Alrededores<\/h1>\n<p>[\/vc_column_text][\/vc_column][vc_column width=&#8221;1\/2&#8243;][\/vc_column][\/vc_row][vc_row][vc_column width=&#8221;1\/2&#8243;][vc_single_image image=&#8221;52176&#8243; img_size=&#8221;large&#8221; add_caption=&#8221;yes&#8221;][\/vc_column][vc_column width=&#8221;1\/2&#8243;][vc_column_text]Durante las dos \u00faltimas d\u00e9cadas, GreenBlue Urban ha desarrollado productos innovadores para ayudar a los \u00e1rboles en su batalla para establecerse y crecer en entornos urbanos. Ahora con la gama de rejillas cubre alcorque ArborSystem, la misma atenci\u00f3n por el detalle ha sido enfocado hacia los alrededores del \u00e1rbol.<\/p>\n<p>Estos complementos han sido dise\u00f1ados con alt\u00edsimos niveles de calidad bajo rigurosos controles de calidad. GreenBlue Urban cuenta con certificados ISO 9001 y 14001, tom\u00e1ndose muy en serio la calidad y el desarrollo de sus productos.<\/p>\n<p>As\u00ed, la gama de soluciones para alrededores del \u00e1rbol de GreenBlue Urban cuenta con la mejor tecnolog\u00eda.[\/vc_column_text][\/vc_column][\/vc_row][vc_section][vc_row gap=&#8221;0&#8243; css=&#8221;.vc_custom_1531843586639{padding-top: 96px !important;}&#8221;][vc_column animation_delay=&#8221;0&#8243; offset=&#8221;vc_col-lg-6 vc_col-md-8 vc_col-xs-12&#8243;][et_highlight_title type=&#8221;h6&#8243; font_size=&#8221;12&#8243; line_height=&#8221;24&#8243; letter_spacing=&#8221;0.5&#8243; title=&#8221;GreenBlue Urban&#8221; line_color=&#8221;#007d32&#8243;][et_animated_title type=&#8221;h3&#8243; font_size=&#8221;48&#8243; mobile_font_size=&#8221;32px&#8221; line_height=&#8221;56&#8243; animation_type=&#8221;words-direct&#8221; start_delay=&#8221;100&#8243;]\u00bfPor qu\u00e9 aplicar las rejillas de GreenBlue Urban?[\/et_animated_title][\/vc_column][vc_column animation_delay=&#8221;0&#8243; width=&#8221;1\/2&#8243; offset=&#8221;vc_hidden-lg vc_hidden-md vc_hidden-sm vc_hidden-xs&#8221;][\/vc_column][\/vc_row][vc_row gap=&#8221;0&#8243; css=&#8221;.vc_custom_1531831408148{padding-bottom: 64px !important;}&#8221;][vc_column animation_delay=&#8221;0&#8243; css=&#8221;.vc_custom_1530713434392{background-image: url(https:\/\/enovathemes.com\/globax\/wp-content\/uploads\/world.jpg?id=11623) !important;background-position: center !important;background-repeat: no-repeat !important;background-size: contain !important;}&#8221;][et_content_box column=&#8221;3&#8243; gap=&#8221;80&#8243; animation_type=&#8221;random&#8221; animation_effect=&#8221;moveUp&#8221; icon_size=&#8221;large&#8221; animate_hover=&#8221;icon-move&#8221;][et_box_item icon_prefix=&#8221;fas&#8221; icon_name=&#8221;fa-pen-fancy&#8221; icon_color=&#8221;#007d32&#8243;][vc_custom_heading text=&#8221;Estilo Arquitect\u00f3nico&#8221; font_container=&#8221;tag:h5|font_size:18px|text_align:left|line_height:32px&#8221; use_theme_fonts=&#8221;yes&#8221; el_class=&#8221;letter-spacing-50&#8243; css=&#8221;.vc_custom_1610002478090{margin-bottom: 16px !important;}&#8221;][vc_column_text css=&#8221;.vc_custom_1610709709358{margin-bottom: 16px !important;}&#8221;]A\u00f1ade un toque est\u00e9tico a tus proyectos con nuestra variedad de rejillas, protectores verticales y complementos a medida de alta calidad.[\/vc_column_text][\/et_box_item][et_box_item icon_prefix=&#8221;fas&#8221; icon_name=&#8221;fa-shield-alt&#8221; icon_color=&#8221;#007d32&#8243;][vc_custom_heading text=&#8221;Protecci\u00f3n &#8221; font_container=&#8221;tag:h5|font_size:18px|text_align:left|line_height:32px&#8221; use_theme_fonts=&#8221;yes&#8221; el_class=&#8221;letter-spacing-50&#8243; css=&#8221;.vc_custom_1610002592259{margin-bottom: 16px !important;}&#8221;][vc_column_text css=&#8221;.vc_custom_1610697506545{margin-bottom: 16px !important;}&#8221;]Protege tu \u00e1rbol de nueva plantaci\u00f3n contra impactos de veh\u00edculos, vandalismo u otros da\u00f1os.[\/vc_column_text][\/et_box_item][et_box_item icon_prefix=&#8221;fas&#8221; icon_name=&#8221;fa-truck-pickup&#8221; icon_color=&#8221;#007d32&#8243;][vc_custom_heading text=&#8221;Previene la Compactaci\u00f3n &#8221; font_container=&#8221;tag:h5|font_size:18px|text_align:left|line_height:32px&#8221; use_theme_fonts=&#8221;yes&#8221; el_class=&#8221;letter-spacing-50&#8243; css=&#8221;.vc_custom_1610002617899{margin-bottom: 16px !important;}&#8221;][vc_column_text css=&#8221;.vc_custom_1610697550796{margin-bottom: 16px !important;}&#8221;]Nuestros protectores permiten el establecimiento sano de las ra\u00edces mediante la protecci\u00f3n de la zona radicular.[\/vc_column_text][\/et_box_item][\/et_content_box][\/vc_column][\/vc_row][\/vc_section][vc_row gap=&#8221;0&#8243; css=&#8221;.vc_custom_1531843586639{padding-top: 96px !important;}&#8221;][vc_column animation_delay=&#8221;0&#8243; offset=&#8221;vc_col-lg-6 vc_col-md-8 vc_col-xs-12&#8243;][et_animated_title type=&#8221;h3&#8243; font_size=&#8221;48&#8243; mobile_font_size=&#8221;32px&#8221; line_height=&#8221;56&#8243; animation_type=&#8221;words-direct&#8221; start_delay=&#8221;100&#8243;]Nuestra gama de rejillas cubre alcorque[\/et_animated_title][vc_empty_space][\/vc_column][vc_column animation_delay=&#8221;0&#8243; width=&#8221;1\/2&#8243; offset=&#8221;vc_hidden-lg vc_hidden-md vc_hidden-sm vc_hidden-xs&#8221;][\/vc_column][\/vc_row][vc_row equal_height=&#8221;yes&#8221;][vc_column width=&#8221;1\/2&#8243;][vc_separator el_width=&#8221;90&#8243;][vc_single_image image=&#8221;33720&#8243; img_size=&#8221;medium&#8221; alignment=&#8221;center&#8221; onclick=&#8221;custom_link&#8221; link=&#8221;https:\/\/greenblue.com\/product-category\/tree-surrounds\/tree-grilles\/dts-tree-grilles\/&#8221;][vc_custom_heading text=&#8221;Rejillas de Hierro D\u00factil&#8221; font_container=&#8221;tag:h4|text_align:left|color:%23077d32|line_height:32px&#8221; use_theme_fonts=&#8221;yes&#8221; link=&#8221;url:https%3A%2F%2Fgreenblue.com%2Fproduct-category%2Ftree-surrounds%2Ftree-grilles%2Fdts-tree-grilles%2F|&#8221;][vc_column_text]La gama de rejillas est\u00e1ndar ArborSystem que se muestran est\u00e1n dise\u00f1adas para ser integradas en una gran variedad de escenarios. Perfectamente compatibles con la gesti\u00f3n de ra\u00edces bajo tierra.[\/vc_column_text][vc_column_text]<strong>Caracter\u00edsticas<\/strong><\/p>\n<ul>\n<li>Dise\u00f1o del anillo interior para una apertura profesional<\/li>\n<li>Rejilla de riego HydroGrille incluida como est\u00e1ndar<\/li>\n<li>Dise\u00f1ado con alta resistencia a impactos de veh\u00edculos<\/li>\n<li>Dise\u00f1ado para un acceso f\u00e1cil y resistente al vandalismo<\/li>\n<\/ul>\n<p>[\/vc_column_text][et_button button_text=&#8221;SOLICITA TU PRESUPUESTO&#8221; button_link=&#8221;https:\/\/greenblue.com\/contact\/&#8221; button_color=&#8221;#ffffff&#8221; button_back_color=&#8221;#ff893a&#8221; button_color_hover=&#8221;#ffffff&#8221; button_back_color_hover=&#8221;#000000&#8243;][et_button button_text=&#8221;EXPLORA EN LA WEB&#8221; button_link=&#8221;https:\/\/greenblue.com\/product-category\/tree-surrounds\/tree-grilles\/dts-tree-grilles\/&#8221; button_color=&#8221;#ffffff&#8221; button_back_color=&#8221;#077d32&#8243; button_color_hover=&#8221;#ffffff&#8221; button_back_color_hover=&#8221;#000000&#8243;][vc_separator el_width=&#8221;90&#8243;][\/vc_column][vc_column width=&#8221;1\/2&#8243;][vc_separator el_width=&#8221;90&#8243;][vc_single_image image=&#8221;33723&#8243; img_size=&#8221;medium&#8221; alignment=&#8221;center&#8221; onclick=&#8221;custom_link&#8221; link=&#8221;https:\/\/greenblue.com\/product-category\/tree-surrounds\/tree-grilles\/precast-tree-grilles\/&#8221;][vc_custom_heading text=&#8221;Rejillas Prefabricadas&#8221; font_container=&#8221;tag:h4|text_align:left|color:%23077d32|line_height:32px&#8221; use_theme_fonts=&#8221;yes&#8221; link=&#8221;url:https%3A%2F%2Fgreenblue.com%2Fproduct-category%2Ftree-surrounds%2Ftree-grilles%2Fprecast-tree-grilles%2F|&#8221;][vc_column_text]Las rejillas ArboResin consisten en segmentos prefabricados pensados para alcorques SuDS. Su manufacturaci\u00f3n se realiza previamente para cumplir con los mejores est\u00e1ndares de calidad y seguridad.[\/vc_column_text][vc_column_text]<strong>Caracter\u00edsticas<\/strong><\/p>\n<ul>\n<li>Instalaci\u00f3n sencilla y limpia<\/li>\n<li>Instalaci\u00f3n adecuada incluso en entornos fr\u00edos y h\u00famedos<\/li>\n<li>Construcci\u00f3n resistente para soportar protecci\u00f3n vertical<\/li>\n<li>Resiste el paso de veh\u00edculos ligeros<\/li>\n<\/ul>\n<p>[\/vc_column_text][et_button button_text=&#8221;SOLICITA TU PRESUPUESTO&#8221; button_link=&#8221;https:\/\/greenblue.com\/contact\/&#8221; button_color=&#8221;#ffffff&#8221; button_back_color=&#8221;#ff893a&#8221; button_color_hover=&#8221;#ffffff&#8221; button_back_color_hover=&#8221;#000000&#8243;][et_button button_text=&#8221;EXPLORA EN LA WEB&#8221; button_link=&#8221;https:\/\/greenblue.com\/product-category\/tree-surrounds\/tree-grilles\/precast-tree-grilles\/&#8221; button_color=&#8221;#ffffff&#8221; button_back_color=&#8221;#077d32&#8243; button_color_hover=&#8221;#ffffff&#8221; button_back_color_hover=&#8221;#000000&#8243;][vc_separator el_width=&#8221;90&#8243;][\/vc_column][\/vc_row][vc_row equal_height=&#8221;yes&#8221;][vc_column width=&#8221;1\/2&#8243;][vc_single_image image=&#8221;33696&#8243; img_size=&#8221;medium&#8221; alignment=&#8221;center&#8221; onclick=&#8221;custom_link&#8221; link=&#8221;https:\/\/greenblue.com\/products\/zeta\/&#8221;][vc_custom_heading text=&#8221;Rejilla Zeta&#8221; font_container=&#8221;tag:h4|text_align:left|color:%23077d32|line_height:32px&#8221; use_theme_fonts=&#8221;yes&#8221; link=&#8221;url:https%3A%2F%2Fgreenblue.com%2Fproducts%2Fzeta%2F|&#8221;][vc_column_text]Zeta es una rejilla con un dise\u00f1o \u00fanico, con estructura completamente invisible que permite un acabado sin interrupciones en el pavimento hasta el \u00e1rbol.[\/vc_column_text][vc_column_text]<strong>Caracter\u00edsticas<\/strong><\/p>\n<ul>\n<li>Resistencia m\u00e1xima, dise\u00f1o discreto<\/li>\n<li>Anillo ajustable<\/li>\n<li>Sistema de riego\/aireaci\u00f3n integrado<\/li>\n<li>Adeacuado para cualquier tipo de pavimento<\/li>\n<\/ul>\n<p>[\/vc_column_text][et_button button_text=&#8221;FICHA T\u00c9CNICA&#8221; button_link=&#8221;https:\/\/greenblue.com\/datasheets\/zeta-tree-grille\/&#8221; button_color=&#8221;#ffffff&#8221; button_back_color=&#8221;#006699&#8243; button_color_hover=&#8221;#ffffff&#8221; button_back_color_hover=&#8221;#000000&#8243;][et_button button_text=&#8221;SOLICITA TU PRESUPUESTO&#8221; button_link=&#8221;https:\/\/greenblue.com\/contact\/&#8221; button_color=&#8221;#ffffff&#8221; button_back_color=&#8221;#ff893a&#8221; button_color_hover=&#8221;#ffffff&#8221; button_back_color_hover=&#8221;#000000&#8243;][et_button button_text=&#8221;EXPLORA EN LA WEB&#8221; button_link=&#8221;https:\/\/greenblue.com\/products\/zeta\/&#8221; button_color=&#8221;#ffffff&#8221; button_back_color=&#8221;#077d32&#8243; button_color_hover=&#8221;#ffffff&#8221; button_back_color_hover=&#8221;#000000&#8243;][vc_separator el_width=&#8221;90&#8243;][\/vc_column][vc_column width=&#8221;1\/2&#8243;][vc_single_image image=&#8221;33717&#8243; img_size=&#8221;medium&#8221; alignment=&#8221;center&#8221; onclick=&#8221;custom_link&#8221; link=&#8221;https:\/\/greenblue.com\/products\/castle\/&#8221;][vc_custom_heading text=&#8221;Rejilla Castle&#8221; font_container=&#8221;tag:h4|text_align:left|color:%23077d32|line_height:32px&#8221; use_theme_fonts=&#8221;yes&#8221; link=&#8221;url:https%3A%2F%2Fgreenblue.com%2Fproducts%2Fcastle%2F|&#8221;][vc_column_text]La rejilla Castle permite continuar con el pavimento elejido hasta la zona del alcorque.[\/vc_column_text][vc_column_text]<strong>Caracter\u00edsticas<\/strong><\/p>\n<ul>\n<li>Disponible en 7 tama\u00f1os diferentes<\/li>\n<li>Sistema de doble bandeja para la mayor\u00eda de los tama\u00f1os<\/li>\n<li>Opci\u00f3n de incorporar protector vertical<\/li>\n<li>Estructura de acero galvanizado de alta resistencia<\/li>\n<\/ul>\n<p>[\/vc_column_text][et_button button_text=&#8221;FICHA T\u00c9CNICA&#8221; button_link=&#8221;https:\/\/greenblue.com\/datasheets\/castle-recessed-tree-grille\/&#8221; button_color=&#8221;#ffffff&#8221; button_back_color=&#8221;#006699&#8243; button_color_hover=&#8221;#ffffff&#8221; button_back_color_hover=&#8221;#000000&#8243;][et_button button_text=&#8221;SOLICITA TU PRESUPUESTO&#8221; button_link=&#8221;https:\/\/greenblue.com\/contact\/&#8221; button_color=&#8221;#ffffff&#8221; button_back_color=&#8221;#ff893a&#8221; button_color_hover=&#8221;#ffffff&#8221; button_back_color_hover=&#8221;#000000&#8243;][et_button button_text=&#8221;EXPLORA EN LA WEB&#8221; button_link=&#8221;https:\/\/greenblue.com\/products\/castle\/&#8221; button_color=&#8221;#ffffff&#8221; button_back_color=&#8221;#077d32&#8243; button_color_hover=&#8221;#ffffff&#8221; button_back_color_hover=&#8221;#000000&#8243;][vc_separator el_width=&#8221;90&#8243;][\/vc_column][\/vc_row][vc_row gap=&#8221;0&#8243; css=&#8221;.vc_custom_1531843586639{padding-top: 96px !important;}&#8221;][vc_column animation_delay=&#8221;0&#8243; offset=&#8221;vc_col-lg-6 vc_col-md-8 vc_col-xs-12&#8243;][et_animated_title type=&#8221;h3&#8243; font_size=&#8221;48&#8243; mobile_font_size=&#8221;32px&#8221; line_height=&#8221;56&#8243; animation_type=&#8221;words-direct&#8221; start_delay=&#8221;100&#8243;]Nuestra gama de protectores[\/et_animated_title][vc_empty_space][\/vc_column][vc_column animation_delay=&#8221;0&#8243; width=&#8221;1\/2&#8243; offset=&#8221;vc_hidden-lg vc_hidden-md vc_hidden-sm vc_hidden-xs&#8221;][\/vc_column][\/vc_row][vc_row equal_height=&#8221;yes&#8221;][vc_column width=&#8221;1\/2&#8243;][vc_single_image image=&#8221;33771&#8243; img_size=&#8221;medium&#8221; alignment=&#8221;center&#8221; onclick=&#8221;custom_link&#8221; link=&#8221;https:\/\/greenblue.com\/product-category\/tree-surrounds\/tree-guards\/&#8221;][vc_custom_heading text=&#8221;Protectores de Acero&#8221; font_container=&#8221;tag:h4|text_align:left|color:%23077d32|line_height:32px&#8221; use_theme_fonts=&#8221;yes&#8221; link=&#8221;url:https%3A%2F%2Fgreenblue.com%2Fproduct-category%2Ftree-surrounds%2Ftree-guards%2F|&#8221;][vc_column_text]Nuestra gama de protectores de acero de alta calidad est\u00e1n dise\u00f1ados para aportar protecci\u00f3n a los exteriores del \u00e1rbol, mientras que a\u00f1ade un alto valor est\u00e9tico al entorno.[\/vc_column_text][vc_column_text]<strong>Caracter\u00edsticas<\/strong><\/p>\n<ul>\n<li>Fabricado en diferentes tama\u00f1os para adaptarse a las rejillas<\/li>\n<li>Anillos horizontales de gran resistencia<\/li>\n<li>Dise\u00f1o robusto<\/li>\n<\/ul>\n<p>[\/vc_column_text][et_button button_text=&#8221;SOLICITA TU PRESUPUESTO&#8221; button_link=&#8221;https:\/\/greenblue.com\/contact\/&#8221; button_color=&#8221;#ffffff&#8221; button_back_color=&#8221;#ff893a&#8221; button_color_hover=&#8221;#ffffff&#8221; button_back_color_hover=&#8221;#000000&#8243;][et_button button_text=&#8221;EXPLORA EN LA WEB&#8221; button_link=&#8221;https:\/\/greenblue.com\/product-category\/tree-surrounds\/tree-guards\/&#8221; button_color=&#8221;#ffffff&#8221; button_back_color=&#8221;#077d32&#8243; button_color_hover=&#8221;#ffffff&#8221; button_back_color_hover=&#8221;#000000&#8243;][vc_separator el_width=&#8221;90&#8243;][\/vc_column][vc_column width=&#8221;1\/2&#8243;][vc_single_image image=&#8221;33789&#8243; img_size=&#8221;medium&#8221; alignment=&#8221;center&#8221; onclick=&#8221;custom_link&#8221; link=&#8221;https:\/\/greenblue.com\/products\/arbortech-tree-shield\/&#8221;][vc_custom_heading text=&#8221;Arbortech Tree Shield&#8221; font_container=&#8221;tag:h4|text_align:left|color:%23077d32|line_height:32px&#8221; use_theme_fonts=&#8221;yes&#8221; link=&#8221;url:https%3A%2F%2Fgreenblue.com%2Fproducts%2Farbortech-tree-shield%2F|&#8221;][vc_column_text]Arbortech Tree Shield ha sido desarrollado para aportar robustez y al mismo tiempo atractivo a la protecci\u00f3n del \u00e1rbol, encontrando gran aceptaci\u00f3n entre equipos municipales y contratistas.[\/vc_column_text][vc_column_text]<strong>Caracter\u00edsticas<\/strong><\/p>\n<ul>\n<li>Construcci\u00f3n en acero de alta resistencia<\/li>\n<li>Acabado en polvo robusto<\/li>\n<li>Alto nivel de dise\u00f1o<\/li>\n<\/ul>\n<p>[\/vc_column_text][et_button button_text=&#8221;SOLICITA TU PRESUPUESTO&#8221; button_link=&#8221;https:\/\/greenblue.com\/contact\/&#8221; button_color=&#8221;#ffffff&#8221; button_back_color=&#8221;#ff893a&#8221; button_color_hover=&#8221;#ffffff&#8221; button_back_color_hover=&#8221;#000000&#8243;][et_button button_text=&#8221;EXPLORA EN LA WEB&#8221; button_link=&#8221;https:\/\/greenblue.com\/products\/arbortech-tree-shield\/&#8221; button_color=&#8221;#ffffff&#8221; button_back_color=&#8221;#077d32&#8243; button_color_hover=&#8221;#ffffff&#8221; button_back_color_hover=&#8221;#000000&#8243;][vc_separator el_width=&#8221;90&#8243;][\/vc_column][\/vc_row][vc_row full_width=&#8221;stretch_row_content&#8221; gap=&#8221;0&#8243; css=&#8221;.vc_custom_1530608429182{background: #f5f5f5 url(https:\/\/enovathemes.com\/globax\/wp-content\/uploads\/globus_image_extra_smal.jpg?id=11490) !important;background-position: center !important;background-repeat: no-repeat !important;background-size: cover !important;}&#8221;][vc_column animation_delay=&#8221;0&#8243; css=&#8221;.vc_custom_1530608688047{padding-top: 0px !important;}&#8221;][et_tagline title=&#8221;\u00bfNo encuentras lo que estabas buscando? Ponte en contacto!&#8221; title_color=&#8221;#000000&#8243; back_color=&#8221;rgba(255,255,255,0.01)&#8221; button_text=&#8221;Cont\u00e1ctanos&#8221; button_link=&#8221;https:\/\/greenblue.com\/contact\/&#8221; button_color=&#8221;#ffffff&#8221; button_back_color=&#8221;#077d32&#8243; button_color_hover=&#8221;#ffffff&#8221; button_back_color_hover=&#8221;#212121&#8243; icon_color=&#8221;rgba(170,170,170,0.52)&#8221; icon_size=&#8221;large&#8221;][\/vc_column][\/vc_row]<\/p>\n","protected":false},"excerpt":{"rendered":"<p>[vc_row][vc_column][\/vc_column][\/vc_row][vc_row][vc_column width=&#8221;1\/2&#8243;][et_highlight_title type=&#8221;h5&#8243; title=&#8221;GreenBlue Urban&#8221; line_color=&#8221;#077d32&#8243;][vc_column_text] Protecci\u00f3n &amp; Alrededores [\/vc_column_text][\/vc_column][vc_column width=&#8221;1\/2&#8243;][\/vc_column][\/vc_row][vc_row][vc_column width=&#8221;1\/2&#8243;][vc_single_image image=&#8221;52176&#8243; img_size=&#8221;large&#8221; add_caption=&#8221;yes&#8221;][\/vc_column][vc_column width=&#8221;1\/2&#8243;][vc_column_text]Durante las dos \u00faltimas d\u00e9cadas, GreenBlue Urban ha desarrollado productos innovadores para ayudar a los \u00e1rboles en su batalla para establecerse y crecer en entornos urbanos. Ahora con la gama de rejillas cubre alcorque ArborSystem, la misma atenci\u00f3n por el [&hellip;]<\/p>\n","protected":false},"author":3409,"featured_media":0,"parent":0,"menu_order":0,"comment_status":"closed","ping_status":"closed","template":"","meta":{"content-type":"","footnotes":""},"class_list":["post-52294","page","type-page","status-publish","hentry"],"acf":[],"yoast_head":"<!-- This site is optimized with the Yoast SEO plugin v27.3 - https:\/\/yoast.com\/product\/yoast-seo-wordpress\/ -->\n<title>Protectores Verticales y Rejillas Cubrealcorque - GreenBlue Urban<\/title>\n<meta name=\"description\" content=\"Protege tu nueva plantaci\u00f3n de \u00e1rboles urbanos con nuestras rejillas y protectores, aportando valor est\u00e9tico al entorno.\" \/>\n<meta name=\"robots\" content=\"index, follow, max-snippet:-1, max-image-preview:large, max-video-preview:-1\" \/>\n<link rel=\"canonical\" href=\"https:\/\/greenblue.com\/es\/alrededores-del-arbol\/\" \/>\n<meta property=\"og:locale\" content=\"es_ES\" \/>\n<meta property=\"og:type\" content=\"article\" \/>\n<meta property=\"og:title\" content=\"Protectores Verticales y Rejillas Cubrealcorque - GreenBlue Urban\" \/>\n<meta property=\"og:description\" content=\"Protege tu nueva plantaci\u00f3n de \u00e1rboles urbanos con nuestras rejillas y protectores, aportando valor est\u00e9tico al entorno.\" \/>\n<meta property=\"og:url\" content=\"https:\/\/greenblue.com\/es\/alrededores-del-arbol\/\" \/>\n<meta property=\"og:site_name\" content=\"GreenBlue Urban\" \/>\n<meta property=\"article:modified_time\" content=\"2023-06-13T15:43:11+00:00\" \/>\n<meta name=\"twitter:card\" content=\"summary_large_image\" \/>\n<meta name=\"twitter:label1\" content=\"Est. reading time\" \/>\n\t<meta name=\"twitter:data1\" content=\"5 minutes\" \/>\n<script type=\"application\/ld+json\" class=\"yoast-schema-graph\">{\"@context\":\"https:\\\/\\\/schema.org\",\"@graph\":[{\"@type\":\"WebPage\",\"@id\":\"https:\\\/\\\/greenblue.com\\\/es\\\/alrededores-del-arbol\\\/\",\"url\":\"https:\\\/\\\/greenblue.com\\\/es\\\/alrededores-del-arbol\\\/\",\"name\":\"Protectores Verticales y Rejillas Cubrealcorque - GreenBlue Urban\",\"isPartOf\":{\"@id\":\"https:\\\/\\\/greenblue.com\\\/gb\\\/#website\"},\"datePublished\":\"2021-01-18T20:28:19+00:00\",\"dateModified\":\"2023-06-13T15:43:11+00:00\",\"description\":\"Protege tu nueva plantaci\u00f3n de \u00e1rboles urbanos con nuestras rejillas y protectores, aportando valor est\u00e9tico al entorno.\",\"breadcrumb\":{\"@id\":\"https:\\\/\\\/greenblue.com\\\/es\\\/alrededores-del-arbol\\\/#breadcrumb\"},\"inLanguage\":\"es-ES\",\"potentialAction\":[{\"@type\":\"ReadAction\",\"target\":[\"https:\\\/\\\/greenblue.com\\\/es\\\/alrededores-del-arbol\\\/\"]}]},{\"@type\":\"BreadcrumbList\",\"@id\":\"https:\\\/\\\/greenblue.com\\\/es\\\/alrededores-del-arbol\\\/#breadcrumb\",\"itemListElement\":[{\"@type\":\"ListItem\",\"position\":1,\"name\":\"Home\",\"item\":\"https:\\\/\\\/greenblue.com\\\/es\\\/\"},{\"@type\":\"ListItem\",\"position\":2,\"name\":\"Alrededores del \u00e1rbol\"}]},{\"@type\":\"WebSite\",\"@id\":\"https:\\\/\\\/greenblue.com\\\/gb\\\/#website\",\"url\":\"https:\\\/\\\/greenblue.com\\\/gb\\\/\",\"name\":\"GreenBlue Urban\",\"description\":\"Creating Healthier Urban Spaces In Harmony With Nature\",\"publisher\":{\"@id\":\"https:\\\/\\\/greenblue.com\\\/gb\\\/#organization\"},\"potentialAction\":[{\"@type\":\"SearchAction\",\"target\":{\"@type\":\"EntryPoint\",\"urlTemplate\":\"https:\\\/\\\/greenblue.com\\\/gb\\\/?s={search_term_string}\"},\"query-input\":{\"@type\":\"PropertyValueSpecification\",\"valueRequired\":true,\"valueName\":\"search_term_string\"}}],\"inLanguage\":\"es-ES\"},{\"@type\":\"Organization\",\"@id\":\"https:\\\/\\\/greenblue.com\\\/gb\\\/#organization\",\"name\":\"GreenBlue Urban\",\"url\":\"https:\\\/\\\/greenblue.com\\\/gb\\\/\",\"logo\":{\"@type\":\"ImageObject\",\"inLanguage\":\"es-ES\",\"@id\":\"https:\\\/\\\/greenblue.com\\\/gb\\\/#\\\/schema\\\/logo\\\/image\\\/\",\"url\":\"https:\\\/\\\/greenblue.com\\\/wp-content\\\/uploads\\\/2019\\\/10\\\/logo-dark-gb.png\",\"contentUrl\":\"https:\\\/\\\/greenblue.com\\\/wp-content\\\/uploads\\\/2019\\\/10\\\/logo-dark-gb.png\",\"width\":120,\"height\":35,\"caption\":\"GreenBlue Urban\"},\"image\":{\"@id\":\"https:\\\/\\\/greenblue.com\\\/gb\\\/#\\\/schema\\\/logo\\\/image\\\/\"}}]}<\/script>\n<!-- \/ Yoast SEO plugin. -->","yoast_head_json":{"title":"Protectores Verticales y Rejillas Cubrealcorque - GreenBlue Urban","description":"Protege tu nueva plantaci\u00f3n de \u00e1rboles urbanos con nuestras rejillas y protectores, aportando valor est\u00e9tico al entorno.","robots":{"index":"index","follow":"follow","max-snippet":"max-snippet:-1","max-image-preview":"max-image-preview:large","max-video-preview":"max-video-preview:-1"},"canonical":"https:\/\/greenblue.com\/es\/alrededores-del-arbol\/","og_locale":"es_ES","og_type":"article","og_title":"Protectores Verticales y Rejillas Cubrealcorque - GreenBlue Urban","og_description":"Protege tu nueva plantaci\u00f3n de \u00e1rboles urbanos con nuestras rejillas y protectores, aportando valor est\u00e9tico al entorno.","og_url":"https:\/\/greenblue.com\/es\/alrededores-del-arbol\/","og_site_name":"GreenBlue Urban","article_modified_time":"2023-06-13T15:43:11+00:00","twitter_card":"summary_large_image","twitter_misc":{"Est. reading time":"5 minutes"},"schema":{"@context":"https:\/\/schema.org","@graph":[{"@type":"WebPage","@id":"https:\/\/greenblue.com\/es\/alrededores-del-arbol\/","url":"https:\/\/greenblue.com\/es\/alrededores-del-arbol\/","name":"Protectores Verticales y Rejillas Cubrealcorque - GreenBlue Urban","isPartOf":{"@id":"https:\/\/greenblue.com\/gb\/#website"},"datePublished":"2021-01-18T20:28:19+00:00","dateModified":"2023-06-13T15:43:11+00:00","description":"Protege tu nueva plantaci\u00f3n de \u00e1rboles urbanos con nuestras rejillas y protectores, aportando valor est\u00e9tico al entorno.","breadcrumb":{"@id":"https:\/\/greenblue.com\/es\/alrededores-del-arbol\/#breadcrumb"},"inLanguage":"es-ES","potentialAction":[{"@type":"ReadAction","target":["https:\/\/greenblue.com\/es\/alrededores-del-arbol\/"]}]},{"@type":"BreadcrumbList","@id":"https:\/\/greenblue.com\/es\/alrededores-del-arbol\/#breadcrumb","itemListElement":[{"@type":"ListItem","position":1,"name":"Home","item":"https:\/\/greenblue.com\/es\/"},{"@type":"ListItem","position":2,"name":"Alrededores del \u00e1rbol"}]},{"@type":"WebSite","@id":"https:\/\/greenblue.com\/gb\/#website","url":"https:\/\/greenblue.com\/gb\/","name":"GreenBlue Urban","description":"Creating Healthier Urban Spaces In Harmony With Nature","publisher":{"@id":"https:\/\/greenblue.com\/gb\/#organization"},"potentialAction":[{"@type":"SearchAction","target":{"@type":"EntryPoint","urlTemplate":"https:\/\/greenblue.com\/gb\/?s={search_term_string}"},"query-input":{"@type":"PropertyValueSpecification","valueRequired":true,"valueName":"search_term_string"}}],"inLanguage":"es-ES"},{"@type":"Organization","@id":"https:\/\/greenblue.com\/gb\/#organization","name":"GreenBlue Urban","url":"https:\/\/greenblue.com\/gb\/","logo":{"@type":"ImageObject","inLanguage":"es-ES","@id":"https:\/\/greenblue.com\/gb\/#\/schema\/logo\/image\/","url":"https:\/\/greenblue.com\/wp-content\/uploads\/2019\/10\/logo-dark-gb.png","contentUrl":"https:\/\/greenblue.com\/wp-content\/uploads\/2019\/10\/logo-dark-gb.png","width":120,"height":35,"caption":"GreenBlue Urban"},"image":{"@id":"https:\/\/greenblue.com\/gb\/#\/schema\/logo\/image\/"}}]}},"_links":{"self":[{"href":"https:\/\/greenblue.com\/es\/wp-json\/wp\/v2\/pages\/52294","targetHints":{"allow":["GET"]}}],"collection":[{"href":"https:\/\/greenblue.com\/es\/wp-json\/wp\/v2\/pages"}],"about":[{"href":"https:\/\/greenblue.com\/es\/wp-json\/wp\/v2\/types\/page"}],"author":[{"embeddable":true,"href":"https:\/\/greenblue.com\/es\/wp-json\/wp\/v2\/users\/3409"}],"replies":[{"embeddable":true,"href":"https:\/\/greenblue.com\/es\/wp-json\/wp\/v2\/comments?post=52294"}],"version-history":[{"count":0,"href":"https:\/\/greenblue.com\/es\/wp-json\/wp\/v2\/pages\/52294\/revisions"}],"wp:attachment":[{"href":"https:\/\/greenblue.com\/es\/wp-json\/wp\/v2\/media?parent=52294"}],"curies":[{"name":"wp","href":"https:\/\/api.w.org\/{rel}","templated":true}]}}