{"id":52299,"date":"2021-01-18T20:57:34","date_gmt":"2021-01-18T20:57:34","guid":{"rendered":"https:\/\/greenblue.com\/soluciones\/muros-verdes\/"},"modified":"2022-08-05T12:17:08","modified_gmt":"2022-08-05T11:17:08","slug":"muros-verdes","status":"publish","type":"page","link":"https:\/\/greenblue.com\/es\/muros-verdes\/","title":{"rendered":"Muros Verdes"},"content":{"rendered":"<p>[vc_row][vc_column][\/vc_column][\/vc_row][vc_row][vc_column width=&#8221;1\/2&#8243;][et_highlight_title type=&#8221;h5&#8243; title=&#8221;GreenBlue Urban&#8221; line_color=&#8221;#077d32&#8243;][vc_column_text]<\/p>\n<h1>Sistemas de soporte para plantas trepadoras<\/h1>\n<p>[\/vc_column_text][\/vc_column][vc_column width=&#8221;1\/2&#8243;][\/vc_column][\/vc_row][vc_row][vc_column width=&#8221;1\/2&#8243;][vc_single_image image=&#8221;66999&#8243; img_size=&#8221;large&#8221; add_caption=&#8221;yes&#8221;][\/vc_column][vc_column width=&#8221;1\/2&#8243;][vc_column_text]Naturalizar fachadas, p\u00e9rgolas y zonas de recreo resulta puede llevar darle a tu proyecto un valor \u00fanico. Aportar verde a zonas urbanas resulta en muchas ocasiones un desaf\u00edo, mientras su inclusi\u00f3n resulta cada vez m\u00e1s importante.<\/p>\n<p>GreenBlue Urban ofrece sistemas de soporte para plantas trepadoras combinados con un servicio excelente de atenci\u00f3n y asesoramiento, que te permitir\u00e1n traer tu visi\u00f3n a la realidad, a\u00f1adiendo biodiversidad al proyecto.<\/p>\n<p>\u00bfNecesitas ayuda en la prescripci\u00f3n? Contacta con nosotros y te atenderemos encantados.[\/vc_column_text][\/vc_column][\/vc_row][vc_section][vc_row gap=&#8221;0&#8243; css=&#8221;.vc_custom_1531843586639{padding-top: 96px !important;}&#8221;][vc_column animation_delay=&#8221;0&#8243; offset=&#8221;vc_col-lg-6 vc_col-md-8 vc_col-xs-12&#8243;][et_highlight_title type=&#8221;h6&#8243; font_size=&#8221;12&#8243; line_height=&#8221;24&#8243; letter_spacing=&#8221;0.5&#8243; title=&#8221;GreenBlue Urban&#8221; line_color=&#8221;#007d32&#8243;][et_animated_title type=&#8221;h3&#8243; font_size=&#8221;48&#8243; mobile_font_size=&#8221;32px&#8221; line_height=&#8221;56&#8243; animation_type=&#8221;words-direct&#8221; start_delay=&#8221;100&#8243;]\u00bfPor qu\u00e9 aplicar los sistemas para trepadoras de GreenBlue?[\/et_animated_title][\/vc_column][vc_column animation_delay=&#8221;0&#8243; width=&#8221;1\/2&#8243; offset=&#8221;vc_hidden-lg vc_hidden-md vc_hidden-sm vc_hidden-xs&#8221;][\/vc_column][\/vc_row][vc_row gap=&#8221;0&#8243; css=&#8221;.vc_custom_1531831408148{padding-bottom: 64px !important;}&#8221;][vc_column animation_delay=&#8221;0&#8243; css=&#8221;.vc_custom_1530713434392{background-image: url(https:\/\/enovathemes.com\/globax\/wp-content\/uploads\/world.jpg?id=11623) !important;background-position: center !important;background-repeat: no-repeat !important;background-size: contain !important;}&#8221;][et_content_box column=&#8221;3&#8243; gap=&#8221;80&#8243; animation_type=&#8221;random&#8221; animation_effect=&#8221;moveUp&#8221; icon_size=&#8221;large&#8221; animate_hover=&#8221;icon-move&#8221;][et_box_item icon_prefix=&#8221;fas&#8221; icon_name=&#8221;fa-link&#8221; icon_color=&#8221;#007d32&#8243;][vc_custom_heading text=&#8221;Robustez &amp; Durabilidad&#8221; font_container=&#8221;tag:h5|font_size:18px|text_align:left|line_height:32px&#8221; use_theme_fonts=&#8221;yes&#8221; el_class=&#8221;letter-spacing-50&#8243; css=&#8221;.vc_custom_1610525918265{margin-bottom: 16px !important;}&#8221;][vc_column_text css=&#8221;.vc_custom_1610697738974{margin-bottom: 16px !important;}&#8221;]Productos robustos &amp; vers\u00e1tiles con una amplia gama de soportes y cables que se adaptan a cada escenario.[\/vc_column_text][\/et_box_item][et_box_item icon_prefix=&#8221;fas&#8221; icon_name=&#8221;fa-headset&#8221; icon_color=&#8221;#007d32&#8243;][vc_custom_heading text=&#8221;T\u00e9cnicos Expertos&#8221; font_container=&#8221;tag:h5|font_size:18px|text_align:left|line_height:32px&#8221; use_theme_fonts=&#8221;yes&#8221; el_class=&#8221;letter-spacing-50&#8243; css=&#8221;.vc_custom_1610525969497{margin-bottom: 16px !important;}&#8221;][vc_column_text css=&#8221;.vc_custom_1610697808724{margin-bottom: 16px !important;}&#8221;]Nuestro equipo experimentado en el dise\u00f1o de sistemas te ayudar\u00e1n en el desarrollo de tu proyecto.[\/vc_column_text][\/et_box_item][et_box_item icon_prefix=&#8221;fas&#8221; icon_name=&#8221;fa-vector-square&#8221; icon_color=&#8221;#007d32&#8243;][vc_custom_heading text=&#8221;Dise\u00f1os \u00danicos&#8221; font_container=&#8221;tag:h5|font_size:18px|text_align:left|line_height:32px&#8221; use_theme_fonts=&#8221;yes&#8221; el_class=&#8221;letter-spacing-50&#8243; css=&#8221;.vc_custom_1610525983055{margin-bottom: 16px !important;}&#8221;][vc_column_text css=&#8221;.vc_custom_1610697874397{margin-bottom: 16px !important;}&#8221;]Nuestra diversa gama de productos combinan en diversas formas para crear dise\u00f1os realmente \u00fanicos.[\/vc_column_text][\/et_box_item][\/et_content_box][\/vc_column][\/vc_row][\/vc_section][vc_row gap=&#8221;0&#8243; css=&#8221;.vc_custom_1531843586639{padding-top: 96px !important;}&#8221;][vc_column animation_delay=&#8221;0&#8243; offset=&#8221;vc_col-lg-6 vc_col-md-8 vc_col-xs-12&#8243;][et_animated_title type=&#8221;h3&#8243; font_size=&#8221;48&#8243; mobile_font_size=&#8221;32px&#8221; line_height=&#8221;56&#8243; animation_type=&#8221;words-direct&#8221; start_delay=&#8221;100&#8243;]Nuestra gama de productos de soporte para trepadoras[\/et_animated_title][vc_empty_space][\/vc_column][vc_column animation_delay=&#8221;0&#8243; width=&#8221;1\/2&#8243; offset=&#8221;vc_hidden-lg vc_hidden-md vc_hidden-sm vc_hidden-xs&#8221;][\/vc_column][\/vc_row][vc_row equal_height=&#8221;yes&#8221;][vc_column width=&#8221;1\/2&#8243;][vc_separator el_width=&#8221;90&#8243;][vc_single_image image=&#8221;38573&#8243; img_size=&#8221;medium&#8221; alignment=&#8221;center&#8221; onclick=&#8221;custom_link&#8221; link=&#8221;https:\/\/greenblue.com\/es\/producto\/series-406090\/&#8221;][vc_custom_heading text=&#8221;Soportes Ligeros<br \/>\nSeries 40 \/ 60 \/ 90&#8243; font_container=&#8221;tag:h4|text_align:left|color:%23077d32|line_height:32px&#8221; use_theme_fonts=&#8221;yes&#8221; link=&#8221;url:https%3A%2F%2Fgreenblue.com%2Fes%2Fproducto%2Fseries-406090%2F|||&#8221;][vc_column_text]Soportes para pared perfectamente dise\u00f1ados para renovar tus proyectos, esta gama de soportes de alta resistencia pueden incoporar varillas de muy diversos tama\u00f1os longitudes.[\/vc_column_text][vc_column_text]<strong>Caracter\u00edsticas<\/strong><\/p>\n<ul>\n<li>Alternativa econ\u00f3mica a los c\u00e1ncamos<\/li>\n<li>Dise\u00f1o de gran valor est\u00e9tico<\/li>\n<li>Soportes vers\u00e1tiles con discos de apoyo para trepadoras de peque\u00f1as y medianas<\/li>\n<li>Dise\u00f1o de rosca \u00fanica para prevenir la p\u00e9rdida de tensi\u00f3n<\/li>\n<\/ul>\n<p>[\/vc_column_text][et_button button_text=&#8221;FICHA T\u00c9CNICA&#8221; button_link=&#8221;https:\/\/greenblue.com\/es\/datasheets\/catalogo-soluciones-muros-verdes\/&#8221; button_color=&#8221;#ffffff&#8221; button_back_color=&#8221;#006699&#8243; button_color_hover=&#8221;#ffffff&#8221; button_back_color_hover=&#8221;#000000&#8243;][et_button button_text=&#8221;SOLICITA TU PRESUPUESTO&#8221; button_link=&#8221;https:\/\/greenblue.com\/es\/contactanos\/&#8221; button_color=&#8221;#ffffff&#8221; button_back_color=&#8221;#ff893a&#8221; button_color_hover=&#8221;#ffffff&#8221; button_back_color_hover=&#8221;#000000&#8243;][et_button button_text=&#8221;EXPLORA EN LA WEB&#8221; button_link=&#8221;https:\/\/greenblue.com\/es\/producto\/series-406090\/&#8221; button_color=&#8221;#ffffff&#8221; button_back_color=&#8221;#077d32&#8243; button_color_hover=&#8221;#ffffff&#8221; button_back_color_hover=&#8221;#000000&#8243;][vc_separator el_width=&#8221;90&#8243;][\/vc_column][vc_column width=&#8221;1\/2&#8243;][vc_separator el_width=&#8221;90&#8243;][vc_single_image image=&#8221;38605&#8243; img_size=&#8221;medium&#8221; alignment=&#8221;center&#8221; onclick=&#8221;custom_link&#8221; link=&#8221;https:\/\/greenblue.com\/es\/producto\/series-120124134\/&#8221;][vc_custom_heading text=&#8221;Soportes de Alta Resistencia<br \/>\nSeries 120 \/ 124 \/ 134&#8243; font_container=&#8221;tag:h4|text_align:left|color:%23077d32|line_height:32px&#8221; use_theme_fonts=&#8221;yes&#8221; link=&#8221;url:https%3A%2F%2Fgreenblue.com%2Fes%2Fproducts%2Fseries-120124134%2F|&#8221;][vc_column_text]Nuestra gama de alta resistencia acomodan un gran espectro de varillas y cables de diferentes longitudes. Permiten gran variedad de dise\u00f1os a tu entorno.[\/vc_column_text][vc_column_text]<strong>Caracter\u00edsticas<\/strong><\/p>\n<ul>\n<li>Espaciado de 140mm, ideal para plantas ligeras<\/li>\n<li>Instalable en muros con aislamiento t\u00e9rmico gracias a su especial soporte<\/li>\n<li>Sistema de tensionado sencillo<\/li>\n<li>Gran compatibilidad y combinaci\u00f3n de varillas y soportes<\/li>\n<\/ul>\n<p>[\/vc_column_text][et_button button_text=&#8221;FICHA T\u00c9CNICA&#8221; button_link=&#8221;https:\/\/greenblue.com\/es\/datasheets\/catalogo-soluciones-muros-verdes\/&#8221; button_color=&#8221;#ffffff&#8221; button_back_color=&#8221;#006699&#8243; button_color_hover=&#8221;#ffffff&#8221; button_back_color_hover=&#8221;#000000&#8243;][et_button button_text=&#8221;SOLICITA TU PRESUPUESTO&#8221; button_link=&#8221;https:\/\/greenblue.com\/es\/contactanos\/&#8221; button_color=&#8221;#ffffff&#8221; button_back_color=&#8221;#ff893a&#8221; button_color_hover=&#8221;#ffffff&#8221; button_back_color_hover=&#8221;#000000&#8243;][et_button button_text=&#8221;EXPLORA EN LA WEB&#8221; button_link=&#8221;https:\/\/greenblue.com\/es\/producto\/series-120124134\/&#8221; button_color=&#8221;#ffffff&#8221; button_back_color=&#8221;#077d32&#8243; button_color_hover=&#8221;#ffffff&#8221; button_back_color_hover=&#8221;#000000&#8243;][vc_separator el_width=&#8221;90&#8243;][\/vc_column][\/vc_row][vc_row equal_height=&#8221;yes&#8221;][vc_column width=&#8221;1\/2&#8243;][vc_single_image image=&#8221;38610&#8243; img_size=&#8221;medium&#8221; alignment=&#8221;center&#8221; onclick=&#8221;custom_link&#8221; link=&#8221;https:\/\/greenblue.com\/es\/producto\/series-245\/&#8221;][vc_custom_heading text=&#8221;Mallas<br \/>\nSeries 245&#8243; font_container=&#8221;tag:h4|text_align:left|color:%23077d32|line_height:32px&#8221; use_theme_fonts=&#8221;yes&#8221; link=&#8221;url:https%3A%2F%2Fgreenblue.com%2Fes%2Fproducts%2Fseries-245%2F|&#8221;][vc_column_text]Nuestra malla de cables de acero inoxidable resulta una soluci\u00f3n flexible e innovadora para permitir la creaci\u00f3n de preciosos y \u00fanicos dise\u00f1os en tu proyecto. Hechas a medida para adaptarse a tu ubicaci\u00f3n.[\/vc_column_text][vc_column_text]<strong>Caracter\u00edsticas<\/strong><\/p>\n<ul>\n<li>El sistema de mallado encaja con todos los tipos de soporte<\/li>\n<li>Un marco sostenible para crear muros vivos aportar barreras de seguridad<\/li>\n<\/ul>\n<p>[\/vc_column_text][et_button button_text=&#8221;FICHA T\u00c9CNICA&#8221; button_link=&#8221;https:\/\/greenblue.com\/es\/datasheets\/catalogo-soluciones-muros-verdes\/&#8221; button_color=&#8221;#ffffff&#8221; button_back_color=&#8221;#006699&#8243; button_color_hover=&#8221;#ffffff&#8221; button_back_color_hover=&#8221;#000000&#8243;][et_button button_text=&#8221;SOLICITA TU PRESUPUESTO&#8221; button_link=&#8221;https:\/\/greenblue.com\/es\/contactanos\/&#8221; button_color=&#8221;#ffffff&#8221; button_back_color=&#8221;#ff893a&#8221; button_color_hover=&#8221;#ffffff&#8221; button_back_color_hover=&#8221;#000000&#8243;][et_button button_text=&#8221;EXPLORA EN LA WEB&#8221; button_link=&#8221;https:\/\/greenblue.com\/es\/producto\/series-245\/&#8221; button_color=&#8221;#ffffff&#8221; button_back_color=&#8221;#077d32&#8243; button_color_hover=&#8221;#ffffff&#8221; button_back_color_hover=&#8221;#000000&#8243;][vc_separator el_width=&#8221;90&#8243;][\/vc_column][vc_column width=&#8221;1\/2&#8243;][vc_single_image image=&#8221;38643&#8243; img_size=&#8221;medium&#8221; alignment=&#8221;center&#8221; onclick=&#8221;custom_link&#8221; link=&#8221;https:\/\/greenblue.com\/es\/producto\/series-100\/&#8221;][vc_custom_heading text=&#8221;Soporte Serie 100<br \/>\nVersatilidad y Robustez&#8221; font_container=&#8221;tag:h4|text_align:left|color:%23077d32|line_height:32px&#8221; use_theme_fonts=&#8221;yes&#8221; link=&#8221;url:https%3A%2F%2Fgreenblue.com%2Fes%2Fproducto%2Fseries-100%2F|||&#8221;][vc_column_text]Nuestro original soporte ya cuenta con m\u00e1s de 20 a\u00f1os de experiencia en esquemas de todas las escalas, guiando a las plantas a crecer de forma lateral.[\/vc_column_text][vc_column_text]<strong>Caracter\u00edsticas<\/strong><\/p>\n<ul>\n<li>Sostiene grandes esfuerzos laterales y permite la instalaci\u00f3n en muros de todos los tipos<\/li>\n<li>Instalaci\u00f3n sencilla, incluso con fijaciones escondidas<\/li>\n<\/ul>\n<p>[\/vc_column_text][et_button button_text=&#8221;FICHA T\u00c9CNICA&#8221; button_link=&#8221;https:\/\/greenblue.com\/es\/datasheets\/catalogo-soluciones-muros-verdes\/&#8221; button_color=&#8221;#ffffff&#8221; button_back_color=&#8221;#006699&#8243; button_color_hover=&#8221;#ffffff&#8221; button_back_color_hover=&#8221;#000000&#8243;][et_button button_text=&#8221;SOLICITA TU PRESUPUESTO&#8221; button_link=&#8221;https:\/\/greenblue.com\/es\/contactanos\/&#8221; button_color=&#8221;#ffffff&#8221; button_back_color=&#8221;#ff893a&#8221; button_color_hover=&#8221;#ffffff&#8221; button_back_color_hover=&#8221;#000000&#8243;][et_button button_text=&#8221;EXPLORA EN LA WEB&#8221; button_link=&#8221;https:\/\/greenblue.com\/es\/producto\/series-100\/&#8221; button_color=&#8221;#ffffff&#8221; button_back_color=&#8221;#077d32&#8243; button_color_hover=&#8221;#ffffff&#8221; button_back_color_hover=&#8221;#000000&#8243;][vc_separator el_width=&#8221;90&#8243;][\/vc_column][\/vc_row][vc_row equal_height=&#8221;yes&#8221;][vc_column width=&#8221;1\/2&#8243;][vc_single_image image=&#8221;38622&#8243; img_size=&#8221;medium&#8221; alignment=&#8221;center&#8221; onclick=&#8221;custom_link&#8221; link=&#8221;https:\/\/greenblue.com\/es\/producto\/series-112\/&#8221;][vc_custom_heading text=&#8221;Sistemas reforzados<br \/>\nSerie 112&#8243; font_container=&#8221;tag:h4|text_align:left|color:%23077d32|line_height:32px&#8221; use_theme_fonts=&#8221;yes&#8221; link=&#8221;url:https%3A%2F%2Fgreenblue.com%2Fes%2Fproducto%2Fseries-112%2F|||&#8221;][vc_column_text]Cuando contamos con espacios reducidos para la plantaci\u00f3n de \u00e1rboles, los sistemas de plantaci\u00f3n vertical pueden aportar el valor perfecto a tu entorno urbano.[\/vc_column_text][vc_column_text]<strong>Caracter\u00edsticas<\/strong><\/p>\n<ul>\n<li>Sistema de soportes de gran resistencia para usar con trepadores pesadas<\/li>\n<li>El seguimiento del cable integrado permite el crecimiento de la planta entrelazada con el mismo<\/li>\n<\/ul>\n<p>[\/vc_column_text][et_button button_text=&#8221;FICHA T\u00c9CNICA&#8221; button_link=&#8221;https:\/\/greenblue.com\/es\/datasheets\/catalogo-soluciones-muros-verdes\/&#8221; button_color=&#8221;#ffffff&#8221; button_back_color=&#8221;#006699&#8243; button_color_hover=&#8221;#ffffff&#8221; button_back_color_hover=&#8221;#000000&#8243;][et_button button_text=&#8221;SOLICITA TU PRESUPUESTO&#8221; button_link=&#8221;https:\/\/greenblue.com\/es\/contactanos\/&#8221; button_color=&#8221;#ffffff&#8221; button_back_color=&#8221;#ff893a&#8221; button_color_hover=&#8221;#ffffff&#8221; button_back_color_hover=&#8221;#000000&#8243;][et_button button_text=&#8221;EXPLORA EN LA WEB&#8221; button_link=&#8221;https:\/\/greenblue.com\/es\/producto\/series-112\/&#8221; button_color=&#8221;#ffffff&#8221; button_back_color=&#8221;#077d32&#8243; button_color_hover=&#8221;#ffffff&#8221; button_back_color_hover=&#8221;#000000&#8243;][vc_separator el_width=&#8221;90&#8243;][\/vc_column][vc_column width=&#8221;1\/2&#8243;][\/vc_column][\/vc_row][vc_row full_width=&#8221;stretch_row_content&#8221; gap=&#8221;0&#8243; css=&#8221;.vc_custom_1530608429182{background: #f5f5f5 url(https:\/\/enovathemes.com\/globax\/wp-content\/uploads\/globus_image_extra_smal.jpg?id=11490) !important;background-position: center !important;background-repeat: no-repeat !important;background-size: cover !important;}&#8221;][vc_column animation_delay=&#8221;0&#8243; css=&#8221;.vc_custom_1530608688047{padding-top: 0px !important;}&#8221;][et_tagline title=&#8221;\u00bfNo encuentras lo que estabas buscando? Ponte en contacto!&#8221; title_color=&#8221;#000000&#8243; back_color=&#8221;rgba(255,255,255,0.01)&#8221; button_text=&#8221;Cont\u00e1ctanos&#8221; button_link=&#8221;https:\/\/greenblue.com\/contact\/&#8221; button_color=&#8221;#ffffff&#8221; button_back_color=&#8221;#077d32&#8243; button_color_hover=&#8221;#ffffff&#8221; button_back_color_hover=&#8221;#212121&#8243; icon_color=&#8221;rgba(170,170,170,0.52)&#8221; icon_size=&#8221;large&#8221;][\/vc_column][\/vc_row]<\/p>\n","protected":false},"excerpt":{"rendered":"<p>[vc_row][vc_column][\/vc_column][\/vc_row][vc_row][vc_column width=&#8221;1\/2&#8243;][et_highlight_title type=&#8221;h5&#8243; title=&#8221;GreenBlue Urban&#8221; line_color=&#8221;#077d32&#8243;][vc_column_text] Sistemas de soporte para plantas trepadoras [\/vc_column_text][\/vc_column][vc_column width=&#8221;1\/2&#8243;][\/vc_column][\/vc_row][vc_row][vc_column width=&#8221;1\/2&#8243;][vc_single_image image=&#8221;66999&#8243; img_size=&#8221;large&#8221; add_caption=&#8221;yes&#8221;][\/vc_column][vc_column width=&#8221;1\/2&#8243;][vc_column_text]Naturalizar fachadas, p\u00e9rgolas y zonas de recreo resulta puede llevar darle a tu proyecto un valor \u00fanico. Aportar verde a zonas urbanas resulta en muchas ocasiones un desaf\u00edo, mientras su inclusi\u00f3n resulta cada vez m\u00e1s importante. GreenBlue [&hellip;]<\/p>\n","protected":false},"author":3409,"featured_media":0,"parent":0,"menu_order":0,"comment_status":"closed","ping_status":"closed","template":"page-vc.php","meta":{"content-type":"","footnotes":""},"class_list":["post-52299","page","type-page","status-publish","hentry"],"acf":[],"yoast_head":"<!-- This site is optimized with the Yoast SEO plugin v27.3 - https:\/\/yoast.com\/product\/yoast-seo-wordpress\/ -->\n<title>Sistemas de Soporte para Plantas Trepadoras - GreenBlue Urban<\/title>\n<meta name=\"description\" content=\"Crea muros verdes, p\u00e9rgolas y mejora tus jardines con sistemas eficientes y de alto valor est\u00e9tico, para llevar tu proyecto al \u00e9xito seguro.\" \/>\n<meta name=\"robots\" content=\"index, follow, max-snippet:-1, max-image-preview:large, max-video-preview:-1\" \/>\n<link rel=\"canonical\" href=\"https:\/\/greenblue.com\/es\/productos__trashed\/muros-verdes\/\" \/>\n<meta property=\"og:locale\" content=\"es_ES\" \/>\n<meta property=\"og:type\" content=\"article\" \/>\n<meta property=\"og:title\" content=\"Sistemas de Soporte para Plantas Trepadoras - GreenBlue Urban\" \/>\n<meta property=\"og:description\" content=\"Crea muros verdes, p\u00e9rgolas y mejora tus jardines con sistemas eficientes y de alto valor est\u00e9tico, para llevar tu proyecto al \u00e9xito seguro.\" \/>\n<meta property=\"og:url\" content=\"https:\/\/greenblue.com\/es\/productos__trashed\/muros-verdes\/\" \/>\n<meta property=\"og:site_name\" content=\"GreenBlue Urban\" \/>\n<meta property=\"article:modified_time\" content=\"2022-08-05T11:17:08+00:00\" \/>\n<meta name=\"twitter:card\" content=\"summary_large_image\" \/>\n<meta name=\"twitter:label1\" content=\"Est. reading time\" \/>\n\t<meta name=\"twitter:data1\" content=\"5 minutes\" \/>\n<script type=\"application\/ld+json\" class=\"yoast-schema-graph\">{\"@context\":\"https:\\\/\\\/schema.org\",\"@graph\":[{\"@type\":\"WebPage\",\"@id\":\"https:\\\/\\\/greenblue.com\\\/es\\\/productos__trashed\\\/muros-verdes\\\/\",\"url\":\"https:\\\/\\\/greenblue.com\\\/es\\\/productos__trashed\\\/muros-verdes\\\/\",\"name\":\"Sistemas de Soporte para Plantas Trepadoras - GreenBlue Urban\",\"isPartOf\":{\"@id\":\"https:\\\/\\\/greenblue.com\\\/gb\\\/#website\"},\"datePublished\":\"2021-01-18T20:57:34+00:00\",\"dateModified\":\"2022-08-05T11:17:08+00:00\",\"description\":\"Crea muros verdes, p\u00e9rgolas y mejora tus jardines con sistemas eficientes y de alto valor est\u00e9tico, para llevar tu proyecto al \u00e9xito seguro.\",\"breadcrumb\":{\"@id\":\"https:\\\/\\\/greenblue.com\\\/es\\\/productos__trashed\\\/muros-verdes\\\/#breadcrumb\"},\"inLanguage\":\"es-ES\",\"potentialAction\":[{\"@type\":\"ReadAction\",\"target\":[\"https:\\\/\\\/greenblue.com\\\/es\\\/productos__trashed\\\/muros-verdes\\\/\"]}]},{\"@type\":\"BreadcrumbList\",\"@id\":\"https:\\\/\\\/greenblue.com\\\/es\\\/productos__trashed\\\/muros-verdes\\\/#breadcrumb\",\"itemListElement\":[{\"@type\":\"ListItem\",\"position\":1,\"name\":\"Home\",\"item\":\"https:\\\/\\\/greenblue.com\\\/es\\\/\"},{\"@type\":\"ListItem\",\"position\":2,\"name\":\"Muros Verdes\"}]},{\"@type\":\"WebSite\",\"@id\":\"https:\\\/\\\/greenblue.com\\\/gb\\\/#website\",\"url\":\"https:\\\/\\\/greenblue.com\\\/gb\\\/\",\"name\":\"GreenBlue Urban\",\"description\":\"Creating Healthier Urban Spaces In Harmony With Nature\",\"publisher\":{\"@id\":\"https:\\\/\\\/greenblue.com\\\/gb\\\/#organization\"},\"potentialAction\":[{\"@type\":\"SearchAction\",\"target\":{\"@type\":\"EntryPoint\",\"urlTemplate\":\"https:\\\/\\\/greenblue.com\\\/gb\\\/?s={search_term_string}\"},\"query-input\":{\"@type\":\"PropertyValueSpecification\",\"valueRequired\":true,\"valueName\":\"search_term_string\"}}],\"inLanguage\":\"es-ES\"},{\"@type\":\"Organization\",\"@id\":\"https:\\\/\\\/greenblue.com\\\/gb\\\/#organization\",\"name\":\"GreenBlue Urban\",\"url\":\"https:\\\/\\\/greenblue.com\\\/gb\\\/\",\"logo\":{\"@type\":\"ImageObject\",\"inLanguage\":\"es-ES\",\"@id\":\"https:\\\/\\\/greenblue.com\\\/gb\\\/#\\\/schema\\\/logo\\\/image\\\/\",\"url\":\"https:\\\/\\\/greenblue.com\\\/wp-content\\\/uploads\\\/2019\\\/10\\\/logo-dark-gb.png\",\"contentUrl\":\"https:\\\/\\\/greenblue.com\\\/wp-content\\\/uploads\\\/2019\\\/10\\\/logo-dark-gb.png\",\"width\":120,\"height\":35,\"caption\":\"GreenBlue Urban\"},\"image\":{\"@id\":\"https:\\\/\\\/greenblue.com\\\/gb\\\/#\\\/schema\\\/logo\\\/image\\\/\"}}]}<\/script>\n<!-- \/ Yoast SEO plugin. -->","yoast_head_json":{"title":"Sistemas de Soporte para Plantas Trepadoras - GreenBlue Urban","description":"Crea muros verdes, p\u00e9rgolas y mejora tus jardines con sistemas eficientes y de alto valor est\u00e9tico, para llevar tu proyecto al \u00e9xito seguro.","robots":{"index":"index","follow":"follow","max-snippet":"max-snippet:-1","max-image-preview":"max-image-preview:large","max-video-preview":"max-video-preview:-1"},"canonical":"https:\/\/greenblue.com\/es\/productos__trashed\/muros-verdes\/","og_locale":"es_ES","og_type":"article","og_title":"Sistemas de Soporte para Plantas Trepadoras - GreenBlue Urban","og_description":"Crea muros verdes, p\u00e9rgolas y mejora tus jardines con sistemas eficientes y de alto valor est\u00e9tico, para llevar tu proyecto al \u00e9xito seguro.","og_url":"https:\/\/greenblue.com\/es\/productos__trashed\/muros-verdes\/","og_site_name":"GreenBlue Urban","article_modified_time":"2022-08-05T11:17:08+00:00","twitter_card":"summary_large_image","twitter_misc":{"Est. reading time":"5 minutes"},"schema":{"@context":"https:\/\/schema.org","@graph":[{"@type":"WebPage","@id":"https:\/\/greenblue.com\/es\/productos__trashed\/muros-verdes\/","url":"https:\/\/greenblue.com\/es\/productos__trashed\/muros-verdes\/","name":"Sistemas de Soporte para Plantas Trepadoras - GreenBlue Urban","isPartOf":{"@id":"https:\/\/greenblue.com\/gb\/#website"},"datePublished":"2021-01-18T20:57:34+00:00","dateModified":"2022-08-05T11:17:08+00:00","description":"Crea muros verdes, p\u00e9rgolas y mejora tus jardines con sistemas eficientes y de alto valor est\u00e9tico, para llevar tu proyecto al \u00e9xito seguro.","breadcrumb":{"@id":"https:\/\/greenblue.com\/es\/productos__trashed\/muros-verdes\/#breadcrumb"},"inLanguage":"es-ES","potentialAction":[{"@type":"ReadAction","target":["https:\/\/greenblue.com\/es\/productos__trashed\/muros-verdes\/"]}]},{"@type":"BreadcrumbList","@id":"https:\/\/greenblue.com\/es\/productos__trashed\/muros-verdes\/#breadcrumb","itemListElement":[{"@type":"ListItem","position":1,"name":"Home","item":"https:\/\/greenblue.com\/es\/"},{"@type":"ListItem","position":2,"name":"Muros Verdes"}]},{"@type":"WebSite","@id":"https:\/\/greenblue.com\/gb\/#website","url":"https:\/\/greenblue.com\/gb\/","name":"GreenBlue Urban","description":"Creating Healthier Urban Spaces In Harmony With Nature","publisher":{"@id":"https:\/\/greenblue.com\/gb\/#organization"},"potentialAction":[{"@type":"SearchAction","target":{"@type":"EntryPoint","urlTemplate":"https:\/\/greenblue.com\/gb\/?s={search_term_string}"},"query-input":{"@type":"PropertyValueSpecification","valueRequired":true,"valueName":"search_term_string"}}],"inLanguage":"es-ES"},{"@type":"Organization","@id":"https:\/\/greenblue.com\/gb\/#organization","name":"GreenBlue Urban","url":"https:\/\/greenblue.com\/gb\/","logo":{"@type":"ImageObject","inLanguage":"es-ES","@id":"https:\/\/greenblue.com\/gb\/#\/schema\/logo\/image\/","url":"https:\/\/greenblue.com\/wp-content\/uploads\/2019\/10\/logo-dark-gb.png","contentUrl":"https:\/\/greenblue.com\/wp-content\/uploads\/2019\/10\/logo-dark-gb.png","width":120,"height":35,"caption":"GreenBlue Urban"},"image":{"@id":"https:\/\/greenblue.com\/gb\/#\/schema\/logo\/image\/"}}]}},"_links":{"self":[{"href":"https:\/\/greenblue.com\/es\/wp-json\/wp\/v2\/pages\/52299","targetHints":{"allow":["GET"]}}],"collection":[{"href":"https:\/\/greenblue.com\/es\/wp-json\/wp\/v2\/pages"}],"about":[{"href":"https:\/\/greenblue.com\/es\/wp-json\/wp\/v2\/types\/page"}],"author":[{"embeddable":true,"href":"https:\/\/greenblue.com\/es\/wp-json\/wp\/v2\/users\/3409"}],"replies":[{"embeddable":true,"href":"https:\/\/greenblue.com\/es\/wp-json\/wp\/v2\/comments?post=52299"}],"version-history":[{"count":0,"href":"https:\/\/greenblue.com\/es\/wp-json\/wp\/v2\/pages\/52299\/revisions"}],"wp:attachment":[{"href":"https:\/\/greenblue.com\/es\/wp-json\/wp\/v2\/media?parent=52299"}],"curies":[{"name":"wp","href":"https:\/\/api.w.org\/{rel}","templated":true}]}}