{"id":52335,"date":"2021-01-20T17:27:20","date_gmt":"2021-01-20T17:27:20","guid":{"rendered":"https:\/\/greenblue.com\/infraestructura-verde\/"},"modified":"2023-06-13T16:52:16","modified_gmt":"2023-06-13T15:52:16","slug":"infraestructura-verde","status":"publish","type":"page","link":"https:\/\/greenblue.com\/es\/infraestructura-verde\/","title":{"rendered":"Infraestructura verde"},"content":{"rendered":"<p>[vc_row][vc_column][vc_column_text]En GreenBlue Urban, la herencia que dejamos ser\u00e1n los \u00e1rboles urbanos. La infraestructura verde es nuestra \u00e1rea de especialidad y nuestro negocio est\u00e1 entregado al desarrollo de productos y metodolog\u00edas que traer\u00e1n \u00e1rboles con mayores copas a nuestros entornos urbanos por las pr\u00f3ximas generaciones.[\/vc_column_text][\/vc_column][\/vc_row][vc_row css=&#8221;.vc_custom_1530779803137{padding-top: 72px !important;padding-bottom: 72px !important;}&#8221;][vc_column][et_content_box_alt column=&#8221;3&#8243; gap=&#8221;24&#8243; animation_type=&#8221;sequential&#8221; animation_effect=&#8221;moveUp&#8221; hover_animation=&#8221;box&#8221;][et_box_item_alt icon_prefix=&#8221;globax&#8221; icon_name=&#8221;icon-gx-clipboard-verification-symbol&#8221; icon_color=&#8221;#ffffff&#8221; box_back_color=&#8221;#077d32&#8243; title=&#8221;Get a free quote&#8221; box_link=&#8221;#link&#8221; box_link_text=&#8221;Send request&#8221; box_text=&#8221;Leverage agile frameworks to provide a robust synopsis for high level overviews. Iterative approaches to corporate strategy foster collaborative thinking to further the overall value proposition.&#8221; box_text_color=&#8221;#616161&#8243; box_title_color=&#8221;#212121&#8243; box_title_border_color=&#8221;#fd8c40&#8243; icon_color_hover=&#8221;#f38134&#8243; box_back_color_hover=&#8221;#fd8c40&#8243; box_text_color_hover=&#8221;#ffffff&#8221;][vc_custom_heading text=&#8221;PRODUCTOS DE ESPECIALISTA&#8221; font_container=&#8221;tag:h5|font_size:18px|text_align:left|color:%23ffffff|line_height:32px&#8221; use_theme_fonts=&#8221;yes&#8221; el_class=&#8221;letter-spacing-50&#8243; css=&#8221;.vc_custom_1571824092561{margin-bottom: 16px !important;}&#8221;][vc_column_text css=&#8221;.vc_custom_1571824362021{margin-bottom: 16px !important;}&#8221;]<span style=\"color: #ffffff;\">Descubre nuestra gama de productos especializados.<\/span>[\/vc_column_text][et_line_button button_text=&#8221;Descubre m\u00e1s&#8221; button_link=&#8221;#link&#8221; button_color=&#8221;#ffffff&#8221; button_line_color=&#8221;#ffffff&#8221;][\/et_box_item_alt][et_box_item_alt icon_prefix=&#8221;globax&#8221; icon_name=&#8221;icon-gx-clipboard-verification-symbol&#8221; icon_color=&#8221;#ffffff&#8221; box_back_color=&#8221;#1e73be&#8221; title=&#8221;Get a free quote&#8221; box_link=&#8221;#link&#8221; box_link_text=&#8221;Send request&#8221; box_text=&#8221;Leverage agile frameworks to provide a robust synopsis for high level overviews. Iterative approaches to corporate strategy foster collaborative thinking to further the overall value proposition.&#8221; box_text_color=&#8221;#616161&#8243; box_title_color=&#8221;#212121&#8243; box_title_border_color=&#8221;#fd8c40&#8243; icon_color_hover=&#8221;#f38134&#8243; box_back_color_hover=&#8221;#fd8c40&#8243; box_text_color_hover=&#8221;#ffffff&#8221;][vc_custom_heading text=&#8221;RECURSOS&#8221; font_container=&#8221;tag:h5|font_size:18px|text_align:left|color:%23ffffff|line_height:32px&#8221; use_theme_fonts=&#8221;yes&#8221; el_class=&#8221;letter-spacing-50&#8243; css=&#8221;.vc_custom_1571824101573{margin-bottom: 16px !important;}&#8221;][vc_column_text css=&#8221;.vc_custom_1571824294722{margin-bottom: 16px !important;}&#8221;]<span style=\"color: #ffffff;\">Aprovecha los fant\u00e1sticos recursos gratuitos que ponemos a tu disposici\u00f3n.<\/span>[\/vc_column_text][et_line_button button_text=&#8221;Descubre m\u00e1s&#8221; button_link=&#8221;#link&#8221; button_color=&#8221;#ffffff&#8221; button_line_color=&#8221;#ffffff&#8221;][\/et_box_item_alt][et_box_item_alt icon_prefix=&#8221;globax&#8221; icon_name=&#8221;icon-gx-clipboard-verification-symbol&#8221; icon_color=&#8221;#ffffff&#8221; box_back_color=&#8221;#727272&#8243; title=&#8221;Get a free quote&#8221; box_link=&#8221;#link&#8221; box_link_text=&#8221;Send request&#8221; box_text=&#8221;Leverage agile frameworks to provide a robust synopsis for high level overviews. Iterative approaches to corporate strategy foster collaborative thinking to further the overall value proposition.&#8221; box_text_color=&#8221;#616161&#8243; box_title_color=&#8221;#212121&#8243; box_title_border_color=&#8221;#fd8c40&#8243; icon_color_hover=&#8221;#f38134&#8243; box_back_color_hover=&#8221;#fd8c40&#8243; box_text_color_hover=&#8221;#ffffff&#8221;][vc_custom_heading text=&#8221;INVESTIGACI\u00d3N&#8221; font_container=&#8221;tag:h5|font_size:18px|text_align:left|color:%23ffffff|line_height:32px&#8221; use_theme_fonts=&#8221;yes&#8221; el_class=&#8221;letter-spacing-50&#8243; css=&#8221;.vc_custom_1571824110274{margin-bottom: 16px !important;}&#8221;][vc_column_text css=&#8221;.vc_custom_1571824271839{margin-bottom: 16px !important;}&#8221;]<span style=\"color: #ffffff;\">Descubre m\u00e1s sobre los proyectos de investigaci\u00f3n que nos empujan hacia adelante.<\/span>[\/vc_column_text][et_line_button button_text=&#8221;Descubre m\u00e1s&#8221; button_link=&#8221;#link&#8221; button_color=&#8221;#ffffff&#8221; button_line_color=&#8221;#ffffff&#8221;][\/et_box_item_alt][et_box_item_alt icon_prefix=&#8221;globax&#8221; icon_name=&#8221;icon-gx-clipboard-verification-symbol&#8221; icon_color=&#8221;#ffffff&#8221; box_back_color=&#8221;#b5b5b5&#8243; title=&#8221;Get a free quote&#8221; box_link=&#8221;#link&#8221; box_link_text=&#8221;Send request&#8221; box_text=&#8221;Leverage agile frameworks to provide a robust synopsis for high level overviews. Iterative approaches to corporate strategy foster collaborative thinking to further the overall value proposition.&#8221; box_text_color=&#8221;#616161&#8243; box_title_color=&#8221;#212121&#8243; box_title_border_color=&#8221;#fd8c40&#8243; icon_color_hover=&#8221;#f38134&#8243; box_back_color_hover=&#8221;#fd8c40&#8243; box_text_color_hover=&#8221;#ffffff&#8221;][vc_custom_heading text=&#8221;PLANEAMIENTO SOSTENIBLE&#8221; font_container=&#8221;tag:h5|font_size:18px|text_align:left|color:%23ffffff|line_height:32px&#8221; use_theme_fonts=&#8221;yes&#8221; el_class=&#8221;letter-spacing-50&#8243; css=&#8221;.vc_custom_1571824139034{margin-bottom: 16px !important;}&#8221;][vc_column_text css=&#8221;.vc_custom_1571824251160{margin-bottom: 16px !important;}&#8221;]<span style=\"color: #ffffff;\">\u00bfC\u00f3mo podemos trabajar juntos hacia un futuro m\u00e1s verde?<\/span>[\/vc_column_text][et_line_button button_text=&#8221;Descubre m\u00e1s&#8221; button_link=&#8221;#link&#8221; button_color=&#8221;#ffffff&#8221; button_line_color=&#8221;#ffffff&#8221;][\/et_box_item_alt][et_box_item_alt icon_prefix=&#8221;globax&#8221; icon_name=&#8221;icon-gx-clipboard-verification-symbol&#8221; icon_color=&#8221;#ffffff&#8221; box_back_color=&#8221;#077d32&#8243; title=&#8221;Get a free quote&#8221; box_link=&#8221;#link&#8221; box_link_text=&#8221;Send request&#8221; box_text=&#8221;Leverage agile frameworks to provide a robust synopsis for high level overviews. Iterative approaches to corporate strategy foster collaborative thinking to further the overall value proposition.&#8221; box_text_color=&#8221;#616161&#8243; box_title_color=&#8221;#212121&#8243; box_title_border_color=&#8221;#fd8c40&#8243; icon_color_hover=&#8221;#f38134&#8243; box_back_color_hover=&#8221;#fd8c40&#8243; box_text_color_hover=&#8221;#ffffff&#8221;][vc_custom_heading text=&#8221;INNOVACI\u00d3N&#8221; font_container=&#8221;tag:h5|font_size:18px|text_align:left|color:%23ffffff|line_height:32px&#8221; use_theme_fonts=&#8221;yes&#8221; el_class=&#8221;letter-spacing-50&#8243; css=&#8221;.vc_custom_1571824168128{margin-bottom: 16px !important;}&#8221;][vc_column_text css=&#8221;.vc_custom_1571824230020{margin-bottom: 16px !important;}&#8221;]<span style=\"color: #ffffff;\">Descubre nuestras \u00faltimas innovaciones en plantaci\u00f3n de arbolado y soluciones de drenaje urbano sostenible (SuDS).<\/span>[\/vc_column_text][et_line_button button_text=&#8221;Descubre m\u00e1s&#8221; button_link=&#8221;#link&#8221; button_color=&#8221;#ffffff&#8221; button_line_color=&#8221;#ffffff&#8221;][\/et_box_item_alt][et_box_item_alt icon_prefix=&#8221;globax&#8221; icon_name=&#8221;icon-gx-clipboard-verification-symbol&#8221; icon_color=&#8221;#ffffff&#8221; box_back_color=&#8221;#1e73be&#8221; title=&#8221;Get a free quote&#8221; box_link=&#8221;#link&#8221; box_link_text=&#8221;Send request&#8221; box_text=&#8221;Leverage agile frameworks to provide a robust synopsis for high level overviews. Iterative approaches to corporate strategy foster collaborative thinking to further the overall value proposition.&#8221; box_text_color=&#8221;#616161&#8243; box_title_color=&#8221;#212121&#8243; box_title_border_color=&#8221;#fd8c40&#8243; icon_color_hover=&#8221;#f38134&#8243; box_back_color_hover=&#8221;#fd8c40&#8243; box_text_color_hover=&#8221;#ffffff&#8221;][vc_custom_heading text=&#8221;CONOCIMIENTO EXPERTO&#8221; font_container=&#8221;tag:h5|font_size:18px|text_align:left|color:%23ffffff|line_height:32px&#8221; use_theme_fonts=&#8221;yes&#8221; el_class=&#8221;letter-spacing-50&#8243; css=&#8221;.vc_custom_1571824180918{margin-bottom: 16px !important;}&#8221;][vc_column_text css=&#8221;.vc_custom_1571824446800{margin-bottom: 16px !important;}&#8221;]<span style=\"color: #ffffff;\">Habla con nuestros t\u00e9cnicos sobre tus proyectos.<\/span>[\/vc_column_text][et_line_button button_text=&#8221;Descubre m\u00e1s&#8221; button_link=&#8221;#link&#8221; button_color=&#8221;#ffffff&#8221; button_line_color=&#8221;#ffffff&#8221;][\/et_box_item_alt][\/et_content_box_alt][\/vc_column][\/vc_row][vc_row][vc_column][\/vc_column][\/vc_row][vc_row full_width=&#8221;stretch_row&#8221; gap=&#8221;0&#8243; css=&#8221;.vc_custom_1571223217326{padding-top: 0px !important;padding-bottom: 0px !important;background-color: #077d32 !important;background-position: center !important;background-repeat: no-repeat !important;background-size: contain !important;}&#8221; el_id=&#8221;background-position-75&#8243;][vc_column][et_gap height=&#8221;104&#8243; hide767=&#8221;true&#8221;][et_gap height=&#8221;24&#8243; hide768=&#8221;true&#8221;][et_ghost_title title=&#8221;Construyendo ciudades m\u00e1s verdes.&#8221; font_size=&#8221;130&#8243; mobile_font_size=&#8221;96px&#8221; color=&#8221;rgba(0,0,0,0.04)&#8221; horizontal_offset=&#8221;-4&#8243; align=&#8221;right&#8221;][vc_custom_heading text=&#8221;&#8221;Ning\u00fan otro elemento es capaz de traernos tantos y tan diversos beneficios a nuestros \u00e1reas urbanas como lo hacen las copas de nuestro \u00e1rboles maduros. &#8221; font_container=&#8221;tag:h4|font_size:40px|text_align:left|color:%23ffffff|line_height:40px&#8221; use_theme_fonts=&#8221;yes&#8221; mobile_font_size=&#8221;32px&#8221;][\/et_ghost_title][et_gap height=&#8221;48&#8243; hide768=&#8221;true&#8221;][et_gap height=&#8221;150&#8243; hide767=&#8221;true&#8221;][\/vc_column][\/vc_row][vc_row][vc_column][vc_column_text]Plantar \u00e1rboles en zonas altamente compactadas y hostiles se aleja completamente de las situaciones que nos encontramos en zonas forestales. Es por ello que recrear al m\u00e1ximo a ese entorno resulta fundamental para que nuestros \u00e1rboles tengan \u00e9xito.<\/p>\n<p>En GreenBlue Urban imaginamos un futuro en donde contribuir positivamente al paisaje urbano est\u00e9 protegido, promovido, mantenido y reconocido.[\/vc_column_text][\/vc_column][\/vc_row][vc_row][vc_column][vc_single_image image=&#8221;33428&#8243; img_size=&#8221;large&#8221; add_caption=&#8221;yes&#8221; alignment=&#8221;center&#8221;][et_gap][\/vc_column][\/vc_row][vc_row full_width=&#8221;stretch_row_content&#8221; gap=&#8221;0&#8243; css=&#8221;.vc_custom_1571824592653{background: #f5f5f5 url(https:\/\/greenblue.com\/wp-content\/uploads\/2019\/10\/testimonials-summary-image.jpg?id=14387) !important;background-position: center !important;background-repeat: no-repeat !important;background-size: cover !important;}&#8221;][vc_column animation_delay=&#8221;0&#8243; css=&#8221;.vc_custom_1530608688047{padding-top: 0px !important;}&#8221;][et_tagline title=&#8221;\u00bfNo encuentras lo que estabas buscando? Ponte en contacto!&#8221; back_color=&#8221;rgba(255,255,255,0.01)&#8221; button_text=&#8221;Cont\u00e1ctanos&#8221; button_link=&#8221;https:\/\/greenblue.com\/contact&#8221; button_color=&#8221;#ffffff&#8221; button_back_color=&#8221;#000000&#8243; button_color_hover=&#8221;#ffffff&#8221; button_back_color_hover=&#8221;#1e73be&#8221; icon_color=&#8221;rgba(170,170,170,0.52)&#8221; icon_size=&#8221;large&#8221;][\/vc_column][\/vc_row]<\/p>\n","protected":false},"excerpt":{"rendered":"<p>[vc_row][vc_column][vc_column_text]En GreenBlue Urban, la herencia que dejamos ser\u00e1n los \u00e1rboles urbanos. La infraestructura verde es nuestra \u00e1rea de especialidad y nuestro negocio est\u00e1 entregado al desarrollo de productos y metodolog\u00edas que traer\u00e1n \u00e1rboles con mayores copas a nuestros entornos urbanos por las pr\u00f3ximas generaciones.[\/vc_column_text][\/vc_column][\/vc_row][vc_row css=&#8221;.vc_custom_1530779803137{padding-top: 72px !important;padding-bottom: 72px !important;}&#8221;][vc_column][et_content_box_alt column=&#8221;3&#8243; gap=&#8221;24&#8243; animation_type=&#8221;sequential&#8221; animation_effect=&#8221;moveUp&#8221; hover_animation=&#8221;box&#8221;][et_box_item_alt icon_prefix=&#8221;globax&#8221; [&hellip;]<\/p>\n","protected":false},"author":3409,"featured_media":0,"parent":0,"menu_order":0,"comment_status":"closed","ping_status":"closed","template":"","meta":{"content-type":"","footnotes":""},"class_list":["post-52335","page","type-page","status-publish","hentry"],"acf":[],"yoast_head":"<!-- This site is optimized with the Yoast SEO plugin v27.5 - https:\/\/yoast.com\/product\/yoast-seo-wordpress\/ -->\n<title>Green Infrastructure &amp; Urban Planning | GreenBlue<\/title>\n<meta name=\"description\" content=\"Green infrastructure incorporates both natural and built environments using greening technology to create sustainable urban landscape designs.\" \/>\n<meta name=\"robots\" content=\"index, follow, max-snippet:-1, max-image-preview:large, max-video-preview:-1\" \/>\n<link rel=\"canonical\" href=\"https:\/\/greenblue.com\/es\/infraestructura-verde\/\" \/>\n<meta property=\"og:locale\" content=\"es_ES\" \/>\n<meta property=\"og:type\" content=\"article\" \/>\n<meta property=\"og:title\" content=\"Green Infrastructure &amp; Urban Planning | GreenBlue\" \/>\n<meta property=\"og:description\" content=\"Green infrastructure incorporates both natural and built environments using greening technology to create sustainable urban landscape designs.\" \/>\n<meta property=\"og:url\" content=\"https:\/\/greenblue.com\/es\/infraestructura-verde\/\" \/>\n<meta property=\"og:site_name\" content=\"GreenBlue Urban\" \/>\n<meta property=\"article:modified_time\" content=\"2023-06-13T15:52:16+00:00\" \/>\n<meta name=\"twitter:card\" content=\"summary_large_image\" \/>\n<meta name=\"twitter:label1\" content=\"Est. reading time\" \/>\n\t<meta name=\"twitter:data1\" content=\"4 minutes\" \/>\n<script type=\"application\/ld+json\" class=\"yoast-schema-graph\">{\"@context\":\"https:\\\/\\\/schema.org\",\"@graph\":[{\"@type\":\"WebPage\",\"@id\":\"https:\\\/\\\/greenblue.com\\\/es\\\/infraestructura-verde\\\/\",\"url\":\"https:\\\/\\\/greenblue.com\\\/es\\\/infraestructura-verde\\\/\",\"name\":\"Green Infrastructure & Urban Planning | GreenBlue\",\"isPartOf\":{\"@id\":\"https:\\\/\\\/greenblue.com\\\/gb\\\/#website\"},\"datePublished\":\"2021-01-20T17:27:20+00:00\",\"dateModified\":\"2023-06-13T15:52:16+00:00\",\"description\":\"Green infrastructure incorporates both natural and built environments using greening technology to create sustainable urban landscape designs.\",\"breadcrumb\":{\"@id\":\"https:\\\/\\\/greenblue.com\\\/es\\\/infraestructura-verde\\\/#breadcrumb\"},\"inLanguage\":\"es-ES\",\"potentialAction\":[{\"@type\":\"ReadAction\",\"target\":[\"https:\\\/\\\/greenblue.com\\\/es\\\/infraestructura-verde\\\/\"]}]},{\"@type\":\"BreadcrumbList\",\"@id\":\"https:\\\/\\\/greenblue.com\\\/es\\\/infraestructura-verde\\\/#breadcrumb\",\"itemListElement\":[{\"@type\":\"ListItem\",\"position\":1,\"name\":\"Home\",\"item\":\"https:\\\/\\\/greenblue.com\\\/es\\\/\"},{\"@type\":\"ListItem\",\"position\":2,\"name\":\"Infraestructura verde\"}]},{\"@type\":\"WebSite\",\"@id\":\"https:\\\/\\\/greenblue.com\\\/gb\\\/#website\",\"url\":\"https:\\\/\\\/greenblue.com\\\/gb\\\/\",\"name\":\"GreenBlue Urban\",\"description\":\"Creating Healthier Urban Spaces In Harmony With Nature\",\"publisher\":{\"@id\":\"https:\\\/\\\/greenblue.com\\\/gb\\\/#organization\"},\"potentialAction\":[{\"@type\":\"SearchAction\",\"target\":{\"@type\":\"EntryPoint\",\"urlTemplate\":\"https:\\\/\\\/greenblue.com\\\/gb\\\/?s={search_term_string}\"},\"query-input\":{\"@type\":\"PropertyValueSpecification\",\"valueRequired\":true,\"valueName\":\"search_term_string\"}}],\"inLanguage\":\"es-ES\"},{\"@type\":\"Organization\",\"@id\":\"https:\\\/\\\/greenblue.com\\\/gb\\\/#organization\",\"name\":\"GreenBlue Urban\",\"url\":\"https:\\\/\\\/greenblue.com\\\/gb\\\/\",\"logo\":{\"@type\":\"ImageObject\",\"inLanguage\":\"es-ES\",\"@id\":\"https:\\\/\\\/greenblue.com\\\/gb\\\/#\\\/schema\\\/logo\\\/image\\\/\",\"url\":\"https:\\\/\\\/greenblue.com\\\/wp-content\\\/uploads\\\/2019\\\/10\\\/logo-dark-gb.png\",\"contentUrl\":\"https:\\\/\\\/greenblue.com\\\/wp-content\\\/uploads\\\/2019\\\/10\\\/logo-dark-gb.png\",\"width\":120,\"height\":35,\"caption\":\"GreenBlue Urban\"},\"image\":{\"@id\":\"https:\\\/\\\/greenblue.com\\\/gb\\\/#\\\/schema\\\/logo\\\/image\\\/\"}}]}<\/script>\n<!-- \/ Yoast SEO plugin. -->","yoast_head_json":{"title":"Green Infrastructure & Urban Planning | GreenBlue","description":"Green infrastructure incorporates both natural and built environments using greening technology to create sustainable urban landscape designs.","robots":{"index":"index","follow":"follow","max-snippet":"max-snippet:-1","max-image-preview":"max-image-preview:large","max-video-preview":"max-video-preview:-1"},"canonical":"https:\/\/greenblue.com\/es\/infraestructura-verde\/","og_locale":"es_ES","og_type":"article","og_title":"Green Infrastructure & Urban Planning | GreenBlue","og_description":"Green infrastructure incorporates both natural and built environments using greening technology to create sustainable urban landscape designs.","og_url":"https:\/\/greenblue.com\/es\/infraestructura-verde\/","og_site_name":"GreenBlue Urban","article_modified_time":"2023-06-13T15:52:16+00:00","twitter_card":"summary_large_image","twitter_misc":{"Est. reading time":"4 minutes"},"schema":{"@context":"https:\/\/schema.org","@graph":[{"@type":"WebPage","@id":"https:\/\/greenblue.com\/es\/infraestructura-verde\/","url":"https:\/\/greenblue.com\/es\/infraestructura-verde\/","name":"Green Infrastructure & Urban Planning | GreenBlue","isPartOf":{"@id":"https:\/\/greenblue.com\/gb\/#website"},"datePublished":"2021-01-20T17:27:20+00:00","dateModified":"2023-06-13T15:52:16+00:00","description":"Green infrastructure incorporates both natural and built environments using greening technology to create sustainable urban landscape designs.","breadcrumb":{"@id":"https:\/\/greenblue.com\/es\/infraestructura-verde\/#breadcrumb"},"inLanguage":"es-ES","potentialAction":[{"@type":"ReadAction","target":["https:\/\/greenblue.com\/es\/infraestructura-verde\/"]}]},{"@type":"BreadcrumbList","@id":"https:\/\/greenblue.com\/es\/infraestructura-verde\/#breadcrumb","itemListElement":[{"@type":"ListItem","position":1,"name":"Home","item":"https:\/\/greenblue.com\/es\/"},{"@type":"ListItem","position":2,"name":"Infraestructura verde"}]},{"@type":"WebSite","@id":"https:\/\/greenblue.com\/gb\/#website","url":"https:\/\/greenblue.com\/gb\/","name":"GreenBlue Urban","description":"Creating Healthier Urban Spaces In Harmony With Nature","publisher":{"@id":"https:\/\/greenblue.com\/gb\/#organization"},"potentialAction":[{"@type":"SearchAction","target":{"@type":"EntryPoint","urlTemplate":"https:\/\/greenblue.com\/gb\/?s={search_term_string}"},"query-input":{"@type":"PropertyValueSpecification","valueRequired":true,"valueName":"search_term_string"}}],"inLanguage":"es-ES"},{"@type":"Organization","@id":"https:\/\/greenblue.com\/gb\/#organization","name":"GreenBlue Urban","url":"https:\/\/greenblue.com\/gb\/","logo":{"@type":"ImageObject","inLanguage":"es-ES","@id":"https:\/\/greenblue.com\/gb\/#\/schema\/logo\/image\/","url":"https:\/\/greenblue.com\/wp-content\/uploads\/2019\/10\/logo-dark-gb.png","contentUrl":"https:\/\/greenblue.com\/wp-content\/uploads\/2019\/10\/logo-dark-gb.png","width":120,"height":35,"caption":"GreenBlue Urban"},"image":{"@id":"https:\/\/greenblue.com\/gb\/#\/schema\/logo\/image\/"}}]}},"_links":{"self":[{"href":"https:\/\/greenblue.com\/es\/wp-json\/wp\/v2\/pages\/52335","targetHints":{"allow":["GET"]}}],"collection":[{"href":"https:\/\/greenblue.com\/es\/wp-json\/wp\/v2\/pages"}],"about":[{"href":"https:\/\/greenblue.com\/es\/wp-json\/wp\/v2\/types\/page"}],"author":[{"embeddable":true,"href":"https:\/\/greenblue.com\/es\/wp-json\/wp\/v2\/users\/3409"}],"replies":[{"embeddable":true,"href":"https:\/\/greenblue.com\/es\/wp-json\/wp\/v2\/comments?post=52335"}],"version-history":[{"count":0,"href":"https:\/\/greenblue.com\/es\/wp-json\/wp\/v2\/pages\/52335\/revisions"}],"wp:attachment":[{"href":"https:\/\/greenblue.com\/es\/wp-json\/wp\/v2\/media?parent=52335"}],"curies":[{"name":"wp","href":"https:\/\/api.w.org\/{rel}","templated":true}]}}