{"id":52342,"date":"2021-01-20T17:43:34","date_gmt":"2021-01-20T17:43:34","guid":{"rendered":"https:\/\/greenblue.com\/infraestructura-verde\/beneficios-del-arbolado-urbano\/"},"modified":"2023-06-13T16:45:39","modified_gmt":"2023-06-13T15:45:39","slug":"beneficios-del-arbol-urbano","status":"publish","type":"page","link":"https:\/\/greenblue.com\/es\/beneficios-del-arbol-urbano\/","title":{"rendered":"Beneficios del \u00e1rbol urbano"},"content":{"rendered":"<p>Los \u00e1rboles de nuestros pueblos y ciudades aportan grandes<a href=\"https:\/\/www.fao.org\/3\/c0024e\/c0024e.pdf\"> beneficios<\/a> a nivel medioambiental, social y econ\u00f3mico, que tanto autoridades municipales como promotores, urbanistas, arquitectos, y proyectistas en general deben tener en cuenta.<\/p>\n<p><strong>Salud &#8211;<\/strong> Los \u00e1rboles urbanos tienen un impacto positivo sobre la incidencia del c\u00e1ncer de piel, asma, hipertensi\u00f3n, y el estr\u00e9s relacionado con muchas enfermedades en nuestras \u00e1reas urbanas. Los \u00e1rboles tambi\u00e9n aportan numerosos beneficios relacionados con la salud mental.<\/p>\n<p><strong>Eficiencia \u2013<\/strong> Estudios han estimado que por cada euro invertido en plantaci\u00f3n de arbolado, supondr\u00e1 un ahorro de 7 euros en gastos de energ\u00eda e infraestructura.<\/p>\n<p><strong>Valor inmobiliario \u2013<\/strong> Los \u00e1rboles urbanos pueden incrementar considerablemente el valor inmobiliario. Estudios independientes muestran un incremente significativo en el valor de las propiedades en zonas con arbolado viario de entre un 5 y 15%.<\/p>\n<p><strong>Reducci\u00f3n del crimen \u2013<\/strong> Investigadores han descubierto reducciones en los niveles de robo y crimen, incluyendo violencia dom\u00e9stica en \u00e1reas con arbolado urbano maduro.<\/p>\n<p><strong>Calidad del aire \u2013<\/strong> Estudios muestran hasta un 60% de reducci\u00f3n de part\u00edculas contaminantes en calles con arbolado viario. Por cada 10% de incremento en cobertura arb\u00f3rea, el ozono se ve reducido entre un 3 y un 7%.<\/p>\n<p><strong>Efecto de enfriamiento \u2013<\/strong> Un \u00e1rbol maduro puede generar el mismo efecto de enfriamiento que 10 aparatos de aire acondicionado, lo que convierte al \u00e1rbol urbano en una herramienta enormemente efectiva contra el efecto isla de calor en ciudades, reduciendo hasta un 10% el consumo de energ\u00eda municipal.<\/p>\n<p>Para conocer m\u00e1s <a href=\"\/es?p=60937\">descarga nuestra gu\u00eda gratuita<\/a> para seguir aprendiendo sobre los numerosos beneficios que los \u00e1rboles nos pueden aportar, incluyendo reducci\u00f3n del tr\u00e1fico, gesti\u00f3n de agua de lluvia, cohesi\u00f3n social, reducci\u00f3n de carbono, y mucho m\u00e1s.<\/p>\n","protected":false},"excerpt":{"rendered":"<p>Los \u00e1rboles de nuestros pueblos y ciudades aportan grandes beneficios a nivel medioambiental, social y econ\u00f3mico, que tanto autoridades municipales como promotores, urbanistas, arquitectos, y proyectistas en general deben tener en cuenta. Salud &#8211; Los \u00e1rboles urbanos tienen un impacto positivo sobre la incidencia del c\u00e1ncer de piel, asma, hipertensi\u00f3n, y el estr\u00e9s relacionado con [&hellip;]<\/p>\n","protected":false},"author":3409,"featured_media":94827,"parent":0,"menu_order":0,"comment_status":"closed","ping_status":"closed","template":"","meta":{"content-type":"","footnotes":""},"class_list":["post-52342","page","type-page","status-publish","has-post-thumbnail","hentry"],"acf":[],"yoast_head":"<!-- This site is optimized with the Yoast SEO plugin v27.5 - https:\/\/yoast.com\/product\/yoast-seo-wordpress\/ -->\n<title>Beneficios del \u00e1rbol urbano<\/title>\n<meta name=\"description\" content=\"Los \u00e1rboles aportan enormes beneficios. Ante la crisis clim\u00e1tica que vivimos, contar con \u00e1rboles maduros resulta fundamental.\" \/>\n<meta name=\"robots\" content=\"index, follow, max-snippet:-1, max-image-preview:large, max-video-preview:-1\" \/>\n<link rel=\"canonical\" href=\"https:\/\/greenblue.com\/es\/beneficios-del-arbol-urbano\/\" \/>\n<meta property=\"og:locale\" content=\"es_ES\" \/>\n<meta property=\"og:type\" content=\"article\" \/>\n<meta property=\"og:title\" content=\"Beneficios del \u00e1rbol urbano\" \/>\n<meta property=\"og:description\" content=\"Los \u00e1rboles aportan enormes beneficios. Ante la crisis clim\u00e1tica que vivimos, contar con \u00e1rboles maduros resulta fundamental.\" \/>\n<meta property=\"og:url\" content=\"https:\/\/greenblue.com\/es\/beneficios-del-arbol-urbano\/\" \/>\n<meta property=\"og:site_name\" content=\"GreenBlue Urban\" \/>\n<meta property=\"article:modified_time\" content=\"2023-06-13T15:45:39+00:00\" \/>\n<meta property=\"og:image\" content=\"https:\/\/greenblue.com\/wp-content\/uploads\/2023\/03\/20210608_133207-scaled.jpg\" \/>\n\t<meta property=\"og:image:width\" content=\"2560\" \/>\n\t<meta property=\"og:image:height\" content=\"1920\" \/>\n\t<meta property=\"og:image:type\" content=\"image\/jpeg\" \/>\n<meta name=\"twitter:card\" content=\"summary_large_image\" \/>\n<meta name=\"twitter:label1\" content=\"Est. reading time\" \/>\n\t<meta name=\"twitter:data1\" content=\"2 minutes\" \/>\n<script type=\"application\/ld+json\" class=\"yoast-schema-graph\">{\"@context\":\"https:\\\/\\\/schema.org\",\"@graph\":[{\"@type\":\"WebPage\",\"@id\":\"https:\\\/\\\/greenblue.com\\\/es\\\/beneficios-del-arbol-urbano\\\/\",\"url\":\"https:\\\/\\\/greenblue.com\\\/es\\\/beneficios-del-arbol-urbano\\\/\",\"name\":\"Beneficios del \u00e1rbol urbano\",\"isPartOf\":{\"@id\":\"https:\\\/\\\/greenblue.com\\\/gb\\\/#website\"},\"primaryImageOfPage\":{\"@id\":\"https:\\\/\\\/greenblue.com\\\/es\\\/beneficios-del-arbol-urbano\\\/#primaryimage\"},\"image\":{\"@id\":\"https:\\\/\\\/greenblue.com\\\/es\\\/beneficios-del-arbol-urbano\\\/#primaryimage\"},\"thumbnailUrl\":\"https:\\\/\\\/greenblue.com\\\/wp-content\\\/uploads\\\/2023\\\/03\\\/20210608_133207-scaled.jpg?wsr\",\"datePublished\":\"2021-01-20T17:43:34+00:00\",\"dateModified\":\"2023-06-13T15:45:39+00:00\",\"description\":\"Los \u00e1rboles aportan enormes beneficios. Ante la crisis clim\u00e1tica que vivimos, contar con \u00e1rboles maduros resulta fundamental.\",\"breadcrumb\":{\"@id\":\"https:\\\/\\\/greenblue.com\\\/es\\\/beneficios-del-arbol-urbano\\\/#breadcrumb\"},\"inLanguage\":\"es-ES\",\"potentialAction\":[{\"@type\":\"ReadAction\",\"target\":[\"https:\\\/\\\/greenblue.com\\\/es\\\/beneficios-del-arbol-urbano\\\/\"]}]},{\"@type\":\"ImageObject\",\"inLanguage\":\"es-ES\",\"@id\":\"https:\\\/\\\/greenblue.com\\\/es\\\/beneficios-del-arbol-urbano\\\/#primaryimage\",\"url\":\"https:\\\/\\\/greenblue.com\\\/wp-content\\\/uploads\\\/2023\\\/03\\\/20210608_133207-scaled.jpg?wsr\",\"contentUrl\":\"https:\\\/\\\/greenblue.com\\\/wp-content\\\/uploads\\\/2023\\\/03\\\/20210608_133207-scaled.jpg?wsr\",\"width\":2560,\"height\":1920},{\"@type\":\"BreadcrumbList\",\"@id\":\"https:\\\/\\\/greenblue.com\\\/es\\\/beneficios-del-arbol-urbano\\\/#breadcrumb\",\"itemListElement\":[{\"@type\":\"ListItem\",\"position\":1,\"name\":\"Home\",\"item\":\"https:\\\/\\\/greenblue.com\\\/es\\\/\"},{\"@type\":\"ListItem\",\"position\":2,\"name\":\"Beneficios del \u00e1rbol urbano\"}]},{\"@type\":\"WebSite\",\"@id\":\"https:\\\/\\\/greenblue.com\\\/gb\\\/#website\",\"url\":\"https:\\\/\\\/greenblue.com\\\/gb\\\/\",\"name\":\"GreenBlue Urban\",\"description\":\"Creating Healthier Urban Spaces In Harmony With Nature\",\"publisher\":{\"@id\":\"https:\\\/\\\/greenblue.com\\\/gb\\\/#organization\"},\"potentialAction\":[{\"@type\":\"SearchAction\",\"target\":{\"@type\":\"EntryPoint\",\"urlTemplate\":\"https:\\\/\\\/greenblue.com\\\/gb\\\/?s={search_term_string}\"},\"query-input\":{\"@type\":\"PropertyValueSpecification\",\"valueRequired\":true,\"valueName\":\"search_term_string\"}}],\"inLanguage\":\"es-ES\"},{\"@type\":\"Organization\",\"@id\":\"https:\\\/\\\/greenblue.com\\\/gb\\\/#organization\",\"name\":\"GreenBlue Urban\",\"url\":\"https:\\\/\\\/greenblue.com\\\/gb\\\/\",\"logo\":{\"@type\":\"ImageObject\",\"inLanguage\":\"es-ES\",\"@id\":\"https:\\\/\\\/greenblue.com\\\/gb\\\/#\\\/schema\\\/logo\\\/image\\\/\",\"url\":\"https:\\\/\\\/greenblue.com\\\/wp-content\\\/uploads\\\/2019\\\/10\\\/logo-dark-gb.png\",\"contentUrl\":\"https:\\\/\\\/greenblue.com\\\/wp-content\\\/uploads\\\/2019\\\/10\\\/logo-dark-gb.png\",\"width\":120,\"height\":35,\"caption\":\"GreenBlue Urban\"},\"image\":{\"@id\":\"https:\\\/\\\/greenblue.com\\\/gb\\\/#\\\/schema\\\/logo\\\/image\\\/\"}}]}<\/script>\n<!-- \/ Yoast SEO plugin. -->","yoast_head_json":{"title":"Beneficios del \u00e1rbol urbano","description":"Los \u00e1rboles aportan enormes beneficios. Ante la crisis clim\u00e1tica que vivimos, contar con \u00e1rboles maduros resulta fundamental.","robots":{"index":"index","follow":"follow","max-snippet":"max-snippet:-1","max-image-preview":"max-image-preview:large","max-video-preview":"max-video-preview:-1"},"canonical":"https:\/\/greenblue.com\/es\/beneficios-del-arbol-urbano\/","og_locale":"es_ES","og_type":"article","og_title":"Beneficios del \u00e1rbol urbano","og_description":"Los \u00e1rboles aportan enormes beneficios. Ante la crisis clim\u00e1tica que vivimos, contar con \u00e1rboles maduros resulta fundamental.","og_url":"https:\/\/greenblue.com\/es\/beneficios-del-arbol-urbano\/","og_site_name":"GreenBlue Urban","article_modified_time":"2023-06-13T15:45:39+00:00","og_image":[{"width":2560,"height":1920,"url":"https:\/\/greenblue.com\/wp-content\/uploads\/2023\/03\/20210608_133207-scaled.jpg","type":"image\/jpeg"}],"twitter_card":"summary_large_image","twitter_misc":{"Est. reading time":"2 minutes"},"schema":{"@context":"https:\/\/schema.org","@graph":[{"@type":"WebPage","@id":"https:\/\/greenblue.com\/es\/beneficios-del-arbol-urbano\/","url":"https:\/\/greenblue.com\/es\/beneficios-del-arbol-urbano\/","name":"Beneficios del \u00e1rbol urbano","isPartOf":{"@id":"https:\/\/greenblue.com\/gb\/#website"},"primaryImageOfPage":{"@id":"https:\/\/greenblue.com\/es\/beneficios-del-arbol-urbano\/#primaryimage"},"image":{"@id":"https:\/\/greenblue.com\/es\/beneficios-del-arbol-urbano\/#primaryimage"},"thumbnailUrl":"https:\/\/greenblue.com\/wp-content\/uploads\/2023\/03\/20210608_133207-scaled.jpg?wsr","datePublished":"2021-01-20T17:43:34+00:00","dateModified":"2023-06-13T15:45:39+00:00","description":"Los \u00e1rboles aportan enormes beneficios. Ante la crisis clim\u00e1tica que vivimos, contar con \u00e1rboles maduros resulta fundamental.","breadcrumb":{"@id":"https:\/\/greenblue.com\/es\/beneficios-del-arbol-urbano\/#breadcrumb"},"inLanguage":"es-ES","potentialAction":[{"@type":"ReadAction","target":["https:\/\/greenblue.com\/es\/beneficios-del-arbol-urbano\/"]}]},{"@type":"ImageObject","inLanguage":"es-ES","@id":"https:\/\/greenblue.com\/es\/beneficios-del-arbol-urbano\/#primaryimage","url":"https:\/\/greenblue.com\/wp-content\/uploads\/2023\/03\/20210608_133207-scaled.jpg?wsr","contentUrl":"https:\/\/greenblue.com\/wp-content\/uploads\/2023\/03\/20210608_133207-scaled.jpg?wsr","width":2560,"height":1920},{"@type":"BreadcrumbList","@id":"https:\/\/greenblue.com\/es\/beneficios-del-arbol-urbano\/#breadcrumb","itemListElement":[{"@type":"ListItem","position":1,"name":"Home","item":"https:\/\/greenblue.com\/es\/"},{"@type":"ListItem","position":2,"name":"Beneficios del \u00e1rbol urbano"}]},{"@type":"WebSite","@id":"https:\/\/greenblue.com\/gb\/#website","url":"https:\/\/greenblue.com\/gb\/","name":"GreenBlue Urban","description":"Creating Healthier Urban Spaces In Harmony With Nature","publisher":{"@id":"https:\/\/greenblue.com\/gb\/#organization"},"potentialAction":[{"@type":"SearchAction","target":{"@type":"EntryPoint","urlTemplate":"https:\/\/greenblue.com\/gb\/?s={search_term_string}"},"query-input":{"@type":"PropertyValueSpecification","valueRequired":true,"valueName":"search_term_string"}}],"inLanguage":"es-ES"},{"@type":"Organization","@id":"https:\/\/greenblue.com\/gb\/#organization","name":"GreenBlue Urban","url":"https:\/\/greenblue.com\/gb\/","logo":{"@type":"ImageObject","inLanguage":"es-ES","@id":"https:\/\/greenblue.com\/gb\/#\/schema\/logo\/image\/","url":"https:\/\/greenblue.com\/wp-content\/uploads\/2019\/10\/logo-dark-gb.png","contentUrl":"https:\/\/greenblue.com\/wp-content\/uploads\/2019\/10\/logo-dark-gb.png","width":120,"height":35,"caption":"GreenBlue Urban"},"image":{"@id":"https:\/\/greenblue.com\/gb\/#\/schema\/logo\/image\/"}}]}},"_links":{"self":[{"href":"https:\/\/greenblue.com\/es\/wp-json\/wp\/v2\/pages\/52342","targetHints":{"allow":["GET"]}}],"collection":[{"href":"https:\/\/greenblue.com\/es\/wp-json\/wp\/v2\/pages"}],"about":[{"href":"https:\/\/greenblue.com\/es\/wp-json\/wp\/v2\/types\/page"}],"author":[{"embeddable":true,"href":"https:\/\/greenblue.com\/es\/wp-json\/wp\/v2\/users\/3409"}],"replies":[{"embeddable":true,"href":"https:\/\/greenblue.com\/es\/wp-json\/wp\/v2\/comments?post=52342"}],"version-history":[{"count":0,"href":"https:\/\/greenblue.com\/es\/wp-json\/wp\/v2\/pages\/52342\/revisions"}],"wp:featuredmedia":[{"embeddable":true,"href":"https:\/\/greenblue.com\/es\/wp-json\/wp\/v2\/media\/94827"}],"wp:attachment":[{"href":"https:\/\/greenblue.com\/es\/wp-json\/wp\/v2\/media?parent=52342"}],"curies":[{"name":"wp","href":"https:\/\/api.w.org\/{rel}","templated":true}]}}