{"id":53020,"date":"2021-02-17T22:17:11","date_gmt":"2021-02-17T22:17:11","guid":{"rendered":"https:\/\/greenblue.com\/soluciones\/sistemas-integrales-de-plantacion\/"},"modified":"2023-06-13T16:55:09","modified_gmt":"2023-06-13T15:55:09","slug":"sistemas-integrales-de-plantacion","status":"publish","type":"page","link":"https:\/\/greenblue.com\/es\/sistemas-integrales-de-plantacion\/","title":{"rendered":"Sistemas integrales de plantaci\u00f3n"},"content":{"rendered":"<p>[vc_row][vc_column][\/vc_column][\/vc_row][vc_row][vc_column width=&#8221;1\/2&#8243;][et_highlight_title type=&#8221;h5&#8243; title=&#8221;GreenBlue Urban&#8221; line_color=&#8221;#077d32&#8243;][vc_column_text]<\/p>\n<h1>Sistemas Integrales de Plantaci\u00f3n<\/h1>\n<p>[\/vc_column_text][\/vc_column][vc_column width=&#8221;1\/2&#8243;][\/vc_column][\/vc_row][vc_row][vc_column width=&#8221;1\/2&#8243;][vc_single_image image=&#8221;34214&#8243; img_size=&#8221;large&#8221; add_caption=&#8221;yes&#8221;][\/vc_column][vc_column width=&#8221;1\/2&#8243;][vc_column_text]Los sistemas integrales de plantaci\u00f3n de \u00e1rboles de GreenBlue Urban combinan los elementos esenciales para el dise\u00f1o de \u00e9xito del alcorque, todo en un solo paquete.<\/p>\n<p>Desde su origen y desarrollo hasta la actualidad, el sistema integrado <strong>ArborSystem<\/strong> ha demostrado su eficacia en las ubicaciones m\u00e1s exigentes. Para muchos paisajistas, ArborSystem se ha convertido en el sistema de su elecci\u00f3n a la hora de integrar \u00e1rboles en entornos urbanos.[\/vc_column_text][\/vc_column][\/vc_row][vc_section][vc_row gap=&#8221;0&#8243; css=&#8221;.vc_custom_1531843586639{padding-top: 96px !important;}&#8221;][vc_column animation_delay=&#8221;0&#8243; offset=&#8221;vc_col-lg-6 vc_col-md-8 vc_col-xs-12&#8243;][et_highlight_title type=&#8221;h6&#8243; font_size=&#8221;12&#8243; line_height=&#8221;24&#8243; letter_spacing=&#8221;0.5&#8243; title=&#8221;GreenBlue Urban&#8221; line_color=&#8221;#007d32&#8243;][et_animated_title type=&#8221;h3&#8243; font_size=&#8221;48&#8243; mobile_font_size=&#8221;32px&#8221; line_height=&#8221;56&#8243; animation_type=&#8221;words-direct&#8221; start_delay=&#8221;100&#8243;]\u00bfPor qu\u00e9 utilizar los sistemas integrales de GreenBlue Urban?[\/et_animated_title][\/vc_column][vc_column animation_delay=&#8221;0&#8243; width=&#8221;1\/2&#8243; offset=&#8221;vc_hidden-lg vc_hidden-md vc_hidden-sm vc_hidden-xs&#8221;][\/vc_column][\/vc_row][vc_row gap=&#8221;0&#8243; css=&#8221;.vc_custom_1531831408148{padding-bottom: 64px !important;}&#8221;][vc_column animation_delay=&#8221;0&#8243; css=&#8221;.vc_custom_1530713434392{background-image: url(https:\/\/enovathemes.com\/globax\/wp-content\/uploads\/world.jpg?id=11623) !important;background-position: center !important;background-repeat: no-repeat !important;background-size: contain !important;}&#8221;][et_content_box column=&#8221;3&#8243; gap=&#8221;80&#8243; animation_type=&#8221;random&#8221; animation_effect=&#8221;moveUp&#8221; icon_size=&#8221;large&#8221; animate_hover=&#8221;icon-move&#8221;][et_box_item icon_prefix=&#8221;far&#8221; icon_name=&#8221;fa-check-circle&#8221; icon_color=&#8221;#007d32&#8243;][vc_custom_heading text=&#8221;Compatibilidad del Producto&#8221; font_container=&#8221;tag:h5|font_size:18px|text_align:left|line_height:32px&#8221; use_theme_fonts=&#8221;yes&#8221; el_class=&#8221;letter-spacing-50&#8243; css=&#8221;.vc_custom_1609764672528{margin-bottom: 16px !important;}&#8221;][vc_column_text css=&#8221;.vc_custom_1609765600932{margin-bottom: 16px !important;}&#8221;]Asegura la compatibilidad de todos los productos y evita retrasos costosos en obra al especificar un solo sistema.[\/vc_column_text][\/et_box_item][et_box_item icon_prefix=&#8221;fas&#8221; icon_name=&#8221;fa-exchange-alt&#8221; icon_color=&#8221;#007d32&#8243;][vc_custom_heading text=&#8221;Adaptabilidad&#8221; font_container=&#8221;tag:h5|font_size:18px|text_align:left|line_height:32px&#8221; use_theme_fonts=&#8221;yes&#8221; el_class=&#8221;letter-spacing-50&#8243; css=&#8221;.vc_custom_1609765147853{margin-bottom: 16px !important;}&#8221;][vc_column_text css=&#8221;.vc_custom_1610618928160{margin-bottom: 16px !important;}&#8221;]Trabaja ante las limitaciones bajo tierra y las dificultades de la obra con facilidad al usar un sistema \u00fanico.[\/vc_column_text][\/et_box_item][et_box_item icon_prefix=&#8221;fas&#8221; icon_name=&#8221;fa-hard-hat&#8221; icon_color=&#8221;#007d32&#8243;][vc_custom_heading text=&#8221;Apoyo en Obra&#8221; font_container=&#8221;tag:h5|font_size:18px|text_align:left|line_height:32px&#8221; use_theme_fonts=&#8221;yes&#8221; el_class=&#8221;letter-spacing-50&#8243; css=&#8221;.vc_custom_1609764650654{margin-bottom: 16px !important;}&#8221;][vc_column_text css=&#8221;.vc_custom_1609766191196{margin-bottom: 16px !important;}&#8221;]Nuestro equipo de especialistas estar\u00e1n a tu lado para asegurar el \u00e9xito de tu proyecto.[\/vc_column_text][\/et_box_item][\/et_content_box][\/vc_column][\/vc_row][\/vc_section][vc_row][vc_column width=&#8221;1\/2&#8243;][et_braket title_type=&#8221;h3&#8243; braket_color=&#8221;#077d32&#8243; sub_title=&#8221;How to videos&#8221; title=&#8221;C\u00f3noce c\u00f3mo se construye el sistema ArborSystem&#8221;][\/et_braket][\/vc_column][vc_column width=&#8221;1\/2&#8243;][vc_column_text]<script src=\"https:\/\/fast.wistia.com\/embed\/medias\/d8rdgzlvgq.jsonp\" async><\/script><script src=\"https:\/\/fast.wistia.com\/assets\/external\/E-v1.js\" async><\/script><\/p>\n<div class=\"wistia_responsive_padding\" style=\"padding: 56.25% 0 0 0; position: relative;\">\n<div class=\"wistia_responsive_wrapper\" style=\"height: 100%; left: 0; position: absolute; top: 0; width: 100%;\"><span class=\"wistia_embed wistia_async_d8rdgzlvgq popover=true popoverAnimateThumbnail=true videoFoam=true\" style=\"display: inline-block; height: 100%; position: relative; width: 100%;\">\u00a0<\/span><\/div>\n<\/div>\n<p>[\/vc_column_text][\/vc_column][\/vc_row][vc_row gap=&#8221;0&#8243; css=&#8221;.vc_custom_1531843586639{padding-top: 96px !important;}&#8221;][vc_column animation_delay=&#8221;0&#8243; offset=&#8221;vc_col-lg-6 vc_col-md-8 vc_col-xs-12&#8243;][et_animated_title type=&#8221;h3&#8243; font_size=&#8221;48&#8243; mobile_font_size=&#8221;32px&#8221; line_height=&#8221;56&#8243; animation_type=&#8221;words-direct&#8221; start_delay=&#8221;100&#8243;]Paquetes de Plantaci\u00f3n[\/et_animated_title][vc_empty_space][\/vc_column][vc_column animation_delay=&#8221;0&#8243; width=&#8221;1\/2&#8243; offset=&#8221;vc_hidden-lg vc_hidden-md vc_hidden-sm vc_hidden-xs&#8221;][\/vc_column][\/vc_row][vc_row equal_height=&#8221;yes&#8221;][vc_column width=&#8221;1\/2&#8243;][vc_separator el_width=&#8221;90&#8243;][vc_single_image image=&#8221;52053&#8243; img_size=&#8221;medium&#8221; alignment=&#8221;center&#8221; onclick=&#8221;custom_link&#8221; link=&#8221;https:\/\/greenblue.com\/es\/products\/arborsystem\/&#8221;][vc_custom_heading text=&#8221;ArborSystem&#8221; font_container=&#8221;tag:h4|text_align:left|color:%23077d32|line_height:32px&#8221; use_theme_fonts=&#8221;yes&#8221; link=&#8221;url:https%3A%2F%2Fgreenblue.com%2Fes%2Fproducts%2Farborsystem%2F|&#8221;][vc_column_text]Los sistemas integrales de plantaci\u00f3n de \u00e1rboles de GreenBlue Urban combinan los elementos esenciales para el dise\u00f1o de \u00e9xito del alcorque, todo en un solo paquete que facilita la especificaci\u00f3n y la instalaci\u00f3n del sistema.[\/vc_column_text][vc_column_text]<strong>Caracter\u00edsticas<\/strong><\/p>\n<ul>\n<li>Asegura la compatibilidad de los productos<\/li>\n<li>Reduce dr\u00e1sticamente los tiempos de especificaci\u00f3n y medici\u00f3n<\/li>\n<li>Adapta el sistema a las limitaciones de espacio y presupuesto<\/li>\n<li>Benef\u00edciate de nuestro apoyo en obra<\/li>\n<\/ul>\n<p>[\/vc_column_text][et_button button_text=&#8221;FICHA T\u00c9CNICA&#8221; button_link=&#8221;https:\/\/greenblue.com\/es\/resource-centre\/arborsystem-specification\/&#8221; button_color=&#8221;#ffffff&#8221; button_back_color=&#8221;#006699&#8243; button_color_hover=&#8221;#ffffff&#8221; button_back_color_hover=&#8221;#000000&#8243;][et_button button_text=&#8221;SOLICITA TU PRESUPUESTO&#8221; button_link=&#8221;https:\/\/greenblue.com\/es\/contactanos\/&#8221; button_color=&#8221;#ffffff&#8221; button_back_color=&#8221;#ff893a&#8221; button_color_hover=&#8221;#ffffff&#8221; button_back_color_hover=&#8221;#000000&#8243;][et_button button_text=&#8221;EXPLORA EN LA WEB&#8221; button_link=&#8221;https:\/\/greenblue.com\/es\/products\/arborsystem\/&#8221; button_color=&#8221;#ffffff&#8221; button_back_color=&#8221;#077d32&#8243; button_color_hover=&#8221;#ffffff&#8221; button_back_color_hover=&#8221;#000000&#8243;][vc_separator el_width=&#8221;90&#8243;][\/vc_column][vc_column width=&#8221;1\/2&#8243;][vc_separator el_width=&#8221;90&#8243;][vc_single_image image=&#8221;52048&#8243; img_size=&#8221;medium&#8221; alignment=&#8221;center&#8221; onclick=&#8221;custom_link&#8221; link=&#8221;https:\/\/greenblue.com\/es\/products\/arborflow\/&#8221;][vc_custom_heading text=&#8221;ArborFlow&#8221; font_container=&#8221;tag:h4|text_align:left|color:%23077d32|line_height:32px&#8221; use_theme_fonts=&#8221;yes&#8221; link=&#8221;url:https%3A%2F%2Fgreenblue.com%2Fes%2Fproducts%2Farborflow%2F|&#8221;][vc_column_text]El sistema <strong>ArborFlow<\/strong> de GreenBlue Urban combina los elementos de \u00e9xito para el dise\u00f1o del alcorque con la creaci\u00f3n de una soluci\u00f3n innovadora para la gesti\u00f3n de escorrent\u00edas.[\/vc_column_text][vc_column_text]<strong>Caracter\u00edsticas<\/strong><\/p>\n<ul>\n<li>Asegura la compatibilidad del producto<\/li>\n<li>Alcanza los requisitos de drenaje con la infraestructura verde<\/li>\n<li>Adaptable para encajar en diferentes ubicaciones y ante limitaciones de presupuesto.<\/li>\n<li>Apoyo en los c\u00e1lculos hidr\u00e1ulicos<\/li>\n<\/ul>\n<p>[\/vc_column_text][et_button button_text=&#8221;SOLICITA TU PRESUPUESTO&#8221; button_link=&#8221;https:\/\/greenblue.com\/es\/contactanos\/&#8221; button_color=&#8221;#ffffff&#8221; button_back_color=&#8221;#ff893a&#8221; button_color_hover=&#8221;#ffffff&#8221; button_back_color_hover=&#8221;#000000&#8243;][et_button button_text=&#8221;EXPLORA EN LA WEB&#8221; button_link=&#8221;https:\/\/greenblue.com\/es\/products\/arborflow\/&#8221; button_color=&#8221;#ffffff&#8221; button_back_color=&#8221;#077d32&#8243; button_color_hover=&#8221;#ffffff&#8221; button_back_color_hover=&#8221;#000000&#8243;][vc_separator el_width=&#8221;90&#8243;][\/vc_column][\/vc_row][vc_row equal_height=&#8221;yes&#8221;][vc_column width=&#8221;1\/2&#8243;][vc_separator el_width=&#8221;90&#8243;][vc_single_image image=&#8221;46474&#8243; img_size=&#8221;medium&#8221; alignment=&#8221;center&#8221; onclick=&#8221;custom_link&#8221; link=&#8221;https:\/\/greenblue.com\/products\/arborcharge\/&#8221;][vc_custom_heading text=&#8221;ArborCharge&#8221; font_container=&#8221;tag:h4|text_align:left|color:%23077d32|line_height:32px&#8221; use_theme_fonts=&#8221;yes&#8221; link=&#8221;url:https%3A%2F%2Fgreenblue.com%2Fproducts%2Farborcharge%2F|&#8221;][vc_column_text]ArborCharge combina la carga de coches el\u00e9ctricos con ArborSystem de GreenBlue Urban y ArborFlow para crear el definitivo alcorque multifunci\u00f3n.[\/vc_column_text][vc_column_text]<strong>Caracter\u00edsticas<\/strong><\/p>\n<ul>\n<li>Adaptable a las calles del futuro IOT.<\/li>\n<li>Enganches de fijaci\u00f3n al protector del \u00e1rbol.<\/li>\n<li>M\u00faltiples puntos de carga.<\/li>\n<li>Sistema escalable de carga.<\/li>\n<\/ul>\n<p>[\/vc_column_text][et_button button_text=&#8221;FICHA T\u00c9CNICA&#8221; button_link=&#8221;https:\/\/greenblue.com\/datasheets\/arborcharge\/&#8221; button_color=&#8221;#ffffff&#8221; button_back_color=&#8221;#006699&#8243; button_color_hover=&#8221;#ffffff&#8221; button_back_color_hover=&#8221;#000000&#8243;][et_button button_text=&#8221;SOLICITA TU PRESUPUESTO&#8221; button_link=&#8221;https:\/\/greenblue.com\/es\/contactanos\/&#8221; button_color=&#8221;#ffffff&#8221; button_back_color=&#8221;#ff893a&#8221; button_color_hover=&#8221;#ffffff&#8221; button_back_color_hover=&#8221;#000000&#8243;][et_button button_text=&#8221;EXPLORA EN LA WEB&#8221; button_link=&#8221;https:\/\/greenblue.com\/products\/arborcharge\/&#8221; button_color=&#8221;#ffffff&#8221; button_back_color=&#8221;#077d32&#8243; button_color_hover=&#8221;#ffffff&#8221; button_back_color_hover=&#8221;#000000&#8243;][vc_separator el_width=&#8221;90&#8243;][\/vc_column][vc_column width=&#8221;1\/2&#8243;][\/vc_column][\/vc_row][vc_row full_width=&#8221;stretch_row_content&#8221; gap=&#8221;0&#8243; css=&#8221;.vc_custom_1530608429182{background: #f5f5f5 url(https:\/\/enovathemes.com\/globax\/wp-content\/uploads\/globus_image_extra_smal.jpg?id=11490) !important;background-position: center !important;background-repeat: no-repeat !important;background-size: cover !important;}&#8221;][vc_column animation_delay=&#8221;0&#8243; css=&#8221;.vc_custom_1530608688047{padding-top: 0px !important;}&#8221;][et_tagline title=&#8221;\u00bfNo encuentras lo que estabas buscando? Ponte en contacto!&#8221; title_color=&#8221;#000000&#8243; back_color=&#8221;rgba(255,255,255,0.01)&#8221; button_text=&#8221;Cont\u00e1ctanos&#8221; button_link=&#8221;https:\/\/greenblue.com\/es\/contactanos\/&#8221; button_color=&#8221;#ffffff&#8221; button_back_color=&#8221;#077d32&#8243; button_color_hover=&#8221;#ffffff&#8221; button_back_color_hover=&#8221;#212121&#8243; icon_color=&#8221;rgba(170,170,170,0.52)&#8221; icon_size=&#8221;large&#8221;][\/vc_column][\/vc_row]<\/p>\n","protected":false},"excerpt":{"rendered":"<p>[vc_row][vc_column][\/vc_column][\/vc_row][vc_row][vc_column width=&#8221;1\/2&#8243;][et_highlight_title type=&#8221;h5&#8243; title=&#8221;GreenBlue Urban&#8221; line_color=&#8221;#077d32&#8243;][vc_column_text] Sistemas Integrales de Plantaci\u00f3n [\/vc_column_text][\/vc_column][vc_column width=&#8221;1\/2&#8243;][\/vc_column][\/vc_row][vc_row][vc_column width=&#8221;1\/2&#8243;][vc_single_image image=&#8221;34214&#8243; img_size=&#8221;large&#8221; add_caption=&#8221;yes&#8221;][\/vc_column][vc_column width=&#8221;1\/2&#8243;][vc_column_text]Los sistemas integrales de plantaci\u00f3n de \u00e1rboles de GreenBlue Urban combinan los elementos esenciales para el dise\u00f1o de \u00e9xito del alcorque, todo en un solo paquete. Desde su origen y desarrollo hasta la actualidad, el sistema integrado ArborSystem ha [&hellip;]<\/p>\n","protected":false},"author":3417,"featured_media":0,"parent":0,"menu_order":0,"comment_status":"closed","ping_status":"closed","template":"","meta":{"content-type":"","footnotes":""},"class_list":["post-53020","page","type-page","status-publish","hentry"],"acf":[],"yoast_head":"<!-- This site is optimized with the Yoast SEO plugin v27.4 - https:\/\/yoast.com\/product\/yoast-seo-wordpress\/ -->\n<title>Sistemas integrales de plantaci\u00f3n - GreenBlue Urban<\/title>\n<meta name=\"description\" content=\"El sistema ArborSystem de GreenBlue Urban aporta todo lo necesario para el \u00e9xito del \u00e1rbol urbano en el largo plazo. \u00bfQuieres saber c\u00f3mo?\" \/>\n<meta name=\"robots\" content=\"index, follow, max-snippet:-1, max-image-preview:large, max-video-preview:-1\" \/>\n<link rel=\"canonical\" href=\"https:\/\/greenblue.com\/es\/sistemas-integrales-de-plantacion\/\" \/>\n<meta property=\"og:locale\" content=\"es_ES\" \/>\n<meta property=\"og:type\" content=\"article\" \/>\n<meta property=\"og:title\" content=\"Sistemas integrales de plantaci\u00f3n - GreenBlue Urban\" \/>\n<meta property=\"og:description\" content=\"El sistema ArborSystem de GreenBlue Urban aporta todo lo necesario para el \u00e9xito del \u00e1rbol urbano en el largo plazo. \u00bfQuieres saber c\u00f3mo?\" \/>\n<meta property=\"og:url\" content=\"https:\/\/greenblue.com\/es\/sistemas-integrales-de-plantacion\/\" \/>\n<meta property=\"og:site_name\" content=\"GreenBlue Urban\" \/>\n<meta property=\"article:modified_time\" content=\"2023-06-13T15:55:09+00:00\" \/>\n<meta name=\"twitter:card\" content=\"summary_large_image\" \/>\n<meta name=\"twitter:label1\" content=\"Est. reading time\" \/>\n\t<meta name=\"twitter:data1\" content=\"4 minutes\" \/>\n<script type=\"application\/ld+json\" class=\"yoast-schema-graph\">{\"@context\":\"https:\\\/\\\/schema.org\",\"@graph\":[{\"@type\":\"WebPage\",\"@id\":\"https:\\\/\\\/greenblue.com\\\/es\\\/sistemas-integrales-de-plantacion\\\/\",\"url\":\"https:\\\/\\\/greenblue.com\\\/es\\\/sistemas-integrales-de-plantacion\\\/\",\"name\":\"Sistemas integrales de plantaci\u00f3n - GreenBlue Urban\",\"isPartOf\":{\"@id\":\"https:\\\/\\\/greenblue.com\\\/gb\\\/#website\"},\"datePublished\":\"2021-02-17T22:17:11+00:00\",\"dateModified\":\"2023-06-13T15:55:09+00:00\",\"description\":\"El sistema ArborSystem de GreenBlue Urban aporta todo lo necesario para el \u00e9xito del \u00e1rbol urbano en el largo plazo. \u00bfQuieres saber c\u00f3mo?\",\"breadcrumb\":{\"@id\":\"https:\\\/\\\/greenblue.com\\\/es\\\/sistemas-integrales-de-plantacion\\\/#breadcrumb\"},\"inLanguage\":\"es-ES\",\"potentialAction\":[{\"@type\":\"ReadAction\",\"target\":[\"https:\\\/\\\/greenblue.com\\\/es\\\/sistemas-integrales-de-plantacion\\\/\"]}]},{\"@type\":\"BreadcrumbList\",\"@id\":\"https:\\\/\\\/greenblue.com\\\/es\\\/sistemas-integrales-de-plantacion\\\/#breadcrumb\",\"itemListElement\":[{\"@type\":\"ListItem\",\"position\":1,\"name\":\"Home\",\"item\":\"https:\\\/\\\/greenblue.com\\\/es\\\/\"},{\"@type\":\"ListItem\",\"position\":2,\"name\":\"Sistemas integrales de plantaci\u00f3n\"}]},{\"@type\":\"WebSite\",\"@id\":\"https:\\\/\\\/greenblue.com\\\/gb\\\/#website\",\"url\":\"https:\\\/\\\/greenblue.com\\\/gb\\\/\",\"name\":\"GreenBlue Urban\",\"description\":\"Creating Healthier Urban Spaces In Harmony With Nature\",\"publisher\":{\"@id\":\"https:\\\/\\\/greenblue.com\\\/gb\\\/#organization\"},\"potentialAction\":[{\"@type\":\"SearchAction\",\"target\":{\"@type\":\"EntryPoint\",\"urlTemplate\":\"https:\\\/\\\/greenblue.com\\\/gb\\\/?s={search_term_string}\"},\"query-input\":{\"@type\":\"PropertyValueSpecification\",\"valueRequired\":true,\"valueName\":\"search_term_string\"}}],\"inLanguage\":\"es-ES\"},{\"@type\":\"Organization\",\"@id\":\"https:\\\/\\\/greenblue.com\\\/gb\\\/#organization\",\"name\":\"GreenBlue Urban\",\"url\":\"https:\\\/\\\/greenblue.com\\\/gb\\\/\",\"logo\":{\"@type\":\"ImageObject\",\"inLanguage\":\"es-ES\",\"@id\":\"https:\\\/\\\/greenblue.com\\\/gb\\\/#\\\/schema\\\/logo\\\/image\\\/\",\"url\":\"https:\\\/\\\/greenblue.com\\\/wp-content\\\/uploads\\\/2019\\\/10\\\/logo-dark-gb.png\",\"contentUrl\":\"https:\\\/\\\/greenblue.com\\\/wp-content\\\/uploads\\\/2019\\\/10\\\/logo-dark-gb.png\",\"width\":120,\"height\":35,\"caption\":\"GreenBlue Urban\"},\"image\":{\"@id\":\"https:\\\/\\\/greenblue.com\\\/gb\\\/#\\\/schema\\\/logo\\\/image\\\/\"}}]}<\/script>\n<!-- \/ Yoast SEO plugin. -->","yoast_head_json":{"title":"Sistemas integrales de plantaci\u00f3n - GreenBlue Urban","description":"El sistema ArborSystem de GreenBlue Urban aporta todo lo necesario para el \u00e9xito del \u00e1rbol urbano en el largo plazo. \u00bfQuieres saber c\u00f3mo?","robots":{"index":"index","follow":"follow","max-snippet":"max-snippet:-1","max-image-preview":"max-image-preview:large","max-video-preview":"max-video-preview:-1"},"canonical":"https:\/\/greenblue.com\/es\/sistemas-integrales-de-plantacion\/","og_locale":"es_ES","og_type":"article","og_title":"Sistemas integrales de plantaci\u00f3n - GreenBlue Urban","og_description":"El sistema ArborSystem de GreenBlue Urban aporta todo lo necesario para el \u00e9xito del \u00e1rbol urbano en el largo plazo. \u00bfQuieres saber c\u00f3mo?","og_url":"https:\/\/greenblue.com\/es\/sistemas-integrales-de-plantacion\/","og_site_name":"GreenBlue Urban","article_modified_time":"2023-06-13T15:55:09+00:00","twitter_card":"summary_large_image","twitter_misc":{"Est. reading time":"4 minutes"},"schema":{"@context":"https:\/\/schema.org","@graph":[{"@type":"WebPage","@id":"https:\/\/greenblue.com\/es\/sistemas-integrales-de-plantacion\/","url":"https:\/\/greenblue.com\/es\/sistemas-integrales-de-plantacion\/","name":"Sistemas integrales de plantaci\u00f3n - GreenBlue Urban","isPartOf":{"@id":"https:\/\/greenblue.com\/gb\/#website"},"datePublished":"2021-02-17T22:17:11+00:00","dateModified":"2023-06-13T15:55:09+00:00","description":"El sistema ArborSystem de GreenBlue Urban aporta todo lo necesario para el \u00e9xito del \u00e1rbol urbano en el largo plazo. \u00bfQuieres saber c\u00f3mo?","breadcrumb":{"@id":"https:\/\/greenblue.com\/es\/sistemas-integrales-de-plantacion\/#breadcrumb"},"inLanguage":"es-ES","potentialAction":[{"@type":"ReadAction","target":["https:\/\/greenblue.com\/es\/sistemas-integrales-de-plantacion\/"]}]},{"@type":"BreadcrumbList","@id":"https:\/\/greenblue.com\/es\/sistemas-integrales-de-plantacion\/#breadcrumb","itemListElement":[{"@type":"ListItem","position":1,"name":"Home","item":"https:\/\/greenblue.com\/es\/"},{"@type":"ListItem","position":2,"name":"Sistemas integrales de plantaci\u00f3n"}]},{"@type":"WebSite","@id":"https:\/\/greenblue.com\/gb\/#website","url":"https:\/\/greenblue.com\/gb\/","name":"GreenBlue Urban","description":"Creating Healthier Urban Spaces In Harmony With Nature","publisher":{"@id":"https:\/\/greenblue.com\/gb\/#organization"},"potentialAction":[{"@type":"SearchAction","target":{"@type":"EntryPoint","urlTemplate":"https:\/\/greenblue.com\/gb\/?s={search_term_string}"},"query-input":{"@type":"PropertyValueSpecification","valueRequired":true,"valueName":"search_term_string"}}],"inLanguage":"es-ES"},{"@type":"Organization","@id":"https:\/\/greenblue.com\/gb\/#organization","name":"GreenBlue Urban","url":"https:\/\/greenblue.com\/gb\/","logo":{"@type":"ImageObject","inLanguage":"es-ES","@id":"https:\/\/greenblue.com\/gb\/#\/schema\/logo\/image\/","url":"https:\/\/greenblue.com\/wp-content\/uploads\/2019\/10\/logo-dark-gb.png","contentUrl":"https:\/\/greenblue.com\/wp-content\/uploads\/2019\/10\/logo-dark-gb.png","width":120,"height":35,"caption":"GreenBlue Urban"},"image":{"@id":"https:\/\/greenblue.com\/gb\/#\/schema\/logo\/image\/"}}]}},"_links":{"self":[{"href":"https:\/\/greenblue.com\/es\/wp-json\/wp\/v2\/pages\/53020","targetHints":{"allow":["GET"]}}],"collection":[{"href":"https:\/\/greenblue.com\/es\/wp-json\/wp\/v2\/pages"}],"about":[{"href":"https:\/\/greenblue.com\/es\/wp-json\/wp\/v2\/types\/page"}],"author":[{"embeddable":true,"href":"https:\/\/greenblue.com\/es\/wp-json\/wp\/v2\/users\/3417"}],"replies":[{"embeddable":true,"href":"https:\/\/greenblue.com\/es\/wp-json\/wp\/v2\/comments?post=53020"}],"version-history":[{"count":0,"href":"https:\/\/greenblue.com\/es\/wp-json\/wp\/v2\/pages\/53020\/revisions"}],"wp:attachment":[{"href":"https:\/\/greenblue.com\/es\/wp-json\/wp\/v2\/media?parent=53020"}],"curies":[{"name":"wp","href":"https:\/\/api.w.org\/{rel}","templated":true}]}}