{"id":53050,"date":"2021-02-18T18:39:31","date_gmt":"2021-02-18T18:39:31","guid":{"rendered":"https:\/\/greenblue.com\/soluciones\/medios-de-plantacion\/"},"modified":"2023-06-13T16:53:28","modified_gmt":"2023-06-13T15:53:28","slug":"medios-de-plantacion","status":"publish","type":"page","link":"https:\/\/greenblue.com\/es\/medios-de-plantacion\/","title":{"rendered":"Medios de plantaci\u00f3n"},"content":{"rendered":"<p>[vc_row][vc_column][\/vc_column][\/vc_row][vc_row][vc_column width=&#8221;1\/2&#8243;][et_highlight_title type=&#8221;h5&#8243; title=&#8221;GreenBlue Urban&#8221; line_color=&#8221;#077d32&#8243;][vc_column_text]<\/p>\n<h1>Medios de Plantaci\u00f3n<\/h1>\n<p>[\/vc_column_text][\/vc_column][vc_column width=&#8221;1\/2&#8243;][\/vc_column][\/vc_row][vc_row][vc_column width=&#8221;1\/2&#8243;][vc_single_image image=&#8221;52192&#8243; img_size=&#8221;large&#8221; add_caption=&#8221;yes&#8221;][\/vc_column][vc_column width=&#8221;1\/2&#8243;][vc_column_text]Desde GreenBlue Urban, nuestra recomendaci\u00f3n siempre ser\u00e1 darle a las ra\u00edces lo que la naturaleza les aporta. En el largo plazo, la salud del \u00e1rbol urbano est\u00e1 inextricablemente relacionada con el sustrato en el que las ra\u00edces crecen. GreenBlue Urban estudia de forma constante este \u00e1mbito y nuestro objetivo siempre ser\u00e1 la provisi\u00f3n de tierra que se asemeje en mayor medida a un entorno forestal, en cuanto a condiciones y contenido del suelo.<\/p>\n<p>Nuestros estudios nos han llevado a excavaciones en bosques naturales junto con plantaciones en diferentes ubicaciones, buscando las condiciones de enraizamiento m\u00e1s favorables, y sus condiciones m\u00e1s caracter\u00edsticas. Esto nos ha llevado a tomar la tierra franco arenosa descompactada, f\u00e9rtil y con capacidad de drenaje es la m\u00e1s amable con las ra\u00edces en todo el planeta.<\/p>\n<p>La arena por si sola no es suficiente, de lo contrario el S\u00e1hara no ser\u00eda un desierto. De igual modo, los terrenos rocosos, sin sustrato en su interior, tampoco resulta favorable para una estructura radicular a largo plazo.<\/p>\n<p>Las ra\u00edces en suelos con mezclas de rocas y gravas tienden a extenderse de forma artificial en su intento por alcanzar nutrientes y h\u00famedad en zonas m\u00e1s lejanas, por lo que la necesidad de aumentar los vol\u00famenes de suelo se hace mayor (normalmente, 50 m3 de gravas por \u00e1rbol aportan \u00fanicamente 12 m3 de sustrato).[\/vc_column_text][\/vc_column][\/vc_row][vc_section][vc_row gap=&#8221;0&#8243; css=&#8221;.vc_custom_1531843586639{padding-top: 96px !important;}&#8221;][vc_column animation_delay=&#8221;0&#8243; offset=&#8221;vc_col-lg-6 vc_col-md-8 vc_col-xs-12&#8243;][et_highlight_title type=&#8221;h6&#8243; font_size=&#8221;12&#8243; line_height=&#8221;24&#8243; letter_spacing=&#8221;0.5&#8243; title=&#8221;GreenBlue Urban&#8221; line_color=&#8221;#007d32&#8243;][et_animated_title type=&#8221;h3&#8243; font_size=&#8221;48&#8243; mobile_font_size=&#8221;32px&#8221; line_height=&#8221;56&#8243; animation_type=&#8221;words-direct&#8221; start_delay=&#8221;100&#8243;]\u00bfPor qu\u00e9 utilizar los productos para plantaci\u00f3n de GreenBlue Urban?[\/et_animated_title][\/vc_column][vc_column animation_delay=&#8221;0&#8243; width=&#8221;1\/2&#8243; offset=&#8221;vc_hidden-lg vc_hidden-md vc_hidden-sm vc_hidden-xs&#8221;][\/vc_column][\/vc_row][vc_row gap=&#8221;0&#8243; css=&#8221;.vc_custom_1531831408148{padding-bottom: 64px !important;}&#8221;][vc_column animation_delay=&#8221;0&#8243; css=&#8221;.vc_custom_1530713434392{background-image: url(https:\/\/enovathemes.com\/globax\/wp-content\/uploads\/world.jpg?id=11623) !important;background-position: center !important;background-repeat: no-repeat !important;background-size: contain !important;}&#8221;][et_content_box column=&#8221;3&#8243; gap=&#8221;80&#8243; animation_type=&#8221;random&#8221; animation_effect=&#8221;moveUp&#8221; icon_size=&#8221;large&#8221; animate_hover=&#8221;icon-move&#8221;][et_box_item icon_prefix=&#8221;fab&#8221; icon_name=&#8221;fa-pagelines&#8221; icon_color=&#8221;#007d32&#8243;][vc_custom_heading text=&#8221;Crecimiento \u00d3ptimo&#8221; font_container=&#8221;tag:h5|font_size:18px|text_align:left|line_height:32px&#8221; use_theme_fonts=&#8221;yes&#8221; el_class=&#8221;letter-spacing-50&#8243; css=&#8221;.vc_custom_1610001470171{margin-bottom: 16px !important;}&#8221;][vc_column_text css=&#8221;.vc_custom_1610001481953{margin-bottom: 16px !important;}&#8221;]No todos los medios de plantaci\u00f3n son favorables para el crecimiento del \u00e1rbol. Los sustratos de GreenBlue Urban est\u00e1n especialmente dise\u00f1ados para alcanzar el m\u00e1ximo volumen de copa.[\/vc_column_text][\/et_box_item][et_box_item icon_prefix=&#8221;fas&#8221; icon_name=&#8221;fa-tint&#8221; icon_color=&#8221;#007d32&#8243;][vc_custom_heading text=&#8221;Sustratos para SuDS&#8221; font_container=&#8221;tag:h5|font_size:18px|text_align:left|line_height:32px&#8221; use_theme_fonts=&#8221;yes&#8221; el_class=&#8221;letter-spacing-50&#8243; css=&#8221;.vc_custom_1610001197070{margin-bottom: 16px !important;}&#8221;][vc_column_text css=&#8221;.vc_custom_1610712066106{margin-bottom: 16px !important;}&#8221;]GreenBlue Urban puede especificar sustratos para aplicaciones SuDS, como jardines de lluvia o alcorques para este prop\u00f3sito.[\/vc_column_text][\/et_box_item][et_box_item icon_prefix=&#8221;fab&#8221; icon_name=&#8221;fa-envira&#8221; icon_color=&#8221;#007d32&#8243;][vc_custom_heading font_container=&#8221;tag:h5|font_size:18px|text_align:left|line_height:32px&#8221; use_theme_fonts=&#8221;yes&#8221; el_class=&#8221;letter-spacing-50&#8243; css=&#8221;.vc_custom_1610527205509{margin-bottom: 16px !important;}&#8221;][vc_column_text css=&#8221;.vc_custom_1610527252524{margin-bottom: 16px !important;}&#8221;]Todos los sustratos de GreenBlue Urban est\u00e1n pensados para asemejarse al m\u00e1ximo a los suelos forestales, en cuanto a condiciones y contenido.[\/vc_column_text][\/et_box_item][\/et_content_box][\/vc_column][\/vc_row][\/vc_section][vc_row gap=&#8221;0&#8243; css=&#8221;.vc_custom_1531843586639{padding-top: 96px !important;}&#8221;][vc_column animation_delay=&#8221;0&#8243; offset=&#8221;vc_col-lg-6 vc_col-md-8 vc_col-xs-12&#8243;][et_animated_title type=&#8221;h3&#8243; font_size=&#8221;48&#8243; mobile_font_size=&#8221;32px&#8221; line_height=&#8221;56&#8243; animation_type=&#8221;words-direct&#8221; start_delay=&#8221;100&#8243;]Nuestra gama de medios de plantaci\u00f3n[\/et_animated_title][vc_empty_space][\/vc_column][vc_column animation_delay=&#8221;0&#8243; width=&#8221;1\/2&#8243; offset=&#8221;vc_hidden-lg vc_hidden-md vc_hidden-sm vc_hidden-xs&#8221;][\/vc_column][\/vc_row][vc_row equal_height=&#8221;yes&#8221;][vc_column width=&#8221;1\/2&#8243;][vc_separator el_width=&#8221;90&#8243;][vc_single_image image=&#8221;34376&#8243; img_size=&#8221;medium&#8221; alignment=&#8221;center&#8221; onclick=&#8221;custom_link&#8221; link=&#8221;https:\/\/greenblue.com\/products\/rootsoil\/&#8221;][vc_custom_heading text=&#8221;RootSoil&#8221; font_container=&#8221;tag:h4|text_align:left|color:%23077d32|line_height:32px&#8221; use_theme_fonts=&#8221;yes&#8221; link=&#8221;url:https%3A%2F%2Fgreenblue.com%2Fproducts%2Frootsoil%2F|&#8221;][vc_column_text]RootSoil 20 es nuestra mezcla premium de tierra franco arenosa de alta calidad aportando la m\u00e1xima salud al \u00e1rbol crecimiento y longevidad. Probada por d\u00e9cadas en plantaci\u00f3n de arbolado.[\/vc_column_text][vc_column_text]<strong>Caracter\u00edsticas<\/strong><\/p>\n<ul>\n<li>Excelente textura<\/li>\n<li>Niveles cuidadosamente cuidados de arcilla, arena y limos<\/li>\n<li>Contenido org\u00e1nico bien balanceado<\/li>\n<li>Cumple con los est\u00e1ndares de plantaci\u00f3n<\/li>\n<\/ul>\n<p>[\/vc_column_text][et_button button_text=&#8221;SOLICITA TU PRESUPUESTO&#8221; button_link=&#8221;https:\/\/greenblue.com\/es\/contactanos\/&#8221; button_color=&#8221;#ffffff&#8221; button_back_color=&#8221;#ff893a&#8221; button_color_hover=&#8221;#ffffff&#8221; button_back_color_hover=&#8221;#000000&#8243;][et_button button_text=&#8221;EXPLORA EN LA WEB&#8221; button_link=&#8221;https:\/\/greenblue.com\/products\/rootsoil\/&#8221; button_color=&#8221;#ffffff&#8221; button_back_color=&#8221;#077d32&#8243; button_color_hover=&#8221;#ffffff&#8221; button_back_color_hover=&#8221;#000000&#8243;][vc_separator el_width=&#8221;90&#8243;][\/vc_column][vc_column width=&#8221;1\/2&#8243;][vc_separator el_width=&#8221;90&#8243;][vc_single_image image=&#8221;34379&#8243; img_size=&#8221;medium&#8221; alignment=&#8221;center&#8221; onclick=&#8221;custom_link&#8221; link=&#8221;https:\/\/greenblue.com\/products\/arborsoil-hydro\/&#8221;][vc_custom_heading text=&#8221;ArborSoil Hydro&#8221; font_container=&#8221;tag:h4|text_align:left|color:%23077d32|line_height:32px&#8221; use_theme_fonts=&#8221;yes&#8221; link=&#8221;url:https%3A%2F%2Fgreenblue.com%2Fproducts%2Farborsoil-hydro%2F|&#8221;][vc_column_text]ArborSoil Hydro es un sustrato pensado para ser utilizado directamente bajo el cepell\u00f3n en todos los alcorques SuDS, con el fin de eliminar las condiciones anaer\u00f3bicas de la zona.[\/vc_column_text][vc_column_text]<strong>Caracter\u00edsticas<\/strong><\/p>\n<ul>\n<li>Alta tolerancia a inundaciones recurrentes<\/li>\n<li>Excelente retenci\u00f3n de nutrientes<\/li>\n<li>Altos niveles de eliminaci\u00f3n de contaminantes en el agua<\/li>\n<li>Especificaci\u00f3n dise\u00f1ada por especialistas en el \u00e1mbito<\/li>\n<\/ul>\n<p>[\/vc_column_text][et_button button_text=&#8221;SOLICITA TU PRESUPUESTO&#8221; button_link=&#8221;https:\/\/greenblue.com\/es\/contactanos\/&#8221; button_color=&#8221;#ffffff&#8221; button_back_color=&#8221;#ff893a&#8221; button_color_hover=&#8221;#ffffff&#8221; button_back_color_hover=&#8221;#000000&#8243;][et_button button_text=&#8221;EXPLORA EN LA WEB&#8221; button_link=&#8221;https:\/\/greenblue.com\/products\/arborsoil-hydro\/&#8221; button_color=&#8221;#ffffff&#8221; button_back_color=&#8221;#077d32&#8243; button_color_hover=&#8221;#ffffff&#8221; button_back_color_hover=&#8221;#000000&#8243;][vc_separator el_width=&#8221;90&#8243;][\/vc_column][\/vc_row][vc_row equal_height=&#8221;yes&#8221;][vc_column width=&#8221;1\/2&#8243;][vc_single_image image=&#8221;34373&#8243; img_size=&#8221;medium&#8221; alignment=&#8221;center&#8221; onclick=&#8221;custom_link&#8221; link=&#8221;https:\/\/greenblue.com\/es\/producto\/rootstart-micorricicos\/&#8221;][vc_custom_heading text=&#8221;RootStart Mycorrhiza&#8221; font_container=&#8221;tag:h4|text_align:left|color:%23077d32|line_height:32px&#8221; use_theme_fonts=&#8221;yes&#8221; link=&#8221;url:https%3A%2F%2Fgreenblue.com%2Fes%2Fproducto%2Frootstart-micorricicos%2F|||&#8221;][vc_column_text]RootStart es el inoculante de mycorrhiza de GreenBlue Urban para aplicar en plantaciones urbanas. RootStart ayuda a alcanzar una mejor captaci\u00f3n de fertilizantes cuando se aplican tras la plantaci\u00f3n, ya que la red de hongos micorr\u00edcicos act\u00faa como una red de retenci\u00f3n de nutrientes.[\/vc_column_text][vc_column_text]<strong>Caracter\u00edsticas<\/strong><\/p>\n<ul>\n<li>Mejor captaci\u00f3n de nutrientes para nuevas plantaciones<\/li>\n<li>Mejorada tolerancia a la sequ\u00eda<\/li>\n<li>Un solo tratamiento es suficiente para toda la vida del \u00e1rbol<\/li>\n<\/ul>\n<p>[\/vc_column_text][et_button button_text=&#8221;FICHA T\u00c9CNICA&#8221; button_link=&#8221;https:\/\/greenblue.com\/es\/datasheets\/rootstart\/&#8221; button_color=&#8221;#ffffff&#8221; button_back_color=&#8221;#1e73be&#8221; button_color_hover=&#8221;#ffffff&#8221; button_back_color_hover=&#8221;#000000&#8243;][et_button button_text=&#8221;SOLICITA TU PRESUPUESTO&#8221; button_link=&#8221;https:\/\/greenblue.com\/es\/contactanos\/&#8221; button_color=&#8221;#ffffff&#8221; button_back_color=&#8221;#ff893a&#8221; button_color_hover=&#8221;#ffffff&#8221; button_back_color_hover=&#8221;#000000&#8243;][et_button button_text=&#8221;EXPLORA EN LA WEB&#8221; button_link=&#8221;https:\/\/greenblue.com\/es\/producto\/rootstart-micorricicos\/&#8221; button_color=&#8221;#ffffff&#8221; button_back_color=&#8221;#077d32&#8243; button_color_hover=&#8221;#ffffff&#8221; button_back_color_hover=&#8221;#000000&#8243;][vc_separator el_width=&#8221;90&#8243;][\/vc_column][vc_column width=&#8221;1\/2&#8243;][\/vc_column][\/vc_row][vc_row full_width=&#8221;stretch_row_content&#8221; gap=&#8221;0&#8243; css=&#8221;.vc_custom_1530608429182{background: #f5f5f5 url(https:\/\/enovathemes.com\/globax\/wp-content\/uploads\/globus_image_extra_smal.jpg?id=11490) !important;background-position: center !important;background-repeat: no-repeat !important;background-size: cover !important;}&#8221;][vc_column animation_delay=&#8221;0&#8243; css=&#8221;.vc_custom_1530608688047{padding-top: 0px !important;}&#8221;][et_tagline title=&#8221;\u00bfNo encuentras lo que estabas buscando? Ponte en contacto!&#8221; title_color=&#8221;#000000&#8243; back_color=&#8221;rgba(255,255,255,0.01)&#8221; button_text=&#8221;Cont\u00e1ctanos&#8221; button_link=&#8221;https:\/\/greenblue.com\/es\/contactanos\/&#8221; button_color=&#8221;#ffffff&#8221; button_back_color=&#8221;#077d32&#8243; button_color_hover=&#8221;#ffffff&#8221; button_back_color_hover=&#8221;#212121&#8243; icon_color=&#8221;rgba(170,170,170,0.52)&#8221; icon_size=&#8221;large&#8221;][\/vc_column][\/vc_row]<\/p>\n","protected":false},"excerpt":{"rendered":"<p>[vc_row][vc_column][\/vc_column][\/vc_row][vc_row][vc_column width=&#8221;1\/2&#8243;][et_highlight_title type=&#8221;h5&#8243; title=&#8221;GreenBlue Urban&#8221; line_color=&#8221;#077d32&#8243;][vc_column_text] Medios de Plantaci\u00f3n [\/vc_column_text][\/vc_column][vc_column width=&#8221;1\/2&#8243;][\/vc_column][\/vc_row][vc_row][vc_column width=&#8221;1\/2&#8243;][vc_single_image image=&#8221;52192&#8243; img_size=&#8221;large&#8221; add_caption=&#8221;yes&#8221;][\/vc_column][vc_column width=&#8221;1\/2&#8243;][vc_column_text]Desde GreenBlue Urban, nuestra recomendaci\u00f3n siempre ser\u00e1 darle a las ra\u00edces lo que la naturaleza les aporta. En el largo plazo, la salud del \u00e1rbol urbano est\u00e1 inextricablemente relacionada con el sustrato en el que las ra\u00edces crecen. GreenBlue Urban [&hellip;]<\/p>\n","protected":false},"author":3409,"featured_media":0,"parent":0,"menu_order":0,"comment_status":"closed","ping_status":"closed","template":"","meta":{"content-type":"","footnotes":""},"class_list":["post-53050","page","type-page","status-publish","hentry"],"acf":[],"yoast_head":"<!-- This site is optimized with the Yoast SEO plugin v27.5 - https:\/\/yoast.com\/product\/yoast-seo-wordpress\/ -->\n<title>Medios de Plantaci\u00f3n para \u00c1rboles Sanos - GreenBlue Urban<\/title>\n<meta name=\"description\" content=\"La salud del \u00e1rbol est\u00e1 directamente ligada a la tierra en la que se desarrollar\u00e1n sus ra\u00edces. Asegura copas sanas con nuestros sustratos.\" \/>\n<meta name=\"robots\" content=\"index, follow, max-snippet:-1, max-image-preview:large, max-video-preview:-1\" \/>\n<link rel=\"canonical\" href=\"https:\/\/greenblue.com\/es\/medios-de-plantacion\/\" \/>\n<meta property=\"og:locale\" content=\"es_ES\" \/>\n<meta property=\"og:type\" content=\"article\" \/>\n<meta property=\"og:title\" content=\"Medios de Plantaci\u00f3n para \u00c1rboles Sanos - GreenBlue Urban\" \/>\n<meta property=\"og:description\" content=\"La salud del \u00e1rbol est\u00e1 directamente ligada a la tierra en la que se desarrollar\u00e1n sus ra\u00edces. Asegura copas sanas con nuestros sustratos.\" \/>\n<meta property=\"og:url\" content=\"https:\/\/greenblue.com\/es\/medios-de-plantacion\/\" \/>\n<meta property=\"og:site_name\" content=\"GreenBlue Urban\" \/>\n<meta property=\"article:modified_time\" content=\"2023-06-13T15:53:28+00:00\" \/>\n<meta name=\"twitter:card\" content=\"summary_large_image\" \/>\n<meta name=\"twitter:label1\" content=\"Est. reading time\" \/>\n\t<meta name=\"twitter:data1\" content=\"4 minutes\" \/>\n<script type=\"application\/ld+json\" class=\"yoast-schema-graph\">{\"@context\":\"https:\\\/\\\/schema.org\",\"@graph\":[{\"@type\":\"WebPage\",\"@id\":\"https:\\\/\\\/greenblue.com\\\/es\\\/medios-de-plantacion\\\/\",\"url\":\"https:\\\/\\\/greenblue.com\\\/es\\\/medios-de-plantacion\\\/\",\"name\":\"Medios de Plantaci\u00f3n para \u00c1rboles Sanos - GreenBlue Urban\",\"isPartOf\":{\"@id\":\"https:\\\/\\\/greenblue.com\\\/gb\\\/#website\"},\"datePublished\":\"2021-02-18T18:39:31+00:00\",\"dateModified\":\"2023-06-13T15:53:28+00:00\",\"description\":\"La salud del \u00e1rbol est\u00e1 directamente ligada a la tierra en la que se desarrollar\u00e1n sus ra\u00edces. Asegura copas sanas con nuestros sustratos.\",\"breadcrumb\":{\"@id\":\"https:\\\/\\\/greenblue.com\\\/es\\\/medios-de-plantacion\\\/#breadcrumb\"},\"inLanguage\":\"es-ES\",\"potentialAction\":[{\"@type\":\"ReadAction\",\"target\":[\"https:\\\/\\\/greenblue.com\\\/es\\\/medios-de-plantacion\\\/\"]}]},{\"@type\":\"BreadcrumbList\",\"@id\":\"https:\\\/\\\/greenblue.com\\\/es\\\/medios-de-plantacion\\\/#breadcrumb\",\"itemListElement\":[{\"@type\":\"ListItem\",\"position\":1,\"name\":\"Home\",\"item\":\"https:\\\/\\\/greenblue.com\\\/es\\\/\"},{\"@type\":\"ListItem\",\"position\":2,\"name\":\"Medios de plantaci\u00f3n\"}]},{\"@type\":\"WebSite\",\"@id\":\"https:\\\/\\\/greenblue.com\\\/gb\\\/#website\",\"url\":\"https:\\\/\\\/greenblue.com\\\/gb\\\/\",\"name\":\"GreenBlue Urban\",\"description\":\"Creating Healthier Urban Spaces In Harmony With Nature\",\"publisher\":{\"@id\":\"https:\\\/\\\/greenblue.com\\\/gb\\\/#organization\"},\"potentialAction\":[{\"@type\":\"SearchAction\",\"target\":{\"@type\":\"EntryPoint\",\"urlTemplate\":\"https:\\\/\\\/greenblue.com\\\/gb\\\/?s={search_term_string}\"},\"query-input\":{\"@type\":\"PropertyValueSpecification\",\"valueRequired\":true,\"valueName\":\"search_term_string\"}}],\"inLanguage\":\"es-ES\"},{\"@type\":\"Organization\",\"@id\":\"https:\\\/\\\/greenblue.com\\\/gb\\\/#organization\",\"name\":\"GreenBlue Urban\",\"url\":\"https:\\\/\\\/greenblue.com\\\/gb\\\/\",\"logo\":{\"@type\":\"ImageObject\",\"inLanguage\":\"es-ES\",\"@id\":\"https:\\\/\\\/greenblue.com\\\/gb\\\/#\\\/schema\\\/logo\\\/image\\\/\",\"url\":\"https:\\\/\\\/greenblue.com\\\/wp-content\\\/uploads\\\/2019\\\/10\\\/logo-dark-gb.png\",\"contentUrl\":\"https:\\\/\\\/greenblue.com\\\/wp-content\\\/uploads\\\/2019\\\/10\\\/logo-dark-gb.png\",\"width\":120,\"height\":35,\"caption\":\"GreenBlue Urban\"},\"image\":{\"@id\":\"https:\\\/\\\/greenblue.com\\\/gb\\\/#\\\/schema\\\/logo\\\/image\\\/\"}}]}<\/script>\n<!-- \/ Yoast SEO plugin. -->","yoast_head_json":{"title":"Medios de Plantaci\u00f3n para \u00c1rboles Sanos - GreenBlue Urban","description":"La salud del \u00e1rbol est\u00e1 directamente ligada a la tierra en la que se desarrollar\u00e1n sus ra\u00edces. Asegura copas sanas con nuestros sustratos.","robots":{"index":"index","follow":"follow","max-snippet":"max-snippet:-1","max-image-preview":"max-image-preview:large","max-video-preview":"max-video-preview:-1"},"canonical":"https:\/\/greenblue.com\/es\/medios-de-plantacion\/","og_locale":"es_ES","og_type":"article","og_title":"Medios de Plantaci\u00f3n para \u00c1rboles Sanos - GreenBlue Urban","og_description":"La salud del \u00e1rbol est\u00e1 directamente ligada a la tierra en la que se desarrollar\u00e1n sus ra\u00edces. Asegura copas sanas con nuestros sustratos.","og_url":"https:\/\/greenblue.com\/es\/medios-de-plantacion\/","og_site_name":"GreenBlue Urban","article_modified_time":"2023-06-13T15:53:28+00:00","twitter_card":"summary_large_image","twitter_misc":{"Est. reading time":"4 minutes"},"schema":{"@context":"https:\/\/schema.org","@graph":[{"@type":"WebPage","@id":"https:\/\/greenblue.com\/es\/medios-de-plantacion\/","url":"https:\/\/greenblue.com\/es\/medios-de-plantacion\/","name":"Medios de Plantaci\u00f3n para \u00c1rboles Sanos - GreenBlue Urban","isPartOf":{"@id":"https:\/\/greenblue.com\/gb\/#website"},"datePublished":"2021-02-18T18:39:31+00:00","dateModified":"2023-06-13T15:53:28+00:00","description":"La salud del \u00e1rbol est\u00e1 directamente ligada a la tierra en la que se desarrollar\u00e1n sus ra\u00edces. Asegura copas sanas con nuestros sustratos.","breadcrumb":{"@id":"https:\/\/greenblue.com\/es\/medios-de-plantacion\/#breadcrumb"},"inLanguage":"es-ES","potentialAction":[{"@type":"ReadAction","target":["https:\/\/greenblue.com\/es\/medios-de-plantacion\/"]}]},{"@type":"BreadcrumbList","@id":"https:\/\/greenblue.com\/es\/medios-de-plantacion\/#breadcrumb","itemListElement":[{"@type":"ListItem","position":1,"name":"Home","item":"https:\/\/greenblue.com\/es\/"},{"@type":"ListItem","position":2,"name":"Medios de plantaci\u00f3n"}]},{"@type":"WebSite","@id":"https:\/\/greenblue.com\/gb\/#website","url":"https:\/\/greenblue.com\/gb\/","name":"GreenBlue Urban","description":"Creating Healthier Urban Spaces In Harmony With Nature","publisher":{"@id":"https:\/\/greenblue.com\/gb\/#organization"},"potentialAction":[{"@type":"SearchAction","target":{"@type":"EntryPoint","urlTemplate":"https:\/\/greenblue.com\/gb\/?s={search_term_string}"},"query-input":{"@type":"PropertyValueSpecification","valueRequired":true,"valueName":"search_term_string"}}],"inLanguage":"es-ES"},{"@type":"Organization","@id":"https:\/\/greenblue.com\/gb\/#organization","name":"GreenBlue Urban","url":"https:\/\/greenblue.com\/gb\/","logo":{"@type":"ImageObject","inLanguage":"es-ES","@id":"https:\/\/greenblue.com\/gb\/#\/schema\/logo\/image\/","url":"https:\/\/greenblue.com\/wp-content\/uploads\/2019\/10\/logo-dark-gb.png","contentUrl":"https:\/\/greenblue.com\/wp-content\/uploads\/2019\/10\/logo-dark-gb.png","width":120,"height":35,"caption":"GreenBlue Urban"},"image":{"@id":"https:\/\/greenblue.com\/gb\/#\/schema\/logo\/image\/"}}]}},"_links":{"self":[{"href":"https:\/\/greenblue.com\/es\/wp-json\/wp\/v2\/pages\/53050","targetHints":{"allow":["GET"]}}],"collection":[{"href":"https:\/\/greenblue.com\/es\/wp-json\/wp\/v2\/pages"}],"about":[{"href":"https:\/\/greenblue.com\/es\/wp-json\/wp\/v2\/types\/page"}],"author":[{"embeddable":true,"href":"https:\/\/greenblue.com\/es\/wp-json\/wp\/v2\/users\/3409"}],"replies":[{"embeddable":true,"href":"https:\/\/greenblue.com\/es\/wp-json\/wp\/v2\/comments?post=53050"}],"version-history":[{"count":0,"href":"https:\/\/greenblue.com\/es\/wp-json\/wp\/v2\/pages\/53050\/revisions"}],"wp:attachment":[{"href":"https:\/\/greenblue.com\/es\/wp-json\/wp\/v2\/media?parent=53050"}],"curies":[{"name":"wp","href":"https:\/\/api.w.org\/{rel}","templated":true}]}}