{"id":53423,"date":"2021-02-23T18:21:05","date_gmt":"2021-02-23T18:21:05","guid":{"rendered":"https:\/\/greenblue.com\/recursos\/sesiones-formativas\/"},"modified":"2021-07-26T10:51:51","modified_gmt":"2021-07-26T09:51:51","slug":"sesiones-formativas","status":"publish","type":"page","link":"https:\/\/greenblue.com\/es\/recursos\/sesiones-formativas\/","title":{"rendered":"Sesiones Formativas"},"content":{"rendered":"<p>[vc_row][vc_column width=&#8221;1\/2&#8243;][et_animated_title type=&#8221;h2&#8243; animation_type=&#8221;words-direct&#8221;]Mant\u00e9n a tu equipo actualizado con las mejores pr\u00e1cticas en el dise\u00f1o de alcorques.[\/et_animated_title][et_gap][\/vc_column][vc_column width=&#8221;1\/2&#8243;][\/vc_column][\/vc_row][vc_row][vc_column width=&#8221;1\/2&#8243;][vc_column_text]GreenBlue Urban ofrece seminarios y presentaciones sobre dise\u00f1o de alcorques para especificadores, dise\u00f1adores y equipos municipales, con las claves, los principios y los sistemas disponibles para aumentar la cobertura arb\u00f3rea en entornos urbanos.<\/p>\n<p>Estas sesiones abordan la morfolog\u00eda de las ra\u00edces, t\u00e9cnicas en la gesti\u00f3n de ra\u00edces, opciones en cuanto a celdas autoportantes de suelo y el dise\u00f1o de alcorques para su integraci\u00f3n en soluciones SuDS.<\/p>\n<p>Se estudian casos de estudio, normativas, y se dar\u00e1 tiempo de los asistentes para realizar consultas y recibir asesoramiento en proyectos espec\u00edficos.<\/p>\n<p>Hasta la fecha, estas sesiones han sido valoradas muy positivamente, y nuestros asistentes ganas confianza en el dise\u00f1o y especificaci\u00f3n de este tipo de soluciones y su integraci\u00f3n en proyectos de arbolado urbano.<\/p>\n<p>Para coordinar tu sesi\u00f3n, rellena el siguiente formulario o ponte en contacto con nosotros a trav\u00e9s de nuestro correo consultas@greenblueu3stg.wpenginepowered.com y te ayudaremos a dise\u00f1ar la sesi\u00f3n que m\u00e1s se adapte a tus necesidades.<\/p>\n<p>Adem\u00e1s, estamos trabajando para que pronto puedas visitarnos en nuestras instalaciones en Galicia, en donde podr\u00e1s conocer de primera mano sistemas y soluciones.[\/vc_column_text][\/vc_column][vc_column width=&#8221;1\/2&#8243;][et_highlight_title type=&#8221;h5&#8243; color=&#8221;#0a0a0a&#8221; line_color=&#8221;#077d32&#8243;][et_gap][et_icon_list icon_prefix=&#8221;fas&#8221; icon_name=&#8221;fa-dot-circle&#8221; icon_color=&#8221;#077d32&#8243;][\/et_icon_list][\/vc_column][\/vc_row][vc_row css=&#8221;.vc_custom_1530779803137{padding-top: 72px !important;padding-bottom: 72px !important;}&#8221;][vc_column][et_highlight_title type=&#8221;h5&#8243; title=&#8221;Sesiones Formativas&#8221; line_color=&#8221;#077d32&#8243;][et_animated_title type=&#8221;h5&#8243; font_size=&#8221;36&#8243; line_height=&#8221;50&#8243; animation_type=&#8221;words-direct&#8221;]Nuestra sesi\u00f3n est\u00e1ndar[\/et_animated_title][et_gap height=&#8221;40&#8243;][et_content_box_alt column=&#8221;3&#8243; animation_type=&#8221;sequential&#8221; animation_effect=&#8221;moveUp&#8221;][et_box_item_alt icon_prefix=&#8221;globax&#8221; icon_name=&#8221;icon-gx-clipboard-verification-symbol&#8221; icon_color=&#8221;#e5e5e5&#8243; box_back_color=&#8221;#f5f5f5&#8243; title=&#8221;Get a free quote&#8221; box_link=&#8221;#link&#8221; box_link_text=&#8221;Send request&#8221; box_text=&#8221;Leverage agile frameworks to provide a robust synopsis for high level overviews. Iterative approaches to corporate strategy foster collaborative thinking to further the overall value proposition.&#8221; box_text_color=&#8221;#616161&#8243; box_title_color=&#8221;#212121&#8243; box_title_border_color=&#8221;#fd8c40&#8243; icon_color_hover=&#8221;#f38134&#8243; box_back_color_hover=&#8221;#fd8c40&#8243; box_text_color_hover=&#8221;#ffffff&#8221;][et_highlight_title type=&#8221;h5&#8243; title=&#8221;Plantaci\u00f3n de Arbolado en Entornos Urbanos&#8221; color=&#8221;#212121&#8243; line_color=&#8221;#077d32&#8243;][et_gap height=&#8221;16&#8243;][vc_column_text]Una gu\u00eda sobre las mejores pr\u00e1cticas en plantaci\u00f3n de arbolado urbano.[\/vc_column_text][et_button button_text=&#8221;RESUMEN&#8221; button_link=&#8221;#link&#8221; theme_button=&#8221;true&#8221; button_color=&#8221;#9a9a9a&#8221; button_border_color=&#8221;#9a9a9a&#8221; button_color_hover=&#8221;#ffffff&#8221; button_back_color_hover=&#8221;#077d32&#8243;][\/et_box_item_alt][et_box_item_alt icon_prefix=&#8221;globax&#8221; icon_name=&#8221;icon-gx-airplane-around-earth&#8221; icon_color=&#8221;#156fbf&#8221; box_back_color=&#8221;#1e73be&#8221; title=&#8221;Get a free quote&#8221; box_link=&#8221;#link&#8221; box_link_text=&#8221;Send request&#8221; box_text=&#8221;Leverage agile frameworks to provide a robust synopsis for high level overviews. Iterative approaches to corporate strategy foster collaborative thinking to further the overall value proposition.&#8221; box_text_color=&#8221;#616161&#8243; box_title_color=&#8221;#212121&#8243; box_title_border_color=&#8221;#fd8c40&#8243; icon_color_hover=&#8221;#f38134&#8243; box_back_color_hover=&#8221;#fd8c40&#8243; box_text_color_hover=&#8221;#ffffff&#8221;][et_highlight_title type=&#8221;h5&#8243; title=&#8221;\u00c1rboles y Gesti\u00f3n de Agua de Lluvias&#8221; color=&#8221;#ffffff&#8221; line_color=&#8221;#ffffff&#8221;][et_gap height=&#8221;16&#8243;][vc_column_text]<span style=\"color: #ffffff;\">Una gu\u00eda sobre el uso y aplicaci\u00f3n de la infraestructura verde como sistemas SuDS.<\/span>[\/vc_column_text][et_button button_text=&#8221;RESUMEN&#8221; button_link=&#8221;#link&#8221; theme_button=&#8221;true&#8221; button_color=&#8221;#ffffff&#8221; button_border_color=&#8221;#ffffff&#8221; button_color_hover=&#8221;#212121&#8243; button_back_color_hover=&#8221;#ffffff&#8221;][\/et_box_item_alt][et_box_item_alt icon_prefix=&#8221;globax&#8221; icon_name=&#8221;icon-gx-delivery-package&#8221; icon_color=&#8221;#007c2d&#8221; box_back_color=&#8221;#077d32&#8243; title=&#8221;Get a free quote&#8221; box_link=&#8221;#link&#8221; box_link_text=&#8221;Send request&#8221; box_text=&#8221;Leverage agile frameworks to provide a robust synopsis for high level overviews. Iterative approaches to corporate strategy foster collaborative thinking to further the overall value proposition.&#8221; box_text_color=&#8221;#616161&#8243; box_title_color=&#8221;#212121&#8243; box_title_border_color=&#8221;#fd8c40&#8243; icon_color_hover=&#8221;#f38134&#8243; box_back_color_hover=&#8221;#fd8c40&#8243; box_text_color_hover=&#8221;#ffffff&#8221;][et_highlight_title type=&#8221;h5&#8243; title=&#8221;An\u00e1lisis Coste Beneficio del Arbolado Viario&#8221; color=&#8221;#ffffff&#8221; line_color=&#8221;#ffffff&#8221;][et_gap height=&#8221;16&#8243;][vc_column_text]<span style=\"color: #ffffff;\">Una comparaci\u00f3n del ROI de un \u00e1rbol estandar vs las mejores pr\u00e1cticas.<\/span>[\/vc_column_text][et_button button_text=&#8221;RESUMEN&#8221; button_link=&#8221;#link&#8221; theme_button=&#8221;true&#8221; button_color=&#8221;#ffffff&#8221; button_border_color=&#8221;#ffffff&#8221; button_color_hover=&#8221;#000000&#8243; button_back_color_hover=&#8221;#ffffff&#8221;][\/et_box_item_alt][\/et_content_box_alt][\/vc_column][\/vc_row][vc_row][vc_column][et_gap height=&#8221;40&#8243;][et_highlight_title type=&#8221;h5&#8243; title=&#8221;Testimonios&#8221; line_color=&#8221;#077d32&#8243;][et_animated_title type=&#8221;h5&#8243; font_size=&#8221;36&#8243; line_height=&#8221;50&#8243; animation_type=&#8221;words-direct&#8221;]Lo que opinan de nosotros.[\/et_animated_title][et_gap height=&#8221;40&#8243;][et_testimonial column=&#8221;2&#8243; gap=&#8221;14&#8243;][et_testimonial_item title=&#8221;Amy Herford&#8221; subtitle=&#8221;Jacobs&#8221; text=&#8221;Muchas gracias por la organizaci\u00f3n de la sesi\u00f3n. La mejor sesi\u00f3n a la que he atendido. Informativa y un ponente muy din\u00e1mico. Por no mencionar los extras, que son muy \u00fatiles.&#8221; src=&#8221;14228&#8243;][et_testimonial_item][et_testimonial_item][\/et_testimonial][et_gap height=&#8221;40&#8243;][\/vc_column][\/vc_row][vc_row][vc_column][et_gap][et_animated_title type=&#8221;h5&#8243; font_size=&#8221;36&#8243; line_height=&#8221;50&#8243; animation_type=&#8221;words-direct&#8221;]Rellena el formulario para coordinar tu sesi\u00f3n![\/et_animated_title][et_gap][\/vc_column][\/vc_row][vc_row][vc_column width=&#8221;1\/6&#8243;][\/vc_column][vc_column width=&#8221;4\/6&#8243;][et_gap]<p class=\"wpcf7-contact-form-not-found\"><strong>Error:<\/strong> Contact form not found.<\/p>[et_gap][\/vc_column][vc_column width=&#8221;1\/6&#8243;][\/vc_column][\/vc_row]<\/p>\n","protected":false},"excerpt":{"rendered":"<p>[vc_row][vc_column width=&#8221;1\/2&#8243;][et_animated_title type=&#8221;h2&#8243; animation_type=&#8221;words-direct&#8221;]Mant\u00e9n a tu equipo actualizado con las mejores pr\u00e1cticas en el dise\u00f1o de alcorques.[\/et_animated_title][et_gap][\/vc_column][vc_column width=&#8221;1\/2&#8243;][\/vc_column][\/vc_row][vc_row][vc_column width=&#8221;1\/2&#8243;][vc_column_text]GreenBlue Urban ofrece seminarios y presentaciones sobre dise\u00f1o de alcorques para especificadores, dise\u00f1adores y equipos municipales, con las claves, los principios y los sistemas disponibles para aumentar la cobertura arb\u00f3rea en entornos urbanos. Estas sesiones abordan la [&hellip;]<\/p>\n","protected":false},"author":3409,"featured_media":0,"parent":85623,"menu_order":0,"comment_status":"closed","ping_status":"closed","template":"page-vc.php","meta":{"content-type":"","footnotes":""},"class_list":["post-53423","page","type-page","status-publish","hentry"],"acf":[],"yoast_head":"<!-- This site is optimized with the Yoast SEO plugin v27.5 - https:\/\/yoast.com\/product\/yoast-seo-wordpress\/ -->\n<title>Sesiones Formativas - GreenBlue Urban<\/title>\n<meta name=\"description\" content=\"Desde GreenBlue Urban ofrecemos sesiones formativas y presentaciones sobre las mejores t\u00e9cnicas de plantaci\u00f3n del \u00e1rbol urbano. \u00bfTe animas?\" \/>\n<meta name=\"robots\" content=\"index, follow, max-snippet:-1, max-image-preview:large, max-video-preview:-1\" \/>\n<link rel=\"canonical\" href=\"https:\/\/greenblue.com\/es\/recursos\/sesiones-formativas\/\" \/>\n<meta property=\"og:locale\" content=\"es_ES\" \/>\n<meta property=\"og:type\" content=\"article\" \/>\n<meta property=\"og:title\" content=\"Sesiones Formativas - GreenBlue Urban\" \/>\n<meta property=\"og:description\" content=\"Desde GreenBlue Urban ofrecemos sesiones formativas y presentaciones sobre las mejores t\u00e9cnicas de plantaci\u00f3n del \u00e1rbol urbano. \u00bfTe animas?\" \/>\n<meta property=\"og:url\" content=\"https:\/\/greenblue.com\/es\/recursos\/sesiones-formativas\/\" \/>\n<meta property=\"og:site_name\" content=\"GreenBlue Urban\" \/>\n<meta property=\"article:modified_time\" content=\"2021-07-26T09:51:51+00:00\" \/>\n<meta name=\"twitter:card\" content=\"summary_large_image\" \/>\n<meta name=\"twitter:label1\" content=\"Est. reading time\" \/>\n\t<meta name=\"twitter:data1\" content=\"3 minutes\" \/>\n<script type=\"application\/ld+json\" class=\"yoast-schema-graph\">{\"@context\":\"https:\\\/\\\/schema.org\",\"@graph\":[{\"@type\":\"WebPage\",\"@id\":\"https:\\\/\\\/greenblue.com\\\/es\\\/recursos\\\/sesiones-formativas\\\/\",\"url\":\"https:\\\/\\\/greenblue.com\\\/es\\\/recursos\\\/sesiones-formativas\\\/\",\"name\":\"Sesiones Formativas - GreenBlue Urban\",\"isPartOf\":{\"@id\":\"https:\\\/\\\/greenblue.com\\\/gb\\\/#website\"},\"datePublished\":\"2021-02-23T18:21:05+00:00\",\"dateModified\":\"2021-07-26T09:51:51+00:00\",\"description\":\"Desde GreenBlue Urban ofrecemos sesiones formativas y presentaciones sobre las mejores t\u00e9cnicas de plantaci\u00f3n del \u00e1rbol urbano. \u00bfTe animas?\",\"breadcrumb\":{\"@id\":\"https:\\\/\\\/greenblue.com\\\/es\\\/recursos\\\/sesiones-formativas\\\/#breadcrumb\"},\"inLanguage\":\"es-ES\",\"potentialAction\":[{\"@type\":\"ReadAction\",\"target\":[\"https:\\\/\\\/greenblue.com\\\/es\\\/recursos\\\/sesiones-formativas\\\/\"]}]},{\"@type\":\"BreadcrumbList\",\"@id\":\"https:\\\/\\\/greenblue.com\\\/es\\\/recursos\\\/sesiones-formativas\\\/#breadcrumb\",\"itemListElement\":[{\"@type\":\"ListItem\",\"position\":1,\"name\":\"Home\",\"item\":\"https:\\\/\\\/greenblue.com\\\/es\\\/\"},{\"@type\":\"ListItem\",\"position\":2,\"name\":\"Recursos\",\"item\":\"https:\\\/\\\/greenblue.com\\\/es\\\/recursos\\\/\"},{\"@type\":\"ListItem\",\"position\":3,\"name\":\"Sesiones Formativas\"}]},{\"@type\":\"WebSite\",\"@id\":\"https:\\\/\\\/greenblue.com\\\/gb\\\/#website\",\"url\":\"https:\\\/\\\/greenblue.com\\\/gb\\\/\",\"name\":\"GreenBlue Urban\",\"description\":\"Creating Healthier Urban Spaces In Harmony With Nature\",\"publisher\":{\"@id\":\"https:\\\/\\\/greenblue.com\\\/gb\\\/#organization\"},\"potentialAction\":[{\"@type\":\"SearchAction\",\"target\":{\"@type\":\"EntryPoint\",\"urlTemplate\":\"https:\\\/\\\/greenblue.com\\\/gb\\\/?s={search_term_string}\"},\"query-input\":{\"@type\":\"PropertyValueSpecification\",\"valueRequired\":true,\"valueName\":\"search_term_string\"}}],\"inLanguage\":\"es-ES\"},{\"@type\":\"Organization\",\"@id\":\"https:\\\/\\\/greenblue.com\\\/gb\\\/#organization\",\"name\":\"GreenBlue Urban\",\"url\":\"https:\\\/\\\/greenblue.com\\\/gb\\\/\",\"logo\":{\"@type\":\"ImageObject\",\"inLanguage\":\"es-ES\",\"@id\":\"https:\\\/\\\/greenblue.com\\\/gb\\\/#\\\/schema\\\/logo\\\/image\\\/\",\"url\":\"https:\\\/\\\/greenblue.com\\\/wp-content\\\/uploads\\\/2019\\\/10\\\/logo-dark-gb.png\",\"contentUrl\":\"https:\\\/\\\/greenblue.com\\\/wp-content\\\/uploads\\\/2019\\\/10\\\/logo-dark-gb.png\",\"width\":120,\"height\":35,\"caption\":\"GreenBlue Urban\"},\"image\":{\"@id\":\"https:\\\/\\\/greenblue.com\\\/gb\\\/#\\\/schema\\\/logo\\\/image\\\/\"}}]}<\/script>\n<!-- \/ Yoast SEO plugin. -->","yoast_head_json":{"title":"Sesiones Formativas - GreenBlue Urban","description":"Desde GreenBlue Urban ofrecemos sesiones formativas y presentaciones sobre las mejores t\u00e9cnicas de plantaci\u00f3n del \u00e1rbol urbano. \u00bfTe animas?","robots":{"index":"index","follow":"follow","max-snippet":"max-snippet:-1","max-image-preview":"max-image-preview:large","max-video-preview":"max-video-preview:-1"},"canonical":"https:\/\/greenblue.com\/es\/recursos\/sesiones-formativas\/","og_locale":"es_ES","og_type":"article","og_title":"Sesiones Formativas - GreenBlue Urban","og_description":"Desde GreenBlue Urban ofrecemos sesiones formativas y presentaciones sobre las mejores t\u00e9cnicas de plantaci\u00f3n del \u00e1rbol urbano. \u00bfTe animas?","og_url":"https:\/\/greenblue.com\/es\/recursos\/sesiones-formativas\/","og_site_name":"GreenBlue Urban","article_modified_time":"2021-07-26T09:51:51+00:00","twitter_card":"summary_large_image","twitter_misc":{"Est. reading time":"3 minutes"},"schema":{"@context":"https:\/\/schema.org","@graph":[{"@type":"WebPage","@id":"https:\/\/greenblue.com\/es\/recursos\/sesiones-formativas\/","url":"https:\/\/greenblue.com\/es\/recursos\/sesiones-formativas\/","name":"Sesiones Formativas - GreenBlue Urban","isPartOf":{"@id":"https:\/\/greenblue.com\/gb\/#website"},"datePublished":"2021-02-23T18:21:05+00:00","dateModified":"2021-07-26T09:51:51+00:00","description":"Desde GreenBlue Urban ofrecemos sesiones formativas y presentaciones sobre las mejores t\u00e9cnicas de plantaci\u00f3n del \u00e1rbol urbano. \u00bfTe animas?","breadcrumb":{"@id":"https:\/\/greenblue.com\/es\/recursos\/sesiones-formativas\/#breadcrumb"},"inLanguage":"es-ES","potentialAction":[{"@type":"ReadAction","target":["https:\/\/greenblue.com\/es\/recursos\/sesiones-formativas\/"]}]},{"@type":"BreadcrumbList","@id":"https:\/\/greenblue.com\/es\/recursos\/sesiones-formativas\/#breadcrumb","itemListElement":[{"@type":"ListItem","position":1,"name":"Home","item":"https:\/\/greenblue.com\/es\/"},{"@type":"ListItem","position":2,"name":"Recursos","item":"https:\/\/greenblue.com\/es\/recursos\/"},{"@type":"ListItem","position":3,"name":"Sesiones Formativas"}]},{"@type":"WebSite","@id":"https:\/\/greenblue.com\/gb\/#website","url":"https:\/\/greenblue.com\/gb\/","name":"GreenBlue Urban","description":"Creating Healthier Urban Spaces In Harmony With Nature","publisher":{"@id":"https:\/\/greenblue.com\/gb\/#organization"},"potentialAction":[{"@type":"SearchAction","target":{"@type":"EntryPoint","urlTemplate":"https:\/\/greenblue.com\/gb\/?s={search_term_string}"},"query-input":{"@type":"PropertyValueSpecification","valueRequired":true,"valueName":"search_term_string"}}],"inLanguage":"es-ES"},{"@type":"Organization","@id":"https:\/\/greenblue.com\/gb\/#organization","name":"GreenBlue Urban","url":"https:\/\/greenblue.com\/gb\/","logo":{"@type":"ImageObject","inLanguage":"es-ES","@id":"https:\/\/greenblue.com\/gb\/#\/schema\/logo\/image\/","url":"https:\/\/greenblue.com\/wp-content\/uploads\/2019\/10\/logo-dark-gb.png","contentUrl":"https:\/\/greenblue.com\/wp-content\/uploads\/2019\/10\/logo-dark-gb.png","width":120,"height":35,"caption":"GreenBlue Urban"},"image":{"@id":"https:\/\/greenblue.com\/gb\/#\/schema\/logo\/image\/"}}]}},"_links":{"self":[{"href":"https:\/\/greenblue.com\/es\/wp-json\/wp\/v2\/pages\/53423","targetHints":{"allow":["GET"]}}],"collection":[{"href":"https:\/\/greenblue.com\/es\/wp-json\/wp\/v2\/pages"}],"about":[{"href":"https:\/\/greenblue.com\/es\/wp-json\/wp\/v2\/types\/page"}],"author":[{"embeddable":true,"href":"https:\/\/greenblue.com\/es\/wp-json\/wp\/v2\/users\/3409"}],"replies":[{"embeddable":true,"href":"https:\/\/greenblue.com\/es\/wp-json\/wp\/v2\/comments?post=53423"}],"version-history":[{"count":0,"href":"https:\/\/greenblue.com\/es\/wp-json\/wp\/v2\/pages\/53423\/revisions"}],"up":[{"embeddable":true,"href":"https:\/\/greenblue.com\/es\/wp-json\/wp\/v2\/pages\/85623"}],"wp:attachment":[{"href":"https:\/\/greenblue.com\/es\/wp-json\/wp\/v2\/media?parent=53423"}],"curies":[{"name":"wp","href":"https:\/\/api.w.org\/{rel}","templated":true}]}}