{"id":102214,"date":"2019-11-25T16:15:20","date_gmt":"2019-11-25T16:15:20","guid":{"rendered":"https:\/\/greenblue.com\/products\/arborflow-2\/"},"modified":"2023-11-29T15:11:11","modified_gmt":"2023-11-29T15:11:11","slug":"arborflow","status":"publish","type":"product","link":"https:\/\/greenblue.com\/es\/productos\/arborflow\/","title":{"rendered":"ArborFlow"},"content":{"rendered":"<p>El sistema integral de alcorques SuDS de GreenBlue Urban, ArborFlow, se ha desarrollado como un medio eficaz de gestionar la escorrent\u00eda de aguas superficiales. Ideal para su uso en zonas urbanas donde el espacio es escaso, ArborFlow reduce notablemente la velocidad y el caudal de las aguas superficiales de escorrent\u00eda en las zonas urbanas. Dise\u00f1ado para una zona de captaci\u00f3n determinada, puede contribuir de forma significativa a alcanzar los objetivos de vertido esperados.<\/p>\n<p>ArborFlow es un ingenioso sistema multifuncional que combina la captaci\u00f3n y el almacenamiento de aguas pluviales, la captaci\u00f3n de limo\/residuos, el control de ra\u00edces, el riego primario y la rejilla cubre alcorque, todo ello en una soluci\u00f3n modular robusta y f\u00e1cil de montar.<\/p>\n","protected":false},"excerpt":{"rendered":"<p>ArborFlow es la soluci\u00f3n m\u00e1s avanzada para hacer del \u00e1rbol urbano una verdadera herramienta de drenaje urbano sostenible en entornos complejos y consolidados.<\/p>\n","protected":false},"featured_media":81592,"template":"","meta":{"content-type":""},"product_brand":[],"product_cat":[708],"product_tag":[],"class_list":{"0":"post-102214","1":"product","2":"type-product","3":"status-publish","4":"has-post-thumbnail","6":"product_cat-gestion-de-escorrentias","8":"first","9":"instock","10":"virtual","11":"taxable","12":"product-type-simple"},"acf":[],"yoast_head":"<!-- This site is optimized with the Yoast SEO plugin v27.3 - https:\/\/yoast.com\/product\/yoast-seo-wordpress\/ -->\n<title>ArborFlow - GreenBlue Urban<\/title>\n<meta name=\"description\" content=\"GreenBlue Urban\u2019s ArborFlow compact SuDS tree pit system has been developed as an effective means of managing surface water run-off through tree pits\" \/>\n<meta name=\"robots\" content=\"index, follow, max-snippet:-1, max-image-preview:large, max-video-preview:-1\" \/>\n<link rel=\"canonical\" href=\"https:\/\/greenblue.com\/es\/productos\/arborflow\/\" \/>\n<meta property=\"og:locale\" content=\"es_ES\" \/>\n<meta property=\"og:type\" content=\"article\" \/>\n<meta property=\"og:title\" content=\"ArborFlow - GreenBlue Urban\" \/>\n<meta property=\"og:description\" content=\"GreenBlue Urban\u2019s ArborFlow compact SuDS tree pit system has been developed as an effective means of managing surface water run-off through tree pits\" \/>\n<meta property=\"og:url\" content=\"https:\/\/greenblue.com\/es\/productos\/arborflow\/\" \/>\n<meta property=\"og:site_name\" content=\"GreenBlue Urban\" \/>\n<meta property=\"article:modified_time\" content=\"2023-11-29T15:11:11+00:00\" \/>\n<meta property=\"og:image\" content=\"https:\/\/greenblue.com\/wp-content\/uploads\/2022\/08\/ArborFlow.png\" \/>\n\t<meta property=\"og:image:width\" content=\"1080\" \/>\n\t<meta property=\"og:image:height\" content=\"1080\" \/>\n\t<meta property=\"og:image:type\" content=\"image\/png\" \/>\n<meta name=\"twitter:card\" content=\"summary_large_image\" \/>\n<meta name=\"twitter:label1\" content=\"Est. reading time\" \/>\n\t<meta name=\"twitter:data1\" content=\"1 minute\" \/>\n<script type=\"application\/ld+json\" class=\"yoast-schema-graph\">{\"@context\":\"https:\\\/\\\/schema.org\",\"@graph\":[{\"@type\":\"WebPage\",\"@id\":\"https:\\\/\\\/greenblue.com\\\/es\\\/productos\\\/arborflow\\\/\",\"url\":\"https:\\\/\\\/greenblue.com\\\/es\\\/productos\\\/arborflow\\\/\",\"name\":\"ArborFlow - GreenBlue Urban\",\"isPartOf\":{\"@id\":\"https:\\\/\\\/greenblue.com\\\/gb\\\/#website\"},\"primaryImageOfPage\":{\"@id\":\"https:\\\/\\\/greenblue.com\\\/es\\\/productos\\\/arborflow\\\/#primaryimage\"},\"image\":{\"@id\":\"https:\\\/\\\/greenblue.com\\\/es\\\/productos\\\/arborflow\\\/#primaryimage\"},\"thumbnailUrl\":\"https:\\\/\\\/greenblue.com\\\/wp-content\\\/uploads\\\/2022\\\/08\\\/ArborFlow.png?wsr\",\"datePublished\":\"2019-11-25T16:15:20+00:00\",\"dateModified\":\"2023-11-29T15:11:11+00:00\",\"description\":\"GreenBlue Urban\u2019s ArborFlow compact SuDS tree pit system has been developed as an effective means of managing surface water run-off through tree pits\",\"breadcrumb\":{\"@id\":\"https:\\\/\\\/greenblue.com\\\/es\\\/productos\\\/arborflow\\\/#breadcrumb\"},\"inLanguage\":\"es-ES\",\"potentialAction\":[{\"@type\":\"ReadAction\",\"target\":[\"https:\\\/\\\/greenblue.com\\\/es\\\/productos\\\/arborflow\\\/\"]}]},{\"@type\":\"ImageObject\",\"inLanguage\":\"es-ES\",\"@id\":\"https:\\\/\\\/greenblue.com\\\/es\\\/productos\\\/arborflow\\\/#primaryimage\",\"url\":\"https:\\\/\\\/greenblue.com\\\/wp-content\\\/uploads\\\/2022\\\/08\\\/ArborFlow.png?wsr\",\"contentUrl\":\"https:\\\/\\\/greenblue.com\\\/wp-content\\\/uploads\\\/2022\\\/08\\\/ArborFlow.png?wsr\",\"width\":1080,\"height\":1080},{\"@type\":\"BreadcrumbList\",\"@id\":\"https:\\\/\\\/greenblue.com\\\/es\\\/productos\\\/arborflow\\\/#breadcrumb\",\"itemListElement\":[{\"@type\":\"ListItem\",\"position\":1,\"name\":\"Home\",\"item\":\"https:\\\/\\\/greenblue.com\\\/es\\\/\"},{\"@type\":\"ListItem\",\"position\":2,\"name\":\"Products\",\"item\":\"https:\\\/\\\/greenblue.com\\\/gb\\\/products\\\/\"},{\"@type\":\"ListItem\",\"position\":3,\"name\":\"ArborFlow\"}]},{\"@type\":\"WebSite\",\"@id\":\"https:\\\/\\\/greenblue.com\\\/gb\\\/#website\",\"url\":\"https:\\\/\\\/greenblue.com\\\/gb\\\/\",\"name\":\"GreenBlue Urban\",\"description\":\"Creating Healthier Urban Spaces In Harmony With Nature\",\"publisher\":{\"@id\":\"https:\\\/\\\/greenblue.com\\\/gb\\\/#organization\"},\"potentialAction\":[{\"@type\":\"SearchAction\",\"target\":{\"@type\":\"EntryPoint\",\"urlTemplate\":\"https:\\\/\\\/greenblue.com\\\/gb\\\/?s={search_term_string}\"},\"query-input\":{\"@type\":\"PropertyValueSpecification\",\"valueRequired\":true,\"valueName\":\"search_term_string\"}}],\"inLanguage\":\"es-ES\"},{\"@type\":\"Organization\",\"@id\":\"https:\\\/\\\/greenblue.com\\\/gb\\\/#organization\",\"name\":\"GreenBlue Urban\",\"url\":\"https:\\\/\\\/greenblue.com\\\/gb\\\/\",\"logo\":{\"@type\":\"ImageObject\",\"inLanguage\":\"es-ES\",\"@id\":\"https:\\\/\\\/greenblue.com\\\/gb\\\/#\\\/schema\\\/logo\\\/image\\\/\",\"url\":\"https:\\\/\\\/greenblue.com\\\/wp-content\\\/uploads\\\/2019\\\/10\\\/logo-dark-gb.png\",\"contentUrl\":\"https:\\\/\\\/greenblue.com\\\/wp-content\\\/uploads\\\/2019\\\/10\\\/logo-dark-gb.png\",\"width\":120,\"height\":35,\"caption\":\"GreenBlue Urban\"},\"image\":{\"@id\":\"https:\\\/\\\/greenblue.com\\\/gb\\\/#\\\/schema\\\/logo\\\/image\\\/\"}}]}<\/script>\n<!-- \/ Yoast SEO plugin. -->","yoast_head_json":{"title":"ArborFlow - GreenBlue Urban","description":"GreenBlue Urban\u2019s ArborFlow compact SuDS tree pit system has been developed as an effective means of managing surface water run-off through tree pits","robots":{"index":"index","follow":"follow","max-snippet":"max-snippet:-1","max-image-preview":"max-image-preview:large","max-video-preview":"max-video-preview:-1"},"canonical":"https:\/\/greenblue.com\/es\/productos\/arborflow\/","og_locale":"es_ES","og_type":"article","og_title":"ArborFlow - GreenBlue Urban","og_description":"GreenBlue Urban\u2019s ArborFlow compact SuDS tree pit system has been developed as an effective means of managing surface water run-off through tree pits","og_url":"https:\/\/greenblue.com\/es\/productos\/arborflow\/","og_site_name":"GreenBlue Urban","article_modified_time":"2023-11-29T15:11:11+00:00","og_image":[{"width":1080,"height":1080,"url":"https:\/\/greenblue.com\/wp-content\/uploads\/2022\/08\/ArborFlow.png","type":"image\/png"}],"twitter_card":"summary_large_image","twitter_misc":{"Est. reading time":"1 minute"},"schema":{"@context":"https:\/\/schema.org","@graph":[{"@type":"WebPage","@id":"https:\/\/greenblue.com\/es\/productos\/arborflow\/","url":"https:\/\/greenblue.com\/es\/productos\/arborflow\/","name":"ArborFlow - GreenBlue Urban","isPartOf":{"@id":"https:\/\/greenblue.com\/gb\/#website"},"primaryImageOfPage":{"@id":"https:\/\/greenblue.com\/es\/productos\/arborflow\/#primaryimage"},"image":{"@id":"https:\/\/greenblue.com\/es\/productos\/arborflow\/#primaryimage"},"thumbnailUrl":"https:\/\/greenblue.com\/wp-content\/uploads\/2022\/08\/ArborFlow.png?wsr","datePublished":"2019-11-25T16:15:20+00:00","dateModified":"2023-11-29T15:11:11+00:00","description":"GreenBlue Urban\u2019s ArborFlow compact SuDS tree pit system has been developed as an effective means of managing surface water run-off through tree pits","breadcrumb":{"@id":"https:\/\/greenblue.com\/es\/productos\/arborflow\/#breadcrumb"},"inLanguage":"es-ES","potentialAction":[{"@type":"ReadAction","target":["https:\/\/greenblue.com\/es\/productos\/arborflow\/"]}]},{"@type":"ImageObject","inLanguage":"es-ES","@id":"https:\/\/greenblue.com\/es\/productos\/arborflow\/#primaryimage","url":"https:\/\/greenblue.com\/wp-content\/uploads\/2022\/08\/ArborFlow.png?wsr","contentUrl":"https:\/\/greenblue.com\/wp-content\/uploads\/2022\/08\/ArborFlow.png?wsr","width":1080,"height":1080},{"@type":"BreadcrumbList","@id":"https:\/\/greenblue.com\/es\/productos\/arborflow\/#breadcrumb","itemListElement":[{"@type":"ListItem","position":1,"name":"Home","item":"https:\/\/greenblue.com\/es\/"},{"@type":"ListItem","position":2,"name":"Products","item":"https:\/\/greenblue.com\/gb\/products\/"},{"@type":"ListItem","position":3,"name":"ArborFlow"}]},{"@type":"WebSite","@id":"https:\/\/greenblue.com\/gb\/#website","url":"https:\/\/greenblue.com\/gb\/","name":"GreenBlue Urban","description":"Creating Healthier Urban Spaces In Harmony With Nature","publisher":{"@id":"https:\/\/greenblue.com\/gb\/#organization"},"potentialAction":[{"@type":"SearchAction","target":{"@type":"EntryPoint","urlTemplate":"https:\/\/greenblue.com\/gb\/?s={search_term_string}"},"query-input":{"@type":"PropertyValueSpecification","valueRequired":true,"valueName":"search_term_string"}}],"inLanguage":"es-ES"},{"@type":"Organization","@id":"https:\/\/greenblue.com\/gb\/#organization","name":"GreenBlue Urban","url":"https:\/\/greenblue.com\/gb\/","logo":{"@type":"ImageObject","inLanguage":"es-ES","@id":"https:\/\/greenblue.com\/gb\/#\/schema\/logo\/image\/","url":"https:\/\/greenblue.com\/wp-content\/uploads\/2019\/10\/logo-dark-gb.png","contentUrl":"https:\/\/greenblue.com\/wp-content\/uploads\/2019\/10\/logo-dark-gb.png","width":120,"height":35,"caption":"GreenBlue Urban"},"image":{"@id":"https:\/\/greenblue.com\/gb\/#\/schema\/logo\/image\/"}}]}},"_links":{"self":[{"href":"https:\/\/greenblue.com\/es\/wp-json\/wp\/v2\/product\/102214","targetHints":{"allow":["GET"]}}],"collection":[{"href":"https:\/\/greenblue.com\/es\/wp-json\/wp\/v2\/product"}],"about":[{"href":"https:\/\/greenblue.com\/es\/wp-json\/wp\/v2\/types\/product"}],"version-history":[{"count":0,"href":"https:\/\/greenblue.com\/es\/wp-json\/wp\/v2\/product\/102214\/revisions"}],"wp:featuredmedia":[{"embeddable":true,"href":"https:\/\/greenblue.com\/es\/wp-json\/wp\/v2\/media\/81592"}],"wp:attachment":[{"href":"https:\/\/greenblue.com\/es\/wp-json\/wp\/v2\/media?parent=102214"}],"wp:term":[{"taxonomy":"product_brand","embeddable":true,"href":"https:\/\/greenblue.com\/es\/wp-json\/wp\/v2\/product_brand?post=102214"},{"taxonomy":"product_cat","embeddable":true,"href":"https:\/\/greenblue.com\/es\/wp-json\/wp\/v2\/product_cat?post=102214"},{"taxonomy":"product_tag","embeddable":true,"href":"https:\/\/greenblue.com\/es\/wp-json\/wp\/v2\/product_tag?post=102214"}],"curies":[{"name":"wp","href":"https:\/\/api.w.org\/{rel}","templated":true}]}}