{"id":118800,"date":"2019-11-29T12:59:27","date_gmt":"2019-11-29T12:59:27","guid":{"rendered":"https:\/\/greenblue.com\/products\/arbortech-tree-shield\/"},"modified":"2023-11-29T14:10:17","modified_gmt":"2023-11-29T14:10:17","slug":"arbortech","status":"publish","type":"product","link":"https:\/\/greenblue.com\/es\/productos\/arbortech\/","title":{"rendered":"Arbortech"},"content":{"rendered":"<p>Arbortech proporciona una protecci\u00f3n robusta el \u00e1rbol y atractiva para el entorno, que ahora ha encontrado una amplia aplicaci\u00f3n por parte de las autoridades locales y los contratistas tanto en las ciudades como en las zonas urbanas.<\/p>\n<p>Fabricado con acero soldado y acabado con un atractivo revestimiento de aleaci\u00f3n de pol\u00edmero negro, el protector de \u00e1rboles Arbortech se utiliza en las principales ciudades como una alternativa m\u00e1s rentable que los alcorques tradicionales, sin comprometer el acabado ni la calidad.<\/p>\n","protected":false},"excerpt":{"rendered":"<p>Una opci\u00f3n robusta y atractiva para la protecci\u00f3n de tu \u00e1rbol.<\/p>\n","protected":false},"featured_media":82675,"template":"","meta":{"content-type":""},"product_brand":[],"product_cat":[711],"product_tag":[],"class_list":{"0":"post-118800","1":"product","2":"type-product","3":"status-publish","4":"has-post-thumbnail","6":"product_cat-protectores-para-arboles-urbanos","8":"first","9":"instock","10":"virtual","11":"taxable","12":"product-type-simple"},"acf":[],"yoast_head":"<!-- This site is optimized with the Yoast SEO plugin v27.4 - https:\/\/yoast.com\/product\/yoast-seo-wordpress\/ -->\n<title>Arbortech - GreenBlue Urban<\/title>\n<meta name=\"robots\" content=\"index, follow, max-snippet:-1, max-image-preview:large, max-video-preview:-1\" \/>\n<link rel=\"canonical\" href=\"https:\/\/greenblue.com\/es\/productos\/arbortech\/\" \/>\n<meta property=\"og:locale\" content=\"es_ES\" \/>\n<meta property=\"og:type\" content=\"article\" \/>\n<meta property=\"og:title\" content=\"Arbortech - GreenBlue Urban\" \/>\n<meta property=\"og:description\" content=\"Una opci\u00f3n robusta y atractiva para la protecci\u00f3n de tu \u00e1rbol.\" \/>\n<meta property=\"og:url\" content=\"https:\/\/greenblue.com\/es\/productos\/arbortech\/\" \/>\n<meta property=\"og:site_name\" content=\"GreenBlue Urban\" \/>\n<meta property=\"article:modified_time\" content=\"2023-11-29T14:10:17+00:00\" \/>\n<meta property=\"og:image\" content=\"https:\/\/greenblue.com\/wp-content\/uploads\/2019\/11\/Tree-Guard-Arbortech-01.jpg\" \/>\n\t<meta property=\"og:image:width\" content=\"1080\" \/>\n\t<meta property=\"og:image:height\" content=\"1080\" \/>\n\t<meta property=\"og:image:type\" content=\"image\/jpeg\" \/>\n<meta name=\"twitter:card\" content=\"summary_large_image\" \/>\n<meta name=\"twitter:label1\" content=\"Est. reading time\" \/>\n\t<meta name=\"twitter:data1\" content=\"1 minute\" \/>\n<script type=\"application\/ld+json\" class=\"yoast-schema-graph\">{\"@context\":\"https:\\\/\\\/schema.org\",\"@graph\":[{\"@type\":\"WebPage\",\"@id\":\"https:\\\/\\\/greenblue.com\\\/es\\\/productos\\\/arbortech\\\/\",\"url\":\"https:\\\/\\\/greenblue.com\\\/es\\\/productos\\\/arbortech\\\/\",\"name\":\"Arbortech - GreenBlue Urban\",\"isPartOf\":{\"@id\":\"https:\\\/\\\/greenblue.com\\\/gb\\\/#website\"},\"primaryImageOfPage\":{\"@id\":\"https:\\\/\\\/greenblue.com\\\/es\\\/productos\\\/arbortech\\\/#primaryimage\"},\"image\":{\"@id\":\"https:\\\/\\\/greenblue.com\\\/es\\\/productos\\\/arbortech\\\/#primaryimage\"},\"thumbnailUrl\":\"https:\\\/\\\/greenblue.com\\\/wp-content\\\/uploads\\\/2019\\\/11\\\/Tree-Guard-Arbortech-01.jpg?wsr\",\"datePublished\":\"2019-11-29T12:59:27+00:00\",\"dateModified\":\"2023-11-29T14:10:17+00:00\",\"breadcrumb\":{\"@id\":\"https:\\\/\\\/greenblue.com\\\/es\\\/productos\\\/arbortech\\\/#breadcrumb\"},\"inLanguage\":\"es-ES\",\"potentialAction\":[{\"@type\":\"ReadAction\",\"target\":[\"https:\\\/\\\/greenblue.com\\\/es\\\/productos\\\/arbortech\\\/\"]}]},{\"@type\":\"ImageObject\",\"inLanguage\":\"es-ES\",\"@id\":\"https:\\\/\\\/greenblue.com\\\/es\\\/productos\\\/arbortech\\\/#primaryimage\",\"url\":\"https:\\\/\\\/greenblue.com\\\/wp-content\\\/uploads\\\/2019\\\/11\\\/Tree-Guard-Arbortech-01.jpg?wsr\",\"contentUrl\":\"https:\\\/\\\/greenblue.com\\\/wp-content\\\/uploads\\\/2019\\\/11\\\/Tree-Guard-Arbortech-01.jpg?wsr\",\"width\":1080,\"height\":1080},{\"@type\":\"BreadcrumbList\",\"@id\":\"https:\\\/\\\/greenblue.com\\\/es\\\/productos\\\/arbortech\\\/#breadcrumb\",\"itemListElement\":[{\"@type\":\"ListItem\",\"position\":1,\"name\":\"Home\",\"item\":\"https:\\\/\\\/greenblue.com\\\/es\\\/\"},{\"@type\":\"ListItem\",\"position\":2,\"name\":\"Products\",\"item\":\"https:\\\/\\\/greenblue.com\\\/gb\\\/products\\\/\"},{\"@type\":\"ListItem\",\"position\":3,\"name\":\"Arbortech\"}]},{\"@type\":\"WebSite\",\"@id\":\"https:\\\/\\\/greenblue.com\\\/gb\\\/#website\",\"url\":\"https:\\\/\\\/greenblue.com\\\/gb\\\/\",\"name\":\"GreenBlue Urban\",\"description\":\"Creating Healthier Urban Spaces In Harmony With Nature\",\"publisher\":{\"@id\":\"https:\\\/\\\/greenblue.com\\\/gb\\\/#organization\"},\"potentialAction\":[{\"@type\":\"SearchAction\",\"target\":{\"@type\":\"EntryPoint\",\"urlTemplate\":\"https:\\\/\\\/greenblue.com\\\/gb\\\/?s={search_term_string}\"},\"query-input\":{\"@type\":\"PropertyValueSpecification\",\"valueRequired\":true,\"valueName\":\"search_term_string\"}}],\"inLanguage\":\"es-ES\"},{\"@type\":\"Organization\",\"@id\":\"https:\\\/\\\/greenblue.com\\\/gb\\\/#organization\",\"name\":\"GreenBlue Urban\",\"url\":\"https:\\\/\\\/greenblue.com\\\/gb\\\/\",\"logo\":{\"@type\":\"ImageObject\",\"inLanguage\":\"es-ES\",\"@id\":\"https:\\\/\\\/greenblue.com\\\/gb\\\/#\\\/schema\\\/logo\\\/image\\\/\",\"url\":\"https:\\\/\\\/greenblue.com\\\/wp-content\\\/uploads\\\/2019\\\/10\\\/logo-dark-gb.png\",\"contentUrl\":\"https:\\\/\\\/greenblue.com\\\/wp-content\\\/uploads\\\/2019\\\/10\\\/logo-dark-gb.png\",\"width\":120,\"height\":35,\"caption\":\"GreenBlue Urban\"},\"image\":{\"@id\":\"https:\\\/\\\/greenblue.com\\\/gb\\\/#\\\/schema\\\/logo\\\/image\\\/\"}}]}<\/script>\n<!-- \/ Yoast SEO plugin. -->","yoast_head_json":{"title":"Arbortech - GreenBlue Urban","robots":{"index":"index","follow":"follow","max-snippet":"max-snippet:-1","max-image-preview":"max-image-preview:large","max-video-preview":"max-video-preview:-1"},"canonical":"https:\/\/greenblue.com\/es\/productos\/arbortech\/","og_locale":"es_ES","og_type":"article","og_title":"Arbortech - GreenBlue Urban","og_description":"Una opci\u00f3n robusta y atractiva para la protecci\u00f3n de tu \u00e1rbol.","og_url":"https:\/\/greenblue.com\/es\/productos\/arbortech\/","og_site_name":"GreenBlue Urban","article_modified_time":"2023-11-29T14:10:17+00:00","og_image":[{"width":1080,"height":1080,"url":"https:\/\/greenblue.com\/wp-content\/uploads\/2019\/11\/Tree-Guard-Arbortech-01.jpg","type":"image\/jpeg"}],"twitter_card":"summary_large_image","twitter_misc":{"Est. reading time":"1 minute"},"schema":{"@context":"https:\/\/schema.org","@graph":[{"@type":"WebPage","@id":"https:\/\/greenblue.com\/es\/productos\/arbortech\/","url":"https:\/\/greenblue.com\/es\/productos\/arbortech\/","name":"Arbortech - GreenBlue Urban","isPartOf":{"@id":"https:\/\/greenblue.com\/gb\/#website"},"primaryImageOfPage":{"@id":"https:\/\/greenblue.com\/es\/productos\/arbortech\/#primaryimage"},"image":{"@id":"https:\/\/greenblue.com\/es\/productos\/arbortech\/#primaryimage"},"thumbnailUrl":"https:\/\/greenblue.com\/wp-content\/uploads\/2019\/11\/Tree-Guard-Arbortech-01.jpg?wsr","datePublished":"2019-11-29T12:59:27+00:00","dateModified":"2023-11-29T14:10:17+00:00","breadcrumb":{"@id":"https:\/\/greenblue.com\/es\/productos\/arbortech\/#breadcrumb"},"inLanguage":"es-ES","potentialAction":[{"@type":"ReadAction","target":["https:\/\/greenblue.com\/es\/productos\/arbortech\/"]}]},{"@type":"ImageObject","inLanguage":"es-ES","@id":"https:\/\/greenblue.com\/es\/productos\/arbortech\/#primaryimage","url":"https:\/\/greenblue.com\/wp-content\/uploads\/2019\/11\/Tree-Guard-Arbortech-01.jpg?wsr","contentUrl":"https:\/\/greenblue.com\/wp-content\/uploads\/2019\/11\/Tree-Guard-Arbortech-01.jpg?wsr","width":1080,"height":1080},{"@type":"BreadcrumbList","@id":"https:\/\/greenblue.com\/es\/productos\/arbortech\/#breadcrumb","itemListElement":[{"@type":"ListItem","position":1,"name":"Home","item":"https:\/\/greenblue.com\/es\/"},{"@type":"ListItem","position":2,"name":"Products","item":"https:\/\/greenblue.com\/gb\/products\/"},{"@type":"ListItem","position":3,"name":"Arbortech"}]},{"@type":"WebSite","@id":"https:\/\/greenblue.com\/gb\/#website","url":"https:\/\/greenblue.com\/gb\/","name":"GreenBlue Urban","description":"Creating Healthier Urban Spaces In Harmony With Nature","publisher":{"@id":"https:\/\/greenblue.com\/gb\/#organization"},"potentialAction":[{"@type":"SearchAction","target":{"@type":"EntryPoint","urlTemplate":"https:\/\/greenblue.com\/gb\/?s={search_term_string}"},"query-input":{"@type":"PropertyValueSpecification","valueRequired":true,"valueName":"search_term_string"}}],"inLanguage":"es-ES"},{"@type":"Organization","@id":"https:\/\/greenblue.com\/gb\/#organization","name":"GreenBlue Urban","url":"https:\/\/greenblue.com\/gb\/","logo":{"@type":"ImageObject","inLanguage":"es-ES","@id":"https:\/\/greenblue.com\/gb\/#\/schema\/logo\/image\/","url":"https:\/\/greenblue.com\/wp-content\/uploads\/2019\/10\/logo-dark-gb.png","contentUrl":"https:\/\/greenblue.com\/wp-content\/uploads\/2019\/10\/logo-dark-gb.png","width":120,"height":35,"caption":"GreenBlue Urban"},"image":{"@id":"https:\/\/greenblue.com\/gb\/#\/schema\/logo\/image\/"}}]}},"_links":{"self":[{"href":"https:\/\/greenblue.com\/es\/wp-json\/wp\/v2\/product\/118800","targetHints":{"allow":["GET"]}}],"collection":[{"href":"https:\/\/greenblue.com\/es\/wp-json\/wp\/v2\/product"}],"about":[{"href":"https:\/\/greenblue.com\/es\/wp-json\/wp\/v2\/types\/product"}],"version-history":[{"count":0,"href":"https:\/\/greenblue.com\/es\/wp-json\/wp\/v2\/product\/118800\/revisions"}],"wp:featuredmedia":[{"embeddable":true,"href":"https:\/\/greenblue.com\/es\/wp-json\/wp\/v2\/media\/82675"}],"wp:attachment":[{"href":"https:\/\/greenblue.com\/es\/wp-json\/wp\/v2\/media?parent=118800"}],"wp:term":[{"taxonomy":"product_brand","embeddable":true,"href":"https:\/\/greenblue.com\/es\/wp-json\/wp\/v2\/product_brand?post=118800"},{"taxonomy":"product_cat","embeddable":true,"href":"https:\/\/greenblue.com\/es\/wp-json\/wp\/v2\/product_cat?post=118800"},{"taxonomy":"product_tag","embeddable":true,"href":"https:\/\/greenblue.com\/es\/wp-json\/wp\/v2\/product_tag?post=118800"}],"curies":[{"name":"wp","href":"https:\/\/api.w.org\/{rel}","templated":true}]}}