{"id":119160,"date":"2019-11-28T11:48:10","date_gmt":"2019-11-28T11:48:10","guid":{"rendered":"https:\/\/greenblue.com\/products\/arboresin-precast\/"},"modified":"2023-12-05T09:25:33","modified_gmt":"2023-12-05T09:25:33","slug":"rejilla-arboresin-precast","status":"publish","type":"product","link":"https:\/\/greenblue.com\/es\/productos\/rejilla-arboresin-precast\/","title":{"rendered":"ArboResin \u200bPrecast"},"content":{"rendered":"<p>Los alcorques prefabricados Arboresin consisten en segmentos prefabricados con resina que se fabrican fuera de las instalaciones en un entorno de calidad controlada. De este modo, no es necesario realizar ninguna mezcla in situ, ya que los segmentos ya est\u00e1n moldeados y simplemente se colocan en nuestro marco de rejilla para \u00e1rboles DTS cuadrado est\u00e1ndar de 1.200 mm.<\/p>\n<p>Dentro de cada segmento hay una matriz preformada especialmente dise\u00f1ada de varillas de refuerzo de acero. Estas varillas a\u00f1aden una resistencia significativa a los segmentos, adem\u00e1s de proporcionar un punto de fijaci\u00f3n para el anillo interior. En el anillo interior puede atornillarse un protector de \u00e1rbol vertical de acero GreenBlue Urban. En la mitad de los segmentos prefabricados tambi\u00e9n hay una toma de riego Arborvent de GreenBlue Urban. Esta duradera toma de aluminio fundido se conecta f\u00e1cilmente al sistema de tuber\u00edas perforadas de 60 mm de di\u00e1metro que rodea el cepell\u00f3n.<\/p>\n","protected":false},"excerpt":{"rendered":"<p>El alcorque prefabricado Arboresin es una importante novedad de GreenBlue Urban.<\/p>\n","protected":false},"featured_media":84245,"template":"","meta":{"content-type":""},"product_brand":[],"product_cat":[712],"product_tag":[],"class_list":{"0":"post-119160","1":"product","2":"type-product","3":"status-publish","4":"has-post-thumbnail","6":"product_cat-precast-tree-grilles","8":"first","9":"instock","10":"virtual","11":"taxable","12":"product-type-simple"},"acf":[],"yoast_head":"<!-- This site is optimized with the Yoast SEO plugin v27.5 - https:\/\/yoast.com\/product\/yoast-seo-wordpress\/ -->\n<title>ArboResin \u200bPrecast - GreenBlue Urban<\/title>\n<meta name=\"robots\" content=\"index, follow, max-snippet:-1, max-image-preview:large, max-video-preview:-1\" \/>\n<link rel=\"canonical\" href=\"https:\/\/greenblue.com\/es\/productos\/rejilla-arboresin-precast\/\" \/>\n<meta property=\"og:locale\" content=\"es_ES\" \/>\n<meta property=\"og:type\" content=\"article\" \/>\n<meta property=\"og:title\" content=\"ArboResin \u200bPrecast - GreenBlue Urban\" \/>\n<meta property=\"og:description\" content=\"El alcorque prefabricado Arboresin es una importante novedad de GreenBlue Urban.\" \/>\n<meta property=\"og:url\" content=\"https:\/\/greenblue.com\/es\/productos\/rejilla-arboresin-precast\/\" \/>\n<meta property=\"og:site_name\" content=\"GreenBlue Urban\" \/>\n<meta property=\"article:modified_time\" content=\"2023-12-05T09:25:33+00:00\" \/>\n<meta property=\"og:image\" content=\"https:\/\/greenblue.com\/wp-content\/uploads\/2019\/11\/ArborResin-Precast.jpg?wsr\" \/>\n\t<meta property=\"og:image:width\" content=\"1000\" \/>\n\t<meta property=\"og:image:height\" content=\"1000\" \/>\n\t<meta property=\"og:image:type\" content=\"image\/jpeg\" \/>\n<meta name=\"twitter:card\" content=\"summary_large_image\" \/>\n<meta name=\"twitter:label1\" content=\"Est. reading time\" \/>\n\t<meta name=\"twitter:data1\" content=\"1 minute\" \/>\n<script type=\"application\/ld+json\" class=\"yoast-schema-graph\">{\"@context\":\"https:\\\/\\\/schema.org\",\"@graph\":[{\"@type\":\"WebPage\",\"@id\":\"https:\\\/\\\/greenblue.com\\\/es\\\/productos\\\/rejilla-arboresin-precast\\\/\",\"url\":\"https:\\\/\\\/greenblue.com\\\/es\\\/productos\\\/rejilla-arboresin-precast\\\/\",\"name\":\"ArboResin \u200bPrecast - GreenBlue Urban\",\"isPartOf\":{\"@id\":\"https:\\\/\\\/greenblue.com\\\/gb\\\/#website\"},\"primaryImageOfPage\":{\"@id\":\"https:\\\/\\\/greenblue.com\\\/es\\\/productos\\\/rejilla-arboresin-precast\\\/#primaryimage\"},\"image\":{\"@id\":\"https:\\\/\\\/greenblue.com\\\/es\\\/productos\\\/rejilla-arboresin-precast\\\/#primaryimage\"},\"thumbnailUrl\":\"https:\\\/\\\/greenblue.com\\\/wp-content\\\/uploads\\\/2019\\\/11\\\/ArborResin-Precast.jpg?wsr\",\"datePublished\":\"2019-11-28T11:48:10+00:00\",\"dateModified\":\"2023-12-05T09:25:33+00:00\",\"breadcrumb\":{\"@id\":\"https:\\\/\\\/greenblue.com\\\/es\\\/productos\\\/rejilla-arboresin-precast\\\/#breadcrumb\"},\"inLanguage\":\"es-ES\",\"potentialAction\":[{\"@type\":\"ReadAction\",\"target\":[\"https:\\\/\\\/greenblue.com\\\/es\\\/productos\\\/rejilla-arboresin-precast\\\/\"]}]},{\"@type\":\"ImageObject\",\"inLanguage\":\"es-ES\",\"@id\":\"https:\\\/\\\/greenblue.com\\\/es\\\/productos\\\/rejilla-arboresin-precast\\\/#primaryimage\",\"url\":\"https:\\\/\\\/greenblue.com\\\/wp-content\\\/uploads\\\/2019\\\/11\\\/ArborResin-Precast.jpg?wsr\",\"contentUrl\":\"https:\\\/\\\/greenblue.com\\\/wp-content\\\/uploads\\\/2019\\\/11\\\/ArborResin-Precast.jpg?wsr\",\"width\":1000,\"height\":1000},{\"@type\":\"BreadcrumbList\",\"@id\":\"https:\\\/\\\/greenblue.com\\\/es\\\/productos\\\/rejilla-arboresin-precast\\\/#breadcrumb\",\"itemListElement\":[{\"@type\":\"ListItem\",\"position\":1,\"name\":\"Home\",\"item\":\"https:\\\/\\\/greenblue.com\\\/es\\\/\"},{\"@type\":\"ListItem\",\"position\":2,\"name\":\"Products\",\"item\":\"https:\\\/\\\/greenblue.com\\\/gb\\\/products\\\/\"},{\"@type\":\"ListItem\",\"position\":3,\"name\":\"ArboResin \u200bPrecast\"}]},{\"@type\":\"WebSite\",\"@id\":\"https:\\\/\\\/greenblue.com\\\/gb\\\/#website\",\"url\":\"https:\\\/\\\/greenblue.com\\\/gb\\\/\",\"name\":\"GreenBlue Urban\",\"description\":\"Creating Healthier Urban Spaces In Harmony With Nature\",\"publisher\":{\"@id\":\"https:\\\/\\\/greenblue.com\\\/gb\\\/#organization\"},\"potentialAction\":[{\"@type\":\"SearchAction\",\"target\":{\"@type\":\"EntryPoint\",\"urlTemplate\":\"https:\\\/\\\/greenblue.com\\\/gb\\\/?s={search_term_string}\"},\"query-input\":{\"@type\":\"PropertyValueSpecification\",\"valueRequired\":true,\"valueName\":\"search_term_string\"}}],\"inLanguage\":\"es-ES\"},{\"@type\":\"Organization\",\"@id\":\"https:\\\/\\\/greenblue.com\\\/gb\\\/#organization\",\"name\":\"GreenBlue Urban\",\"url\":\"https:\\\/\\\/greenblue.com\\\/gb\\\/\",\"logo\":{\"@type\":\"ImageObject\",\"inLanguage\":\"es-ES\",\"@id\":\"https:\\\/\\\/greenblue.com\\\/gb\\\/#\\\/schema\\\/logo\\\/image\\\/\",\"url\":\"https:\\\/\\\/greenblue.com\\\/wp-content\\\/uploads\\\/2019\\\/10\\\/logo-dark-gb.png\",\"contentUrl\":\"https:\\\/\\\/greenblue.com\\\/wp-content\\\/uploads\\\/2019\\\/10\\\/logo-dark-gb.png\",\"width\":120,\"height\":35,\"caption\":\"GreenBlue Urban\"},\"image\":{\"@id\":\"https:\\\/\\\/greenblue.com\\\/gb\\\/#\\\/schema\\\/logo\\\/image\\\/\"}}]}<\/script>\n<!-- \/ Yoast SEO plugin. -->","yoast_head_json":{"title":"ArboResin \u200bPrecast - GreenBlue Urban","robots":{"index":"index","follow":"follow","max-snippet":"max-snippet:-1","max-image-preview":"max-image-preview:large","max-video-preview":"max-video-preview:-1"},"canonical":"https:\/\/greenblue.com\/es\/productos\/rejilla-arboresin-precast\/","og_locale":"es_ES","og_type":"article","og_title":"ArboResin \u200bPrecast - GreenBlue Urban","og_description":"El alcorque prefabricado Arboresin es una importante novedad de GreenBlue Urban.","og_url":"https:\/\/greenblue.com\/es\/productos\/rejilla-arboresin-precast\/","og_site_name":"GreenBlue Urban","article_modified_time":"2023-12-05T09:25:33+00:00","og_image":[{"width":1000,"height":1000,"url":"https:\/\/greenblue.com\/wp-content\/uploads\/2019\/11\/ArborResin-Precast.jpg?wsr","type":"image\/jpeg"}],"twitter_card":"summary_large_image","twitter_misc":{"Est. reading time":"1 minute"},"schema":{"@context":"https:\/\/schema.org","@graph":[{"@type":"WebPage","@id":"https:\/\/greenblue.com\/es\/productos\/rejilla-arboresin-precast\/","url":"https:\/\/greenblue.com\/es\/productos\/rejilla-arboresin-precast\/","name":"ArboResin \u200bPrecast - GreenBlue Urban","isPartOf":{"@id":"https:\/\/greenblue.com\/gb\/#website"},"primaryImageOfPage":{"@id":"https:\/\/greenblue.com\/es\/productos\/rejilla-arboresin-precast\/#primaryimage"},"image":{"@id":"https:\/\/greenblue.com\/es\/productos\/rejilla-arboresin-precast\/#primaryimage"},"thumbnailUrl":"https:\/\/greenblue.com\/wp-content\/uploads\/2019\/11\/ArborResin-Precast.jpg?wsr","datePublished":"2019-11-28T11:48:10+00:00","dateModified":"2023-12-05T09:25:33+00:00","breadcrumb":{"@id":"https:\/\/greenblue.com\/es\/productos\/rejilla-arboresin-precast\/#breadcrumb"},"inLanguage":"es-ES","potentialAction":[{"@type":"ReadAction","target":["https:\/\/greenblue.com\/es\/productos\/rejilla-arboresin-precast\/"]}]},{"@type":"ImageObject","inLanguage":"es-ES","@id":"https:\/\/greenblue.com\/es\/productos\/rejilla-arboresin-precast\/#primaryimage","url":"https:\/\/greenblue.com\/wp-content\/uploads\/2019\/11\/ArborResin-Precast.jpg?wsr","contentUrl":"https:\/\/greenblue.com\/wp-content\/uploads\/2019\/11\/ArborResin-Precast.jpg?wsr","width":1000,"height":1000},{"@type":"BreadcrumbList","@id":"https:\/\/greenblue.com\/es\/productos\/rejilla-arboresin-precast\/#breadcrumb","itemListElement":[{"@type":"ListItem","position":1,"name":"Home","item":"https:\/\/greenblue.com\/es\/"},{"@type":"ListItem","position":2,"name":"Products","item":"https:\/\/greenblue.com\/gb\/products\/"},{"@type":"ListItem","position":3,"name":"ArboResin \u200bPrecast"}]},{"@type":"WebSite","@id":"https:\/\/greenblue.com\/gb\/#website","url":"https:\/\/greenblue.com\/gb\/","name":"GreenBlue Urban","description":"Creating Healthier Urban Spaces In Harmony With Nature","publisher":{"@id":"https:\/\/greenblue.com\/gb\/#organization"},"potentialAction":[{"@type":"SearchAction","target":{"@type":"EntryPoint","urlTemplate":"https:\/\/greenblue.com\/gb\/?s={search_term_string}"},"query-input":{"@type":"PropertyValueSpecification","valueRequired":true,"valueName":"search_term_string"}}],"inLanguage":"es-ES"},{"@type":"Organization","@id":"https:\/\/greenblue.com\/gb\/#organization","name":"GreenBlue Urban","url":"https:\/\/greenblue.com\/gb\/","logo":{"@type":"ImageObject","inLanguage":"es-ES","@id":"https:\/\/greenblue.com\/gb\/#\/schema\/logo\/image\/","url":"https:\/\/greenblue.com\/wp-content\/uploads\/2019\/10\/logo-dark-gb.png","contentUrl":"https:\/\/greenblue.com\/wp-content\/uploads\/2019\/10\/logo-dark-gb.png","width":120,"height":35,"caption":"GreenBlue Urban"},"image":{"@id":"https:\/\/greenblue.com\/gb\/#\/schema\/logo\/image\/"}}]}},"_links":{"self":[{"href":"https:\/\/greenblue.com\/es\/wp-json\/wp\/v2\/product\/119160","targetHints":{"allow":["GET"]}}],"collection":[{"href":"https:\/\/greenblue.com\/es\/wp-json\/wp\/v2\/product"}],"about":[{"href":"https:\/\/greenblue.com\/es\/wp-json\/wp\/v2\/types\/product"}],"version-history":[{"count":0,"href":"https:\/\/greenblue.com\/es\/wp-json\/wp\/v2\/product\/119160\/revisions"}],"wp:featuredmedia":[{"embeddable":true,"href":"https:\/\/greenblue.com\/es\/wp-json\/wp\/v2\/media\/84245"}],"wp:attachment":[{"href":"https:\/\/greenblue.com\/es\/wp-json\/wp\/v2\/media?parent=119160"}],"wp:term":[{"taxonomy":"product_brand","embeddable":true,"href":"https:\/\/greenblue.com\/es\/wp-json\/wp\/v2\/product_brand?post=119160"},{"taxonomy":"product_cat","embeddable":true,"href":"https:\/\/greenblue.com\/es\/wp-json\/wp\/v2\/product_cat?post=119160"},{"taxonomy":"product_tag","embeddable":true,"href":"https:\/\/greenblue.com\/es\/wp-json\/wp\/v2\/product_tag?post=119160"}],"curies":[{"name":"wp","href":"https:\/\/api.w.org\/{rel}","templated":true}]}}