{"id":52485,"date":"2019-11-25T09:15:29","date_gmt":"2021-01-22T18:21:48","guid":{"rendered":"https:\/\/greenblue.com\/?post_type=product&#038;p=52485"},"modified":"2023-06-07T15:28:46","modified_gmt":"2023-06-07T14:28:46","slug":"stratacell","status":"publish","type":"product","link":"https:\/\/greenblue.com\/es\/productos\/stratacell\/","title":{"rendered":"StrataCell"},"content":{"rendered":"<p>Fabricada bajo especificaciones de ingenier\u00eda avanzada y con el fin de soportar altas cargas verticales, la celda StrataCell permite la convivencia entre el \u00e1rbol y las zonas pavimentadas. Con tan solo 300mm de pavimento granular, la matriz StrataCell es capaz de soportar altas cargas de tr\u00e1fico y peatones.<\/p>\n<p>Tanto las cargas verticales como las laterales han sido tenidas en cuenta en el dise\u00f1o la celda StrataCell, formando una matriz bien interconectada de m\u00f3dulos que forma un marco monol\u00edtico con excelente fuerza y resistencia.<\/p>\n<p>Sus conectores, altamente eficaces, conectan de forma sencilla y r\u00e1pida. Su estructura en esqueleto aporta una enorme zona de crecimiento para los delicados sistemas radiculares y el almacenamiento y gesti\u00f3n de agua de lluvia.<\/p>\n<p>StrataCell aporta hasta un 94% de volumen de relleno, creando alcorques con grandes ventajas, y creando las \u00f3timas condiciones para que los \u00e1rboles crezcan con \u00e9xito.<\/p>\n<p>Su dise\u00f1o generoso permite el paso de conductos, tuber\u00edas y servicios urbanos, incorporando adem\u00e1s sistemas de riego y aireaci\u00f3n en su dise\u00f1o.<\/p>\n<p>&nbsp;<\/p>\n","protected":false},"excerpt":{"rendered":"<p>La celda estructural de suelo StrataCell fue dise\u00f1ada tras exitosos ensayos con el fin de reducir los tiempos y costes de instalaci\u00f3n y transporte, a la vez que maximizar la capacidad estructural del alcorque.<\/p>\n","protected":false},"featured_media":81848,"template":"","meta":{"content-type":""},"product_brand":[],"product_cat":[707],"product_tag":[],"class_list":{"0":"post-52485","1":"product","2":"type-product","3":"status-publish","4":"has-post-thumbnail","6":"product_cat-celdas-estructurales","8":"first","9":"instock","10":"virtual","11":"taxable","12":"product-type-simple"},"acf":[],"yoast_head":"<!-- This site is optimized with the Yoast SEO plugin v27.4 - https:\/\/yoast.com\/product\/yoast-seo-wordpress\/ -->\n<title>StrataCell - Sistema de soporte de pavimento - GreenBlue Urban<\/title>\n<meta name=\"robots\" content=\"index, follow, max-snippet:-1, max-image-preview:large, max-video-preview:-1\" \/>\n<link rel=\"canonical\" href=\"https:\/\/greenblue.com\/es\/products\/stratacell\/\" \/>\n<meta property=\"og:locale\" content=\"es_ES\" \/>\n<meta property=\"og:type\" content=\"article\" \/>\n<meta property=\"og:title\" content=\"StrataCell - Sistema de soporte de pavimento - GreenBlue Urban\" \/>\n<meta property=\"og:description\" content=\"La celda estructural de suelo StrataCell fue dise\u00f1ada tras exitosos ensayos con el fin de reducir los tiempos y costes de instalaci\u00f3n y transporte, a la vez que maximizar la capacidad estructural del alcorque.\" \/>\n<meta property=\"og:url\" content=\"https:\/\/greenblue.com\/es\/products\/stratacell\/\" \/>\n<meta property=\"og:site_name\" content=\"GreenBlue Urban\" \/>\n<meta property=\"article:modified_time\" content=\"2023-06-07T14:28:46+00:00\" \/>\n<meta property=\"og:image\" content=\"https:\/\/greenblue.com\/wp-content\/uploads\/2020\/11\/StrataCell.jpg\" \/>\n\t<meta property=\"og:image:width\" content=\"1920\" \/>\n\t<meta property=\"og:image:height\" content=\"1920\" \/>\n\t<meta property=\"og:image:type\" content=\"image\/jpeg\" \/>\n<meta name=\"twitter:card\" content=\"summary_large_image\" \/>\n<meta name=\"twitter:label1\" content=\"Est. reading time\" \/>\n\t<meta name=\"twitter:data1\" content=\"1 minute\" \/>\n<script type=\"application\/ld+json\" class=\"yoast-schema-graph\">{\"@context\":\"https:\\\/\\\/schema.org\",\"@graph\":[{\"@type\":\"WebPage\",\"@id\":\"https:\\\/\\\/greenblue.com\\\/es\\\/products\\\/stratacell\\\/\",\"url\":\"https:\\\/\\\/greenblue.com\\\/es\\\/products\\\/stratacell\\\/\",\"name\":\"StrataCell - Sistema de soporte de pavimento - GreenBlue Urban\",\"isPartOf\":{\"@id\":\"https:\\\/\\\/greenblue.com\\\/gb\\\/#website\"},\"primaryImageOfPage\":{\"@id\":\"https:\\\/\\\/greenblue.com\\\/es\\\/products\\\/stratacell\\\/#primaryimage\"},\"image\":{\"@id\":\"https:\\\/\\\/greenblue.com\\\/es\\\/products\\\/stratacell\\\/#primaryimage\"},\"thumbnailUrl\":\"https:\\\/\\\/greenblue.com\\\/wp-content\\\/uploads\\\/2020\\\/11\\\/StrataCell.jpg?wsr\",\"datePublished\":\"2021-01-22T18:21:48+00:00\",\"dateModified\":\"2023-06-07T14:28:46+00:00\",\"breadcrumb\":{\"@id\":\"https:\\\/\\\/greenblue.com\\\/es\\\/products\\\/stratacell\\\/#breadcrumb\"},\"inLanguage\":\"es-ES\",\"potentialAction\":[{\"@type\":\"ReadAction\",\"target\":[\"https:\\\/\\\/greenblue.com\\\/es\\\/products\\\/stratacell\\\/\"]}]},{\"@type\":\"ImageObject\",\"inLanguage\":\"es-ES\",\"@id\":\"https:\\\/\\\/greenblue.com\\\/es\\\/products\\\/stratacell\\\/#primaryimage\",\"url\":\"https:\\\/\\\/greenblue.com\\\/wp-content\\\/uploads\\\/2020\\\/11\\\/StrataCell.jpg?wsr\",\"contentUrl\":\"https:\\\/\\\/greenblue.com\\\/wp-content\\\/uploads\\\/2020\\\/11\\\/StrataCell.jpg?wsr\",\"width\":1920,\"height\":1920},{\"@type\":\"BreadcrumbList\",\"@id\":\"https:\\\/\\\/greenblue.com\\\/es\\\/products\\\/stratacell\\\/#breadcrumb\",\"itemListElement\":[{\"@type\":\"ListItem\",\"position\":1,\"name\":\"Home\",\"item\":\"https:\\\/\\\/greenblue.com\\\/es\\\/\"},{\"@type\":\"ListItem\",\"position\":2,\"name\":\"Products\",\"item\":\"https:\\\/\\\/greenblue.com\\\/gb\\\/products\\\/\"},{\"@type\":\"ListItem\",\"position\":3,\"name\":\"StrataCell\"}]},{\"@type\":\"WebSite\",\"@id\":\"https:\\\/\\\/greenblue.com\\\/gb\\\/#website\",\"url\":\"https:\\\/\\\/greenblue.com\\\/gb\\\/\",\"name\":\"GreenBlue Urban\",\"description\":\"Creating Healthier Urban Spaces In Harmony With Nature\",\"publisher\":{\"@id\":\"https:\\\/\\\/greenblue.com\\\/gb\\\/#organization\"},\"potentialAction\":[{\"@type\":\"SearchAction\",\"target\":{\"@type\":\"EntryPoint\",\"urlTemplate\":\"https:\\\/\\\/greenblue.com\\\/gb\\\/?s={search_term_string}\"},\"query-input\":{\"@type\":\"PropertyValueSpecification\",\"valueRequired\":true,\"valueName\":\"search_term_string\"}}],\"inLanguage\":\"es-ES\"},{\"@type\":\"Organization\",\"@id\":\"https:\\\/\\\/greenblue.com\\\/gb\\\/#organization\",\"name\":\"GreenBlue Urban\",\"url\":\"https:\\\/\\\/greenblue.com\\\/gb\\\/\",\"logo\":{\"@type\":\"ImageObject\",\"inLanguage\":\"es-ES\",\"@id\":\"https:\\\/\\\/greenblue.com\\\/gb\\\/#\\\/schema\\\/logo\\\/image\\\/\",\"url\":\"https:\\\/\\\/greenblue.com\\\/wp-content\\\/uploads\\\/2019\\\/10\\\/logo-dark-gb.png\",\"contentUrl\":\"https:\\\/\\\/greenblue.com\\\/wp-content\\\/uploads\\\/2019\\\/10\\\/logo-dark-gb.png\",\"width\":120,\"height\":35,\"caption\":\"GreenBlue Urban\"},\"image\":{\"@id\":\"https:\\\/\\\/greenblue.com\\\/gb\\\/#\\\/schema\\\/logo\\\/image\\\/\"}}]}<\/script>\n<!-- \/ Yoast SEO plugin. -->","yoast_head_json":{"title":"StrataCell - Sistema de soporte de pavimento - GreenBlue Urban","robots":{"index":"index","follow":"follow","max-snippet":"max-snippet:-1","max-image-preview":"max-image-preview:large","max-video-preview":"max-video-preview:-1"},"canonical":"https:\/\/greenblue.com\/es\/products\/stratacell\/","og_locale":"es_ES","og_type":"article","og_title":"StrataCell - Sistema de soporte de pavimento - GreenBlue Urban","og_description":"La celda estructural de suelo StrataCell fue dise\u00f1ada tras exitosos ensayos con el fin de reducir los tiempos y costes de instalaci\u00f3n y transporte, a la vez que maximizar la capacidad estructural del alcorque.","og_url":"https:\/\/greenblue.com\/es\/products\/stratacell\/","og_site_name":"GreenBlue Urban","article_modified_time":"2023-06-07T14:28:46+00:00","og_image":[{"width":1920,"height":1920,"url":"https:\/\/greenblue.com\/wp-content\/uploads\/2020\/11\/StrataCell.jpg","type":"image\/jpeg"}],"twitter_card":"summary_large_image","twitter_misc":{"Est. reading time":"1 minute"},"schema":{"@context":"https:\/\/schema.org","@graph":[{"@type":"WebPage","@id":"https:\/\/greenblue.com\/es\/products\/stratacell\/","url":"https:\/\/greenblue.com\/es\/products\/stratacell\/","name":"StrataCell - Sistema de soporte de pavimento - GreenBlue Urban","isPartOf":{"@id":"https:\/\/greenblue.com\/gb\/#website"},"primaryImageOfPage":{"@id":"https:\/\/greenblue.com\/es\/products\/stratacell\/#primaryimage"},"image":{"@id":"https:\/\/greenblue.com\/es\/products\/stratacell\/#primaryimage"},"thumbnailUrl":"https:\/\/greenblue.com\/wp-content\/uploads\/2020\/11\/StrataCell.jpg?wsr","datePublished":"2021-01-22T18:21:48+00:00","dateModified":"2023-06-07T14:28:46+00:00","breadcrumb":{"@id":"https:\/\/greenblue.com\/es\/products\/stratacell\/#breadcrumb"},"inLanguage":"es-ES","potentialAction":[{"@type":"ReadAction","target":["https:\/\/greenblue.com\/es\/products\/stratacell\/"]}]},{"@type":"ImageObject","inLanguage":"es-ES","@id":"https:\/\/greenblue.com\/es\/products\/stratacell\/#primaryimage","url":"https:\/\/greenblue.com\/wp-content\/uploads\/2020\/11\/StrataCell.jpg?wsr","contentUrl":"https:\/\/greenblue.com\/wp-content\/uploads\/2020\/11\/StrataCell.jpg?wsr","width":1920,"height":1920},{"@type":"BreadcrumbList","@id":"https:\/\/greenblue.com\/es\/products\/stratacell\/#breadcrumb","itemListElement":[{"@type":"ListItem","position":1,"name":"Home","item":"https:\/\/greenblue.com\/es\/"},{"@type":"ListItem","position":2,"name":"Products","item":"https:\/\/greenblue.com\/gb\/products\/"},{"@type":"ListItem","position":3,"name":"StrataCell"}]},{"@type":"WebSite","@id":"https:\/\/greenblue.com\/gb\/#website","url":"https:\/\/greenblue.com\/gb\/","name":"GreenBlue Urban","description":"Creating Healthier Urban Spaces In Harmony With Nature","publisher":{"@id":"https:\/\/greenblue.com\/gb\/#organization"},"potentialAction":[{"@type":"SearchAction","target":{"@type":"EntryPoint","urlTemplate":"https:\/\/greenblue.com\/gb\/?s={search_term_string}"},"query-input":{"@type":"PropertyValueSpecification","valueRequired":true,"valueName":"search_term_string"}}],"inLanguage":"es-ES"},{"@type":"Organization","@id":"https:\/\/greenblue.com\/gb\/#organization","name":"GreenBlue Urban","url":"https:\/\/greenblue.com\/gb\/","logo":{"@type":"ImageObject","inLanguage":"es-ES","@id":"https:\/\/greenblue.com\/gb\/#\/schema\/logo\/image\/","url":"https:\/\/greenblue.com\/wp-content\/uploads\/2019\/10\/logo-dark-gb.png","contentUrl":"https:\/\/greenblue.com\/wp-content\/uploads\/2019\/10\/logo-dark-gb.png","width":120,"height":35,"caption":"GreenBlue Urban"},"image":{"@id":"https:\/\/greenblue.com\/gb\/#\/schema\/logo\/image\/"}}]}},"_links":{"self":[{"href":"https:\/\/greenblue.com\/es\/wp-json\/wp\/v2\/product\/52485","targetHints":{"allow":["GET"]}}],"collection":[{"href":"https:\/\/greenblue.com\/es\/wp-json\/wp\/v2\/product"}],"about":[{"href":"https:\/\/greenblue.com\/es\/wp-json\/wp\/v2\/types\/product"}],"version-history":[{"count":0,"href":"https:\/\/greenblue.com\/es\/wp-json\/wp\/v2\/product\/52485\/revisions"}],"wp:featuredmedia":[{"embeddable":true,"href":"https:\/\/greenblue.com\/es\/wp-json\/wp\/v2\/media\/81848"}],"wp:attachment":[{"href":"https:\/\/greenblue.com\/es\/wp-json\/wp\/v2\/media?parent=52485"}],"wp:term":[{"taxonomy":"product_brand","embeddable":true,"href":"https:\/\/greenblue.com\/es\/wp-json\/wp\/v2\/product_brand?post=52485"},{"taxonomy":"product_cat","embeddable":true,"href":"https:\/\/greenblue.com\/es\/wp-json\/wp\/v2\/product_cat?post=52485"},{"taxonomy":"product_tag","embeddable":true,"href":"https:\/\/greenblue.com\/es\/wp-json\/wp\/v2\/product_tag?post=52485"}],"curies":[{"name":"wp","href":"https:\/\/api.w.org\/{rel}","templated":true}]}}