{"id":52495,"date":"2019-11-25T15:41:30","date_gmt":"2021-01-23T14:55:13","guid":{"rendered":"https:\/\/greenblue.com\/?post_type=product&#038;p=52495"},"modified":"2023-11-24T16:04:27","modified_gmt":"2023-11-24T16:04:27","slug":"rootcell","status":"publish","type":"product","link":"https:\/\/greenblue.com\/es\/productos\/rootcell\/","title":{"rendered":"RootCell"},"content":{"rendered":"<p>RootCell fue la primera celda dise\u00f1ada para el aporte de vol\u00famenes de tierra no compactada al \u00e1rbol en entornos urbanos. Su capacidad portante permit\u00eda mantener la tierra de plantaci\u00f3n en condiciones \u00f3ptimas de crecimiento para las ra\u00edces, con acceso garantizado al agua, aire y nutrientes necesarios.<\/p>\n<p>&nbsp;<\/p>\n","protected":false},"excerpt":{"rendered":"<p>El primer sistema de celdas de suelo del mundo, dise\u00f1ada en 2001, como el primer sistema estructural para alcorques.<\/p>\n","protected":false},"featured_media":81838,"template":"","meta":{"content-type":""},"product_brand":[],"product_cat":[707],"product_tag":[693],"class_list":{"0":"post-52495","1":"product","2":"type-product","3":"status-publish","4":"has-post-thumbnail","6":"product_cat-celdas-estructurales","7":"product_tag-rootcell-celdas-de-suelo-arbolado-urbano","9":"first","10":"instock","11":"virtual","12":"taxable","13":"product-type-simple"},"acf":[],"yoast_head":"<!-- This site is optimized with the Yoast SEO plugin v27.5 - https:\/\/yoast.com\/product\/yoast-seo-wordpress\/ -->\n<title>RootCell - GreenBlue Urban<\/title>\n<meta name=\"robots\" content=\"index, follow, max-snippet:-1, max-image-preview:large, max-video-preview:-1\" \/>\n<link rel=\"canonical\" href=\"https:\/\/greenblue.com\/es\/productos\/rootcell\/\" \/>\n<meta property=\"og:locale\" content=\"es_ES\" \/>\n<meta property=\"og:type\" content=\"article\" \/>\n<meta property=\"og:title\" content=\"RootCell - GreenBlue Urban\" \/>\n<meta property=\"og:description\" content=\"El primer sistema de celdas de suelo del mundo, dise\u00f1ada en 2001, como el primer sistema estructural para alcorques.\" \/>\n<meta property=\"og:url\" content=\"https:\/\/greenblue.com\/es\/productos\/rootcell\/\" \/>\n<meta property=\"og:site_name\" content=\"GreenBlue Urban\" \/>\n<meta property=\"article:modified_time\" content=\"2023-11-24T16:04:27+00:00\" \/>\n<meta property=\"og:image\" content=\"https:\/\/greenblue.com\/wp-content\/uploads\/2020\/11\/RootCell.jpg\" \/>\n\t<meta property=\"og:image:width\" content=\"1920\" \/>\n\t<meta property=\"og:image:height\" content=\"1920\" \/>\n\t<meta property=\"og:image:type\" content=\"image\/jpeg\" \/>\n<meta name=\"twitter:card\" content=\"summary_large_image\" \/>\n<meta name=\"twitter:label1\" content=\"Est. reading time\" \/>\n\t<meta name=\"twitter:data1\" content=\"1 minute\" \/>\n<script type=\"application\/ld+json\" class=\"yoast-schema-graph\">{\"@context\":\"https:\\\/\\\/schema.org\",\"@graph\":[{\"@type\":\"WebPage\",\"@id\":\"https:\\\/\\\/greenblue.com\\\/es\\\/productos\\\/rootcell\\\/\",\"url\":\"https:\\\/\\\/greenblue.com\\\/es\\\/productos\\\/rootcell\\\/\",\"name\":\"RootCell - GreenBlue Urban\",\"isPartOf\":{\"@id\":\"https:\\\/\\\/greenblue.com\\\/gb\\\/#website\"},\"primaryImageOfPage\":{\"@id\":\"https:\\\/\\\/greenblue.com\\\/es\\\/productos\\\/rootcell\\\/#primaryimage\"},\"image\":{\"@id\":\"https:\\\/\\\/greenblue.com\\\/es\\\/productos\\\/rootcell\\\/#primaryimage\"},\"thumbnailUrl\":\"https:\\\/\\\/greenblue.com\\\/wp-content\\\/uploads\\\/2020\\\/11\\\/RootCell.jpg?wsr\",\"datePublished\":\"2021-01-23T14:55:13+00:00\",\"dateModified\":\"2023-11-24T16:04:27+00:00\",\"breadcrumb\":{\"@id\":\"https:\\\/\\\/greenblue.com\\\/es\\\/productos\\\/rootcell\\\/#breadcrumb\"},\"inLanguage\":\"es-ES\",\"potentialAction\":[{\"@type\":\"ReadAction\",\"target\":[\"https:\\\/\\\/greenblue.com\\\/es\\\/productos\\\/rootcell\\\/\"]}]},{\"@type\":\"ImageObject\",\"inLanguage\":\"es-ES\",\"@id\":\"https:\\\/\\\/greenblue.com\\\/es\\\/productos\\\/rootcell\\\/#primaryimage\",\"url\":\"https:\\\/\\\/greenblue.com\\\/wp-content\\\/uploads\\\/2020\\\/11\\\/RootCell.jpg?wsr\",\"contentUrl\":\"https:\\\/\\\/greenblue.com\\\/wp-content\\\/uploads\\\/2020\\\/11\\\/RootCell.jpg?wsr\",\"width\":1920,\"height\":1920},{\"@type\":\"BreadcrumbList\",\"@id\":\"https:\\\/\\\/greenblue.com\\\/es\\\/productos\\\/rootcell\\\/#breadcrumb\",\"itemListElement\":[{\"@type\":\"ListItem\",\"position\":1,\"name\":\"Home\",\"item\":\"https:\\\/\\\/greenblue.com\\\/es\\\/\"},{\"@type\":\"ListItem\",\"position\":2,\"name\":\"Products\",\"item\":\"https:\\\/\\\/greenblue.com\\\/gb\\\/products\\\/\"},{\"@type\":\"ListItem\",\"position\":3,\"name\":\"RootCell\"}]},{\"@type\":\"WebSite\",\"@id\":\"https:\\\/\\\/greenblue.com\\\/gb\\\/#website\",\"url\":\"https:\\\/\\\/greenblue.com\\\/gb\\\/\",\"name\":\"GreenBlue Urban\",\"description\":\"Creating Healthier Urban Spaces In Harmony With Nature\",\"publisher\":{\"@id\":\"https:\\\/\\\/greenblue.com\\\/gb\\\/#organization\"},\"potentialAction\":[{\"@type\":\"SearchAction\",\"target\":{\"@type\":\"EntryPoint\",\"urlTemplate\":\"https:\\\/\\\/greenblue.com\\\/gb\\\/?s={search_term_string}\"},\"query-input\":{\"@type\":\"PropertyValueSpecification\",\"valueRequired\":true,\"valueName\":\"search_term_string\"}}],\"inLanguage\":\"es-ES\"},{\"@type\":\"Organization\",\"@id\":\"https:\\\/\\\/greenblue.com\\\/gb\\\/#organization\",\"name\":\"GreenBlue Urban\",\"url\":\"https:\\\/\\\/greenblue.com\\\/gb\\\/\",\"logo\":{\"@type\":\"ImageObject\",\"inLanguage\":\"es-ES\",\"@id\":\"https:\\\/\\\/greenblue.com\\\/gb\\\/#\\\/schema\\\/logo\\\/image\\\/\",\"url\":\"https:\\\/\\\/greenblue.com\\\/wp-content\\\/uploads\\\/2019\\\/10\\\/logo-dark-gb.png\",\"contentUrl\":\"https:\\\/\\\/greenblue.com\\\/wp-content\\\/uploads\\\/2019\\\/10\\\/logo-dark-gb.png\",\"width\":120,\"height\":35,\"caption\":\"GreenBlue Urban\"},\"image\":{\"@id\":\"https:\\\/\\\/greenblue.com\\\/gb\\\/#\\\/schema\\\/logo\\\/image\\\/\"}}]}<\/script>\n<!-- \/ Yoast SEO plugin. -->","yoast_head_json":{"title":"RootCell - GreenBlue Urban","robots":{"index":"index","follow":"follow","max-snippet":"max-snippet:-1","max-image-preview":"max-image-preview:large","max-video-preview":"max-video-preview:-1"},"canonical":"https:\/\/greenblue.com\/es\/productos\/rootcell\/","og_locale":"es_ES","og_type":"article","og_title":"RootCell - GreenBlue Urban","og_description":"El primer sistema de celdas de suelo del mundo, dise\u00f1ada en 2001, como el primer sistema estructural para alcorques.","og_url":"https:\/\/greenblue.com\/es\/productos\/rootcell\/","og_site_name":"GreenBlue Urban","article_modified_time":"2023-11-24T16:04:27+00:00","og_image":[{"width":1920,"height":1920,"url":"https:\/\/greenblue.com\/wp-content\/uploads\/2020\/11\/RootCell.jpg","type":"image\/jpeg"}],"twitter_card":"summary_large_image","twitter_misc":{"Est. reading time":"1 minute"},"schema":{"@context":"https:\/\/schema.org","@graph":[{"@type":"WebPage","@id":"https:\/\/greenblue.com\/es\/productos\/rootcell\/","url":"https:\/\/greenblue.com\/es\/productos\/rootcell\/","name":"RootCell - GreenBlue Urban","isPartOf":{"@id":"https:\/\/greenblue.com\/gb\/#website"},"primaryImageOfPage":{"@id":"https:\/\/greenblue.com\/es\/productos\/rootcell\/#primaryimage"},"image":{"@id":"https:\/\/greenblue.com\/es\/productos\/rootcell\/#primaryimage"},"thumbnailUrl":"https:\/\/greenblue.com\/wp-content\/uploads\/2020\/11\/RootCell.jpg?wsr","datePublished":"2021-01-23T14:55:13+00:00","dateModified":"2023-11-24T16:04:27+00:00","breadcrumb":{"@id":"https:\/\/greenblue.com\/es\/productos\/rootcell\/#breadcrumb"},"inLanguage":"es-ES","potentialAction":[{"@type":"ReadAction","target":["https:\/\/greenblue.com\/es\/productos\/rootcell\/"]}]},{"@type":"ImageObject","inLanguage":"es-ES","@id":"https:\/\/greenblue.com\/es\/productos\/rootcell\/#primaryimage","url":"https:\/\/greenblue.com\/wp-content\/uploads\/2020\/11\/RootCell.jpg?wsr","contentUrl":"https:\/\/greenblue.com\/wp-content\/uploads\/2020\/11\/RootCell.jpg?wsr","width":1920,"height":1920},{"@type":"BreadcrumbList","@id":"https:\/\/greenblue.com\/es\/productos\/rootcell\/#breadcrumb","itemListElement":[{"@type":"ListItem","position":1,"name":"Home","item":"https:\/\/greenblue.com\/es\/"},{"@type":"ListItem","position":2,"name":"Products","item":"https:\/\/greenblue.com\/gb\/products\/"},{"@type":"ListItem","position":3,"name":"RootCell"}]},{"@type":"WebSite","@id":"https:\/\/greenblue.com\/gb\/#website","url":"https:\/\/greenblue.com\/gb\/","name":"GreenBlue Urban","description":"Creating Healthier Urban Spaces In Harmony With Nature","publisher":{"@id":"https:\/\/greenblue.com\/gb\/#organization"},"potentialAction":[{"@type":"SearchAction","target":{"@type":"EntryPoint","urlTemplate":"https:\/\/greenblue.com\/gb\/?s={search_term_string}"},"query-input":{"@type":"PropertyValueSpecification","valueRequired":true,"valueName":"search_term_string"}}],"inLanguage":"es-ES"},{"@type":"Organization","@id":"https:\/\/greenblue.com\/gb\/#organization","name":"GreenBlue Urban","url":"https:\/\/greenblue.com\/gb\/","logo":{"@type":"ImageObject","inLanguage":"es-ES","@id":"https:\/\/greenblue.com\/gb\/#\/schema\/logo\/image\/","url":"https:\/\/greenblue.com\/wp-content\/uploads\/2019\/10\/logo-dark-gb.png","contentUrl":"https:\/\/greenblue.com\/wp-content\/uploads\/2019\/10\/logo-dark-gb.png","width":120,"height":35,"caption":"GreenBlue Urban"},"image":{"@id":"https:\/\/greenblue.com\/gb\/#\/schema\/logo\/image\/"}}]}},"_links":{"self":[{"href":"https:\/\/greenblue.com\/es\/wp-json\/wp\/v2\/product\/52495","targetHints":{"allow":["GET"]}}],"collection":[{"href":"https:\/\/greenblue.com\/es\/wp-json\/wp\/v2\/product"}],"about":[{"href":"https:\/\/greenblue.com\/es\/wp-json\/wp\/v2\/types\/product"}],"version-history":[{"count":0,"href":"https:\/\/greenblue.com\/es\/wp-json\/wp\/v2\/product\/52495\/revisions"}],"wp:featuredmedia":[{"embeddable":true,"href":"https:\/\/greenblue.com\/es\/wp-json\/wp\/v2\/media\/81838"}],"wp:attachment":[{"href":"https:\/\/greenblue.com\/es\/wp-json\/wp\/v2\/media?parent=52495"}],"wp:term":[{"taxonomy":"product_brand","embeddable":true,"href":"https:\/\/greenblue.com\/es\/wp-json\/wp\/v2\/product_brand?post=52495"},{"taxonomy":"product_cat","embeddable":true,"href":"https:\/\/greenblue.com\/es\/wp-json\/wp\/v2\/product_cat?post=52495"},{"taxonomy":"product_tag","embeddable":true,"href":"https:\/\/greenblue.com\/es\/wp-json\/wp\/v2\/product_tag?post=52495"}],"curies":[{"name":"wp","href":"https:\/\/api.w.org\/{rel}","templated":true}]}}