{"id":52511,"date":"2020-02-11T09:33:15","date_gmt":"2021-01-24T16:40:03","guid":{"rendered":"https:\/\/greenblue.com\/?post_type=product&#038;p=52511"},"modified":"2023-11-28T12:27:57","modified_gmt":"2023-11-28T12:27:57","slug":"hydroplanter","status":"publish","type":"product","link":"https:\/\/greenblue.com\/es\/productos\/hydroplanter\/","title":{"rendered":"HydroPlanter"},"content":{"rendered":"<p>HydroPlanter es una soluci\u00f3n <b>(SUDs)\u00a0<\/b> de drenaje urbano sostenible tipo &#8220;Plug &amp; Play&#8221;, con un montaje muy sencillo capaz de atenuar y limpiar el agua de lluvia, as\u00ed como aportar un alto valor social y ecosist\u00e9mico a nuevos espacios. Los m\u00f3dulos ser\u00e1n rellenos de una tierra esp\u00e9cificamente dise\u00f1ada para ello, para la plantaci\u00f3n de especies apropiadas.<\/p>\n<p>El concepto es flexible, escalable, y apilable para crear una soluci\u00f3n muy conveniente para constructores, con una instalaci\u00f3n enormemente sencilla, r\u00e1pida y con muchas ventajas sobre construcciones tradicionales.<\/p>\n<p>Sus caracter\u00edsticas modulares con rendimientos hidrol\u00f3gicos pre calculados hacen que el dise\u00f1o y su especificaci\u00f3n resulte muy f\u00e1cil.<\/p>\n<p><script src=\"https:\/\/fast.wistia.com\/embed\/medias\/33alb50nq6.jsonp\" async><\/script><script src=\"https:\/\/fast.wistia.com\/assets\/external\/E-v1.js\" async><\/script><\/p>\n<div class=\"wistia_responsive_padding\" style=\"padding: 56.25% 0 0 0; position: relative;\">\n<div class=\"wistia_responsive_wrapper\" style=\"height: 100%; left: 0; position: absolute; top: 0; width: 100%;\"><span class=\"wistia_embed wistia_async_33alb50nq6 popover=true popoverAnimateThumbnail=true videoFoam=true\" style=\"display: inline-block; height: 100%; position: relative; width: 100%;\">\u00a0<\/span><\/div>\n<\/div>\n","protected":false},"excerpt":{"rendered":"<p>HydroPlanter de GreenBlue Urban es un sistema modular de biorretenci\u00f3n completamente adaptable a cualquier entorno.\u00a0Se trata de una soluci\u00f3n &#8220;plug and play&#8221; de drenaje urbano sostenible, capaz de atenuar y depurar las aguas pluviales y al mismo tiempo aportar un alto valor est\u00e9tico gracias a la plantaci\u00f3n de flores y gram\u00edneas.<\/p>\n","protected":false},"featured_media":35179,"template":"","meta":{"content-type":""},"product_brand":[],"product_cat":[708,1031],"product_tag":[],"class_list":{"0":"post-52511","1":"product","2":"type-product","3":"status-publish","4":"has-post-thumbnail","6":"product_cat-gestion-de-escorrentias","7":"product_cat-jardines-de-lluvia","9":"first","10":"instock","11":"virtual","12":"taxable","13":"product-type-simple"},"acf":[],"yoast_head":"<!-- This site is optimized with the Yoast SEO plugin v27.3 - https:\/\/yoast.com\/product\/yoast-seo-wordpress\/ -->\n<title>HydroPlanter - GreenBlue Urban<\/title>\n<meta name=\"robots\" content=\"index, follow, max-snippet:-1, max-image-preview:large, max-video-preview:-1\" \/>\n<link rel=\"canonical\" href=\"https:\/\/greenblue.com\/es\/productos\/hydroplanter\/\" \/>\n<meta property=\"og:locale\" content=\"es_ES\" \/>\n<meta property=\"og:type\" content=\"article\" \/>\n<meta property=\"og:title\" content=\"HydroPlanter - GreenBlue Urban\" \/>\n<meta property=\"og:description\" content=\"HydroPlanter de GreenBlue Urban es un sistema modular de biorretenci\u00f3n completamente adaptable a cualquier entorno.\u00a0Se trata de una soluci\u00f3n &quot;plug and play&quot; de drenaje urbano sostenible, capaz de atenuar y depurar las aguas pluviales y al mismo tiempo aportar un alto valor est\u00e9tico gracias a la plantaci\u00f3n de flores y gram\u00edneas.\" \/>\n<meta property=\"og:url\" content=\"https:\/\/greenblue.com\/es\/productos\/hydroplanter\/\" \/>\n<meta property=\"og:site_name\" content=\"GreenBlue Urban\" \/>\n<meta property=\"article:modified_time\" content=\"2023-11-28T12:27:57+00:00\" \/>\n<meta property=\"og:image\" content=\"https:\/\/greenblue.com\/wp-content\/uploads\/2020\/02\/HydroPlanter-Feature.jpg\" \/>\n\t<meta property=\"og:image:width\" content=\"588\" \/>\n\t<meta property=\"og:image:height\" content=\"588\" \/>\n\t<meta property=\"og:image:type\" content=\"image\/jpeg\" \/>\n<meta name=\"twitter:card\" content=\"summary_large_image\" \/>\n<meta name=\"twitter:label1\" content=\"Est. reading time\" \/>\n\t<meta name=\"twitter:data1\" content=\"1 minute\" \/>\n<script type=\"application\/ld+json\" class=\"yoast-schema-graph\">{\"@context\":\"https:\\\/\\\/schema.org\",\"@graph\":[{\"@type\":\"WebPage\",\"@id\":\"https:\\\/\\\/greenblue.com\\\/es\\\/productos\\\/hydroplanter\\\/\",\"url\":\"https:\\\/\\\/greenblue.com\\\/es\\\/productos\\\/hydroplanter\\\/\",\"name\":\"HydroPlanter - GreenBlue Urban\",\"isPartOf\":{\"@id\":\"https:\\\/\\\/greenblue.com\\\/gb\\\/#website\"},\"primaryImageOfPage\":{\"@id\":\"https:\\\/\\\/greenblue.com\\\/es\\\/productos\\\/hydroplanter\\\/#primaryimage\"},\"image\":{\"@id\":\"https:\\\/\\\/greenblue.com\\\/es\\\/productos\\\/hydroplanter\\\/#primaryimage\"},\"thumbnailUrl\":\"https:\\\/\\\/greenblue.com\\\/wp-content\\\/uploads\\\/2020\\\/02\\\/HydroPlanter-Feature.jpg?wsr\",\"datePublished\":\"2021-01-24T16:40:03+00:00\",\"dateModified\":\"2023-11-28T12:27:57+00:00\",\"breadcrumb\":{\"@id\":\"https:\\\/\\\/greenblue.com\\\/es\\\/productos\\\/hydroplanter\\\/#breadcrumb\"},\"inLanguage\":\"es-ES\",\"potentialAction\":[{\"@type\":\"ReadAction\",\"target\":[\"https:\\\/\\\/greenblue.com\\\/es\\\/productos\\\/hydroplanter\\\/\"]}]},{\"@type\":\"ImageObject\",\"inLanguage\":\"es-ES\",\"@id\":\"https:\\\/\\\/greenblue.com\\\/es\\\/productos\\\/hydroplanter\\\/#primaryimage\",\"url\":\"https:\\\/\\\/greenblue.com\\\/wp-content\\\/uploads\\\/2020\\\/02\\\/HydroPlanter-Feature.jpg?wsr\",\"contentUrl\":\"https:\\\/\\\/greenblue.com\\\/wp-content\\\/uploads\\\/2020\\\/02\\\/HydroPlanter-Feature.jpg?wsr\",\"width\":588,\"height\":588},{\"@type\":\"BreadcrumbList\",\"@id\":\"https:\\\/\\\/greenblue.com\\\/es\\\/productos\\\/hydroplanter\\\/#breadcrumb\",\"itemListElement\":[{\"@type\":\"ListItem\",\"position\":1,\"name\":\"Home\",\"item\":\"https:\\\/\\\/greenblue.com\\\/es\\\/\"},{\"@type\":\"ListItem\",\"position\":2,\"name\":\"Products\",\"item\":\"https:\\\/\\\/greenblue.com\\\/gb\\\/products\\\/\"},{\"@type\":\"ListItem\",\"position\":3,\"name\":\"HydroPlanter\"}]},{\"@type\":\"WebSite\",\"@id\":\"https:\\\/\\\/greenblue.com\\\/gb\\\/#website\",\"url\":\"https:\\\/\\\/greenblue.com\\\/gb\\\/\",\"name\":\"GreenBlue Urban\",\"description\":\"Creating Healthier Urban Spaces In Harmony With Nature\",\"publisher\":{\"@id\":\"https:\\\/\\\/greenblue.com\\\/gb\\\/#organization\"},\"potentialAction\":[{\"@type\":\"SearchAction\",\"target\":{\"@type\":\"EntryPoint\",\"urlTemplate\":\"https:\\\/\\\/greenblue.com\\\/gb\\\/?s={search_term_string}\"},\"query-input\":{\"@type\":\"PropertyValueSpecification\",\"valueRequired\":true,\"valueName\":\"search_term_string\"}}],\"inLanguage\":\"es-ES\"},{\"@type\":\"Organization\",\"@id\":\"https:\\\/\\\/greenblue.com\\\/gb\\\/#organization\",\"name\":\"GreenBlue Urban\",\"url\":\"https:\\\/\\\/greenblue.com\\\/gb\\\/\",\"logo\":{\"@type\":\"ImageObject\",\"inLanguage\":\"es-ES\",\"@id\":\"https:\\\/\\\/greenblue.com\\\/gb\\\/#\\\/schema\\\/logo\\\/image\\\/\",\"url\":\"https:\\\/\\\/greenblue.com\\\/wp-content\\\/uploads\\\/2019\\\/10\\\/logo-dark-gb.png\",\"contentUrl\":\"https:\\\/\\\/greenblue.com\\\/wp-content\\\/uploads\\\/2019\\\/10\\\/logo-dark-gb.png\",\"width\":120,\"height\":35,\"caption\":\"GreenBlue Urban\"},\"image\":{\"@id\":\"https:\\\/\\\/greenblue.com\\\/gb\\\/#\\\/schema\\\/logo\\\/image\\\/\"}}]}<\/script>\n<!-- \/ Yoast SEO plugin. -->","yoast_head_json":{"title":"HydroPlanter - GreenBlue Urban","robots":{"index":"index","follow":"follow","max-snippet":"max-snippet:-1","max-image-preview":"max-image-preview:large","max-video-preview":"max-video-preview:-1"},"canonical":"https:\/\/greenblue.com\/es\/productos\/hydroplanter\/","og_locale":"es_ES","og_type":"article","og_title":"HydroPlanter - GreenBlue Urban","og_description":"HydroPlanter de GreenBlue Urban es un sistema modular de biorretenci\u00f3n completamente adaptable a cualquier entorno.\u00a0Se trata de una soluci\u00f3n \"plug and play\" de drenaje urbano sostenible, capaz de atenuar y depurar las aguas pluviales y al mismo tiempo aportar un alto valor est\u00e9tico gracias a la plantaci\u00f3n de flores y gram\u00edneas.","og_url":"https:\/\/greenblue.com\/es\/productos\/hydroplanter\/","og_site_name":"GreenBlue Urban","article_modified_time":"2023-11-28T12:27:57+00:00","og_image":[{"width":588,"height":588,"url":"https:\/\/greenblue.com\/wp-content\/uploads\/2020\/02\/HydroPlanter-Feature.jpg","type":"image\/jpeg"}],"twitter_card":"summary_large_image","twitter_misc":{"Est. reading time":"1 minute"},"schema":{"@context":"https:\/\/schema.org","@graph":[{"@type":"WebPage","@id":"https:\/\/greenblue.com\/es\/productos\/hydroplanter\/","url":"https:\/\/greenblue.com\/es\/productos\/hydroplanter\/","name":"HydroPlanter - GreenBlue Urban","isPartOf":{"@id":"https:\/\/greenblue.com\/gb\/#website"},"primaryImageOfPage":{"@id":"https:\/\/greenblue.com\/es\/productos\/hydroplanter\/#primaryimage"},"image":{"@id":"https:\/\/greenblue.com\/es\/productos\/hydroplanter\/#primaryimage"},"thumbnailUrl":"https:\/\/greenblue.com\/wp-content\/uploads\/2020\/02\/HydroPlanter-Feature.jpg?wsr","datePublished":"2021-01-24T16:40:03+00:00","dateModified":"2023-11-28T12:27:57+00:00","breadcrumb":{"@id":"https:\/\/greenblue.com\/es\/productos\/hydroplanter\/#breadcrumb"},"inLanguage":"es-ES","potentialAction":[{"@type":"ReadAction","target":["https:\/\/greenblue.com\/es\/productos\/hydroplanter\/"]}]},{"@type":"ImageObject","inLanguage":"es-ES","@id":"https:\/\/greenblue.com\/es\/productos\/hydroplanter\/#primaryimage","url":"https:\/\/greenblue.com\/wp-content\/uploads\/2020\/02\/HydroPlanter-Feature.jpg?wsr","contentUrl":"https:\/\/greenblue.com\/wp-content\/uploads\/2020\/02\/HydroPlanter-Feature.jpg?wsr","width":588,"height":588},{"@type":"BreadcrumbList","@id":"https:\/\/greenblue.com\/es\/productos\/hydroplanter\/#breadcrumb","itemListElement":[{"@type":"ListItem","position":1,"name":"Home","item":"https:\/\/greenblue.com\/es\/"},{"@type":"ListItem","position":2,"name":"Products","item":"https:\/\/greenblue.com\/gb\/products\/"},{"@type":"ListItem","position":3,"name":"HydroPlanter"}]},{"@type":"WebSite","@id":"https:\/\/greenblue.com\/gb\/#website","url":"https:\/\/greenblue.com\/gb\/","name":"GreenBlue Urban","description":"Creating Healthier Urban Spaces In Harmony With Nature","publisher":{"@id":"https:\/\/greenblue.com\/gb\/#organization"},"potentialAction":[{"@type":"SearchAction","target":{"@type":"EntryPoint","urlTemplate":"https:\/\/greenblue.com\/gb\/?s={search_term_string}"},"query-input":{"@type":"PropertyValueSpecification","valueRequired":true,"valueName":"search_term_string"}}],"inLanguage":"es-ES"},{"@type":"Organization","@id":"https:\/\/greenblue.com\/gb\/#organization","name":"GreenBlue Urban","url":"https:\/\/greenblue.com\/gb\/","logo":{"@type":"ImageObject","inLanguage":"es-ES","@id":"https:\/\/greenblue.com\/gb\/#\/schema\/logo\/image\/","url":"https:\/\/greenblue.com\/wp-content\/uploads\/2019\/10\/logo-dark-gb.png","contentUrl":"https:\/\/greenblue.com\/wp-content\/uploads\/2019\/10\/logo-dark-gb.png","width":120,"height":35,"caption":"GreenBlue Urban"},"image":{"@id":"https:\/\/greenblue.com\/gb\/#\/schema\/logo\/image\/"}}]}},"_links":{"self":[{"href":"https:\/\/greenblue.com\/es\/wp-json\/wp\/v2\/product\/52511","targetHints":{"allow":["GET"]}}],"collection":[{"href":"https:\/\/greenblue.com\/es\/wp-json\/wp\/v2\/product"}],"about":[{"href":"https:\/\/greenblue.com\/es\/wp-json\/wp\/v2\/types\/product"}],"version-history":[{"count":0,"href":"https:\/\/greenblue.com\/es\/wp-json\/wp\/v2\/product\/52511\/revisions"}],"wp:featuredmedia":[{"embeddable":true,"href":"https:\/\/greenblue.com\/es\/wp-json\/wp\/v2\/media\/35179"}],"wp:attachment":[{"href":"https:\/\/greenblue.com\/es\/wp-json\/wp\/v2\/media?parent=52511"}],"wp:term":[{"taxonomy":"product_brand","embeddable":true,"href":"https:\/\/greenblue.com\/es\/wp-json\/wp\/v2\/product_brand?post=52511"},{"taxonomy":"product_cat","embeddable":true,"href":"https:\/\/greenblue.com\/es\/wp-json\/wp\/v2\/product_cat?post=52511"},{"taxonomy":"product_tag","embeddable":true,"href":"https:\/\/greenblue.com\/es\/wp-json\/wp\/v2\/product_tag?post=52511"}],"curies":[{"name":"wp","href":"https:\/\/api.w.org\/{rel}","templated":true}]}}