{"id":52967,"date":"2020-07-30T15:34:20","date_gmt":"2021-02-16T17:01:58","guid":{"rendered":"https:\/\/greenblue.com\/?post_type=product&#038;p=52967"},"modified":"2025-06-03T10:57:39","modified_gmt":"2025-06-03T09:57:39","slug":"arborsystem","status":"publish","type":"product","link":"https:\/\/greenblue.com\/es\/productos\/arborsystem\/","title":{"rendered":"ArborSystem"},"content":{"rendered":"<p><strong>ArborSystem\u00ae<\/strong> de <strong>GreenBlue Urban<\/strong> es la soluci\u00f3n todo en uno para integrar \u00e1rboles en entornos urbanos de forma eficaz, segura y profesional.<\/p>\n<p>Dise\u00f1ado para facilitar el trabajo de arquitectos, paisajistas y contratistas, ArborSystem combina todos los componentes necesarios en un \u00fanico sistema compatible, ahorrando tiempo en el dise\u00f1o, la planificaci\u00f3n y la instalaci\u00f3n.<\/p>\n<p>Ya sea en calles, plazas o zonas peatonales, ArborSystem se adapta a cada proyecto, garantizando resultados duraderos y un crecimiento saludable del arbolado.<\/p>\n<p>Con ArborSystem consigues:<\/p>\n<ul>\n<li>Un sistema modular y totalmente compatible entre componentes.<\/li>\n<li>Menos tiempo en dise\u00f1o, mediciones y pedidos.<\/li>\n<li>Adaptabilidad a diferentes ubicaciones y restricciones de obra.<\/li>\n<li>Una imagen profesional y t\u00e9cnica ante tus clientes.<\/li>\n<li>Soporte en obra para que todo funcione a la primera.<\/li>\n<\/ul>\n<p>&nbsp;<\/p>\n<p><strong>ArborSystem\u00ae<\/strong> es la elecci\u00f3n de quienes apuestan por soluciones sostenibles, t\u00e9cnicas y listas para usar.<\/p>\n","protected":false},"excerpt":{"rendered":"<p class=\"p1\">Desde 1992, ArborSystem es el primer sistema integral para alcorques que incorpora celdas estructurales, creando las mejores condiciones para el \u00e1rbol urbano.<\/p>\n","protected":false},"featured_media":86148,"template":"","meta":{"content-type":""},"product_brand":[],"product_cat":[710],"product_tag":[],"class_list":{"0":"post-52967","1":"product","2":"type-product","3":"status-publish","4":"has-post-thumbnail","6":"product_cat-sistemas-de-plantacion-de-arbolado-urbano","8":"first","9":"instock","10":"taxable","11":"shipping-taxable","12":"product-type-simple"},"acf":[],"yoast_head":"<!-- This site is optimized with the Yoast SEO plugin v27.4 - https:\/\/yoast.com\/product\/yoast-seo-wordpress\/ -->\n<title>Sistema integral con celdas de suelo para \u00e1rboles, celdas para suelo para plantar \u00e1rboles, sistema de plantaci\u00f3n de \u00e1rboles urbanos, integrar \u00e1rboles en entornos urbanos, plantaci\u00f3n de arbolado urbano , sistemas de alcorques para \u00e1rboles urbanos<\/title>\n<meta name=\"description\" content=\"GreenBlue ofrece el sistema integral con celdas de suelo para \u00e1rboles, celdas para suelo para plantar \u00e1rboles, sistema de plantaci\u00f3n de \u00e1rboles urbanos, integrar \u00e1rboles en entornos urbanos, plantaci\u00f3n de arbolado urbano , sistemas de alcorques para \u00e1rboles urbanos\" \/>\n<meta name=\"robots\" content=\"index, follow, max-snippet:-1, max-image-preview:large, max-video-preview:-1\" \/>\n<link rel=\"canonical\" href=\"https:\/\/greenblue.com\/es\/productos\/arborsystem\/\" \/>\n<meta property=\"og:locale\" content=\"es_ES\" \/>\n<meta property=\"og:type\" content=\"article\" \/>\n<meta property=\"og:title\" content=\"Sistema integral con celdas de suelo para \u00e1rboles, celdas para suelo para plantar \u00e1rboles, sistema de plantaci\u00f3n de \u00e1rboles urbanos, integrar \u00e1rboles en entornos urbanos, plantaci\u00f3n de arbolado urbano , sistemas de alcorques para \u00e1rboles urbanos\" \/>\n<meta property=\"og:description\" content=\"GreenBlue ofrece el sistema integral con celdas de suelo para \u00e1rboles, celdas para suelo para plantar \u00e1rboles, sistema de plantaci\u00f3n de \u00e1rboles urbanos, integrar \u00e1rboles en entornos urbanos, plantaci\u00f3n de arbolado urbano , sistemas de alcorques para \u00e1rboles urbanos\" \/>\n<meta property=\"og:url\" content=\"https:\/\/greenblue.com\/es\/productos\/arborsystem\/\" \/>\n<meta property=\"og:site_name\" content=\"GreenBlue Urban\" \/>\n<meta property=\"article:modified_time\" content=\"2025-06-03T09:57:39+00:00\" \/>\n<meta property=\"og:image\" content=\"https:\/\/greenblue.com\/wp-content\/uploads\/2022\/12\/ArborSystem-Homepage-2022-1024x735.jpg\" \/>\n\t<meta property=\"og:image:width\" content=\"1024\" \/>\n\t<meta property=\"og:image:height\" content=\"735\" \/>\n\t<meta property=\"og:image:type\" content=\"image\/jpeg\" \/>\n<meta name=\"twitter:card\" content=\"summary_large_image\" \/>\n<meta name=\"twitter:label1\" content=\"Est. reading time\" \/>\n\t<meta name=\"twitter:data1\" content=\"1 minute\" \/>\n<script type=\"application\/ld+json\" class=\"yoast-schema-graph\">{\"@context\":\"https:\\\/\\\/schema.org\",\"@graph\":[{\"@type\":\"WebPage\",\"@id\":\"https:\\\/\\\/greenblue.com\\\/es\\\/productos\\\/arborsystem\\\/\",\"url\":\"https:\\\/\\\/greenblue.com\\\/es\\\/productos\\\/arborsystem\\\/\",\"name\":\"Sistema integral con celdas de suelo para \u00e1rboles, celdas para suelo para plantar \u00e1rboles, sistema de plantaci\u00f3n de \u00e1rboles urbanos, integrar \u00e1rboles en entornos urbanos, plantaci\u00f3n de arbolado urbano , sistemas de alcorques para \u00e1rboles urbanos\",\"isPartOf\":{\"@id\":\"https:\\\/\\\/greenblue.com\\\/gb\\\/#website\"},\"primaryImageOfPage\":{\"@id\":\"https:\\\/\\\/greenblue.com\\\/es\\\/productos\\\/arborsystem\\\/#primaryimage\"},\"image\":{\"@id\":\"https:\\\/\\\/greenblue.com\\\/es\\\/productos\\\/arborsystem\\\/#primaryimage\"},\"thumbnailUrl\":\"https:\\\/\\\/greenblue.com\\\/wp-content\\\/uploads\\\/2022\\\/12\\\/ArborSystem-Homepage-2022.jpg?wsr\",\"datePublished\":\"2021-02-16T17:01:58+00:00\",\"dateModified\":\"2025-06-03T09:57:39+00:00\",\"description\":\"GreenBlue ofrece el sistema integral con celdas de suelo para \u00e1rboles, celdas para suelo para plantar \u00e1rboles, sistema de plantaci\u00f3n de \u00e1rboles urbanos, integrar \u00e1rboles en entornos urbanos, plantaci\u00f3n de arbolado urbano , sistemas de alcorques para \u00e1rboles urbanos\",\"breadcrumb\":{\"@id\":\"https:\\\/\\\/greenblue.com\\\/es\\\/productos\\\/arborsystem\\\/#breadcrumb\"},\"inLanguage\":\"es-ES\",\"potentialAction\":[{\"@type\":\"ReadAction\",\"target\":[\"https:\\\/\\\/greenblue.com\\\/es\\\/productos\\\/arborsystem\\\/\"]}]},{\"@type\":\"ImageObject\",\"inLanguage\":\"es-ES\",\"@id\":\"https:\\\/\\\/greenblue.com\\\/es\\\/productos\\\/arborsystem\\\/#primaryimage\",\"url\":\"https:\\\/\\\/greenblue.com\\\/wp-content\\\/uploads\\\/2022\\\/12\\\/ArborSystem-Homepage-2022.jpg?wsr\",\"contentUrl\":\"https:\\\/\\\/greenblue.com\\\/wp-content\\\/uploads\\\/2022\\\/12\\\/ArborSystem-Homepage-2022.jpg?wsr\",\"width\":1920,\"height\":1379},{\"@type\":\"BreadcrumbList\",\"@id\":\"https:\\\/\\\/greenblue.com\\\/es\\\/productos\\\/arborsystem\\\/#breadcrumb\",\"itemListElement\":[{\"@type\":\"ListItem\",\"position\":1,\"name\":\"Home\",\"item\":\"https:\\\/\\\/greenblue.com\\\/es\\\/\"},{\"@type\":\"ListItem\",\"position\":2,\"name\":\"Products\",\"item\":\"https:\\\/\\\/greenblue.com\\\/gb\\\/products\\\/\"},{\"@type\":\"ListItem\",\"position\":3,\"name\":\"ArborSystem\"}]},{\"@type\":\"WebSite\",\"@id\":\"https:\\\/\\\/greenblue.com\\\/gb\\\/#website\",\"url\":\"https:\\\/\\\/greenblue.com\\\/gb\\\/\",\"name\":\"GreenBlue Urban\",\"description\":\"Creating Healthier Urban Spaces In Harmony With Nature\",\"publisher\":{\"@id\":\"https:\\\/\\\/greenblue.com\\\/gb\\\/#organization\"},\"potentialAction\":[{\"@type\":\"SearchAction\",\"target\":{\"@type\":\"EntryPoint\",\"urlTemplate\":\"https:\\\/\\\/greenblue.com\\\/gb\\\/?s={search_term_string}\"},\"query-input\":{\"@type\":\"PropertyValueSpecification\",\"valueRequired\":true,\"valueName\":\"search_term_string\"}}],\"inLanguage\":\"es-ES\"},{\"@type\":\"Organization\",\"@id\":\"https:\\\/\\\/greenblue.com\\\/gb\\\/#organization\",\"name\":\"GreenBlue Urban\",\"url\":\"https:\\\/\\\/greenblue.com\\\/gb\\\/\",\"logo\":{\"@type\":\"ImageObject\",\"inLanguage\":\"es-ES\",\"@id\":\"https:\\\/\\\/greenblue.com\\\/gb\\\/#\\\/schema\\\/logo\\\/image\\\/\",\"url\":\"https:\\\/\\\/greenblue.com\\\/wp-content\\\/uploads\\\/2019\\\/10\\\/logo-dark-gb.png\",\"contentUrl\":\"https:\\\/\\\/greenblue.com\\\/wp-content\\\/uploads\\\/2019\\\/10\\\/logo-dark-gb.png\",\"width\":120,\"height\":35,\"caption\":\"GreenBlue Urban\"},\"image\":{\"@id\":\"https:\\\/\\\/greenblue.com\\\/gb\\\/#\\\/schema\\\/logo\\\/image\\\/\"}}]}<\/script>\n<!-- \/ Yoast SEO plugin. -->","yoast_head_json":{"title":"Sistema integral con celdas de suelo para \u00e1rboles, celdas para suelo para plantar \u00e1rboles, sistema de plantaci\u00f3n de \u00e1rboles urbanos, integrar \u00e1rboles en entornos urbanos, plantaci\u00f3n de arbolado urbano , sistemas de alcorques para \u00e1rboles urbanos","description":"GreenBlue ofrece el sistema integral con celdas de suelo para \u00e1rboles, celdas para suelo para plantar \u00e1rboles, sistema de plantaci\u00f3n de \u00e1rboles urbanos, integrar \u00e1rboles en entornos urbanos, plantaci\u00f3n de arbolado urbano , sistemas de alcorques para \u00e1rboles urbanos","robots":{"index":"index","follow":"follow","max-snippet":"max-snippet:-1","max-image-preview":"max-image-preview:large","max-video-preview":"max-video-preview:-1"},"canonical":"https:\/\/greenblue.com\/es\/productos\/arborsystem\/","og_locale":"es_ES","og_type":"article","og_title":"Sistema integral con celdas de suelo para \u00e1rboles, celdas para suelo para plantar \u00e1rboles, sistema de plantaci\u00f3n de \u00e1rboles urbanos, integrar \u00e1rboles en entornos urbanos, plantaci\u00f3n de arbolado urbano , sistemas de alcorques para \u00e1rboles urbanos","og_description":"GreenBlue ofrece el sistema integral con celdas de suelo para \u00e1rboles, celdas para suelo para plantar \u00e1rboles, sistema de plantaci\u00f3n de \u00e1rboles urbanos, integrar \u00e1rboles en entornos urbanos, plantaci\u00f3n de arbolado urbano , sistemas de alcorques para \u00e1rboles urbanos","og_url":"https:\/\/greenblue.com\/es\/productos\/arborsystem\/","og_site_name":"GreenBlue Urban","article_modified_time":"2025-06-03T09:57:39+00:00","og_image":[{"width":1024,"height":735,"url":"https:\/\/greenblue.com\/wp-content\/uploads\/2022\/12\/ArborSystem-Homepage-2022-1024x735.jpg","type":"image\/jpeg"}],"twitter_card":"summary_large_image","twitter_misc":{"Est. reading time":"1 minute"},"schema":{"@context":"https:\/\/schema.org","@graph":[{"@type":"WebPage","@id":"https:\/\/greenblue.com\/es\/productos\/arborsystem\/","url":"https:\/\/greenblue.com\/es\/productos\/arborsystem\/","name":"Sistema integral con celdas de suelo para \u00e1rboles, celdas para suelo para plantar \u00e1rboles, sistema de plantaci\u00f3n de \u00e1rboles urbanos, integrar \u00e1rboles en entornos urbanos, plantaci\u00f3n de arbolado urbano , sistemas de alcorques para \u00e1rboles urbanos","isPartOf":{"@id":"https:\/\/greenblue.com\/gb\/#website"},"primaryImageOfPage":{"@id":"https:\/\/greenblue.com\/es\/productos\/arborsystem\/#primaryimage"},"image":{"@id":"https:\/\/greenblue.com\/es\/productos\/arborsystem\/#primaryimage"},"thumbnailUrl":"https:\/\/greenblue.com\/wp-content\/uploads\/2022\/12\/ArborSystem-Homepage-2022.jpg?wsr","datePublished":"2021-02-16T17:01:58+00:00","dateModified":"2025-06-03T09:57:39+00:00","description":"GreenBlue ofrece el sistema integral con celdas de suelo para \u00e1rboles, celdas para suelo para plantar \u00e1rboles, sistema de plantaci\u00f3n de \u00e1rboles urbanos, integrar \u00e1rboles en entornos urbanos, plantaci\u00f3n de arbolado urbano , sistemas de alcorques para \u00e1rboles urbanos","breadcrumb":{"@id":"https:\/\/greenblue.com\/es\/productos\/arborsystem\/#breadcrumb"},"inLanguage":"es-ES","potentialAction":[{"@type":"ReadAction","target":["https:\/\/greenblue.com\/es\/productos\/arborsystem\/"]}]},{"@type":"ImageObject","inLanguage":"es-ES","@id":"https:\/\/greenblue.com\/es\/productos\/arborsystem\/#primaryimage","url":"https:\/\/greenblue.com\/wp-content\/uploads\/2022\/12\/ArborSystem-Homepage-2022.jpg?wsr","contentUrl":"https:\/\/greenblue.com\/wp-content\/uploads\/2022\/12\/ArborSystem-Homepage-2022.jpg?wsr","width":1920,"height":1379},{"@type":"BreadcrumbList","@id":"https:\/\/greenblue.com\/es\/productos\/arborsystem\/#breadcrumb","itemListElement":[{"@type":"ListItem","position":1,"name":"Home","item":"https:\/\/greenblue.com\/es\/"},{"@type":"ListItem","position":2,"name":"Products","item":"https:\/\/greenblue.com\/gb\/products\/"},{"@type":"ListItem","position":3,"name":"ArborSystem"}]},{"@type":"WebSite","@id":"https:\/\/greenblue.com\/gb\/#website","url":"https:\/\/greenblue.com\/gb\/","name":"GreenBlue Urban","description":"Creating Healthier Urban Spaces In Harmony With Nature","publisher":{"@id":"https:\/\/greenblue.com\/gb\/#organization"},"potentialAction":[{"@type":"SearchAction","target":{"@type":"EntryPoint","urlTemplate":"https:\/\/greenblue.com\/gb\/?s={search_term_string}"},"query-input":{"@type":"PropertyValueSpecification","valueRequired":true,"valueName":"search_term_string"}}],"inLanguage":"es-ES"},{"@type":"Organization","@id":"https:\/\/greenblue.com\/gb\/#organization","name":"GreenBlue Urban","url":"https:\/\/greenblue.com\/gb\/","logo":{"@type":"ImageObject","inLanguage":"es-ES","@id":"https:\/\/greenblue.com\/gb\/#\/schema\/logo\/image\/","url":"https:\/\/greenblue.com\/wp-content\/uploads\/2019\/10\/logo-dark-gb.png","contentUrl":"https:\/\/greenblue.com\/wp-content\/uploads\/2019\/10\/logo-dark-gb.png","width":120,"height":35,"caption":"GreenBlue Urban"},"image":{"@id":"https:\/\/greenblue.com\/gb\/#\/schema\/logo\/image\/"}}]}},"_links":{"self":[{"href":"https:\/\/greenblue.com\/es\/wp-json\/wp\/v2\/product\/52967","targetHints":{"allow":["GET"]}}],"collection":[{"href":"https:\/\/greenblue.com\/es\/wp-json\/wp\/v2\/product"}],"about":[{"href":"https:\/\/greenblue.com\/es\/wp-json\/wp\/v2\/types\/product"}],"version-history":[{"count":0,"href":"https:\/\/greenblue.com\/es\/wp-json\/wp\/v2\/product\/52967\/revisions"}],"wp:featuredmedia":[{"embeddable":true,"href":"https:\/\/greenblue.com\/es\/wp-json\/wp\/v2\/media\/86148"}],"wp:attachment":[{"href":"https:\/\/greenblue.com\/es\/wp-json\/wp\/v2\/media?parent=52967"}],"wp:term":[{"taxonomy":"product_brand","embeddable":true,"href":"https:\/\/greenblue.com\/es\/wp-json\/wp\/v2\/product_brand?post=52967"},{"taxonomy":"product_cat","embeddable":true,"href":"https:\/\/greenblue.com\/es\/wp-json\/wp\/v2\/product_cat?post=52967"},{"taxonomy":"product_tag","embeddable":true,"href":"https:\/\/greenblue.com\/es\/wp-json\/wp\/v2\/product_tag?post=52967"}],"curies":[{"name":"wp","href":"https:\/\/api.w.org\/{rel}","templated":true}]}}