{"id":53030,"date":"2019-11-29T10:12:14","date_gmt":"2021-02-17T22:35:39","guid":{"rendered":"https:\/\/greenblue.com\/?post_type=product&#038;p=53030"},"modified":"2023-11-27T12:43:17","modified_gmt":"2023-11-27T12:43:17","slug":"rootrain-precinct","status":"publish","type":"product","link":"https:\/\/greenblue.com\/es\/productos\/rootrain-precinct\/","title":{"rendered":"RootRain Precinct"},"content":{"rendered":"<p>El sistema de riego y aireaci\u00f3n RootRain Precinct 100 de GreenBlue mantiene la salud y la fertilidad del suelo a largo plazo facilitando que grandes vol\u00famenes de agua y nutrientes, como el ox\u00edgeno, lleguen directamente a la zona de enraizamiento del \u00e1rbol, y permitiendo que escapen los gases t\u00f3xicos. Esto es fundamental para los \u00e1rboles, ya que, sin agua ni aireaci\u00f3n, el suelo bajo las zonas pavimentadas se volver\u00e1 r\u00e1pidamente anaer\u00f3bico e incapaz de soportar vida.<\/p>\n<p>RootRain Precinct 100 se ha dise\u00f1ado pensando en el riego y la aireaci\u00f3n del alcorque m\u00e1s amplio, pero puede utilizarse para el riego primario del cepell\u00f3n en funci\u00f3n del tipo de alcorque que se utilice. La estructura de aluminio fundido de alta resistencia es perfecta para zonas pavimentadas muy transitadas.<\/p>\n","protected":false},"excerpt":{"rendered":"<p>El sistema de riego y aireaci\u00f3n RootRain Precinct 100 de GreenBlue mantiene la salud y la fertilidad del suelo a largo plazo facilitando que grandes vol\u00famenes de agua y nutrientes, como el ox\u00edgeno, lleguen directamente a la zona de enraizamiento del \u00e1rbol, y permitiendo que escapen los gases t\u00f3xicos.<\/p>\n","protected":false},"featured_media":68760,"template":"","meta":{"content-type":""},"product_brand":[],"product_cat":[704],"product_tag":[],"class_list":{"0":"post-53030","1":"product","2":"type-product","3":"status-publish","4":"has-post-thumbnail","6":"product_cat-riego-y-aireacion","8":"first","9":"instock","10":"virtual","11":"taxable","12":"product-type-simple"},"acf":[],"yoast_head":"<!-- This site is optimized with the Yoast SEO plugin v27.4 - https:\/\/yoast.com\/product\/yoast-seo-wordpress\/ -->\n<title>RootRain Precinct - GreenBlue Urban<\/title>\n<meta name=\"robots\" content=\"index, follow, max-snippet:-1, max-image-preview:large, max-video-preview:-1\" \/>\n<link rel=\"canonical\" href=\"https:\/\/greenblue.com\/es\/productos\/rootrain-precinct\/\" \/>\n<meta property=\"og:locale\" content=\"es_ES\" \/>\n<meta property=\"og:type\" content=\"article\" \/>\n<meta property=\"og:title\" content=\"RootRain Precinct - GreenBlue Urban\" \/>\n<meta property=\"og:description\" content=\"El sistema de riego y aireaci\u00f3n RootRain Precinct 100 de GreenBlue mantiene la salud y la fertilidad del suelo a largo plazo facilitando que grandes vol\u00famenes de agua y nutrientes, como el ox\u00edgeno, lleguen directamente a la zona de enraizamiento del \u00e1rbol, y permitiendo que escapen los gases t\u00f3xicos.\" \/>\n<meta property=\"og:url\" content=\"https:\/\/greenblue.com\/es\/productos\/rootrain-precinct\/\" \/>\n<meta property=\"og:site_name\" content=\"GreenBlue Urban\" \/>\n<meta property=\"article:modified_time\" content=\"2023-11-27T12:43:17+00:00\" \/>\n<meta property=\"og:image\" content=\"https:\/\/greenblue.com\/wp-content\/uploads\/2021\/12\/Product-Renders-Precinct.jpg\" \/>\n\t<meta property=\"og:image:width\" content=\"588\" \/>\n\t<meta property=\"og:image:height\" content=\"588\" \/>\n\t<meta property=\"og:image:type\" content=\"image\/jpeg\" \/>\n<meta name=\"twitter:card\" content=\"summary_large_image\" \/>\n<meta name=\"twitter:label1\" content=\"Est. reading time\" \/>\n\t<meta name=\"twitter:data1\" content=\"1 minute\" \/>\n<script type=\"application\/ld+json\" class=\"yoast-schema-graph\">{\"@context\":\"https:\\\/\\\/schema.org\",\"@graph\":[{\"@type\":\"WebPage\",\"@id\":\"https:\\\/\\\/greenblue.com\\\/es\\\/productos\\\/rootrain-precinct\\\/\",\"url\":\"https:\\\/\\\/greenblue.com\\\/es\\\/productos\\\/rootrain-precinct\\\/\",\"name\":\"RootRain Precinct - GreenBlue Urban\",\"isPartOf\":{\"@id\":\"https:\\\/\\\/greenblue.com\\\/gb\\\/#website\"},\"primaryImageOfPage\":{\"@id\":\"https:\\\/\\\/greenblue.com\\\/es\\\/productos\\\/rootrain-precinct\\\/#primaryimage\"},\"image\":{\"@id\":\"https:\\\/\\\/greenblue.com\\\/es\\\/productos\\\/rootrain-precinct\\\/#primaryimage\"},\"thumbnailUrl\":\"https:\\\/\\\/greenblue.com\\\/wp-content\\\/uploads\\\/2021\\\/12\\\/Product-Renders-Precinct.jpg?wsr\",\"datePublished\":\"2021-02-17T22:35:39+00:00\",\"dateModified\":\"2023-11-27T12:43:17+00:00\",\"breadcrumb\":{\"@id\":\"https:\\\/\\\/greenblue.com\\\/es\\\/productos\\\/rootrain-precinct\\\/#breadcrumb\"},\"inLanguage\":\"es-ES\",\"potentialAction\":[{\"@type\":\"ReadAction\",\"target\":[\"https:\\\/\\\/greenblue.com\\\/es\\\/productos\\\/rootrain-precinct\\\/\"]}]},{\"@type\":\"ImageObject\",\"inLanguage\":\"es-ES\",\"@id\":\"https:\\\/\\\/greenblue.com\\\/es\\\/productos\\\/rootrain-precinct\\\/#primaryimage\",\"url\":\"https:\\\/\\\/greenblue.com\\\/wp-content\\\/uploads\\\/2021\\\/12\\\/Product-Renders-Precinct.jpg?wsr\",\"contentUrl\":\"https:\\\/\\\/greenblue.com\\\/wp-content\\\/uploads\\\/2021\\\/12\\\/Product-Renders-Precinct.jpg?wsr\",\"width\":588,\"height\":588},{\"@type\":\"BreadcrumbList\",\"@id\":\"https:\\\/\\\/greenblue.com\\\/es\\\/productos\\\/rootrain-precinct\\\/#breadcrumb\",\"itemListElement\":[{\"@type\":\"ListItem\",\"position\":1,\"name\":\"Home\",\"item\":\"https:\\\/\\\/greenblue.com\\\/es\\\/\"},{\"@type\":\"ListItem\",\"position\":2,\"name\":\"Products\",\"item\":\"https:\\\/\\\/greenblue.com\\\/gb\\\/products\\\/\"},{\"@type\":\"ListItem\",\"position\":3,\"name\":\"RootRain Precinct\"}]},{\"@type\":\"WebSite\",\"@id\":\"https:\\\/\\\/greenblue.com\\\/gb\\\/#website\",\"url\":\"https:\\\/\\\/greenblue.com\\\/gb\\\/\",\"name\":\"GreenBlue Urban\",\"description\":\"Creating Healthier Urban Spaces In Harmony With Nature\",\"publisher\":{\"@id\":\"https:\\\/\\\/greenblue.com\\\/gb\\\/#organization\"},\"potentialAction\":[{\"@type\":\"SearchAction\",\"target\":{\"@type\":\"EntryPoint\",\"urlTemplate\":\"https:\\\/\\\/greenblue.com\\\/gb\\\/?s={search_term_string}\"},\"query-input\":{\"@type\":\"PropertyValueSpecification\",\"valueRequired\":true,\"valueName\":\"search_term_string\"}}],\"inLanguage\":\"es-ES\"},{\"@type\":\"Organization\",\"@id\":\"https:\\\/\\\/greenblue.com\\\/gb\\\/#organization\",\"name\":\"GreenBlue Urban\",\"url\":\"https:\\\/\\\/greenblue.com\\\/gb\\\/\",\"logo\":{\"@type\":\"ImageObject\",\"inLanguage\":\"es-ES\",\"@id\":\"https:\\\/\\\/greenblue.com\\\/gb\\\/#\\\/schema\\\/logo\\\/image\\\/\",\"url\":\"https:\\\/\\\/greenblue.com\\\/wp-content\\\/uploads\\\/2019\\\/10\\\/logo-dark-gb.png\",\"contentUrl\":\"https:\\\/\\\/greenblue.com\\\/wp-content\\\/uploads\\\/2019\\\/10\\\/logo-dark-gb.png\",\"width\":120,\"height\":35,\"caption\":\"GreenBlue Urban\"},\"image\":{\"@id\":\"https:\\\/\\\/greenblue.com\\\/gb\\\/#\\\/schema\\\/logo\\\/image\\\/\"}}]}<\/script>\n<!-- \/ Yoast SEO plugin. -->","yoast_head_json":{"title":"RootRain Precinct - GreenBlue Urban","robots":{"index":"index","follow":"follow","max-snippet":"max-snippet:-1","max-image-preview":"max-image-preview:large","max-video-preview":"max-video-preview:-1"},"canonical":"https:\/\/greenblue.com\/es\/productos\/rootrain-precinct\/","og_locale":"es_ES","og_type":"article","og_title":"RootRain Precinct - GreenBlue Urban","og_description":"El sistema de riego y aireaci\u00f3n RootRain Precinct 100 de GreenBlue mantiene la salud y la fertilidad del suelo a largo plazo facilitando que grandes vol\u00famenes de agua y nutrientes, como el ox\u00edgeno, lleguen directamente a la zona de enraizamiento del \u00e1rbol, y permitiendo que escapen los gases t\u00f3xicos.","og_url":"https:\/\/greenblue.com\/es\/productos\/rootrain-precinct\/","og_site_name":"GreenBlue Urban","article_modified_time":"2023-11-27T12:43:17+00:00","og_image":[{"width":588,"height":588,"url":"https:\/\/greenblue.com\/wp-content\/uploads\/2021\/12\/Product-Renders-Precinct.jpg","type":"image\/jpeg"}],"twitter_card":"summary_large_image","twitter_misc":{"Est. reading time":"1 minute"},"schema":{"@context":"https:\/\/schema.org","@graph":[{"@type":"WebPage","@id":"https:\/\/greenblue.com\/es\/productos\/rootrain-precinct\/","url":"https:\/\/greenblue.com\/es\/productos\/rootrain-precinct\/","name":"RootRain Precinct - GreenBlue Urban","isPartOf":{"@id":"https:\/\/greenblue.com\/gb\/#website"},"primaryImageOfPage":{"@id":"https:\/\/greenblue.com\/es\/productos\/rootrain-precinct\/#primaryimage"},"image":{"@id":"https:\/\/greenblue.com\/es\/productos\/rootrain-precinct\/#primaryimage"},"thumbnailUrl":"https:\/\/greenblue.com\/wp-content\/uploads\/2021\/12\/Product-Renders-Precinct.jpg?wsr","datePublished":"2021-02-17T22:35:39+00:00","dateModified":"2023-11-27T12:43:17+00:00","breadcrumb":{"@id":"https:\/\/greenblue.com\/es\/productos\/rootrain-precinct\/#breadcrumb"},"inLanguage":"es-ES","potentialAction":[{"@type":"ReadAction","target":["https:\/\/greenblue.com\/es\/productos\/rootrain-precinct\/"]}]},{"@type":"ImageObject","inLanguage":"es-ES","@id":"https:\/\/greenblue.com\/es\/productos\/rootrain-precinct\/#primaryimage","url":"https:\/\/greenblue.com\/wp-content\/uploads\/2021\/12\/Product-Renders-Precinct.jpg?wsr","contentUrl":"https:\/\/greenblue.com\/wp-content\/uploads\/2021\/12\/Product-Renders-Precinct.jpg?wsr","width":588,"height":588},{"@type":"BreadcrumbList","@id":"https:\/\/greenblue.com\/es\/productos\/rootrain-precinct\/#breadcrumb","itemListElement":[{"@type":"ListItem","position":1,"name":"Home","item":"https:\/\/greenblue.com\/es\/"},{"@type":"ListItem","position":2,"name":"Products","item":"https:\/\/greenblue.com\/gb\/products\/"},{"@type":"ListItem","position":3,"name":"RootRain Precinct"}]},{"@type":"WebSite","@id":"https:\/\/greenblue.com\/gb\/#website","url":"https:\/\/greenblue.com\/gb\/","name":"GreenBlue Urban","description":"Creating Healthier Urban Spaces In Harmony With Nature","publisher":{"@id":"https:\/\/greenblue.com\/gb\/#organization"},"potentialAction":[{"@type":"SearchAction","target":{"@type":"EntryPoint","urlTemplate":"https:\/\/greenblue.com\/gb\/?s={search_term_string}"},"query-input":{"@type":"PropertyValueSpecification","valueRequired":true,"valueName":"search_term_string"}}],"inLanguage":"es-ES"},{"@type":"Organization","@id":"https:\/\/greenblue.com\/gb\/#organization","name":"GreenBlue Urban","url":"https:\/\/greenblue.com\/gb\/","logo":{"@type":"ImageObject","inLanguage":"es-ES","@id":"https:\/\/greenblue.com\/gb\/#\/schema\/logo\/image\/","url":"https:\/\/greenblue.com\/wp-content\/uploads\/2019\/10\/logo-dark-gb.png","contentUrl":"https:\/\/greenblue.com\/wp-content\/uploads\/2019\/10\/logo-dark-gb.png","width":120,"height":35,"caption":"GreenBlue Urban"},"image":{"@id":"https:\/\/greenblue.com\/gb\/#\/schema\/logo\/image\/"}}]}},"_links":{"self":[{"href":"https:\/\/greenblue.com\/es\/wp-json\/wp\/v2\/product\/53030","targetHints":{"allow":["GET"]}}],"collection":[{"href":"https:\/\/greenblue.com\/es\/wp-json\/wp\/v2\/product"}],"about":[{"href":"https:\/\/greenblue.com\/es\/wp-json\/wp\/v2\/types\/product"}],"version-history":[{"count":0,"href":"https:\/\/greenblue.com\/es\/wp-json\/wp\/v2\/product\/53030\/revisions"}],"wp:featuredmedia":[{"embeddable":true,"href":"https:\/\/greenblue.com\/es\/wp-json\/wp\/v2\/media\/68760"}],"wp:attachment":[{"href":"https:\/\/greenblue.com\/es\/wp-json\/wp\/v2\/media?parent=53030"}],"wp:term":[{"taxonomy":"product_brand","embeddable":true,"href":"https:\/\/greenblue.com\/es\/wp-json\/wp\/v2\/product_brand?post=53030"},{"taxonomy":"product_cat","embeddable":true,"href":"https:\/\/greenblue.com\/es\/wp-json\/wp\/v2\/product_cat?post=53030"},{"taxonomy":"product_tag","embeddable":true,"href":"https:\/\/greenblue.com\/es\/wp-json\/wp\/v2\/product_tag?post=53030"}],"curies":[{"name":"wp","href":"https:\/\/api.w.org\/{rel}","templated":true}]}}