{"id":53040,"date":"2019-11-26T10:46:24","date_gmt":"2021-02-18T08:12:30","guid":{"rendered":"https:\/\/greenblue.com\/?post_type=product&#038;p=53040"},"modified":"2023-11-16T14:51:56","modified_gmt":"2023-11-16T14:51:56","slug":"barrera-para-raices-de-arboles-reroot","status":"publish","type":"product","link":"https:\/\/greenblue.com\/es\/productos\/barrera-para-raices-de-arboles-reroot\/","title":{"rendered":"Barrera ReRoot con costillas"},"content":{"rendered":"<p>ReRoot es una barrera de ra\u00edces que protege la salud de tus \u00e1rboles y la infraestructura que los rodea. Sus costillas o nervios verticales gu\u00edan el crecimiento de las ra\u00edces hacia niveles m\u00e1s profundos, evitando problemas de levantamiento de pavimentos. Adem\u00e1s, promueven un crecimiento m\u00e1s sano de las ra\u00edces, evitando la espiralizaci\u00f3n de las mismas.<\/p>\n","protected":false},"excerpt":{"rendered":"<p>Barreras flexibles para la gesti\u00f3n del crecimiento radicular de \u00e1rboles urbano y la protecci\u00f3n de infraestructuras adyacentes.<\/p>\n","protected":false},"featured_media":34307,"template":"","meta":{"content-type":""},"product_brand":[],"product_cat":[715],"product_tag":[],"class_list":{"0":"post-53040","1":"product","2":"type-product","3":"status-publish","4":"has-post-thumbnail","6":"product_cat-gestion-de-raices","8":"first","9":"instock","10":"virtual","11":"taxable","12":"product-type-simple"},"acf":[],"yoast_head":"<!-- This site is optimized with the Yoast SEO plugin v27.3 - https:\/\/yoast.com\/product\/yoast-seo-wordpress\/ -->\n<title>Barrera ReRoot con costillas - GreenBlue Urban<\/title>\n<meta name=\"robots\" content=\"index, follow, max-snippet:-1, max-image-preview:large, max-video-preview:-1\" \/>\n<link rel=\"canonical\" href=\"https:\/\/greenblue.com\/es\/productos\/barrera-para-raices-de-arboles-reroot\/\" \/>\n<meta property=\"og:locale\" content=\"es_ES\" \/>\n<meta property=\"og:type\" content=\"article\" \/>\n<meta property=\"og:title\" content=\"Barrera ReRoot con costillas - GreenBlue Urban\" \/>\n<meta property=\"og:description\" content=\"Barreras flexibles para la gesti\u00f3n del crecimiento radicular de \u00e1rboles urbano y la protecci\u00f3n de infraestructuras adyacentes.\" \/>\n<meta property=\"og:url\" content=\"https:\/\/greenblue.com\/es\/productos\/barrera-para-raices-de-arboles-reroot\/\" \/>\n<meta property=\"og:site_name\" content=\"GreenBlue Urban\" \/>\n<meta property=\"article:modified_time\" content=\"2023-11-16T14:51:56+00:00\" \/>\n<meta property=\"og:image\" content=\"https:\/\/greenblue.com\/wp-content\/uploads\/2019\/11\/GBU-Product-Renders_ReRoot-Ribbed-01.jpg\" \/>\n\t<meta property=\"og:image:width\" content=\"588\" \/>\n\t<meta property=\"og:image:height\" content=\"588\" \/>\n\t<meta property=\"og:image:type\" content=\"image\/jpeg\" \/>\n<meta name=\"twitter:card\" content=\"summary_large_image\" \/>\n<meta name=\"twitter:label1\" content=\"Est. reading time\" \/>\n\t<meta name=\"twitter:data1\" content=\"1 minute\" \/>\n<script type=\"application\/ld+json\" class=\"yoast-schema-graph\">{\"@context\":\"https:\\\/\\\/schema.org\",\"@graph\":[{\"@type\":\"WebPage\",\"@id\":\"https:\\\/\\\/greenblue.com\\\/es\\\/productos\\\/barrera-para-raices-de-arboles-reroot\\\/\",\"url\":\"https:\\\/\\\/greenblue.com\\\/es\\\/productos\\\/barrera-para-raices-de-arboles-reroot\\\/\",\"name\":\"Barrera ReRoot con costillas - GreenBlue Urban\",\"isPartOf\":{\"@id\":\"https:\\\/\\\/greenblue.com\\\/gb\\\/#website\"},\"primaryImageOfPage\":{\"@id\":\"https:\\\/\\\/greenblue.com\\\/es\\\/productos\\\/barrera-para-raices-de-arboles-reroot\\\/#primaryimage\"},\"image\":{\"@id\":\"https:\\\/\\\/greenblue.com\\\/es\\\/productos\\\/barrera-para-raices-de-arboles-reroot\\\/#primaryimage\"},\"thumbnailUrl\":\"https:\\\/\\\/greenblue.com\\\/wp-content\\\/uploads\\\/2019\\\/11\\\/GBU-Product-Renders_ReRoot-Ribbed-01.jpg?wsr\",\"datePublished\":\"2021-02-18T08:12:30+00:00\",\"dateModified\":\"2023-11-16T14:51:56+00:00\",\"breadcrumb\":{\"@id\":\"https:\\\/\\\/greenblue.com\\\/es\\\/productos\\\/barrera-para-raices-de-arboles-reroot\\\/#breadcrumb\"},\"inLanguage\":\"es-ES\",\"potentialAction\":[{\"@type\":\"ReadAction\",\"target\":[\"https:\\\/\\\/greenblue.com\\\/es\\\/productos\\\/barrera-para-raices-de-arboles-reroot\\\/\"]}]},{\"@type\":\"ImageObject\",\"inLanguage\":\"es-ES\",\"@id\":\"https:\\\/\\\/greenblue.com\\\/es\\\/productos\\\/barrera-para-raices-de-arboles-reroot\\\/#primaryimage\",\"url\":\"https:\\\/\\\/greenblue.com\\\/wp-content\\\/uploads\\\/2019\\\/11\\\/GBU-Product-Renders_ReRoot-Ribbed-01.jpg?wsr\",\"contentUrl\":\"https:\\\/\\\/greenblue.com\\\/wp-content\\\/uploads\\\/2019\\\/11\\\/GBU-Product-Renders_ReRoot-Ribbed-01.jpg?wsr\",\"width\":588,\"height\":588},{\"@type\":\"BreadcrumbList\",\"@id\":\"https:\\\/\\\/greenblue.com\\\/es\\\/productos\\\/barrera-para-raices-de-arboles-reroot\\\/#breadcrumb\",\"itemListElement\":[{\"@type\":\"ListItem\",\"position\":1,\"name\":\"Home\",\"item\":\"https:\\\/\\\/greenblue.com\\\/es\\\/\"},{\"@type\":\"ListItem\",\"position\":2,\"name\":\"Products\",\"item\":\"https:\\\/\\\/greenblue.com\\\/gb\\\/products\\\/\"},{\"@type\":\"ListItem\",\"position\":3,\"name\":\"Barrera ReRoot con costillas\"}]},{\"@type\":\"WebSite\",\"@id\":\"https:\\\/\\\/greenblue.com\\\/gb\\\/#website\",\"url\":\"https:\\\/\\\/greenblue.com\\\/gb\\\/\",\"name\":\"GreenBlue Urban\",\"description\":\"Creating Healthier Urban Spaces In Harmony With Nature\",\"publisher\":{\"@id\":\"https:\\\/\\\/greenblue.com\\\/gb\\\/#organization\"},\"potentialAction\":[{\"@type\":\"SearchAction\",\"target\":{\"@type\":\"EntryPoint\",\"urlTemplate\":\"https:\\\/\\\/greenblue.com\\\/gb\\\/?s={search_term_string}\"},\"query-input\":{\"@type\":\"PropertyValueSpecification\",\"valueRequired\":true,\"valueName\":\"search_term_string\"}}],\"inLanguage\":\"es-ES\"},{\"@type\":\"Organization\",\"@id\":\"https:\\\/\\\/greenblue.com\\\/gb\\\/#organization\",\"name\":\"GreenBlue Urban\",\"url\":\"https:\\\/\\\/greenblue.com\\\/gb\\\/\",\"logo\":{\"@type\":\"ImageObject\",\"inLanguage\":\"es-ES\",\"@id\":\"https:\\\/\\\/greenblue.com\\\/gb\\\/#\\\/schema\\\/logo\\\/image\\\/\",\"url\":\"https:\\\/\\\/greenblue.com\\\/wp-content\\\/uploads\\\/2019\\\/10\\\/logo-dark-gb.png\",\"contentUrl\":\"https:\\\/\\\/greenblue.com\\\/wp-content\\\/uploads\\\/2019\\\/10\\\/logo-dark-gb.png\",\"width\":120,\"height\":35,\"caption\":\"GreenBlue Urban\"},\"image\":{\"@id\":\"https:\\\/\\\/greenblue.com\\\/gb\\\/#\\\/schema\\\/logo\\\/image\\\/\"}}]}<\/script>\n<!-- \/ Yoast SEO plugin. -->","yoast_head_json":{"title":"Barrera ReRoot con costillas - GreenBlue Urban","robots":{"index":"index","follow":"follow","max-snippet":"max-snippet:-1","max-image-preview":"max-image-preview:large","max-video-preview":"max-video-preview:-1"},"canonical":"https:\/\/greenblue.com\/es\/productos\/barrera-para-raices-de-arboles-reroot\/","og_locale":"es_ES","og_type":"article","og_title":"Barrera ReRoot con costillas - GreenBlue Urban","og_description":"Barreras flexibles para la gesti\u00f3n del crecimiento radicular de \u00e1rboles urbano y la protecci\u00f3n de infraestructuras adyacentes.","og_url":"https:\/\/greenblue.com\/es\/productos\/barrera-para-raices-de-arboles-reroot\/","og_site_name":"GreenBlue Urban","article_modified_time":"2023-11-16T14:51:56+00:00","og_image":[{"width":588,"height":588,"url":"https:\/\/greenblue.com\/wp-content\/uploads\/2019\/11\/GBU-Product-Renders_ReRoot-Ribbed-01.jpg","type":"image\/jpeg"}],"twitter_card":"summary_large_image","twitter_misc":{"Est. reading time":"1 minute"},"schema":{"@context":"https:\/\/schema.org","@graph":[{"@type":"WebPage","@id":"https:\/\/greenblue.com\/es\/productos\/barrera-para-raices-de-arboles-reroot\/","url":"https:\/\/greenblue.com\/es\/productos\/barrera-para-raices-de-arboles-reroot\/","name":"Barrera ReRoot con costillas - GreenBlue Urban","isPartOf":{"@id":"https:\/\/greenblue.com\/gb\/#website"},"primaryImageOfPage":{"@id":"https:\/\/greenblue.com\/es\/productos\/barrera-para-raices-de-arboles-reroot\/#primaryimage"},"image":{"@id":"https:\/\/greenblue.com\/es\/productos\/barrera-para-raices-de-arboles-reroot\/#primaryimage"},"thumbnailUrl":"https:\/\/greenblue.com\/wp-content\/uploads\/2019\/11\/GBU-Product-Renders_ReRoot-Ribbed-01.jpg?wsr","datePublished":"2021-02-18T08:12:30+00:00","dateModified":"2023-11-16T14:51:56+00:00","breadcrumb":{"@id":"https:\/\/greenblue.com\/es\/productos\/barrera-para-raices-de-arboles-reroot\/#breadcrumb"},"inLanguage":"es-ES","potentialAction":[{"@type":"ReadAction","target":["https:\/\/greenblue.com\/es\/productos\/barrera-para-raices-de-arboles-reroot\/"]}]},{"@type":"ImageObject","inLanguage":"es-ES","@id":"https:\/\/greenblue.com\/es\/productos\/barrera-para-raices-de-arboles-reroot\/#primaryimage","url":"https:\/\/greenblue.com\/wp-content\/uploads\/2019\/11\/GBU-Product-Renders_ReRoot-Ribbed-01.jpg?wsr","contentUrl":"https:\/\/greenblue.com\/wp-content\/uploads\/2019\/11\/GBU-Product-Renders_ReRoot-Ribbed-01.jpg?wsr","width":588,"height":588},{"@type":"BreadcrumbList","@id":"https:\/\/greenblue.com\/es\/productos\/barrera-para-raices-de-arboles-reroot\/#breadcrumb","itemListElement":[{"@type":"ListItem","position":1,"name":"Home","item":"https:\/\/greenblue.com\/es\/"},{"@type":"ListItem","position":2,"name":"Products","item":"https:\/\/greenblue.com\/gb\/products\/"},{"@type":"ListItem","position":3,"name":"Barrera ReRoot con costillas"}]},{"@type":"WebSite","@id":"https:\/\/greenblue.com\/gb\/#website","url":"https:\/\/greenblue.com\/gb\/","name":"GreenBlue Urban","description":"Creating Healthier Urban Spaces In Harmony With Nature","publisher":{"@id":"https:\/\/greenblue.com\/gb\/#organization"},"potentialAction":[{"@type":"SearchAction","target":{"@type":"EntryPoint","urlTemplate":"https:\/\/greenblue.com\/gb\/?s={search_term_string}"},"query-input":{"@type":"PropertyValueSpecification","valueRequired":true,"valueName":"search_term_string"}}],"inLanguage":"es-ES"},{"@type":"Organization","@id":"https:\/\/greenblue.com\/gb\/#organization","name":"GreenBlue Urban","url":"https:\/\/greenblue.com\/gb\/","logo":{"@type":"ImageObject","inLanguage":"es-ES","@id":"https:\/\/greenblue.com\/gb\/#\/schema\/logo\/image\/","url":"https:\/\/greenblue.com\/wp-content\/uploads\/2019\/10\/logo-dark-gb.png","contentUrl":"https:\/\/greenblue.com\/wp-content\/uploads\/2019\/10\/logo-dark-gb.png","width":120,"height":35,"caption":"GreenBlue Urban"},"image":{"@id":"https:\/\/greenblue.com\/gb\/#\/schema\/logo\/image\/"}}]}},"_links":{"self":[{"href":"https:\/\/greenblue.com\/es\/wp-json\/wp\/v2\/product\/53040","targetHints":{"allow":["GET"]}}],"collection":[{"href":"https:\/\/greenblue.com\/es\/wp-json\/wp\/v2\/product"}],"about":[{"href":"https:\/\/greenblue.com\/es\/wp-json\/wp\/v2\/types\/product"}],"version-history":[{"count":0,"href":"https:\/\/greenblue.com\/es\/wp-json\/wp\/v2\/product\/53040\/revisions"}],"wp:featuredmedia":[{"embeddable":true,"href":"https:\/\/greenblue.com\/es\/wp-json\/wp\/v2\/media\/34307"}],"wp:attachment":[{"href":"https:\/\/greenblue.com\/es\/wp-json\/wp\/v2\/media?parent=53040"}],"wp:term":[{"taxonomy":"product_brand","embeddable":true,"href":"https:\/\/greenblue.com\/es\/wp-json\/wp\/v2\/product_brand?post=53040"},{"taxonomy":"product_cat","embeddable":true,"href":"https:\/\/greenblue.com\/es\/wp-json\/wp\/v2\/product_cat?post=53040"},{"taxonomy":"product_tag","embeddable":true,"href":"https:\/\/greenblue.com\/es\/wp-json\/wp\/v2\/product_tag?post=53040"}],"curies":[{"name":"wp","href":"https:\/\/api.w.org\/{rel}","templated":true}]}}