{"id":61759,"date":"2021-06-10T14:07:20","date_gmt":"2021-06-10T13:07:20","guid":{"rendered":"https:\/\/greenblue.com\/products\/arborguy-overhead-guying-system\/"},"modified":"2023-11-24T10:44:39","modified_gmt":"2023-11-24T10:44:39","slug":"arborguy-overhead-anclaje-aereo","status":"publish","type":"product","link":"https:\/\/greenblue.com\/es\/productos\/arborguy-overhead-anclaje-aereo\/","title":{"rendered":"Anclaje A\u00e9reo ArborGuy Overhead"},"content":{"rendered":"<p>Algunos tipos de \u00e1rboles, como las palmeras, no son especialmente adecuadas para ser plantadas con anclajes subterr\u00e1neos debido a la ausencia de un tama\u00f1o adecuado del cepell\u00f3n. El sistema de anclaje a\u00e9reo de GreenBlue Urban permite una perfecta soluci\u00f3n en estos casos. Tambi\u00e9n son de gran ayuda en instalaciones temporales, como en \u00e1rboles navide\u00f1os. Este sistema est\u00e1 conectado a anclas anti-rotura que sostienen el \u00e1rbol con protectores, sin da\u00f1ar la corteza.<\/p>\n","protected":false},"excerpt":{"rendered":"<p>Anclaje a\u00e9reo para \u00e1rboles temporales o sin tama\u00f1o adecuado de cepell\u00f3n.<\/p>\n","protected":false},"featured_media":81943,"template":"","meta":{"content-type":""},"product_brand":[],"product_cat":[706],"product_tag":[867],"class_list":{"0":"post-61759","1":"product","2":"type-product","3":"status-publish","4":"has-post-thumbnail","6":"product_cat-anclajes-y-amarres","7":"product_tag-anclaje","9":"first","10":"instock","11":"taxable","12":"shipping-taxable","13":"product-type-simple"},"acf":[],"yoast_head":"<!-- This site is optimized with the Yoast SEO plugin v27.6 - https:\/\/yoast.com\/product\/yoast-seo-wordpress\/ -->\n<title>Anclaje A\u00e9reo ArborGuy Overhead - GreenBlue Urban<\/title>\n<meta name=\"description\" content=\"Necesitas un anclaje a\u00e9reo para \u00e1rboles temporales o sin tama\u00f1o adecuado de cepell\u00f3n? En GreenBlue Urban te ofrecemos la soluci\u00f3n perfecta.\" \/>\n<meta name=\"robots\" content=\"index, follow, max-snippet:-1, max-image-preview:large, max-video-preview:-1\" \/>\n<link rel=\"canonical\" href=\"https:\/\/greenblue.com\/es\/productos\/arborguy-overhead-anclaje-aereo\/\" \/>\n<meta property=\"og:locale\" content=\"es_ES\" \/>\n<meta property=\"og:type\" content=\"article\" \/>\n<meta property=\"og:title\" content=\"Anclaje A\u00e9reo ArborGuy Overhead - GreenBlue Urban\" \/>\n<meta property=\"og:description\" content=\"Necesitas un anclaje a\u00e9reo para \u00e1rboles temporales o sin tama\u00f1o adecuado de cepell\u00f3n? En GreenBlue Urban te ofrecemos la soluci\u00f3n perfecta.\" \/>\n<meta property=\"og:url\" content=\"https:\/\/greenblue.com\/es\/productos\/arborguy-overhead-anclaje-aereo\/\" \/>\n<meta property=\"og:site_name\" content=\"GreenBlue Urban\" \/>\n<meta property=\"article:modified_time\" content=\"2023-11-24T10:44:39+00:00\" \/>\n<meta property=\"og:image\" content=\"https:\/\/greenblue.com\/wp-content\/uploads\/2020\/04\/Overhead-Guying.jpg\" \/>\n\t<meta property=\"og:image:width\" content=\"1080\" \/>\n\t<meta property=\"og:image:height\" content=\"1080\" \/>\n\t<meta property=\"og:image:type\" content=\"image\/jpeg\" \/>\n<meta name=\"twitter:card\" content=\"summary_large_image\" \/>\n<meta name=\"twitter:label1\" content=\"Est. reading time\" \/>\n\t<meta name=\"twitter:data1\" content=\"1 minute\" \/>\n<script type=\"application\/ld+json\" class=\"yoast-schema-graph\">{\"@context\":\"https:\\\/\\\/schema.org\",\"@graph\":[{\"@type\":\"WebPage\",\"@id\":\"https:\\\/\\\/greenblue.com\\\/es\\\/productos\\\/arborguy-overhead-anclaje-aereo\\\/\",\"url\":\"https:\\\/\\\/greenblue.com\\\/es\\\/productos\\\/arborguy-overhead-anclaje-aereo\\\/\",\"name\":\"Anclaje A\u00e9reo ArborGuy Overhead - GreenBlue Urban\",\"isPartOf\":{\"@id\":\"https:\\\/\\\/greenblue.com\\\/gb\\\/#website\"},\"primaryImageOfPage\":{\"@id\":\"https:\\\/\\\/greenblue.com\\\/es\\\/productos\\\/arborguy-overhead-anclaje-aereo\\\/#primaryimage\"},\"image\":{\"@id\":\"https:\\\/\\\/greenblue.com\\\/es\\\/productos\\\/arborguy-overhead-anclaje-aereo\\\/#primaryimage\"},\"thumbnailUrl\":\"https:\\\/\\\/greenblue.com\\\/wp-content\\\/uploads\\\/2020\\\/04\\\/Overhead-Guying.jpg?wsr\",\"datePublished\":\"2021-06-10T13:07:20+00:00\",\"dateModified\":\"2023-11-24T10:44:39+00:00\",\"description\":\"Necesitas un anclaje a\u00e9reo para \u00e1rboles temporales o sin tama\u00f1o adecuado de cepell\u00f3n? En GreenBlue Urban te ofrecemos la soluci\u00f3n perfecta.\",\"breadcrumb\":{\"@id\":\"https:\\\/\\\/greenblue.com\\\/es\\\/productos\\\/arborguy-overhead-anclaje-aereo\\\/#breadcrumb\"},\"inLanguage\":\"es-ES\",\"potentialAction\":[{\"@type\":\"ReadAction\",\"target\":[\"https:\\\/\\\/greenblue.com\\\/es\\\/productos\\\/arborguy-overhead-anclaje-aereo\\\/\"]}]},{\"@type\":\"ImageObject\",\"inLanguage\":\"es-ES\",\"@id\":\"https:\\\/\\\/greenblue.com\\\/es\\\/productos\\\/arborguy-overhead-anclaje-aereo\\\/#primaryimage\",\"url\":\"https:\\\/\\\/greenblue.com\\\/wp-content\\\/uploads\\\/2020\\\/04\\\/Overhead-Guying.jpg?wsr\",\"contentUrl\":\"https:\\\/\\\/greenblue.com\\\/wp-content\\\/uploads\\\/2020\\\/04\\\/Overhead-Guying.jpg?wsr\",\"width\":1080,\"height\":1080},{\"@type\":\"BreadcrumbList\",\"@id\":\"https:\\\/\\\/greenblue.com\\\/es\\\/productos\\\/arborguy-overhead-anclaje-aereo\\\/#breadcrumb\",\"itemListElement\":[{\"@type\":\"ListItem\",\"position\":1,\"name\":\"Home\",\"item\":\"https:\\\/\\\/greenblue.com\\\/es\\\/\"},{\"@type\":\"ListItem\",\"position\":2,\"name\":\"Products\",\"item\":\"https:\\\/\\\/greenblue.com\\\/gb\\\/products\\\/\"},{\"@type\":\"ListItem\",\"position\":3,\"name\":\"Anclaje A\u00e9reo ArborGuy Overhead\"}]},{\"@type\":\"WebSite\",\"@id\":\"https:\\\/\\\/greenblue.com\\\/gb\\\/#website\",\"url\":\"https:\\\/\\\/greenblue.com\\\/gb\\\/\",\"name\":\"GreenBlue Urban\",\"description\":\"Creating Healthier Urban Spaces In Harmony With Nature\",\"publisher\":{\"@id\":\"https:\\\/\\\/greenblue.com\\\/gb\\\/#organization\"},\"potentialAction\":[{\"@type\":\"SearchAction\",\"target\":{\"@type\":\"EntryPoint\",\"urlTemplate\":\"https:\\\/\\\/greenblue.com\\\/gb\\\/?s={search_term_string}\"},\"query-input\":{\"@type\":\"PropertyValueSpecification\",\"valueRequired\":true,\"valueName\":\"search_term_string\"}}],\"inLanguage\":\"es-ES\"},{\"@type\":\"Organization\",\"@id\":\"https:\\\/\\\/greenblue.com\\\/gb\\\/#organization\",\"name\":\"GreenBlue Urban\",\"url\":\"https:\\\/\\\/greenblue.com\\\/gb\\\/\",\"logo\":{\"@type\":\"ImageObject\",\"inLanguage\":\"es-ES\",\"@id\":\"https:\\\/\\\/greenblue.com\\\/gb\\\/#\\\/schema\\\/logo\\\/image\\\/\",\"url\":\"https:\\\/\\\/greenblue.com\\\/wp-content\\\/uploads\\\/2019\\\/10\\\/logo-dark-gb.png\",\"contentUrl\":\"https:\\\/\\\/greenblue.com\\\/wp-content\\\/uploads\\\/2019\\\/10\\\/logo-dark-gb.png\",\"width\":120,\"height\":35,\"caption\":\"GreenBlue Urban\"},\"image\":{\"@id\":\"https:\\\/\\\/greenblue.com\\\/gb\\\/#\\\/schema\\\/logo\\\/image\\\/\"}}]}<\/script>\n<!-- \/ Yoast SEO plugin. -->","yoast_head_json":{"title":"Anclaje A\u00e9reo ArborGuy Overhead - GreenBlue Urban","description":"Necesitas un anclaje a\u00e9reo para \u00e1rboles temporales o sin tama\u00f1o adecuado de cepell\u00f3n? En GreenBlue Urban te ofrecemos la soluci\u00f3n perfecta.","robots":{"index":"index","follow":"follow","max-snippet":"max-snippet:-1","max-image-preview":"max-image-preview:large","max-video-preview":"max-video-preview:-1"},"canonical":"https:\/\/greenblue.com\/es\/productos\/arborguy-overhead-anclaje-aereo\/","og_locale":"es_ES","og_type":"article","og_title":"Anclaje A\u00e9reo ArborGuy Overhead - GreenBlue Urban","og_description":"Necesitas un anclaje a\u00e9reo para \u00e1rboles temporales o sin tama\u00f1o adecuado de cepell\u00f3n? En GreenBlue Urban te ofrecemos la soluci\u00f3n perfecta.","og_url":"https:\/\/greenblue.com\/es\/productos\/arborguy-overhead-anclaje-aereo\/","og_site_name":"GreenBlue Urban","article_modified_time":"2023-11-24T10:44:39+00:00","og_image":[{"width":1080,"height":1080,"url":"https:\/\/greenblue.com\/wp-content\/uploads\/2020\/04\/Overhead-Guying.jpg","type":"image\/jpeg"}],"twitter_card":"summary_large_image","twitter_misc":{"Est. reading time":"1 minute"},"schema":{"@context":"https:\/\/schema.org","@graph":[{"@type":"WebPage","@id":"https:\/\/greenblue.com\/es\/productos\/arborguy-overhead-anclaje-aereo\/","url":"https:\/\/greenblue.com\/es\/productos\/arborguy-overhead-anclaje-aereo\/","name":"Anclaje A\u00e9reo ArborGuy Overhead - GreenBlue Urban","isPartOf":{"@id":"https:\/\/greenblue.com\/gb\/#website"},"primaryImageOfPage":{"@id":"https:\/\/greenblue.com\/es\/productos\/arborguy-overhead-anclaje-aereo\/#primaryimage"},"image":{"@id":"https:\/\/greenblue.com\/es\/productos\/arborguy-overhead-anclaje-aereo\/#primaryimage"},"thumbnailUrl":"https:\/\/greenblue.com\/wp-content\/uploads\/2020\/04\/Overhead-Guying.jpg?wsr","datePublished":"2021-06-10T13:07:20+00:00","dateModified":"2023-11-24T10:44:39+00:00","description":"Necesitas un anclaje a\u00e9reo para \u00e1rboles temporales o sin tama\u00f1o adecuado de cepell\u00f3n? En GreenBlue Urban te ofrecemos la soluci\u00f3n perfecta.","breadcrumb":{"@id":"https:\/\/greenblue.com\/es\/productos\/arborguy-overhead-anclaje-aereo\/#breadcrumb"},"inLanguage":"es-ES","potentialAction":[{"@type":"ReadAction","target":["https:\/\/greenblue.com\/es\/productos\/arborguy-overhead-anclaje-aereo\/"]}]},{"@type":"ImageObject","inLanguage":"es-ES","@id":"https:\/\/greenblue.com\/es\/productos\/arborguy-overhead-anclaje-aereo\/#primaryimage","url":"https:\/\/greenblue.com\/wp-content\/uploads\/2020\/04\/Overhead-Guying.jpg?wsr","contentUrl":"https:\/\/greenblue.com\/wp-content\/uploads\/2020\/04\/Overhead-Guying.jpg?wsr","width":1080,"height":1080},{"@type":"BreadcrumbList","@id":"https:\/\/greenblue.com\/es\/productos\/arborguy-overhead-anclaje-aereo\/#breadcrumb","itemListElement":[{"@type":"ListItem","position":1,"name":"Home","item":"https:\/\/greenblue.com\/es\/"},{"@type":"ListItem","position":2,"name":"Products","item":"https:\/\/greenblue.com\/gb\/products\/"},{"@type":"ListItem","position":3,"name":"Anclaje A\u00e9reo ArborGuy Overhead"}]},{"@type":"WebSite","@id":"https:\/\/greenblue.com\/gb\/#website","url":"https:\/\/greenblue.com\/gb\/","name":"GreenBlue Urban","description":"Creating Healthier Urban Spaces In Harmony With Nature","publisher":{"@id":"https:\/\/greenblue.com\/gb\/#organization"},"potentialAction":[{"@type":"SearchAction","target":{"@type":"EntryPoint","urlTemplate":"https:\/\/greenblue.com\/gb\/?s={search_term_string}"},"query-input":{"@type":"PropertyValueSpecification","valueRequired":true,"valueName":"search_term_string"}}],"inLanguage":"es-ES"},{"@type":"Organization","@id":"https:\/\/greenblue.com\/gb\/#organization","name":"GreenBlue Urban","url":"https:\/\/greenblue.com\/gb\/","logo":{"@type":"ImageObject","inLanguage":"es-ES","@id":"https:\/\/greenblue.com\/gb\/#\/schema\/logo\/image\/","url":"https:\/\/greenblue.com\/wp-content\/uploads\/2019\/10\/logo-dark-gb.png","contentUrl":"https:\/\/greenblue.com\/wp-content\/uploads\/2019\/10\/logo-dark-gb.png","width":120,"height":35,"caption":"GreenBlue Urban"},"image":{"@id":"https:\/\/greenblue.com\/gb\/#\/schema\/logo\/image\/"}}]}},"_links":{"self":[{"href":"https:\/\/greenblue.com\/es\/wp-json\/wp\/v2\/product\/61759","targetHints":{"allow":["GET"]}}],"collection":[{"href":"https:\/\/greenblue.com\/es\/wp-json\/wp\/v2\/product"}],"about":[{"href":"https:\/\/greenblue.com\/es\/wp-json\/wp\/v2\/types\/product"}],"version-history":[{"count":0,"href":"https:\/\/greenblue.com\/es\/wp-json\/wp\/v2\/product\/61759\/revisions"}],"wp:featuredmedia":[{"embeddable":true,"href":"https:\/\/greenblue.com\/es\/wp-json\/wp\/v2\/media\/81943"}],"wp:attachment":[{"href":"https:\/\/greenblue.com\/es\/wp-json\/wp\/v2\/media?parent=61759"}],"wp:term":[{"taxonomy":"product_brand","embeddable":true,"href":"https:\/\/greenblue.com\/es\/wp-json\/wp\/v2\/product_brand?post=61759"},{"taxonomy":"product_cat","embeddable":true,"href":"https:\/\/greenblue.com\/es\/wp-json\/wp\/v2\/product_cat?post=61759"},{"taxonomy":"product_tag","embeddable":true,"href":"https:\/\/greenblue.com\/es\/wp-json\/wp\/v2\/product_tag?post=61759"}],"curies":[{"name":"wp","href":"https:\/\/api.w.org\/{rel}","templated":true}]}}