{"id":69364,"date":"2019-12-03T15:31:43","date_gmt":"2019-12-03T15:31:43","guid":{"rendered":"https:\/\/greenblue.com\/products\/series-406090\/"},"modified":"2021-12-21T16:07:50","modified_gmt":"2021-12-21T16:07:50","slug":"series-406090","status":"publish","type":"product","link":"https:\/\/greenblue.com\/es\/productos\/series-406090\/","title":{"rendered":"Sistemas Ligeros para Trepadoras"},"content":{"rendered":"<h3 style=\"text-align: left;\"><span style=\"font-family: helvetica, arial, sans-serif;\">Beneficios de Utilizar nuestros Sistemas Ligeros para Trepadoras<\/span><\/h3>\n<p>Nuestros soportes a pared perfectamente dise\u00f1ados para mejorar tu entorno urbano y funcionan con gran cantidad de anchos de varillas y sistemas verticales. <\/p>\n<p><strong>Serie 40 \/ 40.8<\/strong><\/p>\n<p>La Serie 40, con una separaci\u00f3n de 4cm a pared, es la m\u00e1s peque\u00f1a de todas, v\u00e1lida para alturas de hasta 2,5m y es ideal para plantas como clematis o trepadoras perennes. La Serie 40 est\u00e1 tambi\u00e9n disponible en separaci\u00f3n de 8cm, ideal para alturas de hasta 8m con plantas como clematis, loniceras, rosas u otras trepadoras perennes.  <\/p>\n<p><strong>Serie 60<\/strong><\/p>\n<p>La Serie 60 es ideal para sistemas medianos y plantas de crecimiento medio, como rosas, o clematis, con distancia a pared de 6cm. Disponible tambi\u00e9n con base reducida. <\/p>\n<p><strong>Serie 90<\/strong><\/p>\n<p>Capaz de soportar trepadoras fuertes como rosas, o parras, la Serie 90 cuenta con una distancia a pared de 9cm. Tambi\u00e9n disponible con base reducida. <\/p>\n<p><a href=\"\/gb?page_id=51463\">Cons\u00faltanos para resolver cualquier duda que tengas y estaremos encantados de ayudarte. <\/a><\/p>\n","protected":false},"excerpt":{"rendered":"<p>Sistemas ligeros para plantas trepadoras que a\u00f1aden una nueva dimesi\u00f3n a tus dise\u00f1os urbanos. Series 40\/60\/90.<\/p>\n","protected":false},"featured_media":38573,"template":"","meta":{"content-type":""},"product_brand":[],"product_cat":[705],"product_tag":[],"class_list":{"0":"post-69364","1":"product","2":"type-product","3":"status-publish","4":"has-post-thumbnail","6":"product_cat-soportes-para-trepadoras","8":"first","9":"instock","10":"virtual","11":"taxable","12":"product-type-simple"},"acf":[],"yoast_head":"<!-- This site is optimized with the Yoast SEO plugin v27.5 - https:\/\/yoast.com\/product\/yoast-seo-wordpress\/ -->\n<title>Sistemas Ligeros para Trepadoras - GreenBlue Urban<\/title>\n<meta name=\"description\" content=\"GreenBlue Urban cuenta con una gama de sistemas de gran valor est\u00e9tico en acero inoxidable para tus dise\u00f1os con plantas trepadoras.\" \/>\n<meta name=\"robots\" content=\"index, follow, max-snippet:-1, max-image-preview:large, max-video-preview:-1\" \/>\n<link rel=\"canonical\" href=\"https:\/\/greenblue.com\/es\/productos\/series-406090\/\" \/>\n<meta property=\"og:locale\" content=\"es_ES\" \/>\n<meta property=\"og:type\" content=\"article\" \/>\n<meta property=\"og:title\" content=\"Sistemas Ligeros para Trepadoras - GreenBlue Urban\" \/>\n<meta property=\"og:description\" content=\"GreenBlue Urban cuenta con una gama de sistemas de gran valor est\u00e9tico en acero inoxidable para tus dise\u00f1os con plantas trepadoras.\" \/>\n<meta property=\"og:url\" content=\"https:\/\/greenblue.com\/es\/productos\/series-406090\/\" \/>\n<meta property=\"og:site_name\" content=\"GreenBlue Urban\" \/>\n<meta property=\"article:modified_time\" content=\"2021-12-21T16:07:50+00:00\" \/>\n<meta property=\"og:image\" content=\"https:\/\/greenblue.com\/wp-content\/uploads\/2019\/12\/Climbing-Trellis-System-\u2013-Light.jpg\" \/>\n\t<meta property=\"og:image:width\" content=\"588\" \/>\n\t<meta property=\"og:image:height\" content=\"588\" \/>\n\t<meta property=\"og:image:type\" content=\"image\/jpeg\" \/>\n<meta name=\"twitter:card\" content=\"summary_large_image\" \/>\n<meta name=\"twitter:label1\" content=\"Est. reading time\" \/>\n\t<meta name=\"twitter:data1\" content=\"1 minute\" \/>\n<script type=\"application\/ld+json\" class=\"yoast-schema-graph\">{\"@context\":\"https:\\\/\\\/schema.org\",\"@graph\":[{\"@type\":\"WebPage\",\"@id\":\"https:\\\/\\\/greenblue.com\\\/es\\\/productos\\\/series-406090\\\/\",\"url\":\"https:\\\/\\\/greenblue.com\\\/es\\\/productos\\\/series-406090\\\/\",\"name\":\"Sistemas Ligeros para Trepadoras - GreenBlue Urban\",\"isPartOf\":{\"@id\":\"https:\\\/\\\/greenblue.com\\\/gb\\\/#website\"},\"primaryImageOfPage\":{\"@id\":\"https:\\\/\\\/greenblue.com\\\/es\\\/productos\\\/series-406090\\\/#primaryimage\"},\"image\":{\"@id\":\"https:\\\/\\\/greenblue.com\\\/es\\\/productos\\\/series-406090\\\/#primaryimage\"},\"thumbnailUrl\":\"https:\\\/\\\/greenblue.com\\\/wp-content\\\/uploads\\\/2019\\\/12\\\/Climbing-Trellis-System-\u2013-Light.jpg?wsr\",\"datePublished\":\"2019-12-03T15:31:43+00:00\",\"dateModified\":\"2021-12-21T16:07:50+00:00\",\"description\":\"GreenBlue Urban cuenta con una gama de sistemas de gran valor est\u00e9tico en acero inoxidable para tus dise\u00f1os con plantas trepadoras.\",\"breadcrumb\":{\"@id\":\"https:\\\/\\\/greenblue.com\\\/es\\\/productos\\\/series-406090\\\/#breadcrumb\"},\"inLanguage\":\"es-ES\",\"potentialAction\":[{\"@type\":\"ReadAction\",\"target\":[\"https:\\\/\\\/greenblue.com\\\/es\\\/productos\\\/series-406090\\\/\"]}]},{\"@type\":\"ImageObject\",\"inLanguage\":\"es-ES\",\"@id\":\"https:\\\/\\\/greenblue.com\\\/es\\\/productos\\\/series-406090\\\/#primaryimage\",\"url\":\"https:\\\/\\\/greenblue.com\\\/wp-content\\\/uploads\\\/2019\\\/12\\\/Climbing-Trellis-System-\u2013-Light.jpg?wsr\",\"contentUrl\":\"https:\\\/\\\/greenblue.com\\\/wp-content\\\/uploads\\\/2019\\\/12\\\/Climbing-Trellis-System-\u2013-Light.jpg?wsr\",\"width\":588,\"height\":588},{\"@type\":\"BreadcrumbList\",\"@id\":\"https:\\\/\\\/greenblue.com\\\/es\\\/productos\\\/series-406090\\\/#breadcrumb\",\"itemListElement\":[{\"@type\":\"ListItem\",\"position\":1,\"name\":\"Home\",\"item\":\"https:\\\/\\\/greenblue.com\\\/es\\\/\"},{\"@type\":\"ListItem\",\"position\":2,\"name\":\"Products\",\"item\":\"https:\\\/\\\/greenblue.com\\\/gb\\\/products\\\/\"},{\"@type\":\"ListItem\",\"position\":3,\"name\":\"Sistemas Ligeros para Trepadoras\"}]},{\"@type\":\"WebSite\",\"@id\":\"https:\\\/\\\/greenblue.com\\\/gb\\\/#website\",\"url\":\"https:\\\/\\\/greenblue.com\\\/gb\\\/\",\"name\":\"GreenBlue Urban\",\"description\":\"Creating Healthier Urban Spaces In Harmony With Nature\",\"publisher\":{\"@id\":\"https:\\\/\\\/greenblue.com\\\/gb\\\/#organization\"},\"potentialAction\":[{\"@type\":\"SearchAction\",\"target\":{\"@type\":\"EntryPoint\",\"urlTemplate\":\"https:\\\/\\\/greenblue.com\\\/gb\\\/?s={search_term_string}\"},\"query-input\":{\"@type\":\"PropertyValueSpecification\",\"valueRequired\":true,\"valueName\":\"search_term_string\"}}],\"inLanguage\":\"es-ES\"},{\"@type\":\"Organization\",\"@id\":\"https:\\\/\\\/greenblue.com\\\/gb\\\/#organization\",\"name\":\"GreenBlue Urban\",\"url\":\"https:\\\/\\\/greenblue.com\\\/gb\\\/\",\"logo\":{\"@type\":\"ImageObject\",\"inLanguage\":\"es-ES\",\"@id\":\"https:\\\/\\\/greenblue.com\\\/gb\\\/#\\\/schema\\\/logo\\\/image\\\/\",\"url\":\"https:\\\/\\\/greenblue.com\\\/wp-content\\\/uploads\\\/2019\\\/10\\\/logo-dark-gb.png\",\"contentUrl\":\"https:\\\/\\\/greenblue.com\\\/wp-content\\\/uploads\\\/2019\\\/10\\\/logo-dark-gb.png\",\"width\":120,\"height\":35,\"caption\":\"GreenBlue Urban\"},\"image\":{\"@id\":\"https:\\\/\\\/greenblue.com\\\/gb\\\/#\\\/schema\\\/logo\\\/image\\\/\"}}]}<\/script>\n<!-- \/ Yoast SEO plugin. -->","yoast_head_json":{"title":"Sistemas Ligeros para Trepadoras - GreenBlue Urban","description":"GreenBlue Urban cuenta con una gama de sistemas de gran valor est\u00e9tico en acero inoxidable para tus dise\u00f1os con plantas trepadoras.","robots":{"index":"index","follow":"follow","max-snippet":"max-snippet:-1","max-image-preview":"max-image-preview:large","max-video-preview":"max-video-preview:-1"},"canonical":"https:\/\/greenblue.com\/es\/productos\/series-406090\/","og_locale":"es_ES","og_type":"article","og_title":"Sistemas Ligeros para Trepadoras - GreenBlue Urban","og_description":"GreenBlue Urban cuenta con una gama de sistemas de gran valor est\u00e9tico en acero inoxidable para tus dise\u00f1os con plantas trepadoras.","og_url":"https:\/\/greenblue.com\/es\/productos\/series-406090\/","og_site_name":"GreenBlue Urban","article_modified_time":"2021-12-21T16:07:50+00:00","og_image":[{"width":588,"height":588,"url":"https:\/\/greenblue.com\/wp-content\/uploads\/2019\/12\/Climbing-Trellis-System-\u2013-Light.jpg","type":"image\/jpeg"}],"twitter_card":"summary_large_image","twitter_misc":{"Est. reading time":"1 minute"},"schema":{"@context":"https:\/\/schema.org","@graph":[{"@type":"WebPage","@id":"https:\/\/greenblue.com\/es\/productos\/series-406090\/","url":"https:\/\/greenblue.com\/es\/productos\/series-406090\/","name":"Sistemas Ligeros para Trepadoras - GreenBlue Urban","isPartOf":{"@id":"https:\/\/greenblue.com\/gb\/#website"},"primaryImageOfPage":{"@id":"https:\/\/greenblue.com\/es\/productos\/series-406090\/#primaryimage"},"image":{"@id":"https:\/\/greenblue.com\/es\/productos\/series-406090\/#primaryimage"},"thumbnailUrl":"https:\/\/greenblue.com\/wp-content\/uploads\/2019\/12\/Climbing-Trellis-System-\u2013-Light.jpg?wsr","datePublished":"2019-12-03T15:31:43+00:00","dateModified":"2021-12-21T16:07:50+00:00","description":"GreenBlue Urban cuenta con una gama de sistemas de gran valor est\u00e9tico en acero inoxidable para tus dise\u00f1os con plantas trepadoras.","breadcrumb":{"@id":"https:\/\/greenblue.com\/es\/productos\/series-406090\/#breadcrumb"},"inLanguage":"es-ES","potentialAction":[{"@type":"ReadAction","target":["https:\/\/greenblue.com\/es\/productos\/series-406090\/"]}]},{"@type":"ImageObject","inLanguage":"es-ES","@id":"https:\/\/greenblue.com\/es\/productos\/series-406090\/#primaryimage","url":"https:\/\/greenblue.com\/wp-content\/uploads\/2019\/12\/Climbing-Trellis-System-\u2013-Light.jpg?wsr","contentUrl":"https:\/\/greenblue.com\/wp-content\/uploads\/2019\/12\/Climbing-Trellis-System-\u2013-Light.jpg?wsr","width":588,"height":588},{"@type":"BreadcrumbList","@id":"https:\/\/greenblue.com\/es\/productos\/series-406090\/#breadcrumb","itemListElement":[{"@type":"ListItem","position":1,"name":"Home","item":"https:\/\/greenblue.com\/es\/"},{"@type":"ListItem","position":2,"name":"Products","item":"https:\/\/greenblue.com\/gb\/products\/"},{"@type":"ListItem","position":3,"name":"Sistemas Ligeros para Trepadoras"}]},{"@type":"WebSite","@id":"https:\/\/greenblue.com\/gb\/#website","url":"https:\/\/greenblue.com\/gb\/","name":"GreenBlue Urban","description":"Creating Healthier Urban Spaces In Harmony With Nature","publisher":{"@id":"https:\/\/greenblue.com\/gb\/#organization"},"potentialAction":[{"@type":"SearchAction","target":{"@type":"EntryPoint","urlTemplate":"https:\/\/greenblue.com\/gb\/?s={search_term_string}"},"query-input":{"@type":"PropertyValueSpecification","valueRequired":true,"valueName":"search_term_string"}}],"inLanguage":"es-ES"},{"@type":"Organization","@id":"https:\/\/greenblue.com\/gb\/#organization","name":"GreenBlue Urban","url":"https:\/\/greenblue.com\/gb\/","logo":{"@type":"ImageObject","inLanguage":"es-ES","@id":"https:\/\/greenblue.com\/gb\/#\/schema\/logo\/image\/","url":"https:\/\/greenblue.com\/wp-content\/uploads\/2019\/10\/logo-dark-gb.png","contentUrl":"https:\/\/greenblue.com\/wp-content\/uploads\/2019\/10\/logo-dark-gb.png","width":120,"height":35,"caption":"GreenBlue Urban"},"image":{"@id":"https:\/\/greenblue.com\/gb\/#\/schema\/logo\/image\/"}}]}},"_links":{"self":[{"href":"https:\/\/greenblue.com\/es\/wp-json\/wp\/v2\/product\/69364","targetHints":{"allow":["GET"]}}],"collection":[{"href":"https:\/\/greenblue.com\/es\/wp-json\/wp\/v2\/product"}],"about":[{"href":"https:\/\/greenblue.com\/es\/wp-json\/wp\/v2\/types\/product"}],"version-history":[{"count":0,"href":"https:\/\/greenblue.com\/es\/wp-json\/wp\/v2\/product\/69364\/revisions"}],"wp:featuredmedia":[{"embeddable":true,"href":"https:\/\/greenblue.com\/es\/wp-json\/wp\/v2\/media\/38573"}],"wp:attachment":[{"href":"https:\/\/greenblue.com\/es\/wp-json\/wp\/v2\/media?parent=69364"}],"wp:term":[{"taxonomy":"product_brand","embeddable":true,"href":"https:\/\/greenblue.com\/es\/wp-json\/wp\/v2\/product_brand?post=69364"},{"taxonomy":"product_cat","embeddable":true,"href":"https:\/\/greenblue.com\/es\/wp-json\/wp\/v2\/product_cat?post=69364"},{"taxonomy":"product_tag","embeddable":true,"href":"https:\/\/greenblue.com\/es\/wp-json\/wp\/v2\/product_tag?post=69364"}],"curies":[{"name":"wp","href":"https:\/\/api.w.org\/{rel}","templated":true}]}}