{"id":79312,"date":"2020-11-02T13:11:24","date_gmt":"2020-11-02T13:11:24","guid":{"rendered":"https:\/\/greenblue.com\/products\/rootrain-hydrofort\/"},"modified":"2023-11-17T16:47:38","modified_gmt":"2023-11-17T16:47:38","slug":"rootrain-hydrofort","status":"publish","type":"product","link":"https:\/\/greenblue.com\/es\/productos\/rootrain-hydrofort\/","title":{"rendered":"RootRain HydroFort"},"content":{"rendered":"<p>RootRain HydroFort es un protector para \u00e1rboles frente al posible da\u00f1o de maquinaria o la entrada de sal y otros desechos, pero principalmente evita el malgasto de agua durante el riego superficial.<\/p>\n","protected":false},"excerpt":{"rendered":"<p>Protecci\u00f3n y ahorro de agua.<\/p>\n","protected":false},"featured_media":82581,"template":"","meta":{"content-type":""},"product_brand":[],"product_cat":[704],"product_tag":[],"class_list":{"0":"post-79312","1":"product","2":"type-product","3":"status-publish","4":"has-post-thumbnail","6":"product_cat-riego-y-aireacion","8":"first","9":"instock","10":"taxable","11":"shipping-taxable","12":"product-type-simple"},"acf":[],"yoast_head":"<!-- This site is optimized with the Yoast SEO plugin v27.4 - https:\/\/yoast.com\/product\/yoast-seo-wordpress\/ -->\n<title>RootRain HydroFort - GreenBlue Urban Protecci\u00f3n y Riego para \u00c1rboles<\/title>\n<meta name=\"description\" content=\"RootRain HydroFort protege al \u00e1rbol frente a da\u00f1os de maquinaria o la entrada de desechos, y evita el malgasto de agua durante el riego.\" \/>\n<meta name=\"robots\" content=\"index, follow, max-snippet:-1, max-image-preview:large, max-video-preview:-1\" \/>\n<link rel=\"canonical\" href=\"https:\/\/greenblue.com\/es\/productos\/rootrain-hydrofort\/\" \/>\n<meta property=\"og:locale\" content=\"es_ES\" \/>\n<meta property=\"og:type\" content=\"article\" \/>\n<meta property=\"og:title\" content=\"RootRain HydroFort - GreenBlue Urban Protecci\u00f3n y Riego para \u00c1rboles\" \/>\n<meta property=\"og:description\" content=\"RootRain HydroFort protege al \u00e1rbol frente a da\u00f1os de maquinaria o la entrada de desechos, y evita el malgasto de agua durante el riego.\" \/>\n<meta property=\"og:url\" content=\"https:\/\/greenblue.com\/es\/productos\/rootrain-hydrofort\/\" \/>\n<meta property=\"og:site_name\" content=\"GreenBlue Urban\" \/>\n<meta property=\"article:modified_time\" content=\"2023-11-17T16:47:38+00:00\" \/>\n<meta property=\"og:image\" content=\"https:\/\/greenblue.com\/wp-content\/uploads\/2020\/11\/HydroFort.jpg\" \/>\n\t<meta property=\"og:image:width\" content=\"1080\" \/>\n\t<meta property=\"og:image:height\" content=\"1080\" \/>\n\t<meta property=\"og:image:type\" content=\"image\/jpeg\" \/>\n<meta name=\"twitter:card\" content=\"summary_large_image\" \/>\n<meta name=\"twitter:label1\" content=\"Est. reading time\" \/>\n\t<meta name=\"twitter:data1\" content=\"1 minute\" \/>\n<script type=\"application\/ld+json\" class=\"yoast-schema-graph\">{\"@context\":\"https:\\\/\\\/schema.org\",\"@graph\":[{\"@type\":\"WebPage\",\"@id\":\"https:\\\/\\\/greenblue.com\\\/es\\\/productos\\\/rootrain-hydrofort\\\/\",\"url\":\"https:\\\/\\\/greenblue.com\\\/es\\\/productos\\\/rootrain-hydrofort\\\/\",\"name\":\"RootRain HydroFort - GreenBlue Urban Protecci\u00f3n y Riego para \u00c1rboles\",\"isPartOf\":{\"@id\":\"https:\\\/\\\/greenblue.com\\\/gb\\\/#website\"},\"primaryImageOfPage\":{\"@id\":\"https:\\\/\\\/greenblue.com\\\/es\\\/productos\\\/rootrain-hydrofort\\\/#primaryimage\"},\"image\":{\"@id\":\"https:\\\/\\\/greenblue.com\\\/es\\\/productos\\\/rootrain-hydrofort\\\/#primaryimage\"},\"thumbnailUrl\":\"https:\\\/\\\/greenblue.com\\\/wp-content\\\/uploads\\\/2020\\\/11\\\/HydroFort.jpg?wsr\",\"datePublished\":\"2020-11-02T13:11:24+00:00\",\"dateModified\":\"2023-11-17T16:47:38+00:00\",\"description\":\"RootRain HydroFort protege al \u00e1rbol frente a da\u00f1os de maquinaria o la entrada de desechos, y evita el malgasto de agua durante el riego.\",\"breadcrumb\":{\"@id\":\"https:\\\/\\\/greenblue.com\\\/es\\\/productos\\\/rootrain-hydrofort\\\/#breadcrumb\"},\"inLanguage\":\"es-ES\",\"potentialAction\":[{\"@type\":\"ReadAction\",\"target\":[\"https:\\\/\\\/greenblue.com\\\/es\\\/productos\\\/rootrain-hydrofort\\\/\"]}]},{\"@type\":\"ImageObject\",\"inLanguage\":\"es-ES\",\"@id\":\"https:\\\/\\\/greenblue.com\\\/es\\\/productos\\\/rootrain-hydrofort\\\/#primaryimage\",\"url\":\"https:\\\/\\\/greenblue.com\\\/wp-content\\\/uploads\\\/2020\\\/11\\\/HydroFort.jpg?wsr\",\"contentUrl\":\"https:\\\/\\\/greenblue.com\\\/wp-content\\\/uploads\\\/2020\\\/11\\\/HydroFort.jpg?wsr\",\"width\":1080,\"height\":1080},{\"@type\":\"BreadcrumbList\",\"@id\":\"https:\\\/\\\/greenblue.com\\\/es\\\/productos\\\/rootrain-hydrofort\\\/#breadcrumb\",\"itemListElement\":[{\"@type\":\"ListItem\",\"position\":1,\"name\":\"Home\",\"item\":\"https:\\\/\\\/greenblue.com\\\/es\\\/\"},{\"@type\":\"ListItem\",\"position\":2,\"name\":\"Products\",\"item\":\"https:\\\/\\\/greenblue.com\\\/gb\\\/products\\\/\"},{\"@type\":\"ListItem\",\"position\":3,\"name\":\"RootRain HydroFort\"}]},{\"@type\":\"WebSite\",\"@id\":\"https:\\\/\\\/greenblue.com\\\/gb\\\/#website\",\"url\":\"https:\\\/\\\/greenblue.com\\\/gb\\\/\",\"name\":\"GreenBlue Urban\",\"description\":\"Creating Healthier Urban Spaces In Harmony With Nature\",\"publisher\":{\"@id\":\"https:\\\/\\\/greenblue.com\\\/gb\\\/#organization\"},\"potentialAction\":[{\"@type\":\"SearchAction\",\"target\":{\"@type\":\"EntryPoint\",\"urlTemplate\":\"https:\\\/\\\/greenblue.com\\\/gb\\\/?s={search_term_string}\"},\"query-input\":{\"@type\":\"PropertyValueSpecification\",\"valueRequired\":true,\"valueName\":\"search_term_string\"}}],\"inLanguage\":\"es-ES\"},{\"@type\":\"Organization\",\"@id\":\"https:\\\/\\\/greenblue.com\\\/gb\\\/#organization\",\"name\":\"GreenBlue Urban\",\"url\":\"https:\\\/\\\/greenblue.com\\\/gb\\\/\",\"logo\":{\"@type\":\"ImageObject\",\"inLanguage\":\"es-ES\",\"@id\":\"https:\\\/\\\/greenblue.com\\\/gb\\\/#\\\/schema\\\/logo\\\/image\\\/\",\"url\":\"https:\\\/\\\/greenblue.com\\\/wp-content\\\/uploads\\\/2019\\\/10\\\/logo-dark-gb.png\",\"contentUrl\":\"https:\\\/\\\/greenblue.com\\\/wp-content\\\/uploads\\\/2019\\\/10\\\/logo-dark-gb.png\",\"width\":120,\"height\":35,\"caption\":\"GreenBlue Urban\"},\"image\":{\"@id\":\"https:\\\/\\\/greenblue.com\\\/gb\\\/#\\\/schema\\\/logo\\\/image\\\/\"}}]}<\/script>\n<!-- \/ Yoast SEO plugin. -->","yoast_head_json":{"title":"RootRain HydroFort - GreenBlue Urban Protecci\u00f3n y Riego para \u00c1rboles","description":"RootRain HydroFort protege al \u00e1rbol frente a da\u00f1os de maquinaria o la entrada de desechos, y evita el malgasto de agua durante el riego.","robots":{"index":"index","follow":"follow","max-snippet":"max-snippet:-1","max-image-preview":"max-image-preview:large","max-video-preview":"max-video-preview:-1"},"canonical":"https:\/\/greenblue.com\/es\/productos\/rootrain-hydrofort\/","og_locale":"es_ES","og_type":"article","og_title":"RootRain HydroFort - GreenBlue Urban Protecci\u00f3n y Riego para \u00c1rboles","og_description":"RootRain HydroFort protege al \u00e1rbol frente a da\u00f1os de maquinaria o la entrada de desechos, y evita el malgasto de agua durante el riego.","og_url":"https:\/\/greenblue.com\/es\/productos\/rootrain-hydrofort\/","og_site_name":"GreenBlue Urban","article_modified_time":"2023-11-17T16:47:38+00:00","og_image":[{"width":1080,"height":1080,"url":"https:\/\/greenblue.com\/wp-content\/uploads\/2020\/11\/HydroFort.jpg","type":"image\/jpeg"}],"twitter_card":"summary_large_image","twitter_misc":{"Est. reading time":"1 minute"},"schema":{"@context":"https:\/\/schema.org","@graph":[{"@type":"WebPage","@id":"https:\/\/greenblue.com\/es\/productos\/rootrain-hydrofort\/","url":"https:\/\/greenblue.com\/es\/productos\/rootrain-hydrofort\/","name":"RootRain HydroFort - GreenBlue Urban Protecci\u00f3n y Riego para \u00c1rboles","isPartOf":{"@id":"https:\/\/greenblue.com\/gb\/#website"},"primaryImageOfPage":{"@id":"https:\/\/greenblue.com\/es\/productos\/rootrain-hydrofort\/#primaryimage"},"image":{"@id":"https:\/\/greenblue.com\/es\/productos\/rootrain-hydrofort\/#primaryimage"},"thumbnailUrl":"https:\/\/greenblue.com\/wp-content\/uploads\/2020\/11\/HydroFort.jpg?wsr","datePublished":"2020-11-02T13:11:24+00:00","dateModified":"2023-11-17T16:47:38+00:00","description":"RootRain HydroFort protege al \u00e1rbol frente a da\u00f1os de maquinaria o la entrada de desechos, y evita el malgasto de agua durante el riego.","breadcrumb":{"@id":"https:\/\/greenblue.com\/es\/productos\/rootrain-hydrofort\/#breadcrumb"},"inLanguage":"es-ES","potentialAction":[{"@type":"ReadAction","target":["https:\/\/greenblue.com\/es\/productos\/rootrain-hydrofort\/"]}]},{"@type":"ImageObject","inLanguage":"es-ES","@id":"https:\/\/greenblue.com\/es\/productos\/rootrain-hydrofort\/#primaryimage","url":"https:\/\/greenblue.com\/wp-content\/uploads\/2020\/11\/HydroFort.jpg?wsr","contentUrl":"https:\/\/greenblue.com\/wp-content\/uploads\/2020\/11\/HydroFort.jpg?wsr","width":1080,"height":1080},{"@type":"BreadcrumbList","@id":"https:\/\/greenblue.com\/es\/productos\/rootrain-hydrofort\/#breadcrumb","itemListElement":[{"@type":"ListItem","position":1,"name":"Home","item":"https:\/\/greenblue.com\/es\/"},{"@type":"ListItem","position":2,"name":"Products","item":"https:\/\/greenblue.com\/gb\/products\/"},{"@type":"ListItem","position":3,"name":"RootRain HydroFort"}]},{"@type":"WebSite","@id":"https:\/\/greenblue.com\/gb\/#website","url":"https:\/\/greenblue.com\/gb\/","name":"GreenBlue Urban","description":"Creating Healthier Urban Spaces In Harmony With Nature","publisher":{"@id":"https:\/\/greenblue.com\/gb\/#organization"},"potentialAction":[{"@type":"SearchAction","target":{"@type":"EntryPoint","urlTemplate":"https:\/\/greenblue.com\/gb\/?s={search_term_string}"},"query-input":{"@type":"PropertyValueSpecification","valueRequired":true,"valueName":"search_term_string"}}],"inLanguage":"es-ES"},{"@type":"Organization","@id":"https:\/\/greenblue.com\/gb\/#organization","name":"GreenBlue Urban","url":"https:\/\/greenblue.com\/gb\/","logo":{"@type":"ImageObject","inLanguage":"es-ES","@id":"https:\/\/greenblue.com\/gb\/#\/schema\/logo\/image\/","url":"https:\/\/greenblue.com\/wp-content\/uploads\/2019\/10\/logo-dark-gb.png","contentUrl":"https:\/\/greenblue.com\/wp-content\/uploads\/2019\/10\/logo-dark-gb.png","width":120,"height":35,"caption":"GreenBlue Urban"},"image":{"@id":"https:\/\/greenblue.com\/gb\/#\/schema\/logo\/image\/"}}]}},"_links":{"self":[{"href":"https:\/\/greenblue.com\/es\/wp-json\/wp\/v2\/product\/79312","targetHints":{"allow":["GET"]}}],"collection":[{"href":"https:\/\/greenblue.com\/es\/wp-json\/wp\/v2\/product"}],"about":[{"href":"https:\/\/greenblue.com\/es\/wp-json\/wp\/v2\/types\/product"}],"version-history":[{"count":0,"href":"https:\/\/greenblue.com\/es\/wp-json\/wp\/v2\/product\/79312\/revisions"}],"wp:featuredmedia":[{"embeddable":true,"href":"https:\/\/greenblue.com\/es\/wp-json\/wp\/v2\/media\/82581"}],"wp:attachment":[{"href":"https:\/\/greenblue.com\/es\/wp-json\/wp\/v2\/media?parent=79312"}],"wp:term":[{"taxonomy":"product_brand","embeddable":true,"href":"https:\/\/greenblue.com\/es\/wp-json\/wp\/v2\/product_brand?post=79312"},{"taxonomy":"product_cat","embeddable":true,"href":"https:\/\/greenblue.com\/es\/wp-json\/wp\/v2\/product_cat?post=79312"},{"taxonomy":"product_tag","embeddable":true,"href":"https:\/\/greenblue.com\/es\/wp-json\/wp\/v2\/product_tag?post=79312"}],"curies":[{"name":"wp","href":"https:\/\/api.w.org\/{rel}","templated":true}]}}